{"id":1397,"date":"2015-05-08T12:58:07","date_gmt":"2015-05-08T12:58:07","guid":{"rendered":"https:\/\/uzem.omu.edu.tr\/?page_id=1397"},"modified":"2026-04-14T15:14:29","modified_gmt":"2026-04-14T12:14:29","slug":"ilahiyat-lisans-tamamlama-akademik-kadro","status":"publish","type":"page","link":"https:\/\/uzem.omu.edu.tr\/en\/ilahiyat-lisans-tamamlama-akademik-kadro\/","title":{"rendered":"\u0130lahiyat Lisans Tamamlama | Akademik Kadro"},"content":{"rendered":"<p>[vc_row css=&#8221;.vc_custom_1427462343642{margin-top: -5px !important;margin-left: 0px !important;padding-left: 0px !important;}&#8221;][vc_column width=&#8221;3\/4&#8243; css=&#8221;.vc_custom_1450336232909{margin-top: 5px !important;margin-right: 0px !important;padding-right: 0px !important;padding-left: 0px !important;}&#8221;][vc_row_inner][vc_column_inner css=&#8221;.vc_custom_1450336249426{margin-bottom: 5px !important;padding-right: 0px !important;padding-left: 0px !important;}&#8221;][vc_widget_sidebar sidebar_id=&#8221;generated_sidebar-ilitam-ust-menu&#8221;][\/vc_column_inner][\/vc_row_inner][vc_column_text el_class=&#8221;menu-basligi&#8221;]<\/p>\n<p>Akademik\u00a0Kadro<\/p>\n<p>[\/vc_column_text][vc_column_text el_class=&#8221;ders-tablosu&#8221;]<\/p>\n<table width=\"413\">\n<tbody>\n<tr>\n<td width=\"146\">Birim Koordinat\u00f6r\u00fc<\/td>\n<td width=\"267\">PROF. DR. FARUK SANCAR<\/td>\n<\/tr>\n<tr>\n<td>Program Koordinat\u00f6r\u00fc<\/td>\n<td>DO\u00c7. DR. BEK\u0130R \u00d6Z\u00dcDO\u011eRU<\/td>\n<\/tr>\n<tr>\n<td>\u00d6\u011fretim Eleman\u0131<\/td>\n<td>PROF. DR. \u0130SRAF\u0130L BALCI<\/td>\n<\/tr>\n<tr>\n<td>\u00d6\u011fretim Eleman\u0131<\/td>\n<td>PROF. DR. CENG\u0130Z BATUK<\/td>\n<\/tr>\n<tr>\n<td>\u00d6\u011fretim Eleman\u0131<\/td>\n<td>PROF. DR. AHMET Y\u00dcKSEL<\/td>\n<\/tr>\n<tr>\n<td>\u00d6\u011fretim Eleman\u0131<\/td>\n<td>PROF. DR. MEHMET OKUYAN<\/td>\n<\/tr>\n<tr>\n<td>\u00d6\u011fretim Eleman\u0131<\/td>\n<td>PROF. DR. OSMAN \u015eAH\u0130N<\/td>\n<\/tr>\n<tr>\n<td>\u00d6\u011fretim Eleman\u0131<\/td>\n<td>PROF. DR. CAFER SADIK YARAN<\/td>\n<\/tr>\n<tr>\n<td>\u00d6\u011fretim Eleman\u0131<\/td>\n<td>PROF. DR. FETH\u0130 KER\u0130M KAZAN\u00c7<\/td>\n<\/tr>\n<tr>\n<td>\u00d6\u011fretim Eleman\u0131<\/td>\n<td>PROF. DR. BURHANETT\u0130N TATAR<\/td>\n<\/tr>\n<tr>\n<td>\u00d6\u011fretim Eleman\u0131<\/td>\n<td>PROF. DR. HASAN DAM<\/td>\n<\/tr>\n<tr>\n<td>\u00d6\u011fretim Eleman\u0131<\/td>\n<td>PROF. DR. MUH\u0130TT\u0130N D\u00dcZENL\u0130<\/td>\n<\/tr>\n<tr>\n<td>\u00d6\u011fretim Eleman\u0131<\/td>\n<td>PROF. DR. AL\u0130 Y\u00dcKSEK<\/td>\n<\/tr>\n<tr>\n<td>\u00d6\u011fretim Eleman\u0131<\/td>\n<td>PROF. DR. MUSTAFA KARA<\/td>\n<\/tr>\n<tr>\n<td>\u00d6\u011fretim Eleman\u0131<\/td>\n<td>PROF. DR. FARUK SANCAR<\/td>\n<\/tr>\n<tr>\n<td>\u00d6\u011fretim Eleman\u0131<\/td>\n<td>DO\u00c7. DR. YA\u015eAR AKASLAN<\/td>\n<\/tr>\n<tr>\n<td>\u00d6\u011fretim Eleman\u0131<\/td>\n<td>DO\u00c7. DR. KENAN AYAR<\/td>\n<\/tr>\n<tr>\n<td>\u00d6\u011fretim Eleman\u0131<\/td>\n<td>DO\u00c7. DR. RIZA KORKMAZG\u00d6Z<\/td>\n<\/tr>\n<tr>\n<td>\u00d6\u011fretim Eleman\u0131<\/td>\n<td>DO\u00c7. DR.\u00a0AHMET DA\u011eLI<\/td>\n<\/tr>\n<tr>\n<td>\u00d6\u011fretim Eleman\u0131<\/td>\n<td>DO\u00c7. DR. \u00dcYES\u0130 MUHAMMET SAC\u0130T KURT<\/td>\n<\/tr>\n<tr>\n<td>\u00d6\u011fretim Eleman\u0131<\/td>\n<td>DR. \u00d6\u011eR. \u00dcYES\u0130 \u0130SMA\u0130L TEM\u0130Z<\/td>\n<\/tr>\n<tr>\n<td>\u00d6\u011fretim Eleman\u0131<\/td>\n<td>DR. \u00d6\u011eR. \u00dcYES\u0130 HAL\u0130L \u0130BRAH\u0130M HAKSEVER<\/td>\n<\/tr>\n<tr>\n<td>\u00d6\u011fretim Eleman\u0131<\/td>\n<td>DR. \u00d6\u011eR. \u00dcYES\u0130 HASAN ATSIZ<\/td>\n<\/tr>\n<tr>\n<td>\u00d6\u011fretim Eleman\u0131<\/td>\n<td>DR. \u00d6\u011eR. \u00dcYES\u0130 MEHMET K\u00d6KL\u00dcDA\u011e<\/td>\n<\/tr>\n<tr>\n<td>\u00d6\u011fretim Eleman\u0131<\/td>\n<td>DR. \u00d6\u011eR. \u00dcYES\u0130 \u015eULE G\u00dcLD\u00dc<\/td>\n<\/tr>\n<tr>\n<td>\u00d6\u011fretim Eleman\u0131<\/td>\n<td>DR. \u00d6\u011eR. \u00dcYES\u0130 OSMAN BOSTAN<\/td>\n<\/tr>\n<tr>\n<td>\u00d6\u011fretim Eleman\u0131<\/td>\n<td>DR. \u00d6\u011eR. \u00dcYES\u0130 MERVE AR<\/td>\n<\/tr>\n<tr>\n<td>\u00d6\u011fretim Eleman\u0131<\/td>\n<td>\u00d6\u011eR. G\u00d6R. DR. RESUL AKCAN<\/td>\n<\/tr>\n<\/tbody>\n<\/table>\n<p>[\/vc_column_text][\/vc_column][vc_column width=&#8221;1\/4&#8243; css=&#8221;.vc_custom_1433425336216{margin-top: 20px !important;padding-right: 0px !important;}&#8221;][vc_widget_sidebar sidebar_id=&#8221;generated_sidebar-ilitam&#8221;][\/vc_column][\/vc_row]<\/p>\n","protected":false},"excerpt":{"rendered":"<p>[vc_row css=&#8221;.vc_custom_1427462343642{margin-top: -5px !important;margin-left: 0px !important;padding-left: 0px !important;}&#8221;][vc_column width=&#8221;3\/4&#8243; css=&#8221;.vc_custom_1450336232909{margin-top: 5px !important;margin-right: 0px !important;padding-right: 0px !important;padding-left: 0px !important;}&#8221;][vc_row_inner][vc_column_inner css=&#8221;.vc_custom_1450336249426{margin-bottom: 5px !important;padding-right: 0px !important;padding-left: 0px !important;}&#8221;][vc_widget_sidebar sidebar_id=&#8221;generated_sidebar-ilitam-ust-menu&#8221;][\/vc_column_inner][\/vc_row_inner][vc_column_text el_class=&#8221;menu-basligi&#8221;] Akademik\u00a0Kadro [\/vc_column_text][vc_column_text el_class=&#8221;ders-tablosu&#8221;] Birim Koordinat\u00f6r\u00fc PROF. DR. FARUK SANCAR Program Koordinat\u00f6r\u00fc DO\u00c7. DR. BEK\u0130R \u00d6Z\u00dcDO\u011eRU \u00d6\u011fretim Eleman\u0131 PROF. DR. \u0130SRAF\u0130L BALCI \u00d6\u011fretim Eleman\u0131 PROF. DR. CENG\u0130Z BATUK \u00d6\u011fretim Eleman\u0131 PROF. DR. AHMET Y\u00dcKSEL \u00d6\u011fretim Eleman\u0131 PROF. DR. MEHMET OKUYAN \u00d6\u011fretim Eleman\u0131 PROF. DR. OSMAN \u015eAH\u0130N \u00d6\u011fretim Eleman\u0131 PROF. DR. CAFER SADIK YARAN \u00d6\u011fretim Eleman\u0131 PROF. DR. FETH\u0130 KER\u0130M KAZAN\u00c7 \u00d6\u011fretim Eleman\u0131 PROF. DR. BURHANETT\u0130N TATAR \u00d6\u011fretim Eleman\u0131 PROF. DR. HASAN DAM \u00d6\u011fretim Eleman\u0131 PROF. DR. MUH\u0130TT\u0130N D\u00dcZENL\u0130 \u00d6\u011fretim Eleman\u0131 PROF. DR. AL\u0130 Y\u00dcKSEK \u00d6\u011fretim Eleman\u0131 PROF. DR. MUSTAFA KARA \u00d6\u011fretim Eleman\u0131 PROF. DR. FARUK SANCAR \u00d6\u011fretim Eleman\u0131 DO\u00c7. DR. YA\u015eAR AKASLAN \u00d6\u011fretim Eleman\u0131 DO\u00c7. DR. KENAN AYAR \u00d6\u011fretim Eleman\u0131 DO\u00c7. DR. RIZA KORKMAZG\u00d6Z \u00d6\u011fretim Eleman\u0131 DO\u00c7. DR.\u00a0AHMET DA\u011eLI \u00d6\u011fretim Eleman\u0131 DO\u00c7. DR. \u00dcYES\u0130 MUHAMMET SAC\u0130T KURT \u00d6\u011fretim Eleman\u0131 DR. \u00d6\u011eR. \u00dcYES\u0130 \u0130SMA\u0130L TEM\u0130Z \u00d6\u011fretim Eleman\u0131 DR. \u00d6\u011eR. \u00dcYES\u0130 HAL\u0130L \u0130BRAH\u0130M HAKSEVER \u00d6\u011fretim Eleman\u0131 DR. \u00d6\u011eR. \u00dcYES\u0130 HASAN ATSIZ \u00d6\u011fretim Eleman\u0131 DR. \u00d6\u011eR. \u00dcYES\u0130 MEHMET K\u00d6KL\u00dcDA\u011e \u00d6\u011fretim Eleman\u0131 DR. \u00d6\u011eR. \u00dcYES\u0130 \u015eULE G\u00dcLD\u00dc \u00d6\u011fretim Eleman\u0131 DR. \u00d6\u011eR. \u00dcYES\u0130 OSMAN BOSTAN \u00d6\u011fretim Eleman\u0131 DR. \u00d6\u011eR. \u00dcYES\u0130 MERVE AR \u00d6\u011fretim Eleman\u0131 \u00d6\u011eR. G\u00d6R. DR. RESUL AKCAN [\/vc_column_text][\/vc_column][vc_column width=&#8221;1\/4&#8243; css=&#8221;.vc_custom_1433425336216{margin-top: 20px !important;padding-right: 0px !important;}&#8221;][vc_widget_sidebar sidebar_id=&#8221;generated_sidebar-ilitam&#8221;][\/vc_column][\/vc_row]<\/p>\n","protected":false},"author":5,"featured_media":0,"parent":0,"menu_order":0,"comment_status":"closed","ping_status":"closed","template":"","meta":[],"translation":{"provider":"WPGlobus","version":"2.12.2","language":"en","enabled_languages":["tr","en"],"languages":{"tr":{"title":true,"content":true,"excerpt":false},"en":{"title":false,"content":false,"excerpt":false}}},"yoast_head":"<!-- This site is optimized with the Yoast SEO plugin v17.4 - https:\/\/yoast.com\/wordpress\/plugins\/seo\/ -->\n<meta name=\"robots\" content=\"index, follow, max-snippet:-1, max-image-preview:large, max-video-preview:-1\" \/>\n<link rel=\"canonical\" href=\"https:\/\/uzem.omu.edu.tr\/ilahiyat-lisans-tamamlama-akademik-kadro\/\" \/>\n<meta property=\"og:locale\" content=\"en_US\" \/>\n<meta property=\"og:type\" content=\"article\" \/>\n<meta property=\"og:title\" content=\"\u0130lahiyat Lisans Tamamlama | Akademik Kadro - OM\u00dc Uzaktan E\u011fitim Merkezi\" \/>\n<meta property=\"og:url\" content=\"https:\/\/uzem.omu.edu.tr\/ilahiyat-lisans-tamamlama-akademik-kadro\/\" \/>\n<meta property=\"og:site_name\" content=\"OM\u00dc Uzaktan E\u011fitim Merkezi\" \/>\n<meta property=\"article:publisher\" content=\"https:\/\/www.facebook.com\/omu.uzem\" \/>\n<meta property=\"article:modified_time\" content=\"2026-04-14T12:14:29+00:00\" \/>\n<meta name=\"twitter:card\" content=\"summary_large_image\" \/>\n<meta name=\"twitter:site\" content=\"@omuuzem\" \/>\n<meta name=\"twitter:label1\" content=\"Est. reading time\" \/>\n\t<meta name=\"twitter:data1\" content=\"1 minute\" \/>\n<script type=\"application\/ld+json\" class=\"yoast-schema-graph\">{\"@context\":\"https:\/\/schema.org\",\"@graph\":[{\"@type\":\"Organization\",\"@id\":\"https:\/\/uzem.omu.edu.tr\/#organization\",\"name\":\"UZEM\",\"url\":\"https:\/\/uzem.omu.edu.tr\/\",\"sameAs\":[\"https:\/\/www.facebook.com\/omu.uzem\",\"https:\/\/www.instagram.com\/omu.uzem\/\",\"https:\/\/www.youtube.com\/channel\/UCQ6c_wjaGQcIvBKTbPrOe2A\",\"https:\/\/twitter.com\/omuuzem\"],\"logo\":{\"@type\":\"ImageObject\",\"@id\":\"https:\/\/uzem.omu.edu.tr\/#logo\",\"inLanguage\":\"en-US\",\"url\":\"https:\/\/uzem.omu.edu.tr\/wp-content\/uploads\/ulogo-1.png\",\"contentUrl\":\"https:\/\/uzem.omu.edu.tr\/wp-content\/uploads\/ulogo-1.png\",\"width\":364,\"height\":39,\"caption\":\"UZEM\"},\"image\":{\"@id\":\"https:\/\/uzem.omu.edu.tr\/#logo\"}},{\"@type\":\"WebSite\",\"@id\":\"https:\/\/uzem.omu.edu.tr\/#website\",\"url\":\"https:\/\/uzem.omu.edu.tr\/\",\"name\":\"OM\\u00dc Uzaktan E\\u011fitim Merkezi\",\"description\":\"&quot;F\\u0131rsatlar Sunar&quot;\",\"publisher\":{\"@id\":\"https:\/\/uzem.omu.edu.tr\/#organization\"},\"potentialAction\":[{\"@type\":\"SearchAction\",\"target\":{\"@type\":\"EntryPoint\",\"urlTemplate\":\"https:\/\/uzem.omu.edu.tr\/?s={search_term_string}\"},\"query-input\":\"required name=search_term_string\"}],\"inLanguage\":\"en-US\"},{\"@type\":\"WebPage\",\"@id\":\"https:\/\/uzem.omu.edu.tr\/ilahiyat-lisans-tamamlama-akademik-kadro\/#webpage\",\"url\":\"https:\/\/uzem.omu.edu.tr\/ilahiyat-lisans-tamamlama-akademik-kadro\/\",\"name\":\"\\u0130lahiyat Lisans Tamamlama | Akademik Kadro - OM\\u00dc Uzaktan E\\u011fitim Merkezi\",\"isPartOf\":{\"@id\":\"https:\/\/uzem.omu.edu.tr\/#website\"},\"datePublished\":\"2015-05-08T12:58:07+00:00\",\"dateModified\":\"2026-04-14T12:14:29+00:00\",\"breadcrumb\":{\"@id\":\"https:\/\/uzem.omu.edu.tr\/ilahiyat-lisans-tamamlama-akademik-kadro\/#breadcrumb\"},\"inLanguage\":\"en-US\",\"potentialAction\":[{\"@type\":\"ReadAction\",\"target\":[\"https:\/\/uzem.omu.edu.tr\/ilahiyat-lisans-tamamlama-akademik-kadro\/\"]}]},{\"@type\":\"BreadcrumbList\",\"@id\":\"https:\/\/uzem.omu.edu.tr\/ilahiyat-lisans-tamamlama-akademik-kadro\/#breadcrumb\",\"itemListElement\":[{\"@type\":\"ListItem\",\"position\":1,\"name\":\"Home\",\"item\":\"https:\/\/uzem.omu.edu.tr\/\"},{\"@type\":\"ListItem\",\"position\":2,\"name\":\"\\u0130lahiyat Lisans Tamamlama | Akademik Kadro\"}]}]}<\/script>\n<!-- \/ Yoast SEO plugin. -->","yoast_head_json":{"robots":{"index":"index","follow":"follow","max-snippet":"max-snippet:-1","max-image-preview":"max-image-preview:large","max-video-preview":"max-video-preview:-1"},"canonical":"https:\/\/uzem.omu.edu.tr\/ilahiyat-lisans-tamamlama-akademik-kadro\/","og_locale":"en_US","og_type":"article","og_title":"\u0130lahiyat Lisans Tamamlama | Akademik Kadro - OM\u00dc Uzaktan E\u011fitim Merkezi","og_url":"https:\/\/uzem.omu.edu.tr\/ilahiyat-lisans-tamamlama-akademik-kadro\/","og_site_name":"OM\u00dc Uzaktan E\u011fitim Merkezi","article_publisher":"https:\/\/www.facebook.com\/omu.uzem","article_modified_time":"2026-04-14T12:14:29+00:00","twitter_card":"summary_large_image","twitter_site":"@omuuzem","twitter_misc":{"Est. reading time":"1 minute"},"schema":{"@context":"https:\/\/schema.org","@graph":[{"@type":"Organization","@id":"https:\/\/uzem.omu.edu.tr\/#organization","name":"UZEM","url":"https:\/\/uzem.omu.edu.tr\/","sameAs":["https:\/\/www.facebook.com\/omu.uzem","https:\/\/www.instagram.com\/omu.uzem\/","https:\/\/www.youtube.com\/channel\/UCQ6c_wjaGQcIvBKTbPrOe2A","https:\/\/twitter.com\/omuuzem"],"logo":{"@type":"ImageObject","@id":"https:\/\/uzem.omu.edu.tr\/#logo","inLanguage":"en-US","url":"https:\/\/uzem.omu.edu.tr\/wp-content\/uploads\/ulogo-1.png","contentUrl":"https:\/\/uzem.omu.edu.tr\/wp-content\/uploads\/ulogo-1.png","width":364,"height":39,"caption":"UZEM"},"image":{"@id":"https:\/\/uzem.omu.edu.tr\/#logo"}},{"@type":"WebSite","@id":"https:\/\/uzem.omu.edu.tr\/#website","url":"https:\/\/uzem.omu.edu.tr\/","name":"OM\u00dc Uzaktan E\u011fitim Merkezi","description":"&quot;F\u0131rsatlar Sunar&quot;","publisher":{"@id":"https:\/\/uzem.omu.edu.tr\/#organization"},"potentialAction":[{"@type":"SearchAction","target":{"@type":"EntryPoint","urlTemplate":"https:\/\/uzem.omu.edu.tr\/?s={search_term_string}"},"query-input":"required name=search_term_string"}],"inLanguage":"en-US"},{"@type":"WebPage","@id":"https:\/\/uzem.omu.edu.tr\/ilahiyat-lisans-tamamlama-akademik-kadro\/#webpage","url":"https:\/\/uzem.omu.edu.tr\/ilahiyat-lisans-tamamlama-akademik-kadro\/","name":"\u0130lahiyat Lisans Tamamlama | Akademik Kadro - OM\u00dc Uzaktan E\u011fitim Merkezi","isPartOf":{"@id":"https:\/\/uzem.omu.edu.tr\/#website"},"datePublished":"2015-05-08T12:58:07+00:00","dateModified":"2026-04-14T12:14:29+00:00","breadcrumb":{"@id":"https:\/\/uzem.omu.edu.tr\/ilahiyat-lisans-tamamlama-akademik-kadro\/#breadcrumb"},"inLanguage":"en-US","potentialAction":[{"@type":"ReadAction","target":["https:\/\/uzem.omu.edu.tr\/ilahiyat-lisans-tamamlama-akademik-kadro\/"]}]},{"@type":"BreadcrumbList","@id":"https:\/\/uzem.omu.edu.tr\/ilahiyat-lisans-tamamlama-akademik-kadro\/#breadcrumb","itemListElement":[{"@type":"ListItem","position":1,"name":"Home","item":"https:\/\/uzem.omu.edu.tr\/"},{"@type":"ListItem","position":2,"name":"\u0130lahiyat Lisans Tamamlama | Akademik Kadro"}]}]}},"_links":{"self":[{"href":"https:\/\/uzem.omu.edu.tr\/en\/wp-json\/wp\/v2\/pages\/1397"}],"collection":[{"href":"https:\/\/uzem.omu.edu.tr\/en\/wp-json\/wp\/v2\/pages"}],"about":[{"href":"https:\/\/uzem.omu.edu.tr\/en\/wp-json\/wp\/v2\/types\/page"}],"author":[{"embeddable":true,"href":"https:\/\/uzem.omu.edu.tr\/en\/wp-json\/wp\/v2\/users\/5"}],"replies":[{"embeddable":true,"href":"https:\/\/uzem.omu.edu.tr\/en\/wp-json\/wp\/v2\/comments?post=1397"}],"version-history":[{"count":71,"href":"https:\/\/uzem.omu.edu.tr\/en\/wp-json\/wp\/v2\/pages\/1397\/revisions"}],"predecessor-version":[{"id":27434,"href":"https:\/\/uzem.omu.edu.tr\/en\/wp-json\/wp\/v2\/pages\/1397\/revisions\/27434"}],"wp:attachment":[{"href":"https:\/\/uzem.omu.edu.tr\/en\/wp-json\/wp\/v2\/media?parent=1397"}],"curies":[{"name":"wp","href":"https:\/\/api.w.org\/{rel}","templated":true}]}}