{"id":1391,"date":"2015-05-08T12:55:50","date_gmt":"2015-05-08T09:55:50","guid":{"rendered":"https:\/\/uzem.omu.edu.tr\/?page_id=1391"},"modified":"2026-04-10T11:32:28","modified_gmt":"2026-04-10T08:32:28","slug":"bilgisayar-programciligi-ders-icerikleri","status":"publish","type":"page","link":"https:\/\/uzem.omu.edu.tr\/en\/bilgisayar-programciligi-ders-icerikleri\/","title":{"rendered":"Computer Prog. | Courses"},"content":{"rendered":"<p>[vc_row css=&#8221;.vc_custom_1427462343642{margin-top: -5px !important;margin-left: 0px !important;padding-left: 0px !important;}&#8221;][vc_column width=&#8221;3\/4&#8243; css=&#8221;.vc_custom_1450183954520{margin-top: 5px !important;margin-right: 0px !important;padding-right: 0px !important;padding-left: 0px !important;}&#8221;][vc_row_inner][vc_column_inner css=&#8221;.vc_custom_1450183965092{margin-bottom: 5px !important;padding-right: 0px !important;padding-left: 0px !important;}&#8221;][vc_widget_sidebar sidebar_id=&#8221;generated_sidebar-bilgisayar-programciligi-ust-menu&#8221;][\/vc_column_inner][\/vc_row_inner][vc_column_text el_class=&#8221;menu-basligi&#8221; css=&#8221;.vc_custom_1442410264416{margin-top: 5px !important;}&#8221;]<\/p>\n<p><strong>I. SINIF G\u00dcZ YARIYILI DERSLER\u0130<\/strong><\/p>\n<p>[\/vc_column_text][vc_column_text el_class=&#8221;ders-tablosu&#8221;]<\/p>\n<table width=\"654\">\n<tbody>\n<tr>\n<td width=\"56\"><strong>Kodu<\/strong><\/td>\n<td width=\"289\"><strong>Ders Ad\u0131<\/strong><\/td>\n<td width=\"45\"><strong>D+U+L<\/strong><\/td>\n<td width=\"55\"><strong>Z\/S<\/strong><\/td>\n<td width=\"209\"><strong>\u00d6\u011fretim \u00dcyesi<\/strong><\/td>\n<\/tr>\n<tr>\n<td>AT\u0130101<\/td>\n<td>Atat\u00fcrk \u0130lkeleri ve \u0130nk\u0131lap Tarihi -I<\/td>\n<td>2+0+2<\/td>\n<td>Zorunlu<\/td>\n<td width=\"209\">\u00d6\u011fr. G\u00f6r. Dr. Ercan YAL\u00c7IN<\/td>\n<\/tr>\n<tr>\n<td>TD\u0130101<\/td>\n<td>T\u00fcrk Dili -I<\/td>\n<td>2+0+2<\/td>\n<td>Zorunlu<\/td>\n<td width=\"209\">\u00d6\u011fr. G\u00f6r. Efsun Kevser KAYA<\/td>\n<\/tr>\n<tr>\n<td>YD\u0130<\/td>\n<td>Yabanc\u0131 Dil -I<\/td>\n<td>2+0+2<\/td>\n<td>Zorunlu<\/td>\n<td width=\"209\">\u00d6\u011fr. G\u00f6r. Havva Nur YE\u015e\u0130LDA\u011e<\/td>\n<\/tr>\n<tr>\n<td>MAT101<\/td>\n<td>Matematik<\/td>\n<td>4+0+4<\/td>\n<td>Zorunlu<\/td>\n<td width=\"209\">Prof. Dr. Emin KASAP<br \/>\nDo\u00e7. Dr. Ergin BAYRAM<\/td>\n<\/tr>\n<tr>\n<td>BLP101<\/td>\n<td>Programlama Temelleri<\/td>\n<td>3+0+3<\/td>\n<td>Zorunlu<\/td>\n<td>\u00d6\u011fr. G\u00f6r. Emre Can YILMAZ<\/td>\n<\/tr>\n<tr>\n<td>BLP103<\/td>\n<td>Web Tasar\u0131m\u0131n Temelleri<\/td>\n<td>2+0+2<\/td>\n<td>Zorunlu<\/td>\n<td>\u00d6\u011fr. G\u00f6r. Dr. R\u0131za ALTUNAY<\/td>\n<\/tr>\n<tr>\n<td>BLP105<\/td>\n<td>A\u011f Temelleri<\/td>\n<td>1+0+1<\/td>\n<td>Zorunlu<\/td>\n<td>\u00d6\u011fr. G\u00f6r. Emre Can YILMAZ<\/td>\n<\/tr>\n<tr>\n<td>BLP107<\/td>\n<td>Ofis Yaz\u0131l\u0131mlar\u0131<\/td>\n<td>2+0+2<\/td>\n<td>Zorunlu<\/td>\n<td>\u00d6\u011fr. G\u00f6r. Dr. R\u0131za ALTUNAY<\/td>\n<\/tr>\n<tr>\n<td>\u0130\u015eG111<\/td>\n<td>\u0130\u015f Sa\u011fl\u0131\u011f\u0131 ve G\u00fcvenli\u011fi<\/td>\n<td>2+0+2<\/td>\n<td>Zorunlu<\/td>\n<td>\u00d6\u011fr. G\u00f6r. Musa \u015eAH\u0130N<\/td>\n<\/tr>\n<\/tbody>\n<\/table>\n<p>[\/vc_column_text][vc_column_text el_class=&#8221;menu-basligi&#8221; css=&#8221;.vc_custom_1442559078439{margin-top: 5px !important;}&#8221;]<\/p>\n<p><strong>I. SINIF BAHAR\u00a0YARIYILI DERSLER\u0130<\/strong><\/p>\n<p>[\/vc_column_text][vc_column_text el_class=&#8221;ders-tablosu&#8221;]<\/p>\n<table width=\"654\">\n<tbody>\n<tr>\n<td width=\"56\"><strong>Kodu<\/strong><\/td>\n<td width=\"289\"><strong>Ders Ad\u0131<\/strong><\/td>\n<td width=\"45\"><strong>D+U+L<\/strong><\/td>\n<td width=\"55\"><strong>Z\/S<\/strong><\/td>\n<td width=\"209\"><strong>\u00d6\u011fretim \u00dcyesi<\/strong><\/td>\n<\/tr>\n<tr>\n<td width=\"56\">AT\u0130102<\/td>\n<td width=\"289\">Atat\u00fcrk \u0130lkeleri\u00a0ve \u0130nk\u0131lap Tarihi\u00a0-II<\/td>\n<td width=\"45\">2+0+2<\/td>\n<td width=\"55\">Zorunlu<\/td>\n<td width=\"209\">\u00d6\u011fr. G\u00f6r. Dr. Ercan YAL\u00c7IN<\/td>\n<\/tr>\n<tr>\n<td width=\"56\">TD\u0130102<\/td>\n<td width=\"289\">T\u00fcrk\u00a0 Dili -II<\/td>\n<td width=\"45\">2+0+2<\/td>\n<td width=\"55\">Zorunlu<\/td>\n<td width=\"209\">\u00d6\u011fr. G\u00f6r. Efsun Kevser KAYA<\/td>\n<\/tr>\n<tr>\n<td width=\"56\">YD\u0130102<\/td>\n<td width=\"289\">Yabanc\u0131 Dil\u00a0-II<\/td>\n<td width=\"45\">2+0+2<\/td>\n<td width=\"55\">Zorunlu<\/td>\n<td width=\"209\">\u00d6\u011fr. G\u00f6r. Havva Nur YE\u015e\u0130LDA\u011e<\/td>\n<\/tr>\n<tr>\n<td>BPU102<\/td>\n<td width=\"289\">Veri Yap\u0131lar\u0131\u00a0ve Programlama<\/td>\n<td width=\"45\">2+0+2<\/td>\n<td width=\"55\">\u00a0Zorunlu<\/td>\n<td width=\"209\">\u00d6\u011fr. G\u00f6r. Emre Can YILMAZ<\/td>\n<\/tr>\n<tr>\n<td>BLP104<\/td>\n<td width=\"289\">Veri Taban\u0131 -I<\/td>\n<td width=\"45\">3+0+3<\/td>\n<td width=\"55\">\u00a0Zorunlu<\/td>\n<td width=\"209\">\u00d6\u011fr. G\u00f6r. Onur BARAN<\/td>\n<\/tr>\n<tr>\n<td>BLP120<\/td>\n<td width=\"289\">Yaz\u0131l\u0131m\u00a0Mimarileri<\/td>\n<td width=\"45\">2+0+2<\/td>\n<td width=\"55\">Zorunlu<\/td>\n<td width=\"209\">\u00d6\u011fr. G\u00f6r. Onur BARAN<\/td>\n<\/tr>\n<tr>\n<td>BLP108<\/td>\n<td width=\"289\">Bilgisayar Donan\u0131m\u0131<\/td>\n<td width=\"45\">2+0+2<\/td>\n<td width=\"55\">Zorunlu<\/td>\n<td width=\"209\">\u00d6\u011fr. G\u00f6r. Dr. R\u0131za ALTUNAY<\/td>\n<\/tr>\n<tr>\n<td>BLP110<\/td>\n<td width=\"289\">Web Edit\u00f6r\u00fc<\/td>\n<td width=\"45\">2+0+2<\/td>\n<td width=\"55\">Zorunlu<\/td>\n<td width=\"209\">\u00d6\u011fr. G\u00f6r. Dr. R\u0131za ALTUNAY<\/td>\n<\/tr>\n<tr>\n<td>STJ102<\/td>\n<td width=\"289\">STAJ<\/td>\n<td width=\"45\"><\/td>\n<td width=\"55\">Zorunlu<\/td>\n<td width=\"209\">\u00d6\u011fr. G\u00f6r. Dr. R\u0131za ALTUNAY<\/td>\n<\/tr>\n<\/tbody>\n<\/table>\n<p>[\/vc_column_text][vc_column_text el_class=&#8221;menu-basligi&#8221; css=&#8221;.vc_custom_1442560768676{margin-top: 5px !important;}&#8221;]<\/p>\n<p><strong>II. SINIF G\u00dcZ\u00a0YARIYILI DERSLER\u0130<\/strong><\/p>\n<p>[\/vc_column_text][vc_column_text el_class=&#8221;ders-tablosu&#8221;]<\/p>\n<table width=\"616\">\n<tbody>\n<tr>\n<td width=\"51\"><strong>Kodu<\/strong><\/td>\n<td width=\"289\"><strong>Ders Ad\u0131<\/strong><\/td>\n<td width=\"45\"><strong>D+U+L<\/strong><\/td>\n<td width=\"55\"><strong>Z\/S<\/strong><\/td>\n<td width=\"176\"><strong>\u00d6\u011fretim \u00dcyesi<\/strong><\/td>\n<\/tr>\n<tr>\n<td>BLP201<\/td>\n<td>G\u00f6rsel Programlama<\/td>\n<td width=\"45\">3+0+3<\/td>\n<td width=\"55\">Zorunlu<\/td>\n<td width=\"176\">\u00d6\u011fr. G\u00f6r. Dr. R\u0131za ALTUNAY<\/td>\n<\/tr>\n<tr>\n<td>BLP203<\/td>\n<td>\u0130nternet Programc\u0131l\u0131\u011f\u0131<\/td>\n<td>3+0+3<\/td>\n<td>Zorunlu<\/td>\n<td>\u00d6\u011fr. G\u00f6r. \u0130rfan SUBA\u015e<\/td>\n<\/tr>\n<tr>\n<td>BLP209<\/td>\n<td>Nesne Tabanl\u0131 Programlama<\/td>\n<td width=\"45\">3+0+3<\/td>\n<td width=\"55\">Zorunlu<\/td>\n<td width=\"176\">\u00d6\u011fr. G\u00f6r. Emre Can YILMAZ<\/td>\n<\/tr>\n<tr>\n<td>BLP205<\/td>\n<td>Veri Taban\u0131 II<\/td>\n<td width=\"45\">2+0+2<\/td>\n<td width=\"55\">Zorunlu<\/td>\n<td width=\"176\">\u00d6\u011fr. G\u00f6r. Onur BARAN<\/td>\n<\/tr>\n<tr>\n<td>BLP219<\/td>\n<td>Grafik ve Animasyon<\/td>\n<td width=\"45\">2+0+2<\/td>\n<td width=\"55\">Zorunlu<\/td>\n<td>\u00d6\u011fr. G\u00f6r. Cem BA\u015e<\/td>\n<\/tr>\n<tr>\n<td>\u0130\u015eY201<\/td>\n<td>\u0130\u015fletme Y\u00f6netimi<\/td>\n<td width=\"45\">2+0+2<\/td>\n<td>Zorunlu<\/td>\n<td width=\"176\">\u00d6\u011fr. G\u00f6r. Mustafa \u00d6CAL<\/td>\n<\/tr>\n<tr>\n<td>BLP213<\/td>\n<td>Bilgisayar Destekli Tasar\u0131m<\/td>\n<td width=\"45\">2+0+2<\/td>\n<td>Zorunlu<\/td>\n<td>Do\u00e7. Dr. Ali TEKG\u00dcLER<\/td>\n<\/tr>\n<\/tbody>\n<\/table>\n<p>[\/vc_column_text][vc_column_text el_class=&#8221;menu-basligi&#8221; css=&#8221;.vc_custom_1451030795270{margin-top: 5px !important;}&#8221;]<\/p>\n<p><strong>II. SINIF BAHAR\u00a0YARIYILI DERSLER\u0130<\/strong><\/p>\n<p>[\/vc_column_text][vc_column_text el_class=&#8221;ders-tablosu&#8221;]<\/p>\n<table width=\"848\">\n<tbody>\n<tr>\n<td width=\"92\"><strong>Kodu<\/strong><\/td>\n<td width=\"242\"><strong>Ders Ad\u0131<\/strong><\/td>\n<td width=\"64\"><strong>D+U+L<\/strong><\/td>\n<td width=\"64\"><strong>Z\/S<\/strong><\/td>\n<td width=\"386\"><strong>\u00d6\u011fretim \u00dcyesi<\/strong><\/td>\n<\/tr>\n<tr>\n<td>BLP202<\/td>\n<td>G\u00f6rsel Programlama -II<\/td>\n<td>3+0+3<\/td>\n<td>Zorunlu<\/td>\n<td>\u00d6\u011fr. G\u00f6r. Dr. R\u0131za ALTUNAY<\/td>\n<\/tr>\n<tr>\n<td>BLP204<\/td>\n<td>\u0130nternet Programc\u0131l\u0131\u011f\u0131 -II<\/td>\n<td>3+0+3<\/td>\n<td>Zorunlu<\/td>\n<td>\u00d6\u011fr. G\u00f6r. \u0130rfan SUBA\u015e<\/td>\n<\/tr>\n<tr>\n<td>BLP210<\/td>\n<td>Nesne Tabanl\u0131 Programlama -II<\/td>\n<td>3+0+3<\/td>\n<td>Zorunlu<\/td>\n<td>\u00d6\u011fr. G\u00f6r. Emre Can YILMAZ<\/td>\n<\/tr>\n<tr>\n<td>BLP206<\/td>\n<td>Sistem Analizi ve Tasar\u0131m<\/td>\n<td>2+0+2<\/td>\n<td>Zorunlu<\/td>\n<td>\u00d6\u011fr. G\u00f6r. Onur BARAN<\/td>\n<\/tr>\n<tr>\n<td>ART202<\/td>\n<td>Ara\u015ft\u0131rma Y\u00f6ntem ve Teknikleri<\/td>\n<td>2+0+2<\/td>\n<td>Zorunlu<\/td>\n<td>Do\u00e7. Dr. Olcay \u00d6ZI\u015eIK YAPICI<\/td>\n<\/tr>\n<tr>\n<td>\u0130LT212<\/td>\n<td>\u0130leti\u015fim<\/td>\n<td>2+0+2<\/td>\n<td>Zorunlu<\/td>\n<td>\u00d6\u011fr. G\u00f6r. Zehra AKG\u00dcN FAFANO\u011eLU<\/td>\n<\/tr>\n<tr>\n<td>BLP208<\/td>\n<td>Sunucu \u0130\u015fletim Sistemleri<\/td>\n<td>2+0+2<\/td>\n<td>Zorunlu<\/td>\n<td>\u00d6\u011fr. G\u00f6r. Cem BA\u015e<\/td>\n<\/tr>\n<\/tbody>\n<\/table>\n<p>[\/vc_column_text][\/vc_column][vc_column width=&#8221;1\/4&#8243; css=&#8221;.vc_custom_1433425207001{margin-top: 20px !important;padding-right: 0px !important;}&#8221;][vc_widget_sidebar sidebar_id=&#8221;generated_sidebar-bilgisayar-programciligi&#8221;][\/vc_column][\/vc_row]<\/p>\n","protected":false},"excerpt":{"rendered":"<p>[vc_row css=&#8221;.vc_custom_1427462343642{margin-top: -5px !important;margin-left: 0px !important;padding-left: 0px !important;}&#8221;][vc_column width=&#8221;3\/4&#8243; css=&#8221;.vc_custom_1450183954520{margin-top: 5px !important;margin-right: 0px !important;padding-right: 0px !important;padding-left: 0px !important;}&#8221;][vc_row_inner][vc_column_inner css=&#8221;.vc_custom_1450183965092{margin-bottom: 5px !important;padding-right: 0px !important;padding-left: 0px !important;}&#8221;][vc_widget_sidebar sidebar_id=&#8221;generated_sidebar-bilgisayar-programciligi-ust-menu&#8221;][\/vc_column_inner][\/vc_row_inner][vc_column_text el_class=&#8221;menu-basligi&#8221; css=&#8221;.vc_custom_1442410264416{margin-top: 5px !important;}&#8221;] I. SINIF G\u00dcZ YARIYILI DERSLER\u0130 [\/vc_column_text][vc_column_text el_class=&#8221;ders-tablosu&#8221;] Kodu Ders Ad\u0131 D+U+L Z\/S \u00d6\u011fretim \u00dcyesi AT\u0130101 Atat\u00fcrk \u0130lkeleri ve \u0130nk\u0131lap Tarihi -I 2+0+2 Zorunlu \u00d6\u011fr. G\u00f6r. Dr. Ercan YAL\u00c7IN TD\u0130101 T\u00fcrk Dili -I 2+0+2 Zorunlu \u00d6\u011fr. G\u00f6r. Efsun Kevser KAYA YD\u0130 Yabanc\u0131 Dil -I 2+0+2 Zorunlu \u00d6\u011fr. G\u00f6r. Havva Nur YE\u015e\u0130LDA\u011e MAT101 Matematik 4+0+4 Zorunlu Prof. Dr. Emin KASAP Do\u00e7. Dr. Ergin BAYRAM BLP101 Programlama Temelleri 3+0+3 Zorunlu \u00d6\u011fr. G\u00f6r. Emre Can YILMAZ BLP103 Web Tasar\u0131m\u0131n Temelleri 2+0+2 Zorunlu \u00d6\u011fr. G\u00f6r. Dr. R\u0131za ALTUNAY BLP105 A\u011f Temelleri 1+0+1 Zorunlu \u00d6\u011fr. G\u00f6r. Emre Can YILMAZ BLP107 Ofis Yaz\u0131l\u0131mlar\u0131 2+0+2 Zorunlu \u00d6\u011fr. G\u00f6r. Dr. R\u0131za ALTUNAY \u0130\u015eG111 \u0130\u015f Sa\u011fl\u0131\u011f\u0131 ve G\u00fcvenli\u011fi 2+0+2 Zorunlu \u00d6\u011fr. G\u00f6r. Musa \u015eAH\u0130N [\/vc_column_text][vc_column_text el_class=&#8221;menu-basligi&#8221; css=&#8221;.vc_custom_1442559078439{margin-top: 5px !important;}&#8221;] I. SINIF BAHAR\u00a0YARIYILI DERSLER\u0130 [\/vc_column_text][vc_column_text el_class=&#8221;ders-tablosu&#8221;] Kodu Ders Ad\u0131 D+U+L Z\/S \u00d6\u011fretim \u00dcyesi AT\u0130102 Atat\u00fcrk \u0130lkeleri\u00a0ve \u0130nk\u0131lap Tarihi\u00a0-II 2+0+2 Zorunlu \u00d6\u011fr. G\u00f6r. Dr. Ercan YAL\u00c7IN TD\u0130102 T\u00fcrk\u00a0 Dili -II 2+0+2 Zorunlu \u00d6\u011fr. G\u00f6r. Efsun Kevser KAYA YD\u0130102 Yabanc\u0131 Dil\u00a0-II 2+0+2 Zorunlu \u00d6\u011fr. G\u00f6r. Havva Nur YE\u015e\u0130LDA\u011e BPU102 Veri Yap\u0131lar\u0131\u00a0ve Programlama 2+0+2 \u00a0Zorunlu \u00d6\u011fr. G\u00f6r. Emre Can YILMAZ BLP104 Veri Taban\u0131 -I 3+0+3 \u00a0Zorunlu \u00d6\u011fr. G\u00f6r. Onur BARAN BLP120 Yaz\u0131l\u0131m\u00a0Mimarileri 2+0+2 Zorunlu \u00d6\u011fr. G\u00f6r. Onur BARAN BLP108 Bilgisayar Donan\u0131m\u0131 2+0+2 Zorunlu \u00d6\u011fr. G\u00f6r. Dr. R\u0131za ALTUNAY BLP110 Web Edit\u00f6r\u00fc 2+0+2 Zorunlu \u00d6\u011fr. G\u00f6r. Dr. R\u0131za ALTUNAY STJ102 STAJ Zorunlu \u00d6\u011fr. G\u00f6r. Dr. [&hellip;]<\/p>\n","protected":false},"author":5,"featured_media":0,"parent":0,"menu_order":0,"comment_status":"closed","ping_status":"closed","template":"","meta":[],"translation":{"provider":"WPGlobus","version":"2.12.2","language":"en","enabled_languages":["tr","en"],"languages":{"tr":{"title":true,"content":true,"excerpt":false},"en":{"title":true,"content":false,"excerpt":false}}},"yoast_head":"<!-- This site is optimized with the Yoast SEO plugin v17.4 - https:\/\/yoast.com\/wordpress\/plugins\/seo\/ -->\n<meta name=\"robots\" content=\"index, follow, max-snippet:-1, max-image-preview:large, max-video-preview:-1\" \/>\n<link rel=\"canonical\" href=\"https:\/\/uzem.omu.edu.tr\/bilgisayar-programciligi-ders-icerikleri\/\" \/>\n<meta property=\"og:locale\" content=\"en_US\" \/>\n<meta property=\"og:type\" content=\"article\" \/>\n<meta property=\"og:title\" content=\"Computer Prog. | Courses - OM\u00dc Uzaktan E\u011fitim Merkezi\" \/>\n<meta property=\"og:url\" content=\"https:\/\/uzem.omu.edu.tr\/bilgisayar-programciligi-ders-icerikleri\/\" \/>\n<meta property=\"og:site_name\" content=\"OM\u00dc Uzaktan E\u011fitim Merkezi\" \/>\n<meta property=\"article:publisher\" content=\"https:\/\/www.facebook.com\/omu.uzem\" \/>\n<meta property=\"article:modified_time\" content=\"2026-04-10T08:32:28+00:00\" \/>\n<meta name=\"twitter:card\" content=\"summary_large_image\" \/>\n<meta name=\"twitter:site\" content=\"@omuuzem\" \/>\n<meta name=\"twitter:label1\" content=\"Est. reading time\" \/>\n\t<meta name=\"twitter:data1\" content=\"2 minutes\" \/>\n<script type=\"application\/ld+json\" class=\"yoast-schema-graph\">{\"@context\":\"https:\/\/schema.org\",\"@graph\":[{\"@type\":\"Organization\",\"@id\":\"https:\/\/uzem.omu.edu.tr\/#organization\",\"name\":\"UZEM\",\"url\":\"https:\/\/uzem.omu.edu.tr\/\",\"sameAs\":[\"https:\/\/www.facebook.com\/omu.uzem\",\"https:\/\/www.instagram.com\/omu.uzem\/\",\"https:\/\/www.youtube.com\/channel\/UCQ6c_wjaGQcIvBKTbPrOe2A\",\"https:\/\/twitter.com\/omuuzem\"],\"logo\":{\"@type\":\"ImageObject\",\"@id\":\"https:\/\/uzem.omu.edu.tr\/#logo\",\"inLanguage\":\"en-US\",\"url\":\"https:\/\/uzem.omu.edu.tr\/wp-content\/uploads\/ulogo-1.png\",\"contentUrl\":\"https:\/\/uzem.omu.edu.tr\/wp-content\/uploads\/ulogo-1.png\",\"width\":364,\"height\":39,\"caption\":\"UZEM\"},\"image\":{\"@id\":\"https:\/\/uzem.omu.edu.tr\/#logo\"}},{\"@type\":\"WebSite\",\"@id\":\"https:\/\/uzem.omu.edu.tr\/#website\",\"url\":\"https:\/\/uzem.omu.edu.tr\/\",\"name\":\"OM\\u00dc Uzaktan E\\u011fitim Merkezi\",\"description\":\"&quot;F\\u0131rsatlar Sunar&quot;\",\"publisher\":{\"@id\":\"https:\/\/uzem.omu.edu.tr\/#organization\"},\"potentialAction\":[{\"@type\":\"SearchAction\",\"target\":{\"@type\":\"EntryPoint\",\"urlTemplate\":\"https:\/\/uzem.omu.edu.tr\/?s={search_term_string}\"},\"query-input\":\"required name=search_term_string\"}],\"inLanguage\":\"en-US\"},{\"@type\":\"WebPage\",\"@id\":\"https:\/\/uzem.omu.edu.tr\/bilgisayar-programciligi-ders-icerikleri\/#webpage\",\"url\":\"https:\/\/uzem.omu.edu.tr\/bilgisayar-programciligi-ders-icerikleri\/\",\"name\":\"Computer Prog. | Courses - OM\\u00dc Uzaktan E\\u011fitim Merkezi\",\"isPartOf\":{\"@id\":\"https:\/\/uzem.omu.edu.tr\/#website\"},\"datePublished\":\"2015-05-08T09:55:50+00:00\",\"dateModified\":\"2026-04-10T08:32:28+00:00\",\"breadcrumb\":{\"@id\":\"https:\/\/uzem.omu.edu.tr\/bilgisayar-programciligi-ders-icerikleri\/#breadcrumb\"},\"inLanguage\":\"en-US\",\"potentialAction\":[{\"@type\":\"ReadAction\",\"target\":[\"https:\/\/uzem.omu.edu.tr\/bilgisayar-programciligi-ders-icerikleri\/\"]}]},{\"@type\":\"BreadcrumbList\",\"@id\":\"https:\/\/uzem.omu.edu.tr\/bilgisayar-programciligi-ders-icerikleri\/#breadcrumb\",\"itemListElement\":[{\"@type\":\"ListItem\",\"position\":1,\"name\":\"Home\",\"item\":\"https:\/\/uzem.omu.edu.tr\/\"},{\"@type\":\"ListItem\",\"position\":2,\"name\":\"Bilgisayar Programc\\u0131l\\u0131\\u011f\\u0131 | Ders \\u0130\\u00e7erikleri\"}]}]}<\/script>\n<!-- \/ Yoast SEO plugin. -->","yoast_head_json":{"robots":{"index":"index","follow":"follow","max-snippet":"max-snippet:-1","max-image-preview":"max-image-preview:large","max-video-preview":"max-video-preview:-1"},"canonical":"https:\/\/uzem.omu.edu.tr\/bilgisayar-programciligi-ders-icerikleri\/","og_locale":"en_US","og_type":"article","og_title":"Computer Prog. | Courses - OM\u00dc Uzaktan E\u011fitim Merkezi","og_url":"https:\/\/uzem.omu.edu.tr\/bilgisayar-programciligi-ders-icerikleri\/","og_site_name":"OM\u00dc Uzaktan E\u011fitim Merkezi","article_publisher":"https:\/\/www.facebook.com\/omu.uzem","article_modified_time":"2026-04-10T08:32:28+00:00","twitter_card":"summary_large_image","twitter_site":"@omuuzem","twitter_misc":{"Est. reading time":"2 minutes"},"schema":{"@context":"https:\/\/schema.org","@graph":[{"@type":"Organization","@id":"https:\/\/uzem.omu.edu.tr\/#organization","name":"UZEM","url":"https:\/\/uzem.omu.edu.tr\/","sameAs":["https:\/\/www.facebook.com\/omu.uzem","https:\/\/www.instagram.com\/omu.uzem\/","https:\/\/www.youtube.com\/channel\/UCQ6c_wjaGQcIvBKTbPrOe2A","https:\/\/twitter.com\/omuuzem"],"logo":{"@type":"ImageObject","@id":"https:\/\/uzem.omu.edu.tr\/#logo","inLanguage":"en-US","url":"https:\/\/uzem.omu.edu.tr\/wp-content\/uploads\/ulogo-1.png","contentUrl":"https:\/\/uzem.omu.edu.tr\/wp-content\/uploads\/ulogo-1.png","width":364,"height":39,"caption":"UZEM"},"image":{"@id":"https:\/\/uzem.omu.edu.tr\/#logo"}},{"@type":"WebSite","@id":"https:\/\/uzem.omu.edu.tr\/#website","url":"https:\/\/uzem.omu.edu.tr\/","name":"OM\u00dc Uzaktan E\u011fitim Merkezi","description":"&quot;F\u0131rsatlar Sunar&quot;","publisher":{"@id":"https:\/\/uzem.omu.edu.tr\/#organization"},"potentialAction":[{"@type":"SearchAction","target":{"@type":"EntryPoint","urlTemplate":"https:\/\/uzem.omu.edu.tr\/?s={search_term_string}"},"query-input":"required name=search_term_string"}],"inLanguage":"en-US"},{"@type":"WebPage","@id":"https:\/\/uzem.omu.edu.tr\/bilgisayar-programciligi-ders-icerikleri\/#webpage","url":"https:\/\/uzem.omu.edu.tr\/bilgisayar-programciligi-ders-icerikleri\/","name":"Computer Prog. | Courses - OM\u00dc Uzaktan E\u011fitim Merkezi","isPartOf":{"@id":"https:\/\/uzem.omu.edu.tr\/#website"},"datePublished":"2015-05-08T09:55:50+00:00","dateModified":"2026-04-10T08:32:28+00:00","breadcrumb":{"@id":"https:\/\/uzem.omu.edu.tr\/bilgisayar-programciligi-ders-icerikleri\/#breadcrumb"},"inLanguage":"en-US","potentialAction":[{"@type":"ReadAction","target":["https:\/\/uzem.omu.edu.tr\/bilgisayar-programciligi-ders-icerikleri\/"]}]},{"@type":"BreadcrumbList","@id":"https:\/\/uzem.omu.edu.tr\/bilgisayar-programciligi-ders-icerikleri\/#breadcrumb","itemListElement":[{"@type":"ListItem","position":1,"name":"Home","item":"https:\/\/uzem.omu.edu.tr\/"},{"@type":"ListItem","position":2,"name":"Bilgisayar Programc\u0131l\u0131\u011f\u0131 | Ders \u0130\u00e7erikleri"}]}]}},"_links":{"self":[{"href":"https:\/\/uzem.omu.edu.tr\/en\/wp-json\/wp\/v2\/pages\/1391"}],"collection":[{"href":"https:\/\/uzem.omu.edu.tr\/en\/wp-json\/wp\/v2\/pages"}],"about":[{"href":"https:\/\/uzem.omu.edu.tr\/en\/wp-json\/wp\/v2\/types\/page"}],"author":[{"embeddable":true,"href":"https:\/\/uzem.omu.edu.tr\/en\/wp-json\/wp\/v2\/users\/5"}],"replies":[{"embeddable":true,"href":"https:\/\/uzem.omu.edu.tr\/en\/wp-json\/wp\/v2\/comments?post=1391"}],"version-history":[{"count":23,"href":"https:\/\/uzem.omu.edu.tr\/en\/wp-json\/wp\/v2\/pages\/1391\/revisions"}],"predecessor-version":[{"id":27512,"href":"https:\/\/uzem.omu.edu.tr\/en\/wp-json\/wp\/v2\/pages\/1391\/revisions\/27512"}],"wp:attachment":[{"href":"https:\/\/uzem.omu.edu.tr\/en\/wp-json\/wp\/v2\/media?parent=1391"}],"curies":[{"name":"wp","href":"https:\/\/api.w.org\/{rel}","templated":true}]}}