{"id":1381,"date":"2015-05-08T12:52:07","date_gmt":"2015-05-08T12:52:07","guid":{"rendered":"https:\/\/uzem.omu.edu.tr\/?page_id=1381"},"modified":"2026-04-09T09:47:39","modified_gmt":"2026-04-09T06:47:39","slug":"cocuk-gelisimi-ders-icerikleri","status":"publish","type":"page","link":"https:\/\/uzem.omu.edu.tr\/en\/cocuk-gelisimi-ders-icerikleri\/","title":{"rendered":"\u00c7ocuk Geli\u015fimi | Ders \u0130\u00e7erikleri"},"content":{"rendered":"<p>[vc_row css=&#8221;.vc_custom_1427462343642{margin-top: -5px !important;margin-left: 0px !important;padding-left: 0px !important;}&#8221;][vc_column width=&#8221;3\/4&#8243; css=&#8221;.vc_custom_1450181182208{margin-top: 5px !important;margin-right: 0px !important;padding-right: 0px !important;padding-left: 0px !important;}&#8221;][vc_row_inner][vc_column_inner css=&#8221;.vc_custom_1450181200592{margin-bottom: 5px !important;padding-right: 0px !important;padding-left: 0px !important;}&#8221;][vc_widget_sidebar sidebar_id=&#8221;generated_sidebar-cocuk-gelisimi-ust-menu&#8221;][\/vc_column_inner][\/vc_row_inner][vc_column_text el_class=&#8221;menu-basligi&#8221;]<\/p>\n<p><strong>DERS \u0130\u00c7ER\u0130KLER\u0130<\/strong><\/p>\n<p>[\/vc_column_text][vc_column_text el_class=&#8221;menu-basligi&#8221; css=&#8221;.vc_custom_1442399510632{margin-top: 5px !important;}&#8221;]<\/p>\n<p><strong>I. SINIF G\u00dcZ YARIYILI DERSLER\u0130<\/strong><\/p>\n<p>[\/vc_column_text][vc_column_text el_class=&#8221;ders-tablosu&#8221;]<\/p>\n<table width=\"657\">\n<tbody>\n<tr>\n<td width=\"59\"><strong>Kodu<\/strong><\/td>\n<td width=\"250\"><strong>Ders Ad\u0131<\/strong><\/td>\n<td width=\"46\"><strong>D+U+L<\/strong><\/td>\n<td width=\"55\"><strong>Z\/S<\/strong><\/td>\n<td width=\"247\"><strong>\u00d6\u011fretim \u00dcyesi<\/strong><\/td>\n<\/tr>\n<tr>\n<td>AT\u0130101<\/td>\n<td>Atat\u00fcrk \u0130lkeleri\u00a0ve \u0130nk\u0131lap Tarihi I<\/td>\n<td>2+0+2<\/td>\n<td>Zorunlu<\/td>\n<td width=\"247\">\u00d6\u011fr. G\u00f6r. Dr. Ercan YAL\u00c7IN<\/td>\n<\/tr>\n<tr>\n<td>TD\u0130101<\/td>\n<td>T\u00fcrk\u00a0Dili\u00a0-I<\/td>\n<td>2+0+2<\/td>\n<td>Zorunlu<\/td>\n<td width=\"247\">\u00d6\u011fr. G\u00f6r. Efsun Kevser KAYA<\/td>\n<\/tr>\n<tr>\n<td>YD\u0130101<\/td>\n<td>Yabanc\u0131 Dil\u00a0-I<\/td>\n<td>2+0+2<\/td>\n<td>Zorunlu<\/td>\n<td width=\"247\">\u00d6\u011fr. G\u00f6r. Havva Nur YE\u015e\u0130LDA\u011e<\/td>\n<\/tr>\n<tr>\n<td>UCGL101<\/td>\n<td>Matematik<\/td>\n<td>2+0+2<\/td>\n<td>Zorunlu<\/td>\n<td width=\"247\">Prof. Dr. Emin KASAP<\/td>\n<\/tr>\n<tr>\n<td>UCGL109<\/td>\n<td>\u00c7ocuk Geli\u015fimi\u00a0-I<\/td>\n<td>3+0+3<\/td>\n<td>Zorunlu<\/td>\n<td>\u00d6gr. G\u00f6r. Dr. Asl\u0131 TEM\u0130Z \u00c7A\u011eLAR<\/td>\n<\/tr>\n<tr>\n<td>UCGL103<\/td>\n<td>\u00d6zel E\u011fitim\u00a0-I<\/td>\n<td>3+0+3<\/td>\n<td>Zorunlu<\/td>\n<td>\u00d6\u011fr. G\u00f6r. Halil \u0130brahim ERTU\u011e<\/td>\n<\/tr>\n<tr>\n<td>UCGL105<\/td>\n<td>\u00c7ocuk\u00a0Beslenmesi<\/td>\n<td>2+0+2<\/td>\n<td>Zorunlu<\/td>\n<td>\u00d6\u011fr. G\u00f6r. Arife B\u00dcY\u00dcKADA YILDIRIM<\/td>\n<\/tr>\n<tr>\n<td>UCGL107<\/td>\n<td>\u00c7ocuk Sa\u011fl\u0131\u011f\u0131\u00a0ve Hastal\u0131klar\u0131<\/td>\n<td>2+0+2<\/td>\n<td>Zorunlu<\/td>\n<td>Dr. \u00d6\u011fr. \u00dcyesi Uygar BAYRAKDAR<\/td>\n<\/tr>\n<tr>\n<td>UCGL111<\/td>\n<td>Ki\u015fisel Geli\u015fim<\/td>\n<td>2+0+2<\/td>\n<td>Zorunlu<\/td>\n<td>\u00d6\u011fr. G\u00f6r. Halil \u0130brahim ERTU\u011e<\/td>\n<\/tr>\n<tr>\n<td>UCGL113<\/td>\n<td>Bilgi Teknolojileri\u00a0ve \u0130leti\u015fim<\/td>\n<td>2+0+2<\/td>\n<td>Zorunlu<\/td>\n<td>\u00d6\u011fr. G\u00f6r. Muhammed KARA<\/td>\n<\/tr>\n<\/tbody>\n<\/table>\n<p>[\/vc_column_text][vc_column_text el_class=&#8221;menu-basligi&#8221; css=&#8221;.vc_custom_1442400425603{margin-top: 5px !important;}&#8221;]<\/p>\n<p><strong>I. SINIF BAHAR\u00a0YARIYILI DERSLER\u0130<\/strong><\/p>\n<p>[\/vc_column_text][vc_column_text el_class=&#8221;ders-tablosu&#8221;]<\/p>\n<table width=\"597\">\n<tbody>\n<tr>\n<td width=\"56\"><strong>Kodu<\/strong><\/td>\n<td width=\"250\"><strong>Ders Ad\u0131<\/strong><\/td>\n<td width=\"45\"><strong>D+U+L<\/strong><\/td>\n<td width=\"55\"><strong>Z\/S<\/strong><\/td>\n<td width=\"191\"><strong>\u00d6\u011fretim \u00dcyesi<\/strong><\/td>\n<\/tr>\n<tr>\n<td width=\"56\">AT\u0130102<\/td>\n<td width=\"250\">Atat\u00fcrk \u0130lkeleri ve \u0130nk\u0131lap Tarihi -II<\/td>\n<td width=\"45\">2+0+2<\/td>\n<td width=\"55\">Zorunlu<\/td>\n<td width=\"191\">\u00d6\u011fr. G\u00f6r. Dr. Ercan YAL\u00c7IN<\/td>\n<\/tr>\n<tr>\n<td width=\"56\">TD\u0130102<\/td>\n<td width=\"250\">T\u00fcrk Dili -II<\/td>\n<td width=\"45\">2+0+2<\/td>\n<td width=\"55\">Zorunlu<\/td>\n<td width=\"191\">\u00d6\u011fr. G\u00f6r. Efsun Kevser KAYA<\/td>\n<\/tr>\n<tr>\n<td width=\"56\">YD\u0130102<\/td>\n<td width=\"250\">Yabanc\u0131 Dil -II<\/td>\n<td width=\"45\">2+0+2<\/td>\n<td width=\"55\">Zorunlu<\/td>\n<td width=\"191\">\u00d6\u011fr. G\u00f6r. Havva Nur YE\u015e\u0130LDA\u011e<\/td>\n<\/tr>\n<tr>\n<td width=\"56\">UCGL104<\/td>\n<td width=\"250\">\u00d6\u011frenme ve \u00d6\u011fretme Teknikleri<\/td>\n<td width=\"45\">2+0+2<\/td>\n<td width=\"55\">Zorunlu<\/td>\n<td width=\"191\">Dr. \u00d6\u011fr. \u00dcyesi Uygar BAYRAKDAR<\/td>\n<\/tr>\n<tr>\n<td width=\"56\">UCGL106<\/td>\n<td width=\"250\">\u00c7ocuk Geli\u015fimi -II<\/td>\n<td width=\"45\">3+0+3<\/td>\n<td width=\"55\">Zorunlu<\/td>\n<td width=\"191\">\u00d6gr. G\u00f6r. Dr. Asl\u0131 TEM\u0130Z \u00c7A\u011eLAR<\/td>\n<\/tr>\n<tr>\n<td width=\"56\">UCGL102<\/td>\n<td width=\"250\">\u00d6zel E\u011fitim -II<\/td>\n<td width=\"45\">3+0+3<\/td>\n<td width=\"55\">Zorunlu<\/td>\n<td width=\"191\">\u00d6\u011fr. G\u00f6r. Halil \u0130brahim ERTU\u011e<\/td>\n<\/tr>\n<tr>\n<td width=\"56\">UCGL110<\/td>\n<td width=\"250\">\u00c7ocukta Sanat ve Yarat\u0131c\u0131l\u0131k<\/td>\n<td width=\"45\">2+0+2<\/td>\n<td width=\"55\">Zorunlu<\/td>\n<td width=\"191\">\u00d6\u011fr. G\u00f6r. Arife B. YILDIRIM<\/td>\n<\/tr>\n<tr>\n<td width=\"56\">UCGL108<\/td>\n<td width=\"250\">STAJ<\/td>\n<td width=\"45\"><\/td>\n<td width=\"55\"><\/td>\n<td width=\"191\">&#8211;<\/td>\n<\/tr>\n<\/tbody>\n<\/table>\n<p>[\/vc_column_text][vc_column_text el_class=&#8221;menu-basligi&#8221; css=&#8221;.vc_custom_1442403339291{margin-top: 5px !important;}&#8221;]<\/p>\n<p><strong>II. SINIF G\u00dcZ\u00a0YARIYILI DERSLER\u0130<\/strong><\/p>\n<p>[\/vc_column_text][vc_column_text el_class=&#8221;ders-tablosu&#8221;]<\/p>\n<table width=\"596\">\n<tbody>\n<tr>\n<td width=\"66\"><strong>Kodu<\/strong><\/td>\n<td width=\"218\"><strong>Ders Ad\u0131<\/strong><\/td>\n<td width=\"53\"><strong>D+U+L<\/strong><\/td>\n<td width=\"58\"><strong>Z\/S<\/strong><\/td>\n<td width=\"201\"><strong>\u00d6\u011fretim \u00dcyesi<\/strong><\/td>\n<\/tr>\n<tr>\n<td>UCGL207<\/td>\n<td>\u00c7ocuk Psikolojisi ve Ruh Sa\u011fl\u0131\u011f\u0131<\/td>\n<td>3+0+3<\/td>\n<td>Zorunlu<\/td>\n<td>\u00d6\u011fr. G\u00f6r. Halil \u0130brahim ERTU\u011e<\/td>\n<\/tr>\n<tr>\n<td>UCGL209<\/td>\n<td>Psikolojiye Giri\u015f<\/td>\n<td>3+0+3<\/td>\n<td>Zorunlu<\/td>\n<td>Dr. \u00d6\u011fr. \u00dcyesi Uygar BAYRAKDAR<\/td>\n<\/tr>\n<tr>\n<td>UCGL222<\/td>\n<td>Meslek Eti\u011fi<\/td>\n<td>2+0+2<\/td>\n<td>Zorunlu<\/td>\n<td>\u00d6\u011fr. G\u00f6r.\u00a0Asl\u0131 TEM\u0130Z<\/td>\n<\/tr>\n<tr>\n<td>UCGL217<\/td>\n<td>Psikolojik Dan\u0131\u015fmanl\u0131k ve Rehberlik<\/td>\n<td>1+0+1<\/td>\n<td>Zorunlu<\/td>\n<td>\u00d6\u011fr. G\u00f6r. Halil \u0130brahim ERTU\u011e<\/td>\n<\/tr>\n<tr>\n<td>UCGL211<\/td>\n<td>Aile E\u011fitimi<\/td>\n<td>3+0+3<\/td>\n<td>Zorunlu<\/td>\n<td>\u00d6gr. G\u00f6r. Dr. Asl\u0131 TEM\u0130Z \u00c7A\u011eLAR<\/td>\n<\/tr>\n<tr>\n<td>UCGLL111<\/td>\n<td>\u00c7ocuk ve Oyun<\/td>\n<td>2+0+2<\/td>\n<td>Zorunlu<\/td>\n<td>\u00d6\u011fr. G\u00f6r. Arife B\u00dcY\u00dcKADA YILDIRIM<\/td>\n<\/tr>\n<tr>\n<td>UCGL213<\/td>\n<td>\u00c7ocuk Haklar\u0131 ve Koruma<\/td>\n<td>2+0+2<\/td>\n<td>Zorunlu<\/td>\n<td>\u00d6\u011fr. G\u00f6r. Arife B\u00dcY\u00dcKADA YILDIRIM<\/td>\n<\/tr>\n<tr>\n<td>UCGL215<\/td>\n<td>Diksiyon ve Beden Dili<\/td>\n<td>2+0+2<\/td>\n<td>Zorunlu<\/td>\n<td>\u00d6\u011fr. G\u00f6r. Arife B\u00dcY\u00dcKADA YILDIRIM<\/td>\n<\/tr>\n<tr>\n<td>UCGL203<\/td>\n<td>Geli\u015fim Teorileri<\/td>\n<td>2+0+2<\/td>\n<td>Zorunlu<\/td>\n<td>Dr. \u00d6\u011fr. \u00dcyesi Uygar BAYRAKDAR<\/td>\n<\/tr>\n<\/tbody>\n<\/table>\n<p>[\/vc_column_text][vc_column_text el_class=&#8221;menu-basligi&#8221; css=&#8221;.vc_custom_1452842452497{margin-top: 5px !important;}&#8221;]<\/p>\n<p><strong>II. SINIF BAHAR\u00a0YARIYILI DERSLER\u0130<\/strong><\/p>\n<p>[\/vc_column_text][vc_column_text el_class=&#8221;ders-tablosu&#8221;]<\/p>\n<table width=\"596\">\n<tbody>\n<tr>\n<td width=\"66\"><strong>Kodu<\/strong><\/td>\n<td width=\"218\"><strong>Ders Ad\u0131<\/strong><\/td>\n<td width=\"53\"><strong>D+U+L<\/strong><\/td>\n<td width=\"58\"><strong>Z\/S<\/strong><\/td>\n<td width=\"201\"><strong>\u00d6\u011fretim \u00dcyesi<\/strong><\/td>\n<\/tr>\n<tr>\n<td>UCGL206<\/td>\n<td>\u00c7ocukta Sanat Geli\u015fimi<\/td>\n<td>3+0+3<\/td>\n<td>Zorunlu<\/td>\n<td>Dr. \u00d6\u011fr. \u00dcyesi Uygar BAYRAKDAR<\/td>\n<\/tr>\n<tr>\n<td>UCGL202<\/td>\n<td>Davran\u0131\u015f Y\u00f6netimi<\/td>\n<td>3+0+3<\/td>\n<td>Zorunlu<\/td>\n<td>Dr. \u00d6\u011fr. \u00dcyesi Uygar BAYRAKDAR<\/td>\n<\/tr>\n<tr>\n<td>UCGL206<\/td>\n<td>\u00d6zel Gereksinimli \u00c7ocuklar ve E\u011fitimleri<\/td>\n<td>2+0+2<\/td>\n<td>Zorunlu<\/td>\n<td>\u00d6\u011fr. G\u00f6r. Arife B. YILDIRIM<\/td>\n<\/tr>\n<tr>\n<td>UCGL208<\/td>\n<td>\u00c7ocuk ve Drama<\/td>\n<td>1+0+1<\/td>\n<td>Zorunlu<\/td>\n<td>\u00d6\u011fr. G\u00f6r. Arife B. YILDIRIM<\/td>\n<\/tr>\n<tr>\n<td>UCGL210<\/td>\n<td>Montessori E\u011fitimi<\/td>\n<td>3+0+3<\/td>\n<td>Zorunlu<\/td>\n<td>\u00d6\u011fr. G\u00f6r. Asl\u0131 TEM\u0130Z \u00c7A\u011eLAR<\/td>\n<\/tr>\n<tr>\n<td>UCGL214<\/td>\n<td>\u0130lkyard\u0131m<\/td>\n<td>2+0+2<\/td>\n<td>Zorunlu<\/td>\n<td>\u00d6\u011fr. G\u00f6r. Halil \u0130brahim ERTU\u011e<\/td>\n<\/tr>\n<tr>\n<td>\u0130\u015eG201<\/td>\n<td>\u0130\u015f Sa\u011fl\u0131\u011f\u0131 ve G\u00fcvenli\u011fi<\/td>\n<td>2+0+2<\/td>\n<td>Zorunlu<\/td>\n<td>\u00d6\u011fr. G\u00f6r.\u00a0Musa \u015eAH\u0130N<\/td>\n<\/tr>\n<\/tbody>\n<\/table>\n<p>[\/vc_column_text][\/vc_column][vc_column width=&#8221;1\/4&#8243; css=&#8221;.vc_custom_1433424964040{margin-top: 20px !important;padding-right: 0px !important;}&#8221;][vc_widget_sidebar sidebar_id=&#8221;generated_sidebar-cocuk-gelisimi&#8221;][\/vc_column][\/vc_row]<\/p>\n","protected":false},"excerpt":{"rendered":"<p>[vc_row css=&#8221;.vc_custom_1427462343642{margin-top: -5px !important;margin-left: 0px !important;padding-left: 0px !important;}&#8221;][vc_column width=&#8221;3\/4&#8243; css=&#8221;.vc_custom_1450181182208{margin-top: 5px !important;margin-right: 0px !important;padding-right: 0px !important;padding-left: 0px !important;}&#8221;][vc_row_inner][vc_column_inner css=&#8221;.vc_custom_1450181200592{margin-bottom: 5px !important;padding-right: 0px !important;padding-left: 0px !important;}&#8221;][vc_widget_sidebar sidebar_id=&#8221;generated_sidebar-cocuk-gelisimi-ust-menu&#8221;][\/vc_column_inner][\/vc_row_inner][vc_column_text el_class=&#8221;menu-basligi&#8221;] DERS \u0130\u00c7ER\u0130KLER\u0130 [\/vc_column_text][vc_column_text el_class=&#8221;menu-basligi&#8221; css=&#8221;.vc_custom_1442399510632{margin-top: 5px !important;}&#8221;] I. SINIF G\u00dcZ YARIYILI DERSLER\u0130 [\/vc_column_text][vc_column_text el_class=&#8221;ders-tablosu&#8221;] Kodu Ders Ad\u0131 D+U+L Z\/S \u00d6\u011fretim \u00dcyesi AT\u0130101 Atat\u00fcrk \u0130lkeleri\u00a0ve \u0130nk\u0131lap Tarihi I 2+0+2 Zorunlu \u00d6\u011fr. G\u00f6r. Dr. Ercan YAL\u00c7IN TD\u0130101 T\u00fcrk\u00a0Dili\u00a0-I 2+0+2 Zorunlu \u00d6\u011fr. G\u00f6r. Efsun Kevser KAYA YD\u0130101 Yabanc\u0131 Dil\u00a0-I 2+0+2 Zorunlu \u00d6\u011fr. G\u00f6r. Havva Nur YE\u015e\u0130LDA\u011e UCGL101 Matematik 2+0+2 Zorunlu Prof. Dr. Emin KASAP UCGL109 \u00c7ocuk Geli\u015fimi\u00a0-I 3+0+3 Zorunlu \u00d6gr. G\u00f6r. Dr. Asl\u0131 TEM\u0130Z \u00c7A\u011eLAR UCGL103 \u00d6zel E\u011fitim\u00a0-I 3+0+3 Zorunlu \u00d6\u011fr. G\u00f6r. Halil \u0130brahim ERTU\u011e UCGL105 \u00c7ocuk\u00a0Beslenmesi 2+0+2 Zorunlu \u00d6\u011fr. G\u00f6r. Arife B\u00dcY\u00dcKADA YILDIRIM UCGL107 \u00c7ocuk Sa\u011fl\u0131\u011f\u0131\u00a0ve Hastal\u0131klar\u0131 2+0+2 Zorunlu Dr. \u00d6\u011fr. \u00dcyesi Uygar BAYRAKDAR UCGL111 Ki\u015fisel Geli\u015fim 2+0+2 Zorunlu \u00d6\u011fr. G\u00f6r. Halil \u0130brahim ERTU\u011e UCGL113 Bilgi Teknolojileri\u00a0ve \u0130leti\u015fim 2+0+2 Zorunlu \u00d6\u011fr. G\u00f6r. Muhammed KARA [\/vc_column_text][vc_column_text el_class=&#8221;menu-basligi&#8221; css=&#8221;.vc_custom_1442400425603{margin-top: 5px !important;}&#8221;] I. SINIF BAHAR\u00a0YARIYILI DERSLER\u0130 [\/vc_column_text][vc_column_text el_class=&#8221;ders-tablosu&#8221;] Kodu Ders Ad\u0131 D+U+L Z\/S \u00d6\u011fretim \u00dcyesi AT\u0130102 Atat\u00fcrk \u0130lkeleri ve \u0130nk\u0131lap Tarihi -II 2+0+2 Zorunlu \u00d6\u011fr. G\u00f6r. Dr. Ercan YAL\u00c7IN TD\u0130102 T\u00fcrk Dili -II 2+0+2 Zorunlu \u00d6\u011fr. G\u00f6r. Efsun Kevser KAYA YD\u0130102 Yabanc\u0131 Dil -II 2+0+2 Zorunlu \u00d6\u011fr. G\u00f6r. Havva Nur YE\u015e\u0130LDA\u011e UCGL104 \u00d6\u011frenme ve \u00d6\u011fretme Teknikleri 2+0+2 Zorunlu Dr. \u00d6\u011fr. \u00dcyesi Uygar BAYRAKDAR UCGL106 \u00c7ocuk Geli\u015fimi -II 3+0+3 Zorunlu \u00d6gr. G\u00f6r. Dr. Asl\u0131 TEM\u0130Z \u00c7A\u011eLAR UCGL102 \u00d6zel E\u011fitim -II 3+0+3 Zorunlu \u00d6\u011fr. G\u00f6r. Halil \u0130brahim ERTU\u011e UCGL110 \u00c7ocukta Sanat ve Yarat\u0131c\u0131l\u0131k 2+0+2 Zorunlu \u00d6\u011fr. G\u00f6r. Arife B. YILDIRIM [&hellip;]<\/p>\n","protected":false},"author":5,"featured_media":0,"parent":0,"menu_order":0,"comment_status":"closed","ping_status":"closed","template":"","meta":[],"translation":{"provider":"WPGlobus","version":"2.12.2","language":"en","enabled_languages":["tr","en"],"languages":{"tr":{"title":true,"content":true,"excerpt":false},"en":{"title":false,"content":false,"excerpt":false}}},"yoast_head":"<!-- This site is optimized with the Yoast SEO plugin v17.4 - https:\/\/yoast.com\/wordpress\/plugins\/seo\/ -->\n<meta name=\"robots\" content=\"index, follow, max-snippet:-1, max-image-preview:large, max-video-preview:-1\" \/>\n<link rel=\"canonical\" href=\"https:\/\/uzem.omu.edu.tr\/cocuk-gelisimi-ders-icerikleri\/\" \/>\n<meta property=\"og:locale\" content=\"en_US\" \/>\n<meta property=\"og:type\" content=\"article\" \/>\n<meta property=\"og:title\" content=\"\u00c7ocuk Geli\u015fimi | Ders \u0130\u00e7erikleri - OM\u00dc Uzaktan E\u011fitim Merkezi\" \/>\n<meta property=\"og:url\" content=\"https:\/\/uzem.omu.edu.tr\/cocuk-gelisimi-ders-icerikleri\/\" \/>\n<meta property=\"og:site_name\" content=\"OM\u00dc Uzaktan E\u011fitim Merkezi\" \/>\n<meta property=\"article:publisher\" content=\"https:\/\/www.facebook.com\/omu.uzem\" \/>\n<meta property=\"article:modified_time\" content=\"2026-04-09T06:47:39+00:00\" \/>\n<meta name=\"twitter:card\" content=\"summary_large_image\" \/>\n<meta name=\"twitter:site\" content=\"@omuuzem\" \/>\n<meta name=\"twitter:label1\" content=\"Est. reading time\" \/>\n\t<meta name=\"twitter:data1\" content=\"3 minutes\" \/>\n<script type=\"application\/ld+json\" class=\"yoast-schema-graph\">{\"@context\":\"https:\/\/schema.org\",\"@graph\":[{\"@type\":\"Organization\",\"@id\":\"https:\/\/uzem.omu.edu.tr\/#organization\",\"name\":\"UZEM\",\"url\":\"https:\/\/uzem.omu.edu.tr\/\",\"sameAs\":[\"https:\/\/www.facebook.com\/omu.uzem\",\"https:\/\/www.instagram.com\/omu.uzem\/\",\"https:\/\/www.youtube.com\/channel\/UCQ6c_wjaGQcIvBKTbPrOe2A\",\"https:\/\/twitter.com\/omuuzem\"],\"logo\":{\"@type\":\"ImageObject\",\"@id\":\"https:\/\/uzem.omu.edu.tr\/#logo\",\"inLanguage\":\"en-US\",\"url\":\"https:\/\/uzem.omu.edu.tr\/wp-content\/uploads\/ulogo-1.png\",\"contentUrl\":\"https:\/\/uzem.omu.edu.tr\/wp-content\/uploads\/ulogo-1.png\",\"width\":364,\"height\":39,\"caption\":\"UZEM\"},\"image\":{\"@id\":\"https:\/\/uzem.omu.edu.tr\/#logo\"}},{\"@type\":\"WebSite\",\"@id\":\"https:\/\/uzem.omu.edu.tr\/#website\",\"url\":\"https:\/\/uzem.omu.edu.tr\/\",\"name\":\"OM\\u00dc Uzaktan E\\u011fitim Merkezi\",\"description\":\"&quot;F\\u0131rsatlar Sunar&quot;\",\"publisher\":{\"@id\":\"https:\/\/uzem.omu.edu.tr\/#organization\"},\"potentialAction\":[{\"@type\":\"SearchAction\",\"target\":{\"@type\":\"EntryPoint\",\"urlTemplate\":\"https:\/\/uzem.omu.edu.tr\/?s={search_term_string}\"},\"query-input\":\"required name=search_term_string\"}],\"inLanguage\":\"en-US\"},{\"@type\":\"WebPage\",\"@id\":\"https:\/\/uzem.omu.edu.tr\/cocuk-gelisimi-ders-icerikleri\/#webpage\",\"url\":\"https:\/\/uzem.omu.edu.tr\/cocuk-gelisimi-ders-icerikleri\/\",\"name\":\"\\u00c7ocuk Geli\\u015fimi | Ders \\u0130\\u00e7erikleri - OM\\u00dc Uzaktan E\\u011fitim Merkezi\",\"isPartOf\":{\"@id\":\"https:\/\/uzem.omu.edu.tr\/#website\"},\"datePublished\":\"2015-05-08T12:52:07+00:00\",\"dateModified\":\"2026-04-09T06:47:39+00:00\",\"breadcrumb\":{\"@id\":\"https:\/\/uzem.omu.edu.tr\/cocuk-gelisimi-ders-icerikleri\/#breadcrumb\"},\"inLanguage\":\"en-US\",\"potentialAction\":[{\"@type\":\"ReadAction\",\"target\":[\"https:\/\/uzem.omu.edu.tr\/cocuk-gelisimi-ders-icerikleri\/\"]}]},{\"@type\":\"BreadcrumbList\",\"@id\":\"https:\/\/uzem.omu.edu.tr\/cocuk-gelisimi-ders-icerikleri\/#breadcrumb\",\"itemListElement\":[{\"@type\":\"ListItem\",\"position\":1,\"name\":\"Home\",\"item\":\"https:\/\/uzem.omu.edu.tr\/\"},{\"@type\":\"ListItem\",\"position\":2,\"name\":\"\\u00c7ocuk Geli\\u015fimi | Ders \\u0130\\u00e7erikleri\"}]}]}<\/script>\n<!-- \/ Yoast SEO plugin. -->","yoast_head_json":{"robots":{"index":"index","follow":"follow","max-snippet":"max-snippet:-1","max-image-preview":"max-image-preview:large","max-video-preview":"max-video-preview:-1"},"canonical":"https:\/\/uzem.omu.edu.tr\/cocuk-gelisimi-ders-icerikleri\/","og_locale":"en_US","og_type":"article","og_title":"\u00c7ocuk Geli\u015fimi | Ders \u0130\u00e7erikleri - OM\u00dc Uzaktan E\u011fitim Merkezi","og_url":"https:\/\/uzem.omu.edu.tr\/cocuk-gelisimi-ders-icerikleri\/","og_site_name":"OM\u00dc Uzaktan E\u011fitim Merkezi","article_publisher":"https:\/\/www.facebook.com\/omu.uzem","article_modified_time":"2026-04-09T06:47:39+00:00","twitter_card":"summary_large_image","twitter_site":"@omuuzem","twitter_misc":{"Est. reading time":"3 minutes"},"schema":{"@context":"https:\/\/schema.org","@graph":[{"@type":"Organization","@id":"https:\/\/uzem.omu.edu.tr\/#organization","name":"UZEM","url":"https:\/\/uzem.omu.edu.tr\/","sameAs":["https:\/\/www.facebook.com\/omu.uzem","https:\/\/www.instagram.com\/omu.uzem\/","https:\/\/www.youtube.com\/channel\/UCQ6c_wjaGQcIvBKTbPrOe2A","https:\/\/twitter.com\/omuuzem"],"logo":{"@type":"ImageObject","@id":"https:\/\/uzem.omu.edu.tr\/#logo","inLanguage":"en-US","url":"https:\/\/uzem.omu.edu.tr\/wp-content\/uploads\/ulogo-1.png","contentUrl":"https:\/\/uzem.omu.edu.tr\/wp-content\/uploads\/ulogo-1.png","width":364,"height":39,"caption":"UZEM"},"image":{"@id":"https:\/\/uzem.omu.edu.tr\/#logo"}},{"@type":"WebSite","@id":"https:\/\/uzem.omu.edu.tr\/#website","url":"https:\/\/uzem.omu.edu.tr\/","name":"OM\u00dc Uzaktan E\u011fitim Merkezi","description":"&quot;F\u0131rsatlar Sunar&quot;","publisher":{"@id":"https:\/\/uzem.omu.edu.tr\/#organization"},"potentialAction":[{"@type":"SearchAction","target":{"@type":"EntryPoint","urlTemplate":"https:\/\/uzem.omu.edu.tr\/?s={search_term_string}"},"query-input":"required name=search_term_string"}],"inLanguage":"en-US"},{"@type":"WebPage","@id":"https:\/\/uzem.omu.edu.tr\/cocuk-gelisimi-ders-icerikleri\/#webpage","url":"https:\/\/uzem.omu.edu.tr\/cocuk-gelisimi-ders-icerikleri\/","name":"\u00c7ocuk Geli\u015fimi | Ders \u0130\u00e7erikleri - OM\u00dc Uzaktan E\u011fitim Merkezi","isPartOf":{"@id":"https:\/\/uzem.omu.edu.tr\/#website"},"datePublished":"2015-05-08T12:52:07+00:00","dateModified":"2026-04-09T06:47:39+00:00","breadcrumb":{"@id":"https:\/\/uzem.omu.edu.tr\/cocuk-gelisimi-ders-icerikleri\/#breadcrumb"},"inLanguage":"en-US","potentialAction":[{"@type":"ReadAction","target":["https:\/\/uzem.omu.edu.tr\/cocuk-gelisimi-ders-icerikleri\/"]}]},{"@type":"BreadcrumbList","@id":"https:\/\/uzem.omu.edu.tr\/cocuk-gelisimi-ders-icerikleri\/#breadcrumb","itemListElement":[{"@type":"ListItem","position":1,"name":"Home","item":"https:\/\/uzem.omu.edu.tr\/"},{"@type":"ListItem","position":2,"name":"\u00c7ocuk Geli\u015fimi | Ders \u0130\u00e7erikleri"}]}]}},"_links":{"self":[{"href":"https:\/\/uzem.omu.edu.tr\/en\/wp-json\/wp\/v2\/pages\/1381"}],"collection":[{"href":"https:\/\/uzem.omu.edu.tr\/en\/wp-json\/wp\/v2\/pages"}],"about":[{"href":"https:\/\/uzem.omu.edu.tr\/en\/wp-json\/wp\/v2\/types\/page"}],"author":[{"embeddable":true,"href":"https:\/\/uzem.omu.edu.tr\/en\/wp-json\/wp\/v2\/users\/5"}],"replies":[{"embeddable":true,"href":"https:\/\/uzem.omu.edu.tr\/en\/wp-json\/wp\/v2\/comments?post=1381"}],"version-history":[{"count":22,"href":"https:\/\/uzem.omu.edu.tr\/en\/wp-json\/wp\/v2\/pages\/1381\/revisions"}],"predecessor-version":[{"id":27485,"href":"https:\/\/uzem.omu.edu.tr\/en\/wp-json\/wp\/v2\/pages\/1381\/revisions\/27485"}],"wp:attachment":[{"href":"https:\/\/uzem.omu.edu.tr\/en\/wp-json\/wp\/v2\/media?parent=1381"}],"curies":[{"name":"wp","href":"https:\/\/api.w.org\/{rel}","templated":true}]}}