{"id":1371,"date":"2015-05-08T12:48:32","date_gmt":"2015-05-08T12:48:32","guid":{"rendered":"https:\/\/uzem.omu.edu.tr\/?page_id=1371"},"modified":"2026-04-09T13:16:54","modified_gmt":"2026-04-09T10:16:54","slug":"medya-ve-iletisim-ders-icerikleri","status":"publish","type":"page","link":"https:\/\/uzem.omu.edu.tr\/en\/medya-ve-iletisim-ders-icerikleri\/","title":{"rendered":"Medya ve \u0130leti\u015fim | Ders \u0130\u00e7erikleri"},"content":{"rendered":"<p>[vc_row css=&#8221;.vc_custom_1427462343642{margin-top: -5px !important;margin-left: 0px !important;padding-left: 0px !important;}&#8221;][vc_column width=&#8221;3\/4&#8243; css=&#8221;.vc_custom_1450178142852{margin-top: 5px !important;margin-right: 0px !important;padding-right: 0px !important;padding-left: 0px !important;}&#8221;][vc_row_inner][vc_column_inner css=&#8221;.vc_custom_1450178156901{margin-bottom: 5px !important;padding-right: 0px !important;padding-left: 0px !important;}&#8221;][vc_widget_sidebar sidebar_id=&#8221;generated_sidebar-medya-ve-iletisim-ust-menu&#8221;][\/vc_column_inner][\/vc_row_inner][vc_column_text el_class=&#8221;menu-basligi&#8221;]<\/p>\n<p><strong>DERS \u0130\u00c7ER\u0130KLER\u0130<\/strong><\/p>\n<p>[\/vc_column_text][vc_column_text el_class=&#8221;menu-basligi&#8221; css=&#8221;.vc_custom_1442386004429{margin-top: 5px !important;}&#8221;]<\/p>\n<p><strong>I. SINIF G\u00dcZ YARIYILI DERSLER\u0130<\/strong><\/p>\n<p>[\/vc_column_text][vc_column_text el_class=&#8221;ders-tablosu&#8221;]<\/p>\n<table width=\"667\">\n<tbody>\n<tr>\n<td width=\"63\"><strong>Kodu<\/strong><\/td>\n<td width=\"256\"><strong>Ders Ad\u0131<\/strong><\/td>\n<td width=\"46\"><strong>D+U+L<\/strong><\/td>\n<td width=\"55\"><strong>Z\/S<\/strong><\/td>\n<td width=\"247\"><strong>\u00d6\u011fretim \u00dcyesi<\/strong><\/td>\n<\/tr>\n<tr>\n<td>TD\u0130101<\/td>\n<td>T\u00fcrk Dili\u00a0-I<\/td>\n<td>2+0+2<\/td>\n<td>Zorunlu<\/td>\n<td width=\"247\">\u00d6\u011fr. G\u00f6r. Efsun Kevser KAYA<\/td>\n<\/tr>\n<tr>\n<td>AT\u0130101<\/td>\n<td>Atat\u00fcrk \u0130lk. ve \u0130nk\u0131lap Tarihi -I<\/td>\n<td>2+0+2<\/td>\n<td>Zorunlu<\/td>\n<td width=\"247\">\u00d6\u011fr. G\u00f6r. Dr. Ercan YAL\u00c7IN<\/td>\n<\/tr>\n<tr>\n<td>YD\u0130101<\/td>\n<td>\u0130ngilizce\u00a0-I<\/td>\n<td>2+0+2<\/td>\n<td>Zorunlu<\/td>\n<td>\u00d6\u011fr. G\u00f6r. Havvanur YE\u015e\u0130LDA\u011e<\/td>\n<\/tr>\n<tr>\n<td>M\u0130P101<\/td>\n<td>\u0130leti\u015fime Giri\u015f<\/td>\n<td>2+0+2<\/td>\n<td>Zorunlu<\/td>\n<td>Do\u00e7. Dr. Esma G\u00d6KMEN<\/td>\n<\/tr>\n<tr>\n<td>M\u0130P103<\/td>\n<td>Temel Gazetecilik<\/td>\n<td>3+0+3<\/td>\n<td>Zorunlu<\/td>\n<td>Do\u00e7. Dr. Esma G\u00d6KMEN<\/td>\n<\/tr>\n<tr>\n<td>M\u0130P105<\/td>\n<td>Sosyoloji<\/td>\n<td>2+0+2<\/td>\n<td>Zorunlu<\/td>\n<td>\u00d6\u011fr. G\u00f6r. Dr. \u015eadiye Nur G\u00dcLE\u00c7<\/td>\n<\/tr>\n<tr>\n<td>M\u0130P107<\/td>\n<td>Medya Tarihi<\/td>\n<td>2+0+2<\/td>\n<td>Zorunlu<\/td>\n<td>\u00d6\u011fr. G\u00f6r. Dr. \u015eadiye Nur G\u00dcLE\u00c7<\/td>\n<\/tr>\n<tr>\n<td>M\u0130P111<\/td>\n<td>Bilgi\u00a0ve \u0130leti\u015fim Teknolojileri<\/td>\n<td>2+0+2<\/td>\n<td>Zorunlu<\/td>\n<td>\u00d6\u011fr. G\u00f6r. Dr. Muhammed KARA<\/td>\n<\/tr>\n<tr>\n<td>M\u0130P113<\/td>\n<td>\u0130nsan Kaynaklar\u0131 Y\u00f6netimi<\/td>\n<td>2+0+2<\/td>\n<td>Zorunlu<\/td>\n<td>\u00d6\u011fr. G\u00f6r.\u00a0\u015eerif ARSLAN<\/td>\n<\/tr>\n<\/tbody>\n<\/table>\n<p>[\/vc_column_text][vc_column_text el_class=&#8221;menu-basligi&#8221; css=&#8221;.vc_custom_1442386652186{margin-top: 5px !important;}&#8221;]<\/p>\n<p><strong>I. SINIF BAHAR\u00a0YARIYILI DERSLER\u0130<\/strong><\/p>\n<p>[\/vc_column_text][vc_column_text el_class=&#8221;ders-tablosu&#8221;]<\/p>\n<table width=\"667\">\n<tbody>\n<tr>\n<td width=\"63\"><strong>Kodu<\/strong><\/td>\n<td width=\"256\"><strong>Ders Ad\u0131<\/strong><\/td>\n<td width=\"46\"><strong>D+U+L<\/strong><\/td>\n<td width=\"55\"><strong>Z\/S<\/strong><\/td>\n<td width=\"247\"><strong>\u00d6\u011fretim \u00dcyesi<\/strong><\/td>\n<\/tr>\n<tr>\n<td>TD\u0130102<\/td>\n<td>T\u00fcrk Dili -2<\/td>\n<td>2+0+2<\/td>\n<td>Zorunlu<\/td>\n<td width=\"247\">\u00d6\u011fr. G\u00f6r. Efsun Kevser KAYA<\/td>\n<\/tr>\n<tr>\n<td>AT\u0130102<\/td>\n<td>Atat\u00fcrk \u0130lk. ve\u00a0\u0130nk. Tarihi\u00a0-2<\/td>\n<td>2+0+2<\/td>\n<td>Zorunlu<\/td>\n<td width=\"247\">\u00d6\u011fr. G\u00f6r. Dr. Ercan YAL\u00c7IN<\/td>\n<\/tr>\n<tr>\n<td>YD\u0130102<\/td>\n<td>\u0130ngilizce\u00a0-2<\/td>\n<td>2+0+2<\/td>\n<td>Zorunlu<\/td>\n<td>\u00d6\u011fr. G\u00f6r. Havvanur YE\u015e\u0130LDA\u011e<\/td>\n<\/tr>\n<tr>\n<td>M\u0130P102<\/td>\n<td>Haber Toplama\u00a0ve Yazma Tek.<\/td>\n<td>3+0+3<\/td>\n<td>Zorunlu<\/td>\n<td>Do\u00e7. Dr. Esma G\u00d6KMEN<\/td>\n<\/tr>\n<tr>\n<td>M\u0130P104<\/td>\n<td>Temel Foto\u011fraf\u00e7\u0131l\u0131k<\/td>\n<td>2+0+2<\/td>\n<td>Zorunlu<\/td>\n<td>Do\u00e7. Dr. Esma G\u00d6KMEN<\/td>\n<\/tr>\n<tr>\n<td>M\u0130P106<\/td>\n<td>\u0130leti\u015fim\u00a0Hukuku<\/td>\n<td>2+0+2<\/td>\n<td>Zorunlu<\/td>\n<td>\u00d6\u011fr. G\u00f6r. Cem BA\u015e<\/td>\n<\/tr>\n<tr>\n<td>M\u0130P108<\/td>\n<td>Reklamc\u0131l\u0131\u011fa Giri\u015f<\/td>\n<td>3+0+3<\/td>\n<td>Zorunlu<\/td>\n<td>\u00d6\u011fr. G\u00f6r. \u015eadiye Nur G\u00dcLE\u00c7<\/td>\n<\/tr>\n<tr>\n<td>M\u0130P110<\/td>\n<td>Medya Okur Yazarl\u0131\u011f\u0131<\/td>\n<td>3+0+3<\/td>\n<td>Zorunlu<\/td>\n<td>\u00d6\u011fr. G\u00f6r. \u015eerif ARSLAN<\/td>\n<\/tr>\n<tr>\n<td>M\u0130P114<\/td>\n<td>Kurumsal \u0130maj<\/td>\n<td>2+0+2<\/td>\n<td>Zorunlu<\/td>\n<td>\u00d6\u011fr. G\u00f6r. \u015eadiye Nur G\u00dcLE\u00c7<\/td>\n<\/tr>\n<\/tbody>\n<\/table>\n<p>[\/vc_column_text][vc_column_text el_class=&#8221;menu-basligi&#8221; css=&#8221;.vc_custom_1442388002553{margin-top: 5px !important;}&#8221;]<\/p>\n<p><strong>II. SINIF G\u00dcZ\u00a0YARIYILI DERSLER\u0130<\/strong><\/p>\n<p>[\/vc_column_text][vc_column_text el_class=&#8221;ders-tablosu&#8221;]<\/p>\n<table width=\"667\">\n<tbody>\n<tr>\n<td width=\"63\"><strong>Kodu<\/strong><\/td>\n<td width=\"256\"><strong>Ders Ad\u0131<\/strong><\/td>\n<td width=\"46\"><strong>D+U+L<\/strong><\/td>\n<td width=\"55\"><strong>Z\/S<\/strong><\/td>\n<td width=\"247\"><strong>\u00d6\u011fretim \u00dcyesi<\/strong><\/td>\n<\/tr>\n<tr>\n<td>M\u0130P201<\/td>\n<td>Radyo ve TV Habercili\u011fi<\/td>\n<td>3+0+3<\/td>\n<td>Zorunlu<\/td>\n<td>Do\u00e7. Dr. Esma G\u00d6KMEN<\/td>\n<\/tr>\n<tr>\n<td>M\u0130P203<\/td>\n<td>\u0130nternet Gazetecili\u011fi<\/td>\n<td>3+0+3<\/td>\n<td>Zorunlu<\/td>\n<td width=\"247\">\u00d6\u011fr. G\u00f6r.\u00a0\u015eerif ARSLAN<\/td>\n<\/tr>\n<tr>\n<td>M\u0130P205<\/td>\n<td>Medya ve Etik<\/td>\n<td>2+0+2<\/td>\n<td>Zorunlu<\/td>\n<td>Do\u00e7. Dr. Aybike Tuba \u00d6ZDEN<\/td>\n<\/tr>\n<tr>\n<td>M\u0130P207<\/td>\n<td>Metin Yazarl\u0131\u011f\u0131<\/td>\n<td>3+0+3<\/td>\n<td>Zorunlu<\/td>\n<td>\u00d6\u011fr. G\u00f6r.\u00a0\u015eerif ARSLAN<\/td>\n<\/tr>\n<tr>\n<td>M\u0130P209<\/td>\n<td>Mesleki Yabanc\u0131 Dil -I<\/td>\n<td>2+0+2<\/td>\n<td>Zorunlu<\/td>\n<td>\u00d6\u011fr. G\u00f6r. Havvanur YE\u015e\u0130LDA\u011e<\/td>\n<\/tr>\n<tr>\n<td>M\u0130P211<\/td>\n<td>Etkili Sunum ve R\u00f6portaj Teknikleri<\/td>\n<td>2+0+2<\/td>\n<td>Zorunlu<\/td>\n<td>\u00d6\u011fr. G\u00f6r. Dr. \u015eadiye Nur G\u00dcLE\u00c7<\/td>\n<\/tr>\n<tr>\n<td>M\u0130P217<\/td>\n<td>Pazarlama<\/td>\n<td>2+0+2<\/td>\n<td>Zorunlu<\/td>\n<td>Do\u00e7. Dr. Aybike Tuba \u00d6ZDEN<\/td>\n<\/tr>\n<tr>\n<td>M\u0130P213<\/td>\n<td>Diksiyon ve Beden Dili<\/td>\n<td>2+0+2<\/td>\n<td>Zorunlu<\/td>\n<td>Do\u00e7. Dr. Aybike Tuba \u00d6ZDEN<\/td>\n<\/tr>\n<\/tbody>\n<\/table>\n<p>[\/vc_column_text][vc_column_text el_class=&#8221;menu-basligi&#8221; css=&#8221;.vc_custom_1451052597677{margin-top: 5px !important;}&#8221;]<\/p>\n<p><strong>II. SINIF BAHAR\u00a0YARIYILI DERSLER\u0130<\/strong><\/p>\n<p>[\/vc_column_text][vc_column_text el_class=&#8221;ders-tablosu&#8221;]<\/p>\n<table width=\"667\">\n<tbody>\n<tr>\n<td width=\"63\"><strong>Kodu<\/strong><\/td>\n<td width=\"256\"><strong>Ders Ad\u0131<\/strong><\/td>\n<td width=\"46\"><strong>D+U+L<\/strong><\/td>\n<td width=\"55\"><strong>Z\/S<\/strong><\/td>\n<td width=\"247\"><strong>\u00d6\u011fretim \u00dcyesi<\/strong><\/td>\n<\/tr>\n<tr>\n<td>M\u0130P202<\/td>\n<td>Radyo ve TV&#8217;de Program Yap\u0131m ve Y\u00f6netim<\/td>\n<td>3+0+3<\/td>\n<td>Zorunlu<\/td>\n<td>\u00d6\u011fr. G\u00f6r. Mustafa SOLMAZ<\/td>\n<\/tr>\n<tr>\n<td>M\u0130P204<\/td>\n<td>Halkla \u0130li\u015fkiler ve Reklamc\u0131l\u0131k<\/td>\n<td>3+0+3<\/td>\n<td>Zorunlu<\/td>\n<td width=\"247\">Do\u00e7. Dr. Aybike Tuba \u00d6ZDEN<\/td>\n<\/tr>\n<tr>\n<td>M\u0130P206<\/td>\n<td>Medya Ekonomisi ve \u0130\u015fletmecili\u011fi<\/td>\n<td>2+0+2<\/td>\n<td>Zorunlu<\/td>\n<td>Do\u00e7. Dr. Aybike Tuba \u00d6ZDEN<\/td>\n<\/tr>\n<tr>\n<td>M\u0130P210<\/td>\n<td>Y\u00f6nlendirilmi\u015f \u00c7al\u0131\u015fmalar<\/td>\n<td>2+0+2<\/td>\n<td>Zorunlu<\/td>\n<td>Do\u00e7. Dr. Esma G\u00d6KMEN<\/td>\n<\/tr>\n<tr>\n<td>M\u0130P212<\/td>\n<td>Yeni \u0130leti\u015fim Teknolojileri<\/td>\n<td>2+0+2<\/td>\n<td>Zorunlu<\/td>\n<td>\u00d6\u011fr. G\u00f6r. Dr. \u015eadiye Nur G\u00dcLE\u00c7<\/td>\n<\/tr>\n<tr>\n<td>M\u0130P216<\/td>\n<td>Siyasal \u0130leti\u015fim<\/td>\n<td>2+0+2<\/td>\n<td>Zorunlu<\/td>\n<td>\u00d6\u011fr. G\u00f6r. \u015eerif ARSLAN<\/td>\n<\/tr>\n<tr>\n<td>M\u0130P218<\/td>\n<td>Medya Planlama<\/td>\n<td>2+0+2<\/td>\n<td>Zorunlu<\/td>\n<td>\u00d6\u011fr. G\u00f6r. \u015eerif ARSLAN<\/td>\n<\/tr>\n<\/tbody>\n<\/table>\n<p>[\/vc_column_text][\/vc_column][vc_column width=&#8221;1\/4&#8243; css=&#8221;.vc_custom_1433424740296{margin-top: 20px !important;padding-right: 0px !important;}&#8221;][vc_widget_sidebar sidebar_id=&#8221;generated_sidebar-medya-ve-iletisim&#8221;][\/vc_column][\/vc_row]<\/p>\n","protected":false},"excerpt":{"rendered":"<p>[vc_row css=&#8221;.vc_custom_1427462343642{margin-top: -5px !important;margin-left: 0px !important;padding-left: 0px !important;}&#8221;][vc_column width=&#8221;3\/4&#8243; css=&#8221;.vc_custom_1450178142852{margin-top: 5px !important;margin-right: 0px !important;padding-right: 0px !important;padding-left: 0px !important;}&#8221;][vc_row_inner][vc_column_inner css=&#8221;.vc_custom_1450178156901{margin-bottom: 5px !important;padding-right: 0px !important;padding-left: 0px !important;}&#8221;][vc_widget_sidebar sidebar_id=&#8221;generated_sidebar-medya-ve-iletisim-ust-menu&#8221;][\/vc_column_inner][\/vc_row_inner][vc_column_text el_class=&#8221;menu-basligi&#8221;] DERS \u0130\u00c7ER\u0130KLER\u0130 [\/vc_column_text][vc_column_text el_class=&#8221;menu-basligi&#8221; css=&#8221;.vc_custom_1442386004429{margin-top: 5px !important;}&#8221;] I. SINIF G\u00dcZ YARIYILI DERSLER\u0130 [\/vc_column_text][vc_column_text el_class=&#8221;ders-tablosu&#8221;] Kodu Ders Ad\u0131 D+U+L Z\/S \u00d6\u011fretim \u00dcyesi TD\u0130101 T\u00fcrk Dili\u00a0-I 2+0+2 Zorunlu \u00d6\u011fr. G\u00f6r. Efsun Kevser KAYA AT\u0130101 Atat\u00fcrk \u0130lk. ve \u0130nk\u0131lap Tarihi -I 2+0+2 Zorunlu \u00d6\u011fr. G\u00f6r. Dr. Ercan YAL\u00c7IN YD\u0130101 \u0130ngilizce\u00a0-I 2+0+2 Zorunlu \u00d6\u011fr. G\u00f6r. Havvanur YE\u015e\u0130LDA\u011e M\u0130P101 \u0130leti\u015fime Giri\u015f 2+0+2 Zorunlu Do\u00e7. Dr. Esma G\u00d6KMEN M\u0130P103 Temel Gazetecilik 3+0+3 Zorunlu Do\u00e7. Dr. Esma G\u00d6KMEN M\u0130P105 Sosyoloji 2+0+2 Zorunlu \u00d6\u011fr. G\u00f6r. Dr. \u015eadiye Nur G\u00dcLE\u00c7 M\u0130P107 Medya Tarihi 2+0+2 Zorunlu \u00d6\u011fr. G\u00f6r. Dr. \u015eadiye Nur G\u00dcLE\u00c7 M\u0130P111 Bilgi\u00a0ve \u0130leti\u015fim Teknolojileri 2+0+2 Zorunlu \u00d6\u011fr. G\u00f6r. Dr. Muhammed KARA M\u0130P113 \u0130nsan Kaynaklar\u0131 Y\u00f6netimi 2+0+2 Zorunlu \u00d6\u011fr. G\u00f6r.\u00a0\u015eerif ARSLAN [\/vc_column_text][vc_column_text el_class=&#8221;menu-basligi&#8221; css=&#8221;.vc_custom_1442386652186{margin-top: 5px !important;}&#8221;] I. SINIF BAHAR\u00a0YARIYILI DERSLER\u0130 [\/vc_column_text][vc_column_text el_class=&#8221;ders-tablosu&#8221;] Kodu Ders Ad\u0131 D+U+L Z\/S \u00d6\u011fretim \u00dcyesi TD\u0130102 T\u00fcrk Dili -2 2+0+2 Zorunlu \u00d6\u011fr. G\u00f6r. Efsun Kevser KAYA AT\u0130102 Atat\u00fcrk \u0130lk. ve\u00a0\u0130nk. Tarihi\u00a0-2 2+0+2 Zorunlu \u00d6\u011fr. G\u00f6r. Dr. Ercan YAL\u00c7IN YD\u0130102 \u0130ngilizce\u00a0-2 2+0+2 Zorunlu \u00d6\u011fr. G\u00f6r. Havvanur YE\u015e\u0130LDA\u011e M\u0130P102 Haber Toplama\u00a0ve Yazma Tek. 3+0+3 Zorunlu Do\u00e7. Dr. Esma G\u00d6KMEN M\u0130P104 Temel Foto\u011fraf\u00e7\u0131l\u0131k 2+0+2 Zorunlu Do\u00e7. Dr. Esma G\u00d6KMEN M\u0130P106 \u0130leti\u015fim\u00a0Hukuku 2+0+2 Zorunlu \u00d6\u011fr. G\u00f6r. Cem BA\u015e M\u0130P108 Reklamc\u0131l\u0131\u011fa Giri\u015f 3+0+3 Zorunlu \u00d6\u011fr. G\u00f6r. \u015eadiye Nur G\u00dcLE\u00c7 M\u0130P110 Medya Okur Yazarl\u0131\u011f\u0131 3+0+3 Zorunlu \u00d6\u011fr. G\u00f6r. \u015eerif ARSLAN M\u0130P114 Kurumsal \u0130maj 2+0+2 Zorunlu \u00d6\u011fr. G\u00f6r. \u015eadiye Nur G\u00dcLE\u00c7 [\/vc_column_text][vc_column_text el_class=&#8221;menu-basligi&#8221; css=&#8221;.vc_custom_1442388002553{margin-top: 5px [&hellip;]<\/p>\n","protected":false},"author":5,"featured_media":0,"parent":0,"menu_order":0,"comment_status":"closed","ping_status":"closed","template":"","meta":[],"translation":{"provider":"WPGlobus","version":"2.12.2","language":"en","enabled_languages":["tr","en"],"languages":{"tr":{"title":true,"content":true,"excerpt":false},"en":{"title":false,"content":false,"excerpt":false}}},"yoast_head":"<!-- This site is optimized with the Yoast SEO plugin v17.4 - https:\/\/yoast.com\/wordpress\/plugins\/seo\/ -->\n<meta name=\"robots\" content=\"index, follow, max-snippet:-1, max-image-preview:large, max-video-preview:-1\" \/>\n<link rel=\"canonical\" href=\"https:\/\/uzem.omu.edu.tr\/medya-ve-iletisim-ders-icerikleri\/\" \/>\n<meta property=\"og:locale\" content=\"en_US\" \/>\n<meta property=\"og:type\" content=\"article\" \/>\n<meta property=\"og:title\" content=\"Medya ve \u0130leti\u015fim | Ders \u0130\u00e7erikleri - OM\u00dc Uzaktan E\u011fitim Merkezi\" \/>\n<meta property=\"og:url\" content=\"https:\/\/uzem.omu.edu.tr\/medya-ve-iletisim-ders-icerikleri\/\" \/>\n<meta property=\"og:site_name\" content=\"OM\u00dc Uzaktan E\u011fitim Merkezi\" \/>\n<meta property=\"article:publisher\" content=\"https:\/\/www.facebook.com\/omu.uzem\" \/>\n<meta property=\"article:modified_time\" content=\"2026-04-09T10:16:54+00:00\" \/>\n<meta name=\"twitter:card\" content=\"summary_large_image\" \/>\n<meta name=\"twitter:site\" content=\"@omuuzem\" \/>\n<meta name=\"twitter:label1\" content=\"Est. reading time\" \/>\n\t<meta name=\"twitter:data1\" content=\"3 minutes\" \/>\n<script type=\"application\/ld+json\" class=\"yoast-schema-graph\">{\"@context\":\"https:\/\/schema.org\",\"@graph\":[{\"@type\":\"Organization\",\"@id\":\"https:\/\/uzem.omu.edu.tr\/#organization\",\"name\":\"UZEM\",\"url\":\"https:\/\/uzem.omu.edu.tr\/\",\"sameAs\":[\"https:\/\/www.facebook.com\/omu.uzem\",\"https:\/\/www.instagram.com\/omu.uzem\/\",\"https:\/\/www.youtube.com\/channel\/UCQ6c_wjaGQcIvBKTbPrOe2A\",\"https:\/\/twitter.com\/omuuzem\"],\"logo\":{\"@type\":\"ImageObject\",\"@id\":\"https:\/\/uzem.omu.edu.tr\/#logo\",\"inLanguage\":\"en-US\",\"url\":\"https:\/\/uzem.omu.edu.tr\/wp-content\/uploads\/ulogo-1.png\",\"contentUrl\":\"https:\/\/uzem.omu.edu.tr\/wp-content\/uploads\/ulogo-1.png\",\"width\":364,\"height\":39,\"caption\":\"UZEM\"},\"image\":{\"@id\":\"https:\/\/uzem.omu.edu.tr\/#logo\"}},{\"@type\":\"WebSite\",\"@id\":\"https:\/\/uzem.omu.edu.tr\/#website\",\"url\":\"https:\/\/uzem.omu.edu.tr\/\",\"name\":\"OM\\u00dc Uzaktan E\\u011fitim Merkezi\",\"description\":\"&quot;F\\u0131rsatlar Sunar&quot;\",\"publisher\":{\"@id\":\"https:\/\/uzem.omu.edu.tr\/#organization\"},\"potentialAction\":[{\"@type\":\"SearchAction\",\"target\":{\"@type\":\"EntryPoint\",\"urlTemplate\":\"https:\/\/uzem.omu.edu.tr\/?s={search_term_string}\"},\"query-input\":\"required name=search_term_string\"}],\"inLanguage\":\"en-US\"},{\"@type\":\"WebPage\",\"@id\":\"https:\/\/uzem.omu.edu.tr\/medya-ve-iletisim-ders-icerikleri\/#webpage\",\"url\":\"https:\/\/uzem.omu.edu.tr\/medya-ve-iletisim-ders-icerikleri\/\",\"name\":\"Medya ve \\u0130leti\\u015fim | Ders \\u0130\\u00e7erikleri - OM\\u00dc Uzaktan E\\u011fitim Merkezi\",\"isPartOf\":{\"@id\":\"https:\/\/uzem.omu.edu.tr\/#website\"},\"datePublished\":\"2015-05-08T12:48:32+00:00\",\"dateModified\":\"2026-04-09T10:16:54+00:00\",\"breadcrumb\":{\"@id\":\"https:\/\/uzem.omu.edu.tr\/medya-ve-iletisim-ders-icerikleri\/#breadcrumb\"},\"inLanguage\":\"en-US\",\"potentialAction\":[{\"@type\":\"ReadAction\",\"target\":[\"https:\/\/uzem.omu.edu.tr\/medya-ve-iletisim-ders-icerikleri\/\"]}]},{\"@type\":\"BreadcrumbList\",\"@id\":\"https:\/\/uzem.omu.edu.tr\/medya-ve-iletisim-ders-icerikleri\/#breadcrumb\",\"itemListElement\":[{\"@type\":\"ListItem\",\"position\":1,\"name\":\"Home\",\"item\":\"https:\/\/uzem.omu.edu.tr\/\"},{\"@type\":\"ListItem\",\"position\":2,\"name\":\"Medya ve \\u0130leti\\u015fim | Ders \\u0130\\u00e7erikleri\"}]}]}<\/script>\n<!-- \/ Yoast SEO plugin. -->","yoast_head_json":{"robots":{"index":"index","follow":"follow","max-snippet":"max-snippet:-1","max-image-preview":"max-image-preview:large","max-video-preview":"max-video-preview:-1"},"canonical":"https:\/\/uzem.omu.edu.tr\/medya-ve-iletisim-ders-icerikleri\/","og_locale":"en_US","og_type":"article","og_title":"Medya ve \u0130leti\u015fim | Ders \u0130\u00e7erikleri - OM\u00dc Uzaktan E\u011fitim Merkezi","og_url":"https:\/\/uzem.omu.edu.tr\/medya-ve-iletisim-ders-icerikleri\/","og_site_name":"OM\u00dc Uzaktan E\u011fitim Merkezi","article_publisher":"https:\/\/www.facebook.com\/omu.uzem","article_modified_time":"2026-04-09T10:16:54+00:00","twitter_card":"summary_large_image","twitter_site":"@omuuzem","twitter_misc":{"Est. reading time":"3 minutes"},"schema":{"@context":"https:\/\/schema.org","@graph":[{"@type":"Organization","@id":"https:\/\/uzem.omu.edu.tr\/#organization","name":"UZEM","url":"https:\/\/uzem.omu.edu.tr\/","sameAs":["https:\/\/www.facebook.com\/omu.uzem","https:\/\/www.instagram.com\/omu.uzem\/","https:\/\/www.youtube.com\/channel\/UCQ6c_wjaGQcIvBKTbPrOe2A","https:\/\/twitter.com\/omuuzem"],"logo":{"@type":"ImageObject","@id":"https:\/\/uzem.omu.edu.tr\/#logo","inLanguage":"en-US","url":"https:\/\/uzem.omu.edu.tr\/wp-content\/uploads\/ulogo-1.png","contentUrl":"https:\/\/uzem.omu.edu.tr\/wp-content\/uploads\/ulogo-1.png","width":364,"height":39,"caption":"UZEM"},"image":{"@id":"https:\/\/uzem.omu.edu.tr\/#logo"}},{"@type":"WebSite","@id":"https:\/\/uzem.omu.edu.tr\/#website","url":"https:\/\/uzem.omu.edu.tr\/","name":"OM\u00dc Uzaktan E\u011fitim Merkezi","description":"&quot;F\u0131rsatlar Sunar&quot;","publisher":{"@id":"https:\/\/uzem.omu.edu.tr\/#organization"},"potentialAction":[{"@type":"SearchAction","target":{"@type":"EntryPoint","urlTemplate":"https:\/\/uzem.omu.edu.tr\/?s={search_term_string}"},"query-input":"required name=search_term_string"}],"inLanguage":"en-US"},{"@type":"WebPage","@id":"https:\/\/uzem.omu.edu.tr\/medya-ve-iletisim-ders-icerikleri\/#webpage","url":"https:\/\/uzem.omu.edu.tr\/medya-ve-iletisim-ders-icerikleri\/","name":"Medya ve \u0130leti\u015fim | Ders \u0130\u00e7erikleri - OM\u00dc Uzaktan E\u011fitim Merkezi","isPartOf":{"@id":"https:\/\/uzem.omu.edu.tr\/#website"},"datePublished":"2015-05-08T12:48:32+00:00","dateModified":"2026-04-09T10:16:54+00:00","breadcrumb":{"@id":"https:\/\/uzem.omu.edu.tr\/medya-ve-iletisim-ders-icerikleri\/#breadcrumb"},"inLanguage":"en-US","potentialAction":[{"@type":"ReadAction","target":["https:\/\/uzem.omu.edu.tr\/medya-ve-iletisim-ders-icerikleri\/"]}]},{"@type":"BreadcrumbList","@id":"https:\/\/uzem.omu.edu.tr\/medya-ve-iletisim-ders-icerikleri\/#breadcrumb","itemListElement":[{"@type":"ListItem","position":1,"name":"Home","item":"https:\/\/uzem.omu.edu.tr\/"},{"@type":"ListItem","position":2,"name":"Medya ve \u0130leti\u015fim | Ders \u0130\u00e7erikleri"}]}]}},"_links":{"self":[{"href":"https:\/\/uzem.omu.edu.tr\/en\/wp-json\/wp\/v2\/pages\/1371"}],"collection":[{"href":"https:\/\/uzem.omu.edu.tr\/en\/wp-json\/wp\/v2\/pages"}],"about":[{"href":"https:\/\/uzem.omu.edu.tr\/en\/wp-json\/wp\/v2\/types\/page"}],"author":[{"embeddable":true,"href":"https:\/\/uzem.omu.edu.tr\/en\/wp-json\/wp\/v2\/users\/5"}],"replies":[{"embeddable":true,"href":"https:\/\/uzem.omu.edu.tr\/en\/wp-json\/wp\/v2\/comments?post=1371"}],"version-history":[{"count":17,"href":"https:\/\/uzem.omu.edu.tr\/en\/wp-json\/wp\/v2\/pages\/1371\/revisions"}],"predecessor-version":[{"id":27490,"href":"https:\/\/uzem.omu.edu.tr\/en\/wp-json\/wp\/v2\/pages\/1371\/revisions\/27490"}],"wp:attachment":[{"href":"https:\/\/uzem.omu.edu.tr\/en\/wp-json\/wp\/v2\/media?parent=1371"}],"curies":[{"name":"wp","href":"https:\/\/api.w.org\/{rel}","templated":true}]}}