{"id":13676,"date":"2016-08-26T10:10:08","date_gmt":"2016-08-26T07:10:08","guid":{"rendered":"https:\/\/uzem.omu.edu.tr\/?page_id=13676"},"modified":"2018-08-14T16:19:00","modified_gmt":"2018-08-14T13:19:00","slug":"ilk-kez-kayit-yaptirma-ve-kayit-yenileme-rehberi","status":"publish","type":"page","link":"https:\/\/uzem.omu.edu.tr\/en\/ilk-kez-kayit-yaptirma-ve-kayit-yenileme-rehberi\/","title":{"rendered":"\u0130lk Kez Kay\u0131t Yapt\u0131rma ve Kay\u0131t Yenileme Rehberi"},"content":{"rendered":"<p>[vc_row][vc_column css=&#8221;.vc_custom_1472124786640{margin-right: 0px !important;margin-left: 0px !important;padding-right: 0px !important;padding-left: 0px !important;}&#8221;][vc_column_text css=&#8221;.vc_custom_1472195299976{margin-bottom: 0px !important;padding-top: 5px !important;padding-right: 10px !important;padding-bottom: 5px !important;padding-left: 10px !important;background-color: #4cadc9 !important;}&#8221;]<\/p>\n<p><span style=\"color: #ffffff;\">De\u011ferli \u00f6\u011frencilerimiz ilk defa kay\u0131t olma ve kay\u0131t yenileme i\u015flemlerinde sizlere yard\u0131mc\u0131 olmas\u0131 amac\u0131yla bu rehberi haz\u0131rlad\u0131k. \u00d6\u011frencisi oldu\u011funuz e\u011fitim program\u0131n\u0131n t\u00fcr\u00fcne g\u00f6re (\u00f6nlisans, lisans tamamlama veya y\u00fcksek lisans) a\u015fa\u011f\u0131daki sekmelerden birisini t\u0131klay\u0131n\u0131z.<\/span><\/p>\n<p>[\/vc_column_text][vc_accordion active_tab=&#8221;false&#8221; collapsible=&#8221;yes&#8221;][vc_accordion_tab title=&#8221;\u00d6NL\u0130SANS PROGRAMLARI \u0130\u00c7\u0130N&#8221;][vc_row_inner css=&#8221;.vc_custom_1472130368881{margin-right: 0px !important;margin-left: 0px !important;padding-right: 0px !important;padding-left: 0px !important;}&#8221;][vc_column_inner width=&#8221;1\/2&#8243; css=&#8221;.vc_custom_1472132081218{padding-right: 1px !important;padding-left: 1px !important;}&#8221;][vc_column_text el_class=&#8221;menu-basligi&#8221;]<\/p>\n<p>\u0130lk Kez Kay\u0131t Yapt\u0131racaklar<\/p>\n<p>[\/vc_column_text][vc_column_text]<\/p>\n<ol>\n<li><a href=\"https:\/\/www.turkiye.gov.tr\/\" target=\"_blank\" rel=\"noopener\">E-Devlet sistemi<\/a>\u00a0<i class=\"fa fa-external-link \" ><\/i> \u00fczerinden kay\u0131t olun. E\u011fer e-devlet sistemi \u00fczerinden kay\u0131t olam\u0131yorsan\u0131z ba\u015fvurunuzu \u015fahsen veya vekalatname ile yap\u0131n.<\/li>\n<li><a href=\"https:\/\/ubs.omu.edu.tr\/\" target=\"_blank\" rel=\"noopener\">\u00d6\u011frenci Otomasyonu<\/a>\u00a0<i class=\"fa fa-external-link \" ><\/i> veya kay\u0131t oldu\u011funuz MYO&#8217;nun \u00f6\u011frenci i\u015flerinden \u00f6\u011frenci numaran\u0131z\u0131 \u00f6\u011frenin.<\/li>\n<li><a href=\"http:\/\/oidb.omu.edu.tr\/files\/files\/UZEM%20%20Akademik%20Takvim.pdf\" target=\"_blank\" rel=\"noopener\">Akademik Takvim<\/a>&#8216;de <i class=\"fa fa-external-link \" ><\/i> belirtilen tarihler aral\u0131\u011f\u0131nda <span class=\"vurgu\">Halkbank<\/span>\u00a0\u015fubelerine \u00f6\u011frenci numaran\u0131zla beraber \u00f6demenizi yap\u0131n.<\/li>\n<li>Akademik Takvim&#8217;de belirtilen tarih aral\u0131\u011f\u0131nda <a href=\"https:\/\/ubs.omu.edu.tr\/\" target=\"_blank\" rel=\"noopener\">\u00d6\u011frenci Otomasyonu<\/a>\u00a0(UBS)\u00a0<i class=\"fa fa-external-link \" ><\/i> \u00fczerinden ders kayd\u0131n\u0131z\u0131 yap\u0131n. UBS sistemine giri\u015f yaparken \u00f6\u011frenci numaran\u0131z\u0131n ba\u015f\u0131na <span class=\"vurgu\">k\u00fc\u00e7\u00fck o harfi<\/span> koymay\u0131 unutmay\u0131n.<\/li>\n<li>Akademik Takvim&#8217;de belirtilen ders ba\u015flang\u0131\u00e7 tarihlerinde <a href=\"http:\/\/portal.uzem.omu.edu.tr\/\" target=\"_blank\" rel=\"noopener\">E\u011fitim Portal\u0131<\/a>&#8216;ndan\u00a0<i class=\"fa fa-external-link \" ><\/i> dersleri takip etmeye ba\u015flay\u0131n.<\/li>\n<\/ol>\n<p>[\/vc_column_text][\/vc_column_inner][vc_column_inner width=&#8221;1\/2&#8243; css=&#8221;.vc_custom_1472132092488{padding-right: 1px !important;padding-left: 1px !important;}&#8221;][vc_column_text el_class=&#8221;menu-basligi&#8221;]<\/p>\n<p>Kay\u0131t Yenileyecekler<\/p>\n<p>[\/vc_column_text][vc_column_text]<\/p>\n<ol>\n<li><a href=\"http:\/\/oidb.omu.edu.tr\/files\/files\/UZEM%20%20Akademik%20Takvim.pdf\" target=\"_blank\" rel=\"noopener\">Akademik Takvim<\/a>&#8216;de <i class=\"fa fa-external-link \" ><\/i> belirtilen tarihler aral\u0131\u011f\u0131nda <span class=\"vurgu\">Halkbank<\/span>\u00a0\u015fubelerine \u00f6\u011frenci numaran\u0131zla beraber \u00f6demenizi yap\u0131n.<\/li>\n<li>Akademik Takvim&#8217;de belirtilen tarih aral\u0131\u011f\u0131nda <a href=\"https:\/\/ubs.omu.edu.tr\/\" target=\"_blank\" rel=\"noopener\">\u00d6\u011frenci Otomasyonu<\/a>\u00a0(UBS)\u00a0<i class=\"fa fa-external-link \" ><\/i> \u00fczerinden ders kayd\u0131n\u0131z\u0131 yap\u0131n. UBS sistemine giri\u015f yaparken \u00f6\u011frenci numaran\u0131z\u0131n ba\u015f\u0131na <span class=\"vurgu\">k\u00fc\u00e7\u00fck o harfi<\/span> koymay\u0131 unutmay\u0131n.<\/li>\n<li>Akademik Takvim&#8217;de belirtilen ders ba\u015flang\u0131\u00e7 tarihlerinde <a href=\"http:\/\/portal.uzem.omu.edu.tr\/\" target=\"_blank\" rel=\"noopener\">E\u011fitim Portal\u0131<\/a>&#8216;ndan\u00a0<i class=\"fa fa-external-link \" ><\/i> dersleri takip etmeye ba\u015flay\u0131n.<\/li>\n<\/ol>\n<p>[\/vc_column_text][\/vc_column_inner][\/vc_row_inner][\/vc_accordion_tab][vc_accordion_tab title=&#8221;L\u0130SANS TAMAMLAMA PROGRAMLARI \u0130\u00c7\u0130N&#8221;][vc_row_inner css=&#8221;.vc_custom_1472130368881{margin-right: 0px !important;margin-left: 0px !important;padding-right: 0px !important;padding-left: 0px !important;}&#8221;][vc_column_inner width=&#8221;1\/2&#8243; css=&#8221;.vc_custom_1472132081218{padding-right: 1px !important;padding-left: 1px !important;}&#8221;][vc_column_text el_class=&#8221;menu-basligi&#8221;]<\/p>\n<p>\u0130lk Kez Kay\u0131t Yapt\u0131racaklar<\/p>\n<p>[\/vc_column_text][vc_message message_box_style=&#8221;solid&#8221; style=&#8221;square&#8221; message_box_color=&#8221;warning&#8221; icon_fontawesome=&#8221;fa fa-bookmark-o&#8221;]<\/p>\n<p>\u0130L\u0130TAM\u00a0program\u0131na kay\u0131t olabilmeniz i\u00e7in ilahiyat \u00f6nlisans mezunu olman\u0131z gerekmektedir.<\/p>\n<p>[\/vc_message][vc_column_text]<\/p>\n<ol>\n<li>DGS S\u0131nav\u0131na girip puan\u0131n\u0131z\u0131 al\u0131n.<\/li>\n<li>\u00d6SYM&#8217;nin belirlemi\u015f oldu\u011fu tarihler aral\u0131\u011f\u0131nda <a href=\"http:\/\/ilahiyat.omu.edu.tr\/yonetim\/idari-personel\" target=\"_blank\" rel=\"noopener\">\u0130lahiyat Fak\u00fcltesi \u00f6\u011frenci i\u015fleri<\/a>ne <i class=\"fa fa-external-link \" ><\/i>\u00a0ba\u015fvurunuzu yap\u0131n.<\/li>\n<li><a href=\"https:\/\/www.turkiye.gov.tr\/\" target=\"_blank\" rel=\"noopener\">E-Devlet sistemi<\/a>\u00a0<i class=\"fa fa-external-link \" ><\/i> \u00fczerinden kay\u0131t olun. E\u011fer e-devlet sistemi \u00fczerinden kay\u0131t olam\u0131yorsan\u0131z ba\u015fvurunuzu \u015fahsen veya vekalatname ile yap\u0131n.<\/li>\n<li><a href=\"https:\/\/ubs.omu.edu.tr\/\" target=\"_blank\" rel=\"noopener\">\u00d6\u011frenci Otomasyonu<\/a>\u00a0<i class=\"fa fa-external-link \" ><\/i> veya \u0130lahiyat Fak\u00fcltesi \u00f6\u011frenci i\u015flerinden \u00f6\u011frenci numaran\u0131z\u0131 \u00f6\u011frenin.<\/li>\n<li><a href=\"http:\/\/oidb.omu.edu.tr\/files\/files\/UZEM%20%20Akademik%20Takvim.pdf\" target=\"_blank\" rel=\"noopener\">Akademik Takvim<\/a>&#8216;de <i class=\"fa fa-external-link \" ><\/i> belirtilen tarihler aral\u0131\u011f\u0131nda <span class=\"vurgu\">Halkbank<\/span>\u00a0\u015fubelerine \u00f6\u011frenci numaran\u0131zla beraber \u00f6demenizi yap\u0131n.<\/li>\n<li>Akademik Takvim&#8217;de belirtilen tarih aral\u0131\u011f\u0131nda <a href=\"https:\/\/ubs.omu.edu.tr\/\" target=\"_blank\" rel=\"noopener\">\u00d6\u011frenci Otomasyonu<\/a>\u00a0(UBS)\u00a0<i class=\"fa fa-external-link \" ><\/i> \u00fczerinden ders kayd\u0131n\u0131z\u0131 yap\u0131n. UBS sistemine giri\u015f yaparken \u00f6\u011frenci numaran\u0131z\u0131n ba\u015f\u0131na <span class=\"vurgu\">k\u00fc\u00e7\u00fck o harfi<\/span> koymay\u0131 unutmay\u0131n.<\/li>\n<li>Akademik Takvim&#8217;de belirtilen ders ba\u015flang\u0131\u00e7 tarihlerinde <a href=\"http:\/\/portal.uzem.omu.edu.tr\/\" target=\"_blank\" rel=\"noopener\">E\u011fitim Portal\u0131<\/a>&#8216;ndan\u00a0<i class=\"fa fa-external-link \" ><\/i> dersleri takip etmeye ba\u015flay\u0131n.<\/li>\n<\/ol>\n<p>[\/vc_column_text][\/vc_column_inner][vc_column_inner width=&#8221;1\/2&#8243; css=&#8221;.vc_custom_1472132092488{padding-right: 1px !important;padding-left: 1px !important;}&#8221;][vc_column_text el_class=&#8221;menu-basligi&#8221;]<\/p>\n<p>Kay\u0131t Yenileyecekler<\/p>\n<p>[\/vc_column_text][vc_column_text]<\/p>\n<ol>\n<li><a href=\"http:\/\/oidb.omu.edu.tr\/files\/files\/UZEM%20%20Akademik%20Takvim.pdf\" target=\"_blank\" rel=\"noopener\">Akademik Takvim<\/a>&#8216;de <i class=\"fa fa-external-link \" ><\/i> belirtilen tarihler aral\u0131\u011f\u0131nda <span class=\"vurgu\">Akbank<\/span> \u015fubelerine \u00f6\u011frenci numaran\u0131zla beraber \u00f6demenizi yap\u0131n.<\/li>\n<li>Akademik Takvim&#8217;de belirtilen tarih aral\u0131\u011f\u0131nda <a href=\"https:\/\/ubs.omu.edu.tr\/\" target=\"_blank\" rel=\"noopener\">\u00d6\u011frenci Otomasyonu<\/a>\u00a0(UBS)\u00a0<i class=\"fa fa-external-link \" ><\/i> \u00fczerinden ders kayd\u0131n\u0131z\u0131 yap\u0131n. UBS sistemine giri\u015f yaparken \u00f6\u011frenci numaran\u0131z\u0131n ba\u015f\u0131na <span class=\"vurgu\">k\u00fc\u00e7\u00fck o harfi<\/span> koymay\u0131 unutmay\u0131n.<\/li>\n<li>Akademik Takvim&#8217;de belirtilen ders ba\u015flang\u0131\u00e7 tarihlerinde <a href=\"http:\/\/portal.uzem.omu.edu.tr\/\" target=\"_blank\" rel=\"noopener\">E\u011fitim Portal\u0131<\/a>&#8216;ndan\u00a0<i class=\"fa fa-external-link \" ><\/i> dersleri takip etmeye ba\u015flay\u0131n.<\/li>\n<\/ol>\n<p>[\/vc_column_text][\/vc_column_inner][\/vc_row_inner][\/vc_accordion_tab][vc_accordion_tab title=&#8221;Y\u00dcKSEK L\u0130SANS PROGRAMLARI \u0130\u00c7\u0130N&#8221;][vc_row_inner css=&#8221;.vc_custom_1472130368881{margin-right: 0px !important;margin-left: 0px !important;padding-right: 0px !important;padding-left: 0px !important;}&#8221;][vc_column_inner width=&#8221;1\/2&#8243; css=&#8221;.vc_custom_1472132081218{padding-right: 1px !important;padding-left: 1px !important;}&#8221;][vc_column_text el_class=&#8221;menu-basligi&#8221;]<\/p>\n<p>\u0130lk Kez Kay\u0131t Yapt\u0131racaklar<\/p>\n<p>[\/vc_column_text][vc_column_text]<\/p>\n<ol>\n<li>Kesin kay\u0131t yapt\u0131rmaya hak kazanm\u0131\u015f iseniz ilgili enstit\u00fcye evraklar\u0131n\u0131z\u0131 \u015fahsen veya posta yoluyla ula\u015ft\u0131r\u0131n.<\/li>\n<li>Evraklar\u0131n\u0131z\u0131 \u015fahsen teslim ettiyseniz \u00f6\u011frenci numaran\u0131z\u0131 ba\u015fvuru yapt\u0131\u011f\u0131n\u0131z enstit\u00fcden al\u0131n\u0131z.<\/li>\n<li>Evraklar\u0131n\u0131z\u0131 posta yoluyla teslim ettiyseniz <a href=\"https:\/\/ubs.omu.edu.tr\/\" target=\"_blank\" rel=\"noopener\">\u00d6\u011frenci Otomasyonu<\/a> (UBS) <i class=\"fa fa-external-link \" ><\/i>sisteminden veya ilgili enstit\u00fcye telefon a\u00e7arak \u00f6\u011frenin.<\/li>\n<li><a href=\"http:\/\/oidb.omu.edu.tr\/files\/files\/UZEM%20%20Akademik%20Takvim.pdf\" target=\"_blank\" rel=\"noopener\">Akademik Takvim<\/a>&#8216;de <i class=\"fa fa-external-link \" ><\/i> belirtilen tarihler aral\u0131\u011f\u0131nda <span class=\"vurgu\">Halkbank<\/span>\u00a0\u015fubelerine \u00f6\u011frenci numaran\u0131zla beraber \u00f6demenizi yap\u0131n.<\/li>\n<li>Akademik Takvim&#8217;de belirtilen tarih aral\u0131\u011f\u0131nda <a href=\"https:\/\/ubs.omu.edu.tr\/\" target=\"_blank\" rel=\"noopener\">\u00d6\u011frenci Otomasyonu<\/a>\u00a0(UBS)\u00a0<i class=\"fa fa-external-link \" ><\/i> \u00fczerinden ders kayd\u0131n\u0131z\u0131 yap\u0131n. UBS sistemine giri\u015f yaparken \u00f6\u011frenci numaran\u0131z\u0131n ba\u015f\u0131na <span class=\"vurgu\">k\u00fc\u00e7\u00fck o harfi<\/span> koymay\u0131 unutmay\u0131n.<\/li>\n<li>Akademik Takvim&#8217;de belirtilen ders ba\u015flang\u0131\u00e7 tarihlerinde <a href=\"http:\/\/portal.uzem.omu.edu.tr\/\" target=\"_blank\" rel=\"noopener\">E\u011fitim Portal\u0131<\/a>&#8216;ndan\u00a0<i class=\"fa fa-external-link \" ><\/i> dersleri takip etmeye ba\u015flay\u0131n.<\/li>\n<\/ol>\n<p>[\/vc_column_text][\/vc_column_inner][vc_column_inner width=&#8221;1\/2&#8243; css=&#8221;.vc_custom_1472132092488{padding-right: 1px !important;padding-left: 1px !important;}&#8221;][vc_column_text el_class=&#8221;menu-basligi&#8221;]<\/p>\n<p>Kay\u0131t Yenileyecekler<\/p>\n<p>[\/vc_column_text][vc_column_text]<\/p>\n<ol>\n<li><a href=\"http:\/\/oidb.omu.edu.tr\/files\/files\/UZEM%20%20Akademik%20Takvim.pdf\" target=\"_blank\" rel=\"noopener\">Akademik Takvim<\/a>&#8216;de <i class=\"fa fa-external-link \" ><\/i> belirtilen tarihler aral\u0131\u011f\u0131nda <span class=\"vurgu\">Halkbank<\/span>\u00a0\u015fubelerine \u00f6\u011frenci numaran\u0131zla beraber \u00f6demenizi yap\u0131n.<\/li>\n<li>Akademik Takvim&#8217;de belirtilen tarih aral\u0131\u011f\u0131nda <a href=\"https:\/\/ubs.omu.edu.tr\/\" target=\"_blank\" rel=\"noopener\">\u00d6\u011frenci Otomasyonu<\/a>\u00a0(UBS)\u00a0<i class=\"fa fa-external-link \" ><\/i> \u00fczerinden ders kayd\u0131n\u0131z\u0131 yap\u0131n. UBS sistemine giri\u015f yaparken \u00f6\u011frenci numaran\u0131z\u0131n ba\u015f\u0131na <span class=\"vurgu\">k\u00fc\u00e7\u00fck o harfi<\/span> koymay\u0131 unutmay\u0131n.<\/li>\n<li>Akademik Takvim&#8217;de belirtilen ders ba\u015flang\u0131\u00e7 tarihlerinde <a href=\"http:\/\/portal.uzem.omu.edu.tr\/\" target=\"_blank\" rel=\"noopener\">E\u011fitim Portal\u0131<\/a>&#8216;ndan\u00a0<i class=\"fa fa-external-link \" ><\/i> dersleri takip etmeye ba\u015flay\u0131n.<\/li>\n<\/ol>\n<p>[\/vc_column_text][\/vc_column_inner][\/vc_row_inner][\/vc_accordion_tab][\/vc_accordion][\/vc_column][\/vc_row]<\/p>\n","protected":false},"excerpt":{"rendered":"<p>[vc_row][vc_column css=&#8221;.vc_custom_1472124786640{margin-right: 0px !important;margin-left: 0px !important;padding-right: 0px !important;padding-left: 0px !important;}&#8221;][vc_column_text css=&#8221;.vc_custom_1472195299976{margin-bottom: 0px !important;padding-top: 5px !important;padding-right: 10px !important;padding-bottom: 5px !important;padding-left: 10px !important;background-color: #4cadc9 !important;}&#8221;] De\u011ferli \u00f6\u011frencilerimiz ilk defa kay\u0131t olma ve kay\u0131t yenileme i\u015flemlerinde sizlere yard\u0131mc\u0131 olmas\u0131 amac\u0131yla bu rehberi haz\u0131rlad\u0131k. \u00d6\u011frencisi oldu\u011funuz e\u011fitim program\u0131n\u0131n t\u00fcr\u00fcne g\u00f6re (\u00f6nlisans, lisans tamamlama veya y\u00fcksek lisans) a\u015fa\u011f\u0131daki sekmelerden birisini t\u0131klay\u0131n\u0131z. [\/vc_column_text][vc_accordion active_tab=&#8221;false&#8221; collapsible=&#8221;yes&#8221;][vc_accordion_tab title=&#8221;\u00d6NL\u0130SANS PROGRAMLARI \u0130\u00c7\u0130N&#8221;][vc_row_inner css=&#8221;.vc_custom_1472130368881{margin-right: 0px !important;margin-left: 0px !important;padding-right: 0px !important;padding-left: 0px !important;}&#8221;][vc_column_inner width=&#8221;1\/2&#8243; css=&#8221;.vc_custom_1472132081218{padding-right: 1px !important;padding-left: 1px !important;}&#8221;][vc_column_text el_class=&#8221;menu-basligi&#8221;] \u0130lk Kez Kay\u0131t Yapt\u0131racaklar [\/vc_column_text][vc_column_text] E-Devlet sistemi\u00a0 \u00fczerinden kay\u0131t olun. E\u011fer e-devlet sistemi \u00fczerinden kay\u0131t olam\u0131yorsan\u0131z ba\u015fvurunuzu \u015fahsen veya vekalatname ile yap\u0131n. \u00d6\u011frenci Otomasyonu\u00a0 veya kay\u0131t oldu\u011funuz MYO&#8217;nun \u00f6\u011frenci i\u015flerinden \u00f6\u011frenci numaran\u0131z\u0131 \u00f6\u011frenin. Akademik Takvim&#8216;de belirtilen tarihler aral\u0131\u011f\u0131nda Halkbank\u00a0\u015fubelerine \u00f6\u011frenci numaran\u0131zla beraber \u00f6demenizi yap\u0131n. Akademik Takvim&#8217;de belirtilen tarih aral\u0131\u011f\u0131nda \u00d6\u011frenci Otomasyonu\u00a0(UBS)\u00a0 \u00fczerinden ders kayd\u0131n\u0131z\u0131 yap\u0131n. UBS sistemine giri\u015f yaparken \u00f6\u011frenci numaran\u0131z\u0131n ba\u015f\u0131na k\u00fc\u00e7\u00fck o harfi koymay\u0131 unutmay\u0131n. Akademik Takvim&#8217;de belirtilen ders ba\u015flang\u0131\u00e7 tarihlerinde E\u011fitim Portal\u0131&#8216;ndan\u00a0 dersleri takip etmeye ba\u015flay\u0131n. [\/vc_column_text][\/vc_column_inner][vc_column_inner width=&#8221;1\/2&#8243; css=&#8221;.vc_custom_1472132092488{padding-right: 1px !important;padding-left: 1px !important;}&#8221;][vc_column_text el_class=&#8221;menu-basligi&#8221;] Kay\u0131t Yenileyecekler [\/vc_column_text][vc_column_text] Akademik Takvim&#8216;de belirtilen tarihler aral\u0131\u011f\u0131nda Halkbank\u00a0\u015fubelerine \u00f6\u011frenci numaran\u0131zla beraber \u00f6demenizi yap\u0131n. Akademik Takvim&#8217;de belirtilen tarih aral\u0131\u011f\u0131nda \u00d6\u011frenci Otomasyonu\u00a0(UBS)\u00a0 \u00fczerinden ders kayd\u0131n\u0131z\u0131 yap\u0131n. UBS sistemine giri\u015f yaparken \u00f6\u011frenci numaran\u0131z\u0131n ba\u015f\u0131na k\u00fc\u00e7\u00fck o harfi koymay\u0131 unutmay\u0131n. Akademik Takvim&#8217;de belirtilen ders ba\u015flang\u0131\u00e7 tarihlerinde E\u011fitim Portal\u0131&#8216;ndan\u00a0 dersleri takip etmeye ba\u015flay\u0131n. [\/vc_column_text][\/vc_column_inner][\/vc_row_inner][\/vc_accordion_tab][vc_accordion_tab title=&#8221;L\u0130SANS TAMAMLAMA PROGRAMLARI \u0130\u00c7\u0130N&#8221;][vc_row_inner css=&#8221;.vc_custom_1472130368881{margin-right: 0px !important;margin-left: 0px !important;padding-right: 0px !important;padding-left: 0px !important;}&#8221;][vc_column_inner width=&#8221;1\/2&#8243; css=&#8221;.vc_custom_1472132081218{padding-right: 1px !important;padding-left: 1px !important;}&#8221;][vc_column_text el_class=&#8221;menu-basligi&#8221;] \u0130lk Kez Kay\u0131t Yapt\u0131racaklar [\/vc_column_text][vc_message message_box_style=&#8221;solid&#8221; style=&#8221;square&#8221; message_box_color=&#8221;warning&#8221; icon_fontawesome=&#8221;fa fa-bookmark-o&#8221;] \u0130L\u0130TAM\u00a0program\u0131na kay\u0131t olabilmeniz i\u00e7in ilahiyat [&hellip;]<\/p>\n","protected":false},"author":1,"featured_media":0,"parent":0,"menu_order":0,"comment_status":"closed","ping_status":"closed","template":"","meta":[],"translation":{"provider":"WPGlobus","version":"2.12.2","language":"en","enabled_languages":["tr","en"],"languages":{"tr":{"title":true,"content":true,"excerpt":false},"en":{"title":false,"content":false,"excerpt":false}}},"yoast_head":"<!-- This site is optimized with the Yoast SEO plugin v17.4 - https:\/\/yoast.com\/wordpress\/plugins\/seo\/ -->\n<meta name=\"robots\" content=\"index, follow, max-snippet:-1, max-image-preview:large, max-video-preview:-1\" \/>\n<link rel=\"canonical\" href=\"https:\/\/uzem.omu.edu.tr\/ilk-kez-kayit-yaptirma-ve-kayit-yenileme-rehberi\/\" \/>\n<meta property=\"og:locale\" content=\"en_US\" \/>\n<meta property=\"og:type\" content=\"article\" \/>\n<meta property=\"og:title\" content=\"\u0130lk Kez Kay\u0131t Yapt\u0131rma ve Kay\u0131t Yenileme Rehberi - OM\u00dc Uzaktan E\u011fitim Merkezi\" \/>\n<meta property=\"og:url\" content=\"https:\/\/uzem.omu.edu.tr\/ilk-kez-kayit-yaptirma-ve-kayit-yenileme-rehberi\/\" \/>\n<meta property=\"og:site_name\" content=\"OM\u00dc Uzaktan E\u011fitim Merkezi\" \/>\n<meta property=\"article:publisher\" content=\"https:\/\/www.facebook.com\/omu.uzem\" \/>\n<meta property=\"article:modified_time\" content=\"2018-08-14T13:19:00+00:00\" \/>\n<meta name=\"twitter:card\" content=\"summary_large_image\" \/>\n<meta name=\"twitter:site\" content=\"@omuuzem\" \/>\n<meta name=\"twitter:label1\" content=\"Est. reading time\" \/>\n\t<meta name=\"twitter:data1\" content=\"6 minutes\" \/>\n<script type=\"application\/ld+json\" class=\"yoast-schema-graph\">{\"@context\":\"https:\/\/schema.org\",\"@graph\":[{\"@type\":\"Organization\",\"@id\":\"https:\/\/uzem.omu.edu.tr\/#organization\",\"name\":\"UZEM\",\"url\":\"https:\/\/uzem.omu.edu.tr\/\",\"sameAs\":[\"https:\/\/www.facebook.com\/omu.uzem\",\"https:\/\/www.instagram.com\/omu.uzem\/\",\"https:\/\/www.youtube.com\/channel\/UCQ6c_wjaGQcIvBKTbPrOe2A\",\"https:\/\/twitter.com\/omuuzem\"],\"logo\":{\"@type\":\"ImageObject\",\"@id\":\"https:\/\/uzem.omu.edu.tr\/#logo\",\"inLanguage\":\"en-US\",\"url\":\"https:\/\/uzem.omu.edu.tr\/wp-content\/uploads\/ulogo-1.png\",\"contentUrl\":\"https:\/\/uzem.omu.edu.tr\/wp-content\/uploads\/ulogo-1.png\",\"width\":364,\"height\":39,\"caption\":\"UZEM\"},\"image\":{\"@id\":\"https:\/\/uzem.omu.edu.tr\/#logo\"}},{\"@type\":\"WebSite\",\"@id\":\"https:\/\/uzem.omu.edu.tr\/#website\",\"url\":\"https:\/\/uzem.omu.edu.tr\/\",\"name\":\"OM\\u00dc Uzaktan E\\u011fitim Merkezi\",\"description\":\"&quot;F\\u0131rsatlar Sunar&quot;\",\"publisher\":{\"@id\":\"https:\/\/uzem.omu.edu.tr\/#organization\"},\"potentialAction\":[{\"@type\":\"SearchAction\",\"target\":{\"@type\":\"EntryPoint\",\"urlTemplate\":\"https:\/\/uzem.omu.edu.tr\/?s={search_term_string}\"},\"query-input\":\"required name=search_term_string\"}],\"inLanguage\":\"en-US\"},{\"@type\":\"WebPage\",\"@id\":\"https:\/\/uzem.omu.edu.tr\/ilk-kez-kayit-yaptirma-ve-kayit-yenileme-rehberi\/#webpage\",\"url\":\"https:\/\/uzem.omu.edu.tr\/ilk-kez-kayit-yaptirma-ve-kayit-yenileme-rehberi\/\",\"name\":\"\\u0130lk Kez Kay\\u0131t Yapt\\u0131rma ve Kay\\u0131t Yenileme Rehberi - OM\\u00dc Uzaktan E\\u011fitim Merkezi\",\"isPartOf\":{\"@id\":\"https:\/\/uzem.omu.edu.tr\/#website\"},\"datePublished\":\"2016-08-26T07:10:08+00:00\",\"dateModified\":\"2018-08-14T13:19:00+00:00\",\"breadcrumb\":{\"@id\":\"https:\/\/uzem.omu.edu.tr\/ilk-kez-kayit-yaptirma-ve-kayit-yenileme-rehberi\/#breadcrumb\"},\"inLanguage\":\"en-US\",\"potentialAction\":[{\"@type\":\"ReadAction\",\"target\":[\"https:\/\/uzem.omu.edu.tr\/ilk-kez-kayit-yaptirma-ve-kayit-yenileme-rehberi\/\"]}]},{\"@type\":\"BreadcrumbList\",\"@id\":\"https:\/\/uzem.omu.edu.tr\/ilk-kez-kayit-yaptirma-ve-kayit-yenileme-rehberi\/#breadcrumb\",\"itemListElement\":[{\"@type\":\"ListItem\",\"position\":1,\"name\":\"Home\",\"item\":\"https:\/\/uzem.omu.edu.tr\/\"},{\"@type\":\"ListItem\",\"position\":2,\"name\":\"\\u0130lk Kez Kay\\u0131t Yapt\\u0131rma ve Kay\\u0131t Yenileme Rehberi\"}]}]}<\/script>\n<!-- \/ Yoast SEO plugin. -->","yoast_head_json":{"robots":{"index":"index","follow":"follow","max-snippet":"max-snippet:-1","max-image-preview":"max-image-preview:large","max-video-preview":"max-video-preview:-1"},"canonical":"https:\/\/uzem.omu.edu.tr\/ilk-kez-kayit-yaptirma-ve-kayit-yenileme-rehberi\/","og_locale":"en_US","og_type":"article","og_title":"\u0130lk Kez Kay\u0131t Yapt\u0131rma ve Kay\u0131t Yenileme Rehberi - OM\u00dc Uzaktan E\u011fitim Merkezi","og_url":"https:\/\/uzem.omu.edu.tr\/ilk-kez-kayit-yaptirma-ve-kayit-yenileme-rehberi\/","og_site_name":"OM\u00dc Uzaktan E\u011fitim Merkezi","article_publisher":"https:\/\/www.facebook.com\/omu.uzem","article_modified_time":"2018-08-14T13:19:00+00:00","twitter_card":"summary_large_image","twitter_site":"@omuuzem","twitter_misc":{"Est. reading time":"6 minutes"},"schema":{"@context":"https:\/\/schema.org","@graph":[{"@type":"Organization","@id":"https:\/\/uzem.omu.edu.tr\/#organization","name":"UZEM","url":"https:\/\/uzem.omu.edu.tr\/","sameAs":["https:\/\/www.facebook.com\/omu.uzem","https:\/\/www.instagram.com\/omu.uzem\/","https:\/\/www.youtube.com\/channel\/UCQ6c_wjaGQcIvBKTbPrOe2A","https:\/\/twitter.com\/omuuzem"],"logo":{"@type":"ImageObject","@id":"https:\/\/uzem.omu.edu.tr\/#logo","inLanguage":"en-US","url":"https:\/\/uzem.omu.edu.tr\/wp-content\/uploads\/ulogo-1.png","contentUrl":"https:\/\/uzem.omu.edu.tr\/wp-content\/uploads\/ulogo-1.png","width":364,"height":39,"caption":"UZEM"},"image":{"@id":"https:\/\/uzem.omu.edu.tr\/#logo"}},{"@type":"WebSite","@id":"https:\/\/uzem.omu.edu.tr\/#website","url":"https:\/\/uzem.omu.edu.tr\/","name":"OM\u00dc Uzaktan E\u011fitim Merkezi","description":"&quot;F\u0131rsatlar Sunar&quot;","publisher":{"@id":"https:\/\/uzem.omu.edu.tr\/#organization"},"potentialAction":[{"@type":"SearchAction","target":{"@type":"EntryPoint","urlTemplate":"https:\/\/uzem.omu.edu.tr\/?s={search_term_string}"},"query-input":"required name=search_term_string"}],"inLanguage":"en-US"},{"@type":"WebPage","@id":"https:\/\/uzem.omu.edu.tr\/ilk-kez-kayit-yaptirma-ve-kayit-yenileme-rehberi\/#webpage","url":"https:\/\/uzem.omu.edu.tr\/ilk-kez-kayit-yaptirma-ve-kayit-yenileme-rehberi\/","name":"\u0130lk Kez Kay\u0131t Yapt\u0131rma ve Kay\u0131t Yenileme Rehberi - OM\u00dc Uzaktan E\u011fitim Merkezi","isPartOf":{"@id":"https:\/\/uzem.omu.edu.tr\/#website"},"datePublished":"2016-08-26T07:10:08+00:00","dateModified":"2018-08-14T13:19:00+00:00","breadcrumb":{"@id":"https:\/\/uzem.omu.edu.tr\/ilk-kez-kayit-yaptirma-ve-kayit-yenileme-rehberi\/#breadcrumb"},"inLanguage":"en-US","potentialAction":[{"@type":"ReadAction","target":["https:\/\/uzem.omu.edu.tr\/ilk-kez-kayit-yaptirma-ve-kayit-yenileme-rehberi\/"]}]},{"@type":"BreadcrumbList","@id":"https:\/\/uzem.omu.edu.tr\/ilk-kez-kayit-yaptirma-ve-kayit-yenileme-rehberi\/#breadcrumb","itemListElement":[{"@type":"ListItem","position":1,"name":"Home","item":"https:\/\/uzem.omu.edu.tr\/"},{"@type":"ListItem","position":2,"name":"\u0130lk Kez Kay\u0131t Yapt\u0131rma ve Kay\u0131t Yenileme Rehberi"}]}]}},"_links":{"self":[{"href":"https:\/\/uzem.omu.edu.tr\/en\/wp-json\/wp\/v2\/pages\/13676"}],"collection":[{"href":"https:\/\/uzem.omu.edu.tr\/en\/wp-json\/wp\/v2\/pages"}],"about":[{"href":"https:\/\/uzem.omu.edu.tr\/en\/wp-json\/wp\/v2\/types\/page"}],"author":[{"embeddable":true,"href":"https:\/\/uzem.omu.edu.tr\/en\/wp-json\/wp\/v2\/users\/1"}],"replies":[{"embeddable":true,"href":"https:\/\/uzem.omu.edu.tr\/en\/wp-json\/wp\/v2\/comments?post=13676"}],"version-history":[{"count":2,"href":"https:\/\/uzem.omu.edu.tr\/en\/wp-json\/wp\/v2\/pages\/13676\/revisions"}],"predecessor-version":[{"id":18379,"href":"https:\/\/uzem.omu.edu.tr\/en\/wp-json\/wp\/v2\/pages\/13676\/revisions\/18379"}],"wp:attachment":[{"href":"https:\/\/uzem.omu.edu.tr\/en\/wp-json\/wp\/v2\/media?parent=13676"}],"curies":[{"name":"wp","href":"https:\/\/api.w.org\/{rel}","templated":true}]}}