{"id":1361,"date":"2015-05-08T12:44:50","date_gmt":"2015-05-08T12:44:50","guid":{"rendered":"https:\/\/uzem.omu.edu.tr\/?page_id=1361"},"modified":"2026-04-09T13:23:55","modified_gmt":"2026-04-09T10:23:55","slug":"posta-hizmetleri-ders-icerikleri","status":"publish","type":"page","link":"https:\/\/uzem.omu.edu.tr\/en\/posta-hizmetleri-ders-icerikleri\/","title":{"rendered":"Posta Hizmetleri | Ders \u0130\u00e7erikleri"},"content":{"rendered":"<p>[vc_row css=&#8221;.vc_custom_1427462343642{margin-top: -5px !important;margin-left: 0px !important;padding-left: 0px !important;}&#8221;][vc_column width=&#8221;3\/4&#8243; css=&#8221;.vc_custom_1450099092203{margin-top: 5px !important;margin-right: 0px !important;padding-right: 0px !important;padding-left: 0px !important;}&#8221;][vc_row_inner][vc_column_inner css=&#8221;.vc_custom_1450099107735{margin-bottom: 5px !important;padding-right: 0px !important;padding-left: 0px !important;}&#8221;][vc_widget_sidebar sidebar_id=&#8221;generated_sidebar-posta-hizmetleri-ust-menu&#8221;][\/vc_column_inner][\/vc_row_inner][vc_column_text el_class=&#8221;menu-basligi&#8221;]<\/p>\n<p><strong>DERS \u0130\u00c7ER\u0130KLER\u0130<\/strong><\/p>\n<p>[\/vc_column_text][vc_column_text el_class=&#8221;menu-basligi&#8221; css=&#8221;.vc_custom_1442315983985{margin-top: 5px !important;}&#8221;]<\/p>\n<p><strong>I. SINIF G\u00dcZ YARIYILI DERSLER\u0130<\/strong><\/p>\n<p>[\/vc_column_text][vc_column_text el_class=&#8221;ders-tablosu&#8221;]<\/p>\n<table width=\"576\">\n<tbody>\n<tr>\n<td width=\"56\"><strong>Kodu<\/strong><\/td>\n<td width=\"237\"><strong>Ders Ad\u0131<\/strong><\/td>\n<td width=\"46\"><strong>D+U+L<\/strong><\/td>\n<td width=\"55\"><strong>Z\/S<\/strong><\/td>\n<td width=\"182\"><strong>\u00d6\u011fretim \u00dcyesi<\/strong><\/td>\n<\/tr>\n<tr>\n<td>POS101<\/td>\n<td>Mektup Postas\u0131<\/td>\n<td>3+0+3<\/td>\n<td>Zorunlu<\/td>\n<td>Do\u00e7. Dr. Z\u00fcmral G\u00dcLTEK\u0130N<\/td>\n<\/tr>\n<tr>\n<td>POS103<\/td>\n<td>Genel \u0130\u015fletme<\/td>\n<td>3+0+3<\/td>\n<td>Zorunlu<\/td>\n<td>\u00a0\u00d6\u011fr. G\u00f6r. \u0130smail CAN<\/td>\n<\/tr>\n<tr>\n<td>POS119<\/td>\n<td>Temel Hukuk<\/td>\n<td>3+0+3<\/td>\n<td>Zorunlu<\/td>\n<td>\u00d6\u011fr. G\u00f6r. O\u011fuzhan KURU<\/td>\n<\/tr>\n<tr>\n<td>POS107<\/td>\n<td>Posta Hizmetleri Tarihi ve Organizasyonu<\/td>\n<td>3+0+3<\/td>\n<td>Zorunlu<\/td>\n<td>\u00d6\u011fr. G\u00f6r. Muazzez\u00a0\u00d6ZDEM\u0130R<\/td>\n<\/tr>\n<tr>\n<td>POS109<\/td>\n<td>Lojisti\u011fe Giri\u015f<\/td>\n<td>3+0+3<\/td>\n<td>Zorunlu<\/td>\n<td>\u00d6\u011fr. G\u00f6r. Dr. F\u0131rat G\u00dcLTEK\u0130N<\/td>\n<\/tr>\n<tr>\n<td>POS127<\/td>\n<td>\u0130leti\u015fim<\/td>\n<td>3+0+3<\/td>\n<td>Zorunlu<\/td>\n<td>Dr. \u00d6\u011fr. \u00dcyesi Sevda YAL\u00c7IN<\/td>\n<\/tr>\n<tr>\n<td>TD\u0130101<\/td>\n<td>T\u00fcrk Dili I<\/td>\n<td>2+0+2<\/td>\n<td>Zorunlu<\/td>\n<td>\u00d6\u011fr. G\u00f6r. Efsun Kevser KAYA<\/td>\n<\/tr>\n<tr>\n<td>AT\u0130101<\/td>\n<td>Atat\u00fcrk \u0130lkeleri ve \u0130nk\u0131l\u00e2p Tarihi I<\/td>\n<td>2+0+2<\/td>\n<td>Zorunlu<\/td>\n<td>\u00d6\u011fr. G\u00f6r. Dr. Ercan YAL\u00c7IN<\/td>\n<\/tr>\n<tr>\n<td>YD\u0130101<\/td>\n<td>Yabanc\u0131 Dil I<\/td>\n<td>2+0+2<\/td>\n<td>Zorunlu<\/td>\n<td>\u00d6\u011fr. G\u00f6r. Havva Nur YE\u015e\u0130LDA\u011e<\/td>\n<\/tr>\n<tr>\n<td>POS131<\/td>\n<td>Davran\u0131\u015f Bilimleri<\/td>\n<td>3+0+3<\/td>\n<td>Zorunlu<\/td>\n<td>\u00d6\u011fr. G\u00f6r. Tayfun \u015e\u0130M\u015eEK<\/td>\n<\/tr>\n<\/tbody>\n<\/table>\n<p>[\/vc_column_text][vc_column_text el_class=&#8221;menu-basligi&#8221; css=&#8221;.vc_custom_1442317440961{margin-top: 5px !important;}&#8221;]<\/p>\n<p><strong>I. SINIF BAHAR\u00a0YARIYILI DERSLER\u0130<\/strong><\/p>\n<p>[\/vc_column_text][vc_column_text el_class=&#8221;ders-tablosu&#8221;]<\/p>\n<table width=\"576\">\n<tbody>\n<tr>\n<td width=\"56\"><strong>Kodu<\/strong><\/td>\n<td width=\"228\"><strong>Ders Ad\u0131<\/strong><\/td>\n<td width=\"45\"><strong>D+U+L<\/strong><\/td>\n<td width=\"55\"><strong>Z\/S<\/strong><\/td>\n<td width=\"192\"><strong>\u00d6\u011fretim \u00dcyesi<\/strong><\/td>\n<\/tr>\n<tr>\n<td>POS114<\/td>\n<td>Genel Ekonomi<\/td>\n<td>3+0+3<\/td>\n<td>Zorunlu<\/td>\n<td>\u00d6\u011fr. G\u00f6r. \u015eenol DO\u011eAN<\/td>\n<\/tr>\n<tr>\n<td>POS104<\/td>\n<td>Kalite Y\u00f6netim Sistemleri<\/td>\n<td>3+0+3<\/td>\n<td>Zorunlu<\/td>\n<td>\u00d6\u011fr. G\u00f6r. Muazzez\u00a0\u00d6ZDEM\u0130R<\/td>\n<\/tr>\n<tr>\n<td>POS106<\/td>\n<td>Ayr\u0131m, Sevk, Da\u011f\u0131t\u0131m -I<\/td>\n<td>3+0+3<\/td>\n<td>Zorunlu<\/td>\n<td>Do\u00e7. Dr. Z\u00fcmral G\u00dcLTEK\u0130N<\/td>\n<\/tr>\n<tr>\n<td>POS108<\/td>\n<td>Posta Hizmetleri Mevzuat\u0131<\/td>\n<td>2+0+2<\/td>\n<td>Zorunlu<\/td>\n<td>\u00d6\u011fr. G\u00f6r. Dr. \u00dcnzile \u00c7ARKACI<\/td>\n<\/tr>\n<tr>\n<td>POS110<\/td>\n<td>Tebligat \u0130\u015flemleri<\/td>\n<td>3+0+3<\/td>\n<td>Zorunlu<\/td>\n<td>Do\u00e7. Dr. Z\u00fcmral G\u00dcLTEK\u0130N<\/td>\n<\/tr>\n<tr>\n<td>POS112<\/td>\n<td>Lojistikte Y\u00f6netim ve Organizasyon<\/td>\n<td>3+0+3<\/td>\n<td>Zorunlu<\/td>\n<td>\u00d6\u011fr. G\u00f6r. Dr. F\u0131rat G\u00dcLTEK\u0130N<\/td>\n<\/tr>\n<tr>\n<td>TD\u0130102<\/td>\n<td>T\u00fcrk Dili-II<\/td>\n<td>2+0+2<\/td>\n<td>Zorunlu<\/td>\n<td>\u00d6\u011fr. G\u00f6r. Efsun Kevser KAYA<\/td>\n<\/tr>\n<tr>\n<td>AT\u0130102<\/td>\n<td>Atat\u00fcrk \u0130lkeleri ve \u0130nk\u0131l\u00e2p Tarihi II<\/td>\n<td>2+0+2<\/td>\n<td>Zorunlu<\/td>\n<td>\u00d6\u011fr. G\u00f6r. Dr. Ercan YAL\u00c7IN<\/td>\n<\/tr>\n<tr>\n<td>YD\u0130102<\/td>\n<td>Yabanc\u0131 Dil-II<\/td>\n<td>2+0+2<\/td>\n<td>Zorunlu<\/td>\n<td>\u00d6\u011fr. G\u00f6r. Havvanur YE\u015e\u0130LDA\u011e<\/td>\n<\/tr>\n<tr>\n<td>POS118<\/td>\n<td>Pazarlama \u0130lkeleri<\/td>\n<td>3+0+3<\/td>\n<td>Zorunlu<\/td>\n<td>\u00d6\u011fr. G\u00f6r. Dr. Tansu \u00d6ZBAYSAL<\/td>\n<\/tr>\n<\/tbody>\n<\/table>\n<p>[\/vc_column_text][vc_column_text el_class=&#8221;menu-basligi&#8221; css=&#8221;.vc_custom_1442319280308{margin-top: 5px !important;}&#8221;]<\/p>\n<p><strong>II. SINIF G\u00dcZ\u00a0YARIYILI DERSLER\u0130<\/strong><\/p>\n<p>[\/vc_column_text][vc_column_text el_class=&#8221;ders-tablosu&#8221;]<\/p>\n<table width=\"539\">\n<tbody>\n<tr>\n<td width=\"56\"><strong>Kodu<\/strong><\/td>\n<td width=\"190\"><strong>Ders Ad\u0131<\/strong><\/td>\n<td width=\"46\"><strong>D+U+L<\/strong><\/td>\n<td width=\"55\"><strong>Z\/S<\/strong><\/td>\n<td width=\"192\"><strong>\u00d6\u011fretim \u00dcyesi<\/strong><\/td>\n<\/tr>\n<tr>\n<td>POS201<\/td>\n<td>Tedarik Zinciri Y\u00f6netimi<\/td>\n<td>3+0+3<\/td>\n<td>Zorunlu<\/td>\n<td>\u00d6\u011fr. G\u00f6r. Dr. Tansu \u00d6ZBAYSAL<\/td>\n<\/tr>\n<tr>\n<td>POS231<\/td>\n<td>Telgraf ve Acele Posta Hizmetleri<\/td>\n<td>2+0+2<\/td>\n<td>Zorunlu<\/td>\n<td>\u00d6\u011fr. G\u00f6r. Dr. \u00dcnzile \u00c7ARKACI<\/td>\n<\/tr>\n<tr>\n<td>POS233<\/td>\n<td>Ayr\u0131m, Sevk, Da\u011f\u0131t\u0131m II<\/td>\n<td>3+0+3<\/td>\n<td>Zorunlu<\/td>\n<td>Do\u00e7. Dr. Z\u00fcmral G\u00dcLTEK\u0130N<\/td>\n<\/tr>\n<tr>\n<td>POS235<\/td>\n<td>Parasal Posta Hizmetleri<\/td>\n<td>3+0+3<\/td>\n<td>Zorunlu<\/td>\n<td>\u00d6\u011fr. G\u00f6r. Dr. Segah YE\u015e\u0130LYURT<\/td>\n<\/tr>\n<tr>\n<td>POS237<\/td>\n<td>Muhasebe \u0130lkeleri<\/td>\n<td>3+0+3<\/td>\n<td>Zorunlu<\/td>\n<td>\u00d6\u011fr. G\u00f6r. \u015eenol DO\u011eAN<\/td>\n<\/tr>\n<tr>\n<td>POS239<\/td>\n<td>Giri\u015fimcilik ve Yenilik\u00e7ilik<\/td>\n<td>3+0+3<\/td>\n<td>Se\u00e7meli<\/td>\n<td>\u00d6\u011fr. G\u00f6r. Tayfun \u015e\u0130M\u015eEK<\/td>\n<\/tr>\n<tr>\n<td>POS217<\/td>\n<td>D\u0131\u015f Ticaret \u0130\u015flemleri<\/td>\n<td>3+0+3<\/td>\n<td>Se\u00e7meli<\/td>\n<td>\u00d6\u011fr. G\u00f6r. Dr. F\u0131rat G\u00dcLTEK\u0130N<\/td>\n<\/tr>\n<tr>\n<td>POS219<\/td>\n<td>Depolama Y\u00f6netimi<\/td>\n<td>3+0+3<\/td>\n<td>Se\u00e7meli<\/td>\n<td>\u00d6\u011fr. G\u00f6r. Dr. Segah YE\u015e\u0130LYURT<\/td>\n<\/tr>\n<\/tbody>\n<\/table>\n<p>[\/vc_column_text][vc_column_text el_class=&#8221;menu-basligi&#8221; css=&#8221;.vc_custom_1442320046074{margin-top: 5px !important;}&#8221;]<\/p>\n<p><strong>II. SINIF BAHAR\u00a0YARIYILI DERSLER\u0130<\/strong><\/p>\n<p>[\/vc_column_text][vc_column_text el_class=&#8221;ders-tablosu&#8221;]<\/p>\n<table width=\"539\">\n<tbody>\n<tr>\n<td width=\"56\"><strong>Kodu<\/strong><\/td>\n<td width=\"190\"><strong>Ders Ad\u0131<\/strong><\/td>\n<td width=\"46\"><strong>D+U+L<\/strong><\/td>\n<td width=\"55\"><strong>Z\/S<\/strong><\/td>\n<td width=\"192\"><strong>\u00d6\u011fretim \u00dcyesi<\/strong><\/td>\n<\/tr>\n<tr>\n<td>POS202<\/td>\n<td>Kay\u0131tl\u0131 Posta G\u00f6nderileri<\/td>\n<td>3+0+3<\/td>\n<td>Zorunlu<\/td>\n<td>\u00d6\u011fr. G\u00f6r. Dr. Segah YE\u015e\u0130LYURT<\/td>\n<\/tr>\n<tr>\n<td>POS204<\/td>\n<td>Kargo Hizmetleri<\/td>\n<td>3+0+3<\/td>\n<td>Zorunlu<\/td>\n<td>\u00d6\u011fr. G\u00f6r. Dr. \u00dcnzile \u00c7ARKACI<\/td>\n<\/tr>\n<tr>\n<td>POS206<\/td>\n<td>Posta Ta\u015f\u0131mac\u0131l\u0131\u011f\u0131<\/td>\n<td>3+0+3<\/td>\n<td>Zorunlu<\/td>\n<td>\u00d6\u011fr. G\u00f6r. Tayfun \u015e\u0130M\u015eEK<\/td>\n<\/tr>\n<tr>\n<td>POS208<\/td>\n<td>Filateli<\/td>\n<td>3+0+3<\/td>\n<td>Zorunlu<\/td>\n<td>\u00d6\u011fr. G\u00f6r. O\u011fuz Han KURU<\/td>\n<\/tr>\n<tr>\n<td>POS210<\/td>\n<td>\u0130nsan Kaynaklar\u0131 Y\u00f6netimi<\/td>\n<td>3+0+3<\/td>\n<td>Zorunlu<\/td>\n<td>\u00d6\u011fr. G\u00f6r.\u00a0Sevda YAL\u00c7IN<\/td>\n<\/tr>\n<tr>\n<td>POS230<\/td>\n<td>Entegre Lojistik Y\u00f6netimi<\/td>\n<td>3+0+3<\/td>\n<td>Se\u00e7meli<\/td>\n<td>\u00d6\u011fr. G\u00f6r. \u0130smail CAN<\/td>\n<\/tr>\n<tr>\n<td>POS232<\/td>\n<td>Protokol ve G\u00f6rg\u00fc Kurallar\u0131<\/td>\n<td>3+0+3<\/td>\n<td>Se\u00e7meli<\/td>\n<td>\u00d6\u011fr. G\u00f6r. O\u011fuz Han KURU<\/td>\n<\/tr>\n<tr>\n<td>POS234<\/td>\n<td>\u0130\u015f ve Sosyal G\u00fcvenlik Huk.<\/td>\n<td>3+0+3<\/td>\n<td>Se\u00e7meli<\/td>\n<td>\u00d6\u011fr. G\u00f6r. \u015eenol DO\u011eAN<\/td>\n<\/tr>\n<\/tbody>\n<\/table>\n<p>[\/vc_column_text][\/vc_column][vc_column width=&#8221;1\/4&#8243; css=&#8221;.vc_custom_1433424546160{margin-top: 20px !important;padding-right: 0px !important;}&#8221;][vc_widget_sidebar sidebar_id=&#8221;generated_sidebar-posta-hizmetleri&#8221;][\/vc_column][\/vc_row]<\/p>\n","protected":false},"excerpt":{"rendered":"<p>[vc_row css=&#8221;.vc_custom_1427462343642{margin-top: -5px !important;margin-left: 0px !important;padding-left: 0px !important;}&#8221;][vc_column width=&#8221;3\/4&#8243; css=&#8221;.vc_custom_1450099092203{margin-top: 5px !important;margin-right: 0px !important;padding-right: 0px !important;padding-left: 0px !important;}&#8221;][vc_row_inner][vc_column_inner css=&#8221;.vc_custom_1450099107735{margin-bottom: 5px !important;padding-right: 0px !important;padding-left: 0px !important;}&#8221;][vc_widget_sidebar sidebar_id=&#8221;generated_sidebar-posta-hizmetleri-ust-menu&#8221;][\/vc_column_inner][\/vc_row_inner][vc_column_text el_class=&#8221;menu-basligi&#8221;] DERS \u0130\u00c7ER\u0130KLER\u0130 [\/vc_column_text][vc_column_text el_class=&#8221;menu-basligi&#8221; css=&#8221;.vc_custom_1442315983985{margin-top: 5px !important;}&#8221;] I. SINIF G\u00dcZ YARIYILI DERSLER\u0130 [\/vc_column_text][vc_column_text el_class=&#8221;ders-tablosu&#8221;] Kodu Ders Ad\u0131 D+U+L Z\/S \u00d6\u011fretim \u00dcyesi POS101 Mektup Postas\u0131 3+0+3 Zorunlu Do\u00e7. Dr. Z\u00fcmral G\u00dcLTEK\u0130N POS103 Genel \u0130\u015fletme 3+0+3 Zorunlu \u00a0\u00d6\u011fr. G\u00f6r. \u0130smail CAN POS119 Temel Hukuk 3+0+3 Zorunlu \u00d6\u011fr. G\u00f6r. O\u011fuzhan KURU POS107 Posta Hizmetleri Tarihi ve Organizasyonu 3+0+3 Zorunlu \u00d6\u011fr. G\u00f6r. Muazzez\u00a0\u00d6ZDEM\u0130R POS109 Lojisti\u011fe Giri\u015f 3+0+3 Zorunlu \u00d6\u011fr. G\u00f6r. Dr. F\u0131rat G\u00dcLTEK\u0130N POS127 \u0130leti\u015fim 3+0+3 Zorunlu Dr. \u00d6\u011fr. \u00dcyesi Sevda YAL\u00c7IN TD\u0130101 T\u00fcrk Dili I 2+0+2 Zorunlu \u00d6\u011fr. G\u00f6r. Efsun Kevser KAYA AT\u0130101 Atat\u00fcrk \u0130lkeleri ve \u0130nk\u0131l\u00e2p Tarihi I 2+0+2 Zorunlu \u00d6\u011fr. G\u00f6r. Dr. Ercan YAL\u00c7IN YD\u0130101 Yabanc\u0131 Dil I 2+0+2 Zorunlu \u00d6\u011fr. G\u00f6r. Havva Nur YE\u015e\u0130LDA\u011e POS131 Davran\u0131\u015f Bilimleri 3+0+3 Zorunlu \u00d6\u011fr. G\u00f6r. Tayfun \u015e\u0130M\u015eEK [\/vc_column_text][vc_column_text el_class=&#8221;menu-basligi&#8221; css=&#8221;.vc_custom_1442317440961{margin-top: 5px !important;}&#8221;] I. SINIF BAHAR\u00a0YARIYILI DERSLER\u0130 [\/vc_column_text][vc_column_text el_class=&#8221;ders-tablosu&#8221;] Kodu Ders Ad\u0131 D+U+L Z\/S \u00d6\u011fretim \u00dcyesi POS114 Genel Ekonomi 3+0+3 Zorunlu \u00d6\u011fr. G\u00f6r. \u015eenol DO\u011eAN POS104 Kalite Y\u00f6netim Sistemleri 3+0+3 Zorunlu \u00d6\u011fr. G\u00f6r. Muazzez\u00a0\u00d6ZDEM\u0130R POS106 Ayr\u0131m, Sevk, Da\u011f\u0131t\u0131m -I 3+0+3 Zorunlu Do\u00e7. Dr. Z\u00fcmral G\u00dcLTEK\u0130N POS108 Posta Hizmetleri Mevzuat\u0131 2+0+2 Zorunlu \u00d6\u011fr. G\u00f6r. Dr. \u00dcnzile \u00c7ARKACI POS110 Tebligat \u0130\u015flemleri 3+0+3 Zorunlu Do\u00e7. Dr. Z\u00fcmral G\u00dcLTEK\u0130N POS112 Lojistikte Y\u00f6netim ve Organizasyon 3+0+3 Zorunlu \u00d6\u011fr. G\u00f6r. Dr. F\u0131rat G\u00dcLTEK\u0130N TD\u0130102 T\u00fcrk Dili-II 2+0+2 Zorunlu \u00d6\u011fr. G\u00f6r. Efsun Kevser KAYA AT\u0130102 Atat\u00fcrk \u0130lkeleri ve \u0130nk\u0131l\u00e2p Tarihi II 2+0+2 Zorunlu \u00d6\u011fr. G\u00f6r. [&hellip;]<\/p>\n","protected":false},"author":5,"featured_media":0,"parent":0,"menu_order":0,"comment_status":"closed","ping_status":"closed","template":"","meta":[],"translation":{"provider":"WPGlobus","version":"2.12.2","language":"en","enabled_languages":["tr","en"],"languages":{"tr":{"title":true,"content":true,"excerpt":false},"en":{"title":false,"content":false,"excerpt":false}}},"yoast_head":"<!-- This site is optimized with the Yoast SEO plugin v17.4 - https:\/\/yoast.com\/wordpress\/plugins\/seo\/ -->\n<meta name=\"robots\" content=\"index, follow, max-snippet:-1, max-image-preview:large, max-video-preview:-1\" \/>\n<link rel=\"canonical\" href=\"https:\/\/uzem.omu.edu.tr\/posta-hizmetleri-ders-icerikleri\/\" \/>\n<meta property=\"og:locale\" content=\"en_US\" \/>\n<meta property=\"og:type\" content=\"article\" \/>\n<meta property=\"og:title\" content=\"Posta Hizmetleri | Ders \u0130\u00e7erikleri - OM\u00dc Uzaktan E\u011fitim Merkezi\" \/>\n<meta property=\"og:url\" content=\"https:\/\/uzem.omu.edu.tr\/posta-hizmetleri-ders-icerikleri\/\" \/>\n<meta property=\"og:site_name\" content=\"OM\u00dc Uzaktan E\u011fitim Merkezi\" \/>\n<meta property=\"article:publisher\" content=\"https:\/\/www.facebook.com\/omu.uzem\" \/>\n<meta property=\"article:modified_time\" content=\"2026-04-09T10:23:55+00:00\" \/>\n<meta name=\"twitter:card\" content=\"summary_large_image\" \/>\n<meta name=\"twitter:site\" content=\"@omuuzem\" \/>\n<meta name=\"twitter:label1\" content=\"Est. reading time\" \/>\n\t<meta name=\"twitter:data1\" content=\"3 minutes\" \/>\n<script type=\"application\/ld+json\" class=\"yoast-schema-graph\">{\"@context\":\"https:\/\/schema.org\",\"@graph\":[{\"@type\":\"Organization\",\"@id\":\"https:\/\/uzem.omu.edu.tr\/#organization\",\"name\":\"UZEM\",\"url\":\"https:\/\/uzem.omu.edu.tr\/\",\"sameAs\":[\"https:\/\/www.facebook.com\/omu.uzem\",\"https:\/\/www.instagram.com\/omu.uzem\/\",\"https:\/\/www.youtube.com\/channel\/UCQ6c_wjaGQcIvBKTbPrOe2A\",\"https:\/\/twitter.com\/omuuzem\"],\"logo\":{\"@type\":\"ImageObject\",\"@id\":\"https:\/\/uzem.omu.edu.tr\/#logo\",\"inLanguage\":\"en-US\",\"url\":\"https:\/\/uzem.omu.edu.tr\/wp-content\/uploads\/ulogo-1.png\",\"contentUrl\":\"https:\/\/uzem.omu.edu.tr\/wp-content\/uploads\/ulogo-1.png\",\"width\":364,\"height\":39,\"caption\":\"UZEM\"},\"image\":{\"@id\":\"https:\/\/uzem.omu.edu.tr\/#logo\"}},{\"@type\":\"WebSite\",\"@id\":\"https:\/\/uzem.omu.edu.tr\/#website\",\"url\":\"https:\/\/uzem.omu.edu.tr\/\",\"name\":\"OM\\u00dc Uzaktan E\\u011fitim Merkezi\",\"description\":\"&quot;F\\u0131rsatlar Sunar&quot;\",\"publisher\":{\"@id\":\"https:\/\/uzem.omu.edu.tr\/#organization\"},\"potentialAction\":[{\"@type\":\"SearchAction\",\"target\":{\"@type\":\"EntryPoint\",\"urlTemplate\":\"https:\/\/uzem.omu.edu.tr\/?s={search_term_string}\"},\"query-input\":\"required name=search_term_string\"}],\"inLanguage\":\"en-US\"},{\"@type\":\"WebPage\",\"@id\":\"https:\/\/uzem.omu.edu.tr\/posta-hizmetleri-ders-icerikleri\/#webpage\",\"url\":\"https:\/\/uzem.omu.edu.tr\/posta-hizmetleri-ders-icerikleri\/\",\"name\":\"Posta Hizmetleri | Ders \\u0130\\u00e7erikleri - OM\\u00dc Uzaktan E\\u011fitim Merkezi\",\"isPartOf\":{\"@id\":\"https:\/\/uzem.omu.edu.tr\/#website\"},\"datePublished\":\"2015-05-08T12:44:50+00:00\",\"dateModified\":\"2026-04-09T10:23:55+00:00\",\"breadcrumb\":{\"@id\":\"https:\/\/uzem.omu.edu.tr\/posta-hizmetleri-ders-icerikleri\/#breadcrumb\"},\"inLanguage\":\"en-US\",\"potentialAction\":[{\"@type\":\"ReadAction\",\"target\":[\"https:\/\/uzem.omu.edu.tr\/posta-hizmetleri-ders-icerikleri\/\"]}]},{\"@type\":\"BreadcrumbList\",\"@id\":\"https:\/\/uzem.omu.edu.tr\/posta-hizmetleri-ders-icerikleri\/#breadcrumb\",\"itemListElement\":[{\"@type\":\"ListItem\",\"position\":1,\"name\":\"Home\",\"item\":\"https:\/\/uzem.omu.edu.tr\/\"},{\"@type\":\"ListItem\",\"position\":2,\"name\":\"Posta Hizmetleri | Ders \\u0130\\u00e7erikleri\"}]}]}<\/script>\n<!-- \/ Yoast SEO plugin. -->","yoast_head_json":{"robots":{"index":"index","follow":"follow","max-snippet":"max-snippet:-1","max-image-preview":"max-image-preview:large","max-video-preview":"max-video-preview:-1"},"canonical":"https:\/\/uzem.omu.edu.tr\/posta-hizmetleri-ders-icerikleri\/","og_locale":"en_US","og_type":"article","og_title":"Posta Hizmetleri | Ders \u0130\u00e7erikleri - OM\u00dc Uzaktan E\u011fitim Merkezi","og_url":"https:\/\/uzem.omu.edu.tr\/posta-hizmetleri-ders-icerikleri\/","og_site_name":"OM\u00dc Uzaktan E\u011fitim Merkezi","article_publisher":"https:\/\/www.facebook.com\/omu.uzem","article_modified_time":"2026-04-09T10:23:55+00:00","twitter_card":"summary_large_image","twitter_site":"@omuuzem","twitter_misc":{"Est. reading time":"3 minutes"},"schema":{"@context":"https:\/\/schema.org","@graph":[{"@type":"Organization","@id":"https:\/\/uzem.omu.edu.tr\/#organization","name":"UZEM","url":"https:\/\/uzem.omu.edu.tr\/","sameAs":["https:\/\/www.facebook.com\/omu.uzem","https:\/\/www.instagram.com\/omu.uzem\/","https:\/\/www.youtube.com\/channel\/UCQ6c_wjaGQcIvBKTbPrOe2A","https:\/\/twitter.com\/omuuzem"],"logo":{"@type":"ImageObject","@id":"https:\/\/uzem.omu.edu.tr\/#logo","inLanguage":"en-US","url":"https:\/\/uzem.omu.edu.tr\/wp-content\/uploads\/ulogo-1.png","contentUrl":"https:\/\/uzem.omu.edu.tr\/wp-content\/uploads\/ulogo-1.png","width":364,"height":39,"caption":"UZEM"},"image":{"@id":"https:\/\/uzem.omu.edu.tr\/#logo"}},{"@type":"WebSite","@id":"https:\/\/uzem.omu.edu.tr\/#website","url":"https:\/\/uzem.omu.edu.tr\/","name":"OM\u00dc Uzaktan E\u011fitim Merkezi","description":"&quot;F\u0131rsatlar Sunar&quot;","publisher":{"@id":"https:\/\/uzem.omu.edu.tr\/#organization"},"potentialAction":[{"@type":"SearchAction","target":{"@type":"EntryPoint","urlTemplate":"https:\/\/uzem.omu.edu.tr\/?s={search_term_string}"},"query-input":"required name=search_term_string"}],"inLanguage":"en-US"},{"@type":"WebPage","@id":"https:\/\/uzem.omu.edu.tr\/posta-hizmetleri-ders-icerikleri\/#webpage","url":"https:\/\/uzem.omu.edu.tr\/posta-hizmetleri-ders-icerikleri\/","name":"Posta Hizmetleri | Ders \u0130\u00e7erikleri - OM\u00dc Uzaktan E\u011fitim Merkezi","isPartOf":{"@id":"https:\/\/uzem.omu.edu.tr\/#website"},"datePublished":"2015-05-08T12:44:50+00:00","dateModified":"2026-04-09T10:23:55+00:00","breadcrumb":{"@id":"https:\/\/uzem.omu.edu.tr\/posta-hizmetleri-ders-icerikleri\/#breadcrumb"},"inLanguage":"en-US","potentialAction":[{"@type":"ReadAction","target":["https:\/\/uzem.omu.edu.tr\/posta-hizmetleri-ders-icerikleri\/"]}]},{"@type":"BreadcrumbList","@id":"https:\/\/uzem.omu.edu.tr\/posta-hizmetleri-ders-icerikleri\/#breadcrumb","itemListElement":[{"@type":"ListItem","position":1,"name":"Home","item":"https:\/\/uzem.omu.edu.tr\/"},{"@type":"ListItem","position":2,"name":"Posta Hizmetleri | Ders \u0130\u00e7erikleri"}]}]}},"_links":{"self":[{"href":"https:\/\/uzem.omu.edu.tr\/en\/wp-json\/wp\/v2\/pages\/1361"}],"collection":[{"href":"https:\/\/uzem.omu.edu.tr\/en\/wp-json\/wp\/v2\/pages"}],"about":[{"href":"https:\/\/uzem.omu.edu.tr\/en\/wp-json\/wp\/v2\/types\/page"}],"author":[{"embeddable":true,"href":"https:\/\/uzem.omu.edu.tr\/en\/wp-json\/wp\/v2\/users\/5"}],"replies":[{"embeddable":true,"href":"https:\/\/uzem.omu.edu.tr\/en\/wp-json\/wp\/v2\/comments?post=1361"}],"version-history":[{"count":29,"href":"https:\/\/uzem.omu.edu.tr\/en\/wp-json\/wp\/v2\/pages\/1361\/revisions"}],"predecessor-version":[{"id":27494,"href":"https:\/\/uzem.omu.edu.tr\/en\/wp-json\/wp\/v2\/pages\/1361\/revisions\/27494"}],"wp:attachment":[{"href":"https:\/\/uzem.omu.edu.tr\/en\/wp-json\/wp\/v2\/media?parent=1361"}],"curies":[{"name":"wp","href":"https:\/\/api.w.org\/{rel}","templated":true}]}}