{"id":1357,"date":"2015-05-08T12:43:40","date_gmt":"2015-05-08T12:43:40","guid":{"rendered":"https:\/\/uzem.omu.edu.tr\/?page_id=1357"},"modified":"2023-08-29T14:50:56","modified_gmt":"2023-08-29T11:50:56","slug":"posta-hizmetleri-akademik-kadro","status":"publish","type":"page","link":"https:\/\/uzem.omu.edu.tr\/en\/posta-hizmetleri-akademik-kadro\/","title":{"rendered":"Posta Hizmetleri | Akademik Kadro"},"content":{"rendered":"<p>[vc_row css=&#8221;.vc_custom_1427462343642{margin-top: -5px !important;margin-left: 0px !important;padding-left: 0px !important;}&#8221;][vc_column width=&#8221;3\/4&#8243; css=&#8221;.vc_custom_1450098618230{margin-top: 5px !important;margin-right: 0px !important;padding-right: 0px !important;padding-left: 0px !important;}&#8221;][vc_row_inner][vc_column_inner css=&#8221;.vc_custom_1450098629505{margin-bottom: 5px !important;padding-right: 0px !important;padding-left: 0px !important;}&#8221;][vc_widget_sidebar sidebar_id=&#8221;generated_sidebar-posta-hizmetleri-ust-menu&#8221;][\/vc_column_inner][\/vc_row_inner][vc_column_text el_class=&#8221;menu-basligi&#8221;]<\/p>\n<p>Akademik Kadro<\/p>\n<p>[\/vc_column_text][vc_column_text el_class=&#8221;ders-tablosu&#8221;]<\/p>\n<table width=\"507\">\n<tbody>\n<tr>\n<td width=\"205\">Birim Koordinat\u00f6r\u00fc<\/td>\n<td width=\"302\">PROF. DR. \u0130DR\u0130S VARICI<\/td>\n<\/tr>\n<tr>\n<td>Program Koordinat\u00f6r\u00fc<\/td>\n<td>DO\u00c7. DR. Z\u00dcMRAL G\u00dcLTEK\u0130N<\/td>\n<\/tr>\n<tr>\n<td>\u00d6\u011fretim Eleman\u0131<\/td>\n<td>DR. \u00d6\u011eR. \u00dcYES\u0130 AHMET AK\u015eAR<\/td>\n<\/tr>\n<tr>\n<td>\u00d6\u011fretim Eleman\u0131<\/td>\n<td>\u00d6\u011eR. G\u00d6R. O\u011eUZ HAN KURU<\/td>\n<\/tr>\n<tr>\n<td>\u00d6\u011fretim Eleman\u0131<\/td>\n<td>\u00d6\u011eR. G\u00d6R. MUAZZEZ \u00d6ZDEM\u0130R<\/td>\n<\/tr>\n<tr>\n<td>\u00d6\u011fretim Eleman\u0131<\/td>\n<td>\u00d6\u011eR. G\u00d6R. DR. FIRAT G\u00dcLTEK\u0130N<\/td>\n<\/tr>\n<tr>\n<td>\u00d6\u011fretim Eleman\u0131<\/td>\n<td>\u00d6\u011eR. G\u00d6R. SEGAH YE\u015e\u0130LYURT<\/td>\n<\/tr>\n<tr>\n<td>\u00d6\u011fretim Eleman\u0131<\/td>\n<td>\u00d6\u011eR. G\u00d6R. \u015eENOL DO\u011eAN<\/td>\n<\/tr>\n<tr>\n<td>\u00d6\u011fretim Eleman\u0131<\/td>\n<td>\u00d6\u011eR. G\u00d6R. DR. SEL\u00c7UK KAHVEC\u0130<\/td>\n<\/tr>\n<tr>\n<td>\u00d6\u011fretim Eleman\u0131<\/td>\n<td>\u00d6\u011eR. G\u00d6R. SEVDA YAL\u00c7IN<\/td>\n<\/tr>\n<tr>\n<td>\u00d6\u011fretim Eleman\u0131<\/td>\n<td>\u00d6\u011eR. G\u00d6R. \u00dcNZ\u0130LE \u00c7ARKACI<\/td>\n<\/tr>\n<tr>\n<td>\u00d6\u011fretim Eleman\u0131<\/td>\n<td>\u00d6\u011eR. G\u00d6R. DR. TANSU \u00d6ZBAYSAL<\/td>\n<\/tr>\n<tr>\n<td>\u00d6\u011fretim Eleman\u0131<\/td>\n<td>\u00d6\u011eR. G\u00d6R. TAYFUN \u015e\u0130M\u015eEK<\/td>\n<\/tr>\n<tr>\n<td>\u00d6\u011fretim Eleman\u0131<\/td>\n<td>\u00d6\u011eR. G\u00d6R. HAVVA NUR YE\u015e\u0130LDA\u011e<\/td>\n<\/tr>\n<tr>\n<td>\u00d6\u011fretim Eleman\u0131<\/td>\n<td>\u00d6\u011eR. G\u00d6R. \u0130RFAN TOPAL<\/td>\n<\/tr>\n<\/tbody>\n<\/table>\n<p>[\/vc_column_text][\/vc_column][vc_column width=&#8221;1\/4&#8243; css=&#8221;.vc_custom_1433424453888{margin-top: 20px !important;padding-right: 0px !important;}&#8221;][vc_widget_sidebar sidebar_id=&#8221;generated_sidebar-posta-hizmetleri&#8221;][\/vc_column][\/vc_row]<\/p>\n","protected":false},"excerpt":{"rendered":"<p>[vc_row css=&#8221;.vc_custom_1427462343642{margin-top: -5px !important;margin-left: 0px !important;padding-left: 0px !important;}&#8221;][vc_column width=&#8221;3\/4&#8243; css=&#8221;.vc_custom_1450098618230{margin-top: 5px !important;margin-right: 0px !important;padding-right: 0px !important;padding-left: 0px !important;}&#8221;][vc_row_inner][vc_column_inner css=&#8221;.vc_custom_1450098629505{margin-bottom: 5px !important;padding-right: 0px !important;padding-left: 0px !important;}&#8221;][vc_widget_sidebar sidebar_id=&#8221;generated_sidebar-posta-hizmetleri-ust-menu&#8221;][\/vc_column_inner][\/vc_row_inner][vc_column_text el_class=&#8221;menu-basligi&#8221;] Akademik Kadro [\/vc_column_text][vc_column_text el_class=&#8221;ders-tablosu&#8221;] Birim Koordinat\u00f6r\u00fc PROF. DR. \u0130DR\u0130S VARICI Program Koordinat\u00f6r\u00fc DO\u00c7. DR. Z\u00dcMRAL G\u00dcLTEK\u0130N \u00d6\u011fretim Eleman\u0131 DR. \u00d6\u011eR. \u00dcYES\u0130 AHMET AK\u015eAR \u00d6\u011fretim Eleman\u0131 \u00d6\u011eR. G\u00d6R. O\u011eUZ HAN KURU \u00d6\u011fretim Eleman\u0131 \u00d6\u011eR. G\u00d6R. MUAZZEZ \u00d6ZDEM\u0130R \u00d6\u011fretim Eleman\u0131 \u00d6\u011eR. G\u00d6R. DR. FIRAT G\u00dcLTEK\u0130N \u00d6\u011fretim Eleman\u0131 \u00d6\u011eR. G\u00d6R. SEGAH YE\u015e\u0130LYURT \u00d6\u011fretim Eleman\u0131 \u00d6\u011eR. G\u00d6R. \u015eENOL DO\u011eAN \u00d6\u011fretim Eleman\u0131 \u00d6\u011eR. G\u00d6R. DR. SEL\u00c7UK KAHVEC\u0130 \u00d6\u011fretim Eleman\u0131 \u00d6\u011eR. G\u00d6R. SEVDA YAL\u00c7IN \u00d6\u011fretim Eleman\u0131 \u00d6\u011eR. G\u00d6R. \u00dcNZ\u0130LE \u00c7ARKACI \u00d6\u011fretim Eleman\u0131 \u00d6\u011eR. G\u00d6R. DR. TANSU \u00d6ZBAYSAL \u00d6\u011fretim Eleman\u0131 \u00d6\u011eR. G\u00d6R. TAYFUN \u015e\u0130M\u015eEK \u00d6\u011fretim Eleman\u0131 \u00d6\u011eR. G\u00d6R. HAVVA NUR YE\u015e\u0130LDA\u011e \u00d6\u011fretim Eleman\u0131 \u00d6\u011eR. G\u00d6R. \u0130RFAN TOPAL [\/vc_column_text][\/vc_column][vc_column width=&#8221;1\/4&#8243; css=&#8221;.vc_custom_1433424453888{margin-top: 20px !important;padding-right: 0px !important;}&#8221;][vc_widget_sidebar sidebar_id=&#8221;generated_sidebar-posta-hizmetleri&#8221;][\/vc_column][\/vc_row]<\/p>\n","protected":false},"author":5,"featured_media":0,"parent":0,"menu_order":0,"comment_status":"closed","ping_status":"closed","template":"","meta":[],"translation":{"provider":"WPGlobus","version":"2.12.2","language":"en","enabled_languages":["tr","en"],"languages":{"tr":{"title":true,"content":true,"excerpt":false},"en":{"title":false,"content":false,"excerpt":false}}},"yoast_head":"<!-- This site is optimized with the Yoast SEO plugin v17.4 - https:\/\/yoast.com\/wordpress\/plugins\/seo\/ -->\n<meta name=\"robots\" content=\"index, follow, max-snippet:-1, max-image-preview:large, max-video-preview:-1\" \/>\n<link rel=\"canonical\" href=\"https:\/\/uzem.omu.edu.tr\/posta-hizmetleri-akademik-kadro\/\" \/>\n<meta property=\"og:locale\" content=\"en_US\" \/>\n<meta property=\"og:type\" content=\"article\" \/>\n<meta property=\"og:title\" content=\"Posta Hizmetleri | Akademik Kadro - OM\u00dc Uzaktan E\u011fitim Merkezi\" \/>\n<meta property=\"og:url\" content=\"https:\/\/uzem.omu.edu.tr\/posta-hizmetleri-akademik-kadro\/\" \/>\n<meta property=\"og:site_name\" content=\"OM\u00dc Uzaktan E\u011fitim Merkezi\" \/>\n<meta property=\"article:publisher\" content=\"https:\/\/www.facebook.com\/omu.uzem\" \/>\n<meta property=\"article:modified_time\" content=\"2023-08-29T11:50:56+00:00\" \/>\n<meta name=\"twitter:card\" content=\"summary_large_image\" \/>\n<meta name=\"twitter:site\" content=\"@omuuzem\" \/>\n<meta name=\"twitter:label1\" content=\"Est. reading time\" \/>\n\t<meta name=\"twitter:data1\" content=\"1 minute\" \/>\n<script type=\"application\/ld+json\" class=\"yoast-schema-graph\">{\"@context\":\"https:\/\/schema.org\",\"@graph\":[{\"@type\":\"Organization\",\"@id\":\"https:\/\/uzem.omu.edu.tr\/#organization\",\"name\":\"UZEM\",\"url\":\"https:\/\/uzem.omu.edu.tr\/\",\"sameAs\":[\"https:\/\/www.facebook.com\/omu.uzem\",\"https:\/\/www.instagram.com\/omu.uzem\/\",\"https:\/\/www.youtube.com\/channel\/UCQ6c_wjaGQcIvBKTbPrOe2A\",\"https:\/\/twitter.com\/omuuzem\"],\"logo\":{\"@type\":\"ImageObject\",\"@id\":\"https:\/\/uzem.omu.edu.tr\/#logo\",\"inLanguage\":\"en-US\",\"url\":\"https:\/\/uzem.omu.edu.tr\/wp-content\/uploads\/ulogo-1.png\",\"contentUrl\":\"https:\/\/uzem.omu.edu.tr\/wp-content\/uploads\/ulogo-1.png\",\"width\":364,\"height\":39,\"caption\":\"UZEM\"},\"image\":{\"@id\":\"https:\/\/uzem.omu.edu.tr\/#logo\"}},{\"@type\":\"WebSite\",\"@id\":\"https:\/\/uzem.omu.edu.tr\/#website\",\"url\":\"https:\/\/uzem.omu.edu.tr\/\",\"name\":\"OM\\u00dc Uzaktan E\\u011fitim Merkezi\",\"description\":\"&quot;F\\u0131rsatlar Sunar&quot;\",\"publisher\":{\"@id\":\"https:\/\/uzem.omu.edu.tr\/#organization\"},\"potentialAction\":[{\"@type\":\"SearchAction\",\"target\":{\"@type\":\"EntryPoint\",\"urlTemplate\":\"https:\/\/uzem.omu.edu.tr\/?s={search_term_string}\"},\"query-input\":\"required name=search_term_string\"}],\"inLanguage\":\"en-US\"},{\"@type\":\"WebPage\",\"@id\":\"https:\/\/uzem.omu.edu.tr\/posta-hizmetleri-akademik-kadro\/#webpage\",\"url\":\"https:\/\/uzem.omu.edu.tr\/posta-hizmetleri-akademik-kadro\/\",\"name\":\"Posta Hizmetleri | Akademik Kadro - OM\\u00dc Uzaktan E\\u011fitim Merkezi\",\"isPartOf\":{\"@id\":\"https:\/\/uzem.omu.edu.tr\/#website\"},\"datePublished\":\"2015-05-08T12:43:40+00:00\",\"dateModified\":\"2023-08-29T11:50:56+00:00\",\"breadcrumb\":{\"@id\":\"https:\/\/uzem.omu.edu.tr\/posta-hizmetleri-akademik-kadro\/#breadcrumb\"},\"inLanguage\":\"en-US\",\"potentialAction\":[{\"@type\":\"ReadAction\",\"target\":[\"https:\/\/uzem.omu.edu.tr\/posta-hizmetleri-akademik-kadro\/\"]}]},{\"@type\":\"BreadcrumbList\",\"@id\":\"https:\/\/uzem.omu.edu.tr\/posta-hizmetleri-akademik-kadro\/#breadcrumb\",\"itemListElement\":[{\"@type\":\"ListItem\",\"position\":1,\"name\":\"Home\",\"item\":\"https:\/\/uzem.omu.edu.tr\/\"},{\"@type\":\"ListItem\",\"position\":2,\"name\":\"Posta Hizmetleri | Akademik Kadro\"}]}]}<\/script>\n<!-- \/ Yoast SEO plugin. -->","yoast_head_json":{"robots":{"index":"index","follow":"follow","max-snippet":"max-snippet:-1","max-image-preview":"max-image-preview:large","max-video-preview":"max-video-preview:-1"},"canonical":"https:\/\/uzem.omu.edu.tr\/posta-hizmetleri-akademik-kadro\/","og_locale":"en_US","og_type":"article","og_title":"Posta Hizmetleri | Akademik Kadro - OM\u00dc Uzaktan E\u011fitim Merkezi","og_url":"https:\/\/uzem.omu.edu.tr\/posta-hizmetleri-akademik-kadro\/","og_site_name":"OM\u00dc Uzaktan E\u011fitim Merkezi","article_publisher":"https:\/\/www.facebook.com\/omu.uzem","article_modified_time":"2023-08-29T11:50:56+00:00","twitter_card":"summary_large_image","twitter_site":"@omuuzem","twitter_misc":{"Est. reading time":"1 minute"},"schema":{"@context":"https:\/\/schema.org","@graph":[{"@type":"Organization","@id":"https:\/\/uzem.omu.edu.tr\/#organization","name":"UZEM","url":"https:\/\/uzem.omu.edu.tr\/","sameAs":["https:\/\/www.facebook.com\/omu.uzem","https:\/\/www.instagram.com\/omu.uzem\/","https:\/\/www.youtube.com\/channel\/UCQ6c_wjaGQcIvBKTbPrOe2A","https:\/\/twitter.com\/omuuzem"],"logo":{"@type":"ImageObject","@id":"https:\/\/uzem.omu.edu.tr\/#logo","inLanguage":"en-US","url":"https:\/\/uzem.omu.edu.tr\/wp-content\/uploads\/ulogo-1.png","contentUrl":"https:\/\/uzem.omu.edu.tr\/wp-content\/uploads\/ulogo-1.png","width":364,"height":39,"caption":"UZEM"},"image":{"@id":"https:\/\/uzem.omu.edu.tr\/#logo"}},{"@type":"WebSite","@id":"https:\/\/uzem.omu.edu.tr\/#website","url":"https:\/\/uzem.omu.edu.tr\/","name":"OM\u00dc Uzaktan E\u011fitim Merkezi","description":"&quot;F\u0131rsatlar Sunar&quot;","publisher":{"@id":"https:\/\/uzem.omu.edu.tr\/#organization"},"potentialAction":[{"@type":"SearchAction","target":{"@type":"EntryPoint","urlTemplate":"https:\/\/uzem.omu.edu.tr\/?s={search_term_string}"},"query-input":"required name=search_term_string"}],"inLanguage":"en-US"},{"@type":"WebPage","@id":"https:\/\/uzem.omu.edu.tr\/posta-hizmetleri-akademik-kadro\/#webpage","url":"https:\/\/uzem.omu.edu.tr\/posta-hizmetleri-akademik-kadro\/","name":"Posta Hizmetleri | Akademik Kadro - OM\u00dc Uzaktan E\u011fitim Merkezi","isPartOf":{"@id":"https:\/\/uzem.omu.edu.tr\/#website"},"datePublished":"2015-05-08T12:43:40+00:00","dateModified":"2023-08-29T11:50:56+00:00","breadcrumb":{"@id":"https:\/\/uzem.omu.edu.tr\/posta-hizmetleri-akademik-kadro\/#breadcrumb"},"inLanguage":"en-US","potentialAction":[{"@type":"ReadAction","target":["https:\/\/uzem.omu.edu.tr\/posta-hizmetleri-akademik-kadro\/"]}]},{"@type":"BreadcrumbList","@id":"https:\/\/uzem.omu.edu.tr\/posta-hizmetleri-akademik-kadro\/#breadcrumb","itemListElement":[{"@type":"ListItem","position":1,"name":"Home","item":"https:\/\/uzem.omu.edu.tr\/"},{"@type":"ListItem","position":2,"name":"Posta Hizmetleri | Akademik Kadro"}]}]}},"_links":{"self":[{"href":"https:\/\/uzem.omu.edu.tr\/en\/wp-json\/wp\/v2\/pages\/1357"}],"collection":[{"href":"https:\/\/uzem.omu.edu.tr\/en\/wp-json\/wp\/v2\/pages"}],"about":[{"href":"https:\/\/uzem.omu.edu.tr\/en\/wp-json\/wp\/v2\/types\/page"}],"author":[{"embeddable":true,"href":"https:\/\/uzem.omu.edu.tr\/en\/wp-json\/wp\/v2\/users\/5"}],"replies":[{"embeddable":true,"href":"https:\/\/uzem.omu.edu.tr\/en\/wp-json\/wp\/v2\/comments?post=1357"}],"version-history":[{"count":16,"href":"https:\/\/uzem.omu.edu.tr\/en\/wp-json\/wp\/v2\/pages\/1357\/revisions"}],"predecessor-version":[{"id":24183,"href":"https:\/\/uzem.omu.edu.tr\/en\/wp-json\/wp\/v2\/pages\/1357\/revisions\/24183"}],"wp:attachment":[{"href":"https:\/\/uzem.omu.edu.tr\/en\/wp-json\/wp\/v2\/media?parent=1357"}],"curies":[{"name":"wp","href":"https:\/\/api.w.org\/{rel}","templated":true}]}}