{"id":1351,"date":"2015-05-08T12:40:14","date_gmt":"2015-05-08T12:40:14","guid":{"rendered":"https:\/\/uzem.omu.edu.tr\/?page_id=1351"},"modified":"2026-04-09T13:59:26","modified_gmt":"2026-04-09T10:59:26","slug":"egitim-yonetimi-teftisi-ve-planlamasi-ders-icerikleri","status":"publish","type":"page","link":"https:\/\/uzem.omu.edu.tr\/en\/egitim-yonetimi-teftisi-ve-planlamasi-ders-icerikleri\/","title":{"rendered":"E\u011fitim Y\u00f6netimi | Ders \u0130\u00e7erikleri"},"content":{"rendered":"<p>[vc_row css=&#8221;.vc_custom_1427462343642{margin-top: -5px !important;margin-left: 0px !important;padding-left: 0px !important;}&#8221;][vc_column width=&#8221;3\/4&#8243; css=&#8221;.vc_custom_1450096146787{margin-top: 5px !important;margin-right: 0px !important;padding-right: 0px !important;padding-left: 0px !important;}&#8221;][vc_row_inner][vc_column_inner css=&#8221;.vc_custom_1450096163130{margin-bottom: 5px !important;padding-right: 0px !important;padding-left: 0px !important;}&#8221;][vc_widget_sidebar sidebar_id=&#8221;generated_sidebar-eytp-ust-menu&#8221;][\/vc_column_inner][\/vc_row_inner][vc_column_text el_class=&#8221;menu-basligi&#8221;]<\/p>\n<p><strong>DERS \u0130\u00c7ER\u0130KLER\u0130<\/strong><\/p>\n<p>[\/vc_column_text][vc_column_text el_class=&#8221;menu-basligi&#8221; css=&#8221;.vc_custom_1442313723674{margin-top: 5px !important;}&#8221;]<\/p>\n<p><strong>I. YARIYIL DERSLER\u0130<\/strong><\/p>\n<p>[\/vc_column_text][vc_column_text el_class=&#8221;ders-tablosu&#8221;]<\/p>\n<table width=\"704\">\n<tbody>\n<tr>\n<td width=\"75\"><strong>Kodu<\/strong><\/td>\n<td width=\"317\"><strong>Ders Ad\u0131<\/strong><\/td>\n<td width=\"58\"><strong>D+U+L<\/strong><\/td>\n<td width=\"55\"><strong>Z\/S<\/strong><\/td>\n<td width=\"199\"><strong>\u00d6\u011fretim \u00dcyesi<\/strong><\/td>\n<\/tr>\n<tr>\n<td>EBUT601<\/td>\n<td>E\u011fitim Y\u00f6netiminde Kuram ve Uygulama<\/td>\n<td>3+0+3<\/td>\n<td>Zorunlu<\/td>\n<td>Dr. \u00d6\u011fr. \u00dcyesi Ay\u015fe Kazanc\u0131 TINMAZ<\/td>\n<\/tr>\n<tr>\n<td>EBUT603<\/td>\n<td>E\u011fitim Denetimi<\/td>\n<td>3+0+3<\/td>\n<td>Zorunlu<\/td>\n<td>Dr. \u00d6\u011fr. \u00dcyesi H\u00fcseyin ASLAN<\/td>\n<\/tr>\n<tr>\n<td>EBUT613<\/td>\n<td>Okul Y\u00f6netiminde Liderlik<\/td>\n<td>3+0+3<\/td>\n<td>Zorunlu<\/td>\n<td>Prof. Dr. \u0130brahim G\u00dcL<\/td>\n<\/tr>\n<tr>\n<td>EBUT624<\/td>\n<td>Ara\u015ft\u0131rma Y\u00f6ntem ve Teknikleri<\/td>\n<td>3+0+3<\/td>\n<td>Zorunlu<\/td>\n<td>Prof. Dr. Cevat ELMA<\/td>\n<\/tr>\n<tr>\n<td>EBUT607<\/td>\n<td>E\u011fitimde \u0130nsan Kaynaklar\u0131 Y\u00f6netimi<\/td>\n<td>3+0+3<\/td>\n<td>Zorunlu<\/td>\n<td>Prof. Dr. Y\u00fcksel G\u00dcND\u00dcZ<\/td>\n<\/tr>\n<\/tbody>\n<\/table>\n<p>[\/vc_column_text][vc_column_text el_class=&#8221;menu-basligi&#8221; css=&#8221;.vc_custom_1442313741988{margin-top: 5px !important;}&#8221;]<\/p>\n<p><strong>II. YARIYIL DERSLER\u0130<\/strong><\/p>\n<p>[\/vc_column_text][vc_column_text el_class=&#8221;ders-tablosu&#8221;]<\/p>\n<table width=\"704\">\n<tbody>\n<tr>\n<td width=\"75\"><strong>Kodu<\/strong><\/td>\n<td width=\"317\"><strong>Ders Ad\u0131<\/strong><\/td>\n<td width=\"58\"><strong>D+U+L<\/strong><\/td>\n<td width=\"55\"><strong>Z\/S<\/strong><\/td>\n<td width=\"199\"><strong>\u00d6\u011fretim \u00dcyesi<\/strong><\/td>\n<\/tr>\n<tr>\n<td>EBUT602<\/td>\n<td>E\u011fitim Ekonomisi ve Planlama<\/td>\n<td>3+0+3<\/td>\n<td>Zorunlu<\/td>\n<td>Prof. Dr. Y\u00fcksel G\u00dcND\u00dcZ<\/td>\n<\/tr>\n<tr>\n<td>EBUT605<\/td>\n<td>E\u011fitimde \u00d6rg\u00fctsel Davran\u0131\u015f<\/td>\n<td>3+0+3<\/td>\n<td>Zorunlu<\/td>\n<td>Prof. Dr. Cevat ELMA<\/td>\n<\/tr>\n<tr>\n<td>EBUT606<\/td>\n<td>E\u011fitim Hukuku<\/td>\n<td>3+0+3<\/td>\n<td>Zorunlu<\/td>\n<td>Prof. Dr. \u0130brahim G\u00dcL<\/td>\n<\/tr>\n<tr>\n<td>EBUT608<\/td>\n<td>Meslek Eti\u011fi<\/td>\n<td>3+0+3<\/td>\n<td>Zorunlu<\/td>\n<td>Dr. \u00d6\u011fr. \u00dcyesi Ay\u015fe Kazanc\u0131 TINMAZ<\/td>\n<\/tr>\n<tr>\n<td>EBUT617<\/td>\n<td>T\u00fcrk E\u011fitim Sisteminde G\u00fcncel Konular<\/td>\n<td>3+0+3<\/td>\n<td>Zorunlu<\/td>\n<td>Dr. \u00d6\u011fr. \u00dcyesi H\u00fcseyin ASLAN<\/td>\n<\/tr>\n<\/tbody>\n<\/table>\n<p>[\/vc_column_text][vc_column_text el_class=&#8221;menu-basligi&#8221; css=&#8221;.vc_custom_1442313914358{margin-top: 5px !important;}&#8221;]<\/p>\n<p><strong>III. YARIYIL DERSLER\u0130<\/strong><\/p>\n<p>[\/vc_column_text][vc_column_text el_class=&#8221;ders-tablosu&#8221;]<\/p>\n<table width=\"474\">\n<tbody>\n<tr>\n<td width=\"64\"><strong>Kodu<\/strong><\/td>\n<td width=\"108\"><strong>Ders Ad\u0131<\/strong><\/td>\n<td width=\"64\"><strong>Z \/ S<\/strong><\/td>\n<td width=\"238\"><strong>\u00d6\u011fretim \u00dcyesi<\/strong><\/td>\n<\/tr>\n<tr>\n<td rowspan=\"5\" width=\"64\"><\/td>\n<td rowspan=\"5\" width=\"108\">D\u00d6NEM PROJES\u0130<\/td>\n<td rowspan=\"5\" width=\"64\">Zorunlu<\/td>\n<td rowspan=\"5\" width=\"238\">Prof. Dr. Cevat ELMA<br \/>\nProf. Dr. \u0130brahim G\u00dcL<br \/>\nProf. Dr. Y\u00fcksel G\u00dcND\u00dcZ<br \/>\nDr. \u00d6\u011fr. \u00dcyesi H\u00fcseyin ASLAN<\/td>\n<\/tr>\n<\/tbody>\n<\/table>\n<p>[\/vc_column_text][\/vc_column][vc_column width=&#8221;1\/4&#8243; css=&#8221;.vc_custom_1433424251543{margin-top: 20px !important;padding-right: 0px !important;}&#8221;][vc_widget_sidebar sidebar_id=&#8221;generated_sidebar-eytp&#8221;][\/vc_column][\/vc_row]<\/p>\n","protected":false},"excerpt":{"rendered":"<p>[vc_row css=&#8221;.vc_custom_1427462343642{margin-top: -5px !important;margin-left: 0px !important;padding-left: 0px !important;}&#8221;][vc_column width=&#8221;3\/4&#8243; css=&#8221;.vc_custom_1450096146787{margin-top: 5px !important;margin-right: 0px !important;padding-right: 0px !important;padding-left: 0px !important;}&#8221;][vc_row_inner][vc_column_inner css=&#8221;.vc_custom_1450096163130{margin-bottom: 5px !important;padding-right: 0px !important;padding-left: 0px !important;}&#8221;][vc_widget_sidebar sidebar_id=&#8221;generated_sidebar-eytp-ust-menu&#8221;][\/vc_column_inner][\/vc_row_inner][vc_column_text el_class=&#8221;menu-basligi&#8221;] DERS \u0130\u00c7ER\u0130KLER\u0130 [\/vc_column_text][vc_column_text el_class=&#8221;menu-basligi&#8221; css=&#8221;.vc_custom_1442313723674{margin-top: 5px !important;}&#8221;] I. YARIYIL DERSLER\u0130 [\/vc_column_text][vc_column_text el_class=&#8221;ders-tablosu&#8221;] Kodu Ders Ad\u0131 D+U+L Z\/S \u00d6\u011fretim \u00dcyesi EBUT601 E\u011fitim Y\u00f6netiminde Kuram ve Uygulama 3+0+3 Zorunlu Dr. \u00d6\u011fr. \u00dcyesi Ay\u015fe Kazanc\u0131 TINMAZ EBUT603 E\u011fitim Denetimi 3+0+3 Zorunlu Dr. \u00d6\u011fr. \u00dcyesi H\u00fcseyin ASLAN EBUT613 Okul Y\u00f6netiminde Liderlik 3+0+3 Zorunlu Prof. Dr. \u0130brahim G\u00dcL EBUT624 Ara\u015ft\u0131rma Y\u00f6ntem ve Teknikleri 3+0+3 Zorunlu Prof. Dr. Cevat ELMA EBUT607 E\u011fitimde \u0130nsan Kaynaklar\u0131 Y\u00f6netimi 3+0+3 Zorunlu Prof. Dr. Y\u00fcksel G\u00dcND\u00dcZ [\/vc_column_text][vc_column_text el_class=&#8221;menu-basligi&#8221; css=&#8221;.vc_custom_1442313741988{margin-top: 5px !important;}&#8221;] II. YARIYIL DERSLER\u0130 [\/vc_column_text][vc_column_text el_class=&#8221;ders-tablosu&#8221;] Kodu Ders Ad\u0131 D+U+L Z\/S \u00d6\u011fretim \u00dcyesi EBUT602 E\u011fitim Ekonomisi ve Planlama 3+0+3 Zorunlu Prof. Dr. Y\u00fcksel G\u00dcND\u00dcZ EBUT605 E\u011fitimde \u00d6rg\u00fctsel Davran\u0131\u015f 3+0+3 Zorunlu Prof. Dr. Cevat ELMA EBUT606 E\u011fitim Hukuku 3+0+3 Zorunlu Prof. Dr. \u0130brahim G\u00dcL EBUT608 Meslek Eti\u011fi 3+0+3 Zorunlu Dr. \u00d6\u011fr. \u00dcyesi Ay\u015fe Kazanc\u0131 TINMAZ EBUT617 T\u00fcrk E\u011fitim Sisteminde G\u00fcncel Konular 3+0+3 Zorunlu Dr. \u00d6\u011fr. \u00dcyesi H\u00fcseyin ASLAN [\/vc_column_text][vc_column_text el_class=&#8221;menu-basligi&#8221; css=&#8221;.vc_custom_1442313914358{margin-top: 5px !important;}&#8221;] III. YARIYIL DERSLER\u0130 [\/vc_column_text][vc_column_text el_class=&#8221;ders-tablosu&#8221;] Kodu Ders Ad\u0131 Z \/ S \u00d6\u011fretim \u00dcyesi D\u00d6NEM PROJES\u0130 Zorunlu Prof. Dr. Cevat ELMA Prof. Dr. \u0130brahim G\u00dcL Prof. Dr. Y\u00fcksel G\u00dcND\u00dcZ Dr. \u00d6\u011fr. \u00dcyesi H\u00fcseyin ASLAN [\/vc_column_text][\/vc_column][vc_column width=&#8221;1\/4&#8243; css=&#8221;.vc_custom_1433424251543{margin-top: 20px !important;padding-right: 0px !important;}&#8221;][vc_widget_sidebar sidebar_id=&#8221;generated_sidebar-eytp&#8221;][\/vc_column][\/vc_row]<\/p>\n","protected":false},"author":5,"featured_media":0,"parent":0,"menu_order":0,"comment_status":"closed","ping_status":"closed","template":"","meta":[],"translation":{"provider":"WPGlobus","version":"2.12.2","language":"en","enabled_languages":["tr","en"],"languages":{"tr":{"title":true,"content":true,"excerpt":false},"en":{"title":false,"content":false,"excerpt":false}}},"yoast_head":"<!-- This site is optimized with the Yoast SEO plugin v17.4 - https:\/\/yoast.com\/wordpress\/plugins\/seo\/ -->\n<meta name=\"robots\" content=\"index, follow, max-snippet:-1, max-image-preview:large, max-video-preview:-1\" \/>\n<link rel=\"canonical\" href=\"https:\/\/uzem.omu.edu.tr\/egitim-yonetimi-teftisi-ve-planlamasi-ders-icerikleri\/\" \/>\n<meta property=\"og:locale\" content=\"en_US\" \/>\n<meta property=\"og:type\" content=\"article\" \/>\n<meta property=\"og:title\" content=\"E\u011fitim Y\u00f6netimi | Ders \u0130\u00e7erikleri - OM\u00dc Uzaktan E\u011fitim Merkezi\" \/>\n<meta property=\"og:url\" content=\"https:\/\/uzem.omu.edu.tr\/egitim-yonetimi-teftisi-ve-planlamasi-ders-icerikleri\/\" \/>\n<meta property=\"og:site_name\" content=\"OM\u00dc Uzaktan E\u011fitim Merkezi\" \/>\n<meta property=\"article:publisher\" content=\"https:\/\/www.facebook.com\/omu.uzem\" \/>\n<meta property=\"article:modified_time\" content=\"2026-04-09T10:59:26+00:00\" \/>\n<meta name=\"twitter:card\" content=\"summary_large_image\" \/>\n<meta name=\"twitter:site\" content=\"@omuuzem\" \/>\n<meta name=\"twitter:label1\" content=\"Est. reading time\" \/>\n\t<meta name=\"twitter:data1\" content=\"1 minute\" \/>\n<script type=\"application\/ld+json\" class=\"yoast-schema-graph\">{\"@context\":\"https:\/\/schema.org\",\"@graph\":[{\"@type\":\"Organization\",\"@id\":\"https:\/\/uzem.omu.edu.tr\/#organization\",\"name\":\"UZEM\",\"url\":\"https:\/\/uzem.omu.edu.tr\/\",\"sameAs\":[\"https:\/\/www.facebook.com\/omu.uzem\",\"https:\/\/www.instagram.com\/omu.uzem\/\",\"https:\/\/www.youtube.com\/channel\/UCQ6c_wjaGQcIvBKTbPrOe2A\",\"https:\/\/twitter.com\/omuuzem\"],\"logo\":{\"@type\":\"ImageObject\",\"@id\":\"https:\/\/uzem.omu.edu.tr\/#logo\",\"inLanguage\":\"en-US\",\"url\":\"https:\/\/uzem.omu.edu.tr\/wp-content\/uploads\/ulogo-1.png\",\"contentUrl\":\"https:\/\/uzem.omu.edu.tr\/wp-content\/uploads\/ulogo-1.png\",\"width\":364,\"height\":39,\"caption\":\"UZEM\"},\"image\":{\"@id\":\"https:\/\/uzem.omu.edu.tr\/#logo\"}},{\"@type\":\"WebSite\",\"@id\":\"https:\/\/uzem.omu.edu.tr\/#website\",\"url\":\"https:\/\/uzem.omu.edu.tr\/\",\"name\":\"OM\\u00dc Uzaktan E\\u011fitim Merkezi\",\"description\":\"&quot;F\\u0131rsatlar Sunar&quot;\",\"publisher\":{\"@id\":\"https:\/\/uzem.omu.edu.tr\/#organization\"},\"potentialAction\":[{\"@type\":\"SearchAction\",\"target\":{\"@type\":\"EntryPoint\",\"urlTemplate\":\"https:\/\/uzem.omu.edu.tr\/?s={search_term_string}\"},\"query-input\":\"required name=search_term_string\"}],\"inLanguage\":\"en-US\"},{\"@type\":\"WebPage\",\"@id\":\"https:\/\/uzem.omu.edu.tr\/egitim-yonetimi-teftisi-ve-planlamasi-ders-icerikleri\/#webpage\",\"url\":\"https:\/\/uzem.omu.edu.tr\/egitim-yonetimi-teftisi-ve-planlamasi-ders-icerikleri\/\",\"name\":\"E\\u011fitim Y\\u00f6netimi | Ders \\u0130\\u00e7erikleri - OM\\u00dc Uzaktan E\\u011fitim Merkezi\",\"isPartOf\":{\"@id\":\"https:\/\/uzem.omu.edu.tr\/#website\"},\"datePublished\":\"2015-05-08T12:40:14+00:00\",\"dateModified\":\"2026-04-09T10:59:26+00:00\",\"breadcrumb\":{\"@id\":\"https:\/\/uzem.omu.edu.tr\/egitim-yonetimi-teftisi-ve-planlamasi-ders-icerikleri\/#breadcrumb\"},\"inLanguage\":\"en-US\",\"potentialAction\":[{\"@type\":\"ReadAction\",\"target\":[\"https:\/\/uzem.omu.edu.tr\/egitim-yonetimi-teftisi-ve-planlamasi-ders-icerikleri\/\"]}]},{\"@type\":\"BreadcrumbList\",\"@id\":\"https:\/\/uzem.omu.edu.tr\/egitim-yonetimi-teftisi-ve-planlamasi-ders-icerikleri\/#breadcrumb\",\"itemListElement\":[{\"@type\":\"ListItem\",\"position\":1,\"name\":\"Home\",\"item\":\"https:\/\/uzem.omu.edu.tr\/\"},{\"@type\":\"ListItem\",\"position\":2,\"name\":\"E\\u011fitim Y\\u00f6netimi | Ders \\u0130\\u00e7erikleri\"}]}]}<\/script>\n<!-- \/ Yoast SEO plugin. -->","yoast_head_json":{"robots":{"index":"index","follow":"follow","max-snippet":"max-snippet:-1","max-image-preview":"max-image-preview:large","max-video-preview":"max-video-preview:-1"},"canonical":"https:\/\/uzem.omu.edu.tr\/egitim-yonetimi-teftisi-ve-planlamasi-ders-icerikleri\/","og_locale":"en_US","og_type":"article","og_title":"E\u011fitim Y\u00f6netimi | Ders \u0130\u00e7erikleri - OM\u00dc Uzaktan E\u011fitim Merkezi","og_url":"https:\/\/uzem.omu.edu.tr\/egitim-yonetimi-teftisi-ve-planlamasi-ders-icerikleri\/","og_site_name":"OM\u00dc Uzaktan E\u011fitim Merkezi","article_publisher":"https:\/\/www.facebook.com\/omu.uzem","article_modified_time":"2026-04-09T10:59:26+00:00","twitter_card":"summary_large_image","twitter_site":"@omuuzem","twitter_misc":{"Est. reading time":"1 minute"},"schema":{"@context":"https:\/\/schema.org","@graph":[{"@type":"Organization","@id":"https:\/\/uzem.omu.edu.tr\/#organization","name":"UZEM","url":"https:\/\/uzem.omu.edu.tr\/","sameAs":["https:\/\/www.facebook.com\/omu.uzem","https:\/\/www.instagram.com\/omu.uzem\/","https:\/\/www.youtube.com\/channel\/UCQ6c_wjaGQcIvBKTbPrOe2A","https:\/\/twitter.com\/omuuzem"],"logo":{"@type":"ImageObject","@id":"https:\/\/uzem.omu.edu.tr\/#logo","inLanguage":"en-US","url":"https:\/\/uzem.omu.edu.tr\/wp-content\/uploads\/ulogo-1.png","contentUrl":"https:\/\/uzem.omu.edu.tr\/wp-content\/uploads\/ulogo-1.png","width":364,"height":39,"caption":"UZEM"},"image":{"@id":"https:\/\/uzem.omu.edu.tr\/#logo"}},{"@type":"WebSite","@id":"https:\/\/uzem.omu.edu.tr\/#website","url":"https:\/\/uzem.omu.edu.tr\/","name":"OM\u00dc Uzaktan E\u011fitim Merkezi","description":"&quot;F\u0131rsatlar Sunar&quot;","publisher":{"@id":"https:\/\/uzem.omu.edu.tr\/#organization"},"potentialAction":[{"@type":"SearchAction","target":{"@type":"EntryPoint","urlTemplate":"https:\/\/uzem.omu.edu.tr\/?s={search_term_string}"},"query-input":"required name=search_term_string"}],"inLanguage":"en-US"},{"@type":"WebPage","@id":"https:\/\/uzem.omu.edu.tr\/egitim-yonetimi-teftisi-ve-planlamasi-ders-icerikleri\/#webpage","url":"https:\/\/uzem.omu.edu.tr\/egitim-yonetimi-teftisi-ve-planlamasi-ders-icerikleri\/","name":"E\u011fitim Y\u00f6netimi | Ders \u0130\u00e7erikleri - OM\u00dc Uzaktan E\u011fitim Merkezi","isPartOf":{"@id":"https:\/\/uzem.omu.edu.tr\/#website"},"datePublished":"2015-05-08T12:40:14+00:00","dateModified":"2026-04-09T10:59:26+00:00","breadcrumb":{"@id":"https:\/\/uzem.omu.edu.tr\/egitim-yonetimi-teftisi-ve-planlamasi-ders-icerikleri\/#breadcrumb"},"inLanguage":"en-US","potentialAction":[{"@type":"ReadAction","target":["https:\/\/uzem.omu.edu.tr\/egitim-yonetimi-teftisi-ve-planlamasi-ders-icerikleri\/"]}]},{"@type":"BreadcrumbList","@id":"https:\/\/uzem.omu.edu.tr\/egitim-yonetimi-teftisi-ve-planlamasi-ders-icerikleri\/#breadcrumb","itemListElement":[{"@type":"ListItem","position":1,"name":"Home","item":"https:\/\/uzem.omu.edu.tr\/"},{"@type":"ListItem","position":2,"name":"E\u011fitim Y\u00f6netimi | Ders \u0130\u00e7erikleri"}]}]}},"_links":{"self":[{"href":"https:\/\/uzem.omu.edu.tr\/en\/wp-json\/wp\/v2\/pages\/1351"}],"collection":[{"href":"https:\/\/uzem.omu.edu.tr\/en\/wp-json\/wp\/v2\/pages"}],"about":[{"href":"https:\/\/uzem.omu.edu.tr\/en\/wp-json\/wp\/v2\/types\/page"}],"author":[{"embeddable":true,"href":"https:\/\/uzem.omu.edu.tr\/en\/wp-json\/wp\/v2\/users\/5"}],"replies":[{"embeddable":true,"href":"https:\/\/uzem.omu.edu.tr\/en\/wp-json\/wp\/v2\/comments?post=1351"}],"version-history":[{"count":12,"href":"https:\/\/uzem.omu.edu.tr\/en\/wp-json\/wp\/v2\/pages\/1351\/revisions"}],"predecessor-version":[{"id":27500,"href":"https:\/\/uzem.omu.edu.tr\/en\/wp-json\/wp\/v2\/pages\/1351\/revisions\/27500"}],"wp:attachment":[{"href":"https:\/\/uzem.omu.edu.tr\/en\/wp-json\/wp\/v2\/media?parent=1351"}],"curies":[{"name":"wp","href":"https:\/\/api.w.org\/{rel}","templated":true}]}}