{"id":13442,"date":"2016-07-19T14:49:31","date_gmt":"2016-07-19T11:49:31","guid":{"rendered":"https:\/\/uzem.omu.edu.tr\/?page_id=13442"},"modified":"2026-04-14T11:35:00","modified_gmt":"2026-04-14T08:35:00","slug":"isletme-yonetimi-ders-icerikleri","status":"publish","type":"page","link":"https:\/\/uzem.omu.edu.tr\/en\/isletme-yonetimi-ders-icerikleri\/","title":{"rendered":"\u0130\u015fletme Y\u00f6netimi | Ders \u0130\u00e7erikleri"},"content":{"rendered":"<p>[vc_row css=&#8221;.vc_custom_1427462343642{margin-top: -5px !important;margin-left: 0px !important;padding-left: 0px !important;}&#8221;][vc_column width=&#8221;3\/4&#8243; css=&#8221;.vc_custom_1450099092203{margin-top: 5px !important;margin-right: 0px !important;padding-right: 0px !important;padding-left: 0px !important;}&#8221;][vc_row_inner][vc_column_inner css=&#8221;.vc_custom_1450099107735{margin-bottom: 5px !important;padding-right: 0px !important;padding-left: 0px !important;}&#8221;][vc_widget_sidebar sidebar_id=&#8221;generated_sidebar-isletme-yonetimi-ust-menu&#8221;][\/vc_column_inner][\/vc_row_inner][vc_column_text el_class=&#8221;menu-basligi&#8221;]<\/p>\n<p><strong>DERS \u0130\u00c7ER\u0130KLER\u0130<\/strong><\/p>\n<p>[\/vc_column_text][vc_column_text el_class=&#8221;menu-basligi&#8221; css=&#8221;.vc_custom_1469191824587{margin-top: 5px !important;margin-bottom: 5px !important;border-bottom-width: 5px !important;}&#8221;]<\/p>\n<p><strong>I. SINIF G\u00dcZ YARIYILI DERSLER\u0130<\/strong><\/p>\n<p>[\/vc_column_text][vc_column_text el_class=&#8221;ders-tablosu&#8221;]<\/p>\n<table width=\"654\">\n<tbody>\n<tr>\n<td width=\"56\"><strong>Kodu<\/strong><\/td>\n<td width=\"289\"><strong>Ders Ad\u0131<\/strong><\/td>\n<td width=\"45\"><strong>D+U+L<\/strong><\/td>\n<td width=\"55\"><strong>Z\/S<\/strong><\/td>\n<td width=\"209\"><strong>\u00d6\u011fretim \u00dcyesi<\/strong><\/td>\n<\/tr>\n<tr>\n<td>AT\u0130101<\/td>\n<td>Atat\u00fcrk \u0130lkeleri ve \u0130nk\u0131lap Tarihi -I<\/td>\n<td>2+0+2<\/td>\n<td>Zorunlu<\/td>\n<td width=\"209\">\u00d6\u011fr. G\u00f6r. Dr. Ercan YAL\u00c7IN<\/td>\n<\/tr>\n<tr>\n<td>TD\u0130101<\/td>\n<td>T\u00fcrk Dili -I<\/td>\n<td>2+0+2<\/td>\n<td>Zorunlu<\/td>\n<td width=\"209\">\u00d6\u011fr. G\u00f6r. Efsun Kevser KAYA<\/td>\n<\/tr>\n<tr>\n<td>YD\u0130101<\/td>\n<td>Yabanc\u0131 Dil -I<\/td>\n<td>2+0+2<\/td>\n<td>Zorunlu<\/td>\n<td width=\"209\">\u00d6\u011fr. G\u00f6r. Havva Nur YE\u015e\u0130LDA\u011e<\/td>\n<\/tr>\n<tr>\n<td>\u0130\u015eL121<\/td>\n<td>Genel \u0130\u015fletme<\/td>\n<td>2+0+2<\/td>\n<td>Zorunlu<\/td>\n<td width=\"209\">\u00d6\u011fr. G\u00f6r. Sinan EM\u0130RZEO\u011eLU<\/td>\n<\/tr>\n<tr>\n<td>\u0130\u015eL119<\/td>\n<td>Genel Muhasebe<\/td>\n<td>2+0+2<\/td>\n<td>Zorunlu<\/td>\n<td width=\"209\">\u00d6\u011fr. G\u00f6r. Ahmet G\u00dcN<\/td>\n<\/tr>\n<tr>\n<td>\u0130\u015eL123<\/td>\n<td>\u0130ktisada Giri\u015f<\/td>\n<td>1+0+1<\/td>\n<td>Zorunlu<\/td>\n<td width=\"209\">\u00d6\u011fr. G\u00f6r. Sinan EM\u0130RZEO\u011eLU<\/td>\n<\/tr>\n<tr>\n<td>\u0130\u015eL125<\/td>\n<td>B\u00fcro Y\u00f6netimi ve \u0130leti\u015fim Tek.<\/td>\n<td>1+0+1<\/td>\n<td>Zorunlu<\/td>\n<td>\u00d6\u011fr. G\u00f6r. Ahmet G\u00dcN<\/td>\n<\/tr>\n<tr>\n<td>\u0130\u015eL127<\/td>\n<td>Genel Hukuk Bilgisi<\/td>\n<td>2+0+2<\/td>\n<td>Zorunlu<\/td>\n<td>\u00d6\u011fr. G\u00f6r. Sinan EM\u0130RZEO\u011eLU<\/td>\n<\/tr>\n<tr>\n<td>\u0130\u015eL111<\/td>\n<td>Matematik<\/td>\n<td>2+0+2<\/td>\n<td>Zorunlu<\/td>\n<td>\u00d6\u011fr. G\u00f6r. Musa KARABACAK<\/td>\n<\/tr>\n<tr>\n<td>\u0130\u015eL129<\/td>\n<td>Meslek Eti\u011fi<\/td>\n<td>2+0+2<\/td>\n<td>Zorunlu<\/td>\n<td>\u00d6\u011fr. G\u00f6r. Sinan EM\u0130RZEO\u011eLU<\/td>\n<\/tr>\n<\/tbody>\n<\/table>\n<p>[\/vc_column_text][vc_column_text el_class=&#8221;menu-basligi&#8221; css=&#8221;.vc_custom_1486558395517{margin-top: 5px !important;}&#8221;]<\/p>\n<p><strong>I. SINIF BAHAR\u00a0YARIYILI DERSLER\u0130<\/strong><\/p>\n<p>[\/vc_column_text][vc_column_text el_class=&#8221;ders-tablosu&#8221;]<\/p>\n<table width=\"654\">\n<tbody>\n<tr>\n<td width=\"56\"><strong>Kodu<\/strong><\/td>\n<td width=\"289\"><strong>Ders Ad\u0131<\/strong><\/td>\n<td width=\"45\"><strong>D+U+L<\/strong><\/td>\n<td width=\"55\"><strong>Z\/S<\/strong><\/td>\n<td width=\"209\"><strong>\u00d6\u011fretim \u00dcyesi<\/strong><\/td>\n<\/tr>\n<tr>\n<td>AT\u0130102<\/td>\n<td>Atat\u00fcrk \u0130lkeleri ve \u0130nk\u0131lap Tarihi -II<\/td>\n<td>2+0+2<\/td>\n<td>Zorunlu<\/td>\n<td width=\"209\">\u00d6\u011fr. G\u00f6r. Dr. Ercan YAL\u00c7IN<\/td>\n<\/tr>\n<tr>\n<td>TD\u0130102<\/td>\n<td>T\u00fcrk Dili -II<\/td>\n<td>2+0+2<\/td>\n<td>Zorunlu<\/td>\n<td width=\"209\">\u00d6\u011fr. G\u00f6r. Efsun Kevser KAYA<\/td>\n<\/tr>\n<tr>\n<td>YD\u0130102<\/td>\n<td>Yabanc\u0131 Dil -II<\/td>\n<td>2+0+2<\/td>\n<td>Zorunlu<\/td>\n<td width=\"209\">\u00d6\u011fr. G\u00f6r. Havva Nur YE\u015e\u0130LDA\u011e<\/td>\n<\/tr>\n<tr>\n<td>\u0130\u015eL120<\/td>\n<td>D\u00f6nem Sonu Muhasebe \u0130\u015flemleri<\/td>\n<td>2+0+2<\/td>\n<td>Zorunlu<\/td>\n<td width=\"209\">\u00d6\u011fr. G\u00f6r. Ahmet G\u00dcN<\/td>\n<\/tr>\n<tr>\n<td>\u0130\u015eL104<\/td>\n<td>Makro \u0130ktisat-Ekonomi II<\/td>\n<td>2+0+2<\/td>\n<td>Zorunlu<\/td>\n<td width=\"209\">\u00d6\u011fr. G\u00f6r. Sinan EM\u0130RZEO\u011eLU<\/td>\n<\/tr>\n<tr>\n<td>\u0130\u015eL106<\/td>\n<td>Ticari Matematik<\/td>\n<td>1+0+1<\/td>\n<td>Zorunlu<\/td>\n<td width=\"209\">\u00d6\u011fr. G\u00f6r. Ahmet G\u00dcN<\/td>\n<\/tr>\n<tr>\n<td>\u0130\u015eL108<\/td>\n<td>Ticaret Hukuk Bilgisi<\/td>\n<td>1+0+1<\/td>\n<td>Zorunlu<\/td>\n<td>\u00d6\u011fr. G\u00f6r. Sinan EM\u0130RZEO\u011eLU<\/td>\n<\/tr>\n<tr>\n<td>\u0130\u015eL110<\/td>\n<td>\u0130statistik<\/td>\n<td>2+0+2<\/td>\n<td>Zorunlu<\/td>\n<td>\u00d6\u011fr. G\u00f6r. Soner MAKAS<\/td>\n<\/tr>\n<tr>\n<td>\u0130\u015eL112<\/td>\n<td>Bilgisayar B\u00fcro Programlar\u0131<\/td>\n<td>2+0+2<\/td>\n<td>Zorunlu<\/td>\n<td>\u00d6\u011fr. G\u00f6r. Sinan EM\u0130RZEO\u011eLU<\/td>\n<\/tr>\n<tr>\n<td>\u0130\u015eL116<\/td>\n<td>\u00c7evre Koruma<\/td>\n<td>2+0+2<\/td>\n<td>Zorunlu<\/td>\n<td>\u00d6\u011fr. G\u00f6r. Kevser G\u0130RG\u0130N \u00c7ATALKAYA<\/td>\n<\/tr>\n<\/tbody>\n<\/table>\n<p>[\/vc_column_text][vc_column_text el_class=&#8221;menu-basligi&#8221; css=&#8221;.vc_custom_1442319280308{margin-top: 5px !important;}&#8221;]<\/p>\n<p><strong>II. SINIF G\u00dcZ\u00a0YARIYILI DERSLER\u0130<\/strong><\/p>\n<p>[\/vc_column_text][vc_column_text el_class=&#8221;ders-tablosu&#8221;]<\/p>\n<table width=\"654\">\n<tbody>\n<tr>\n<td width=\"56\"><strong>Kodu<\/strong><\/td>\n<td width=\"289\"><strong>Ders Ad\u0131<\/strong><\/td>\n<td width=\"45\"><strong>D+U+L<\/strong><\/td>\n<td width=\"55\"><strong>Z\/S<\/strong><\/td>\n<td width=\"209\"><strong>\u00d6\u011fretim \u00dcyesi<\/strong><\/td>\n<\/tr>\n<tr>\n<td>\u0130\u015eL201<\/td>\n<td>Pazarlama \u0130lkeleri<\/td>\n<td>2+0+2<\/td>\n<td>Zorunlu<\/td>\n<td width=\"209\">\u00d6\u011fr. G\u00f6r. Yusuf \u00c7ATALKAYA<\/td>\n<\/tr>\n<tr>\n<td>\u0130\u015eL221<\/td>\n<td>Y\u00f6netim ve Organizasyon<\/td>\n<td>2+0+2<\/td>\n<td>Zorunlu<\/td>\n<td width=\"209\">\u00d6\u011fr. G\u00f6r. C\u00fcneyt MUMCU<\/td>\n<\/tr>\n<tr>\n<td>\u0130\u015eL205<\/td>\n<td>Finansal Y\u00f6netim<\/td>\n<td>2+0+2<\/td>\n<td>Zorunlu<\/td>\n<td width=\"209\">\u00d6\u011fr. G\u00f6r. Musa KARABACAK<\/td>\n<\/tr>\n<tr>\n<td>\u0130\u015eL231<\/td>\n<td>Bilgisayarl\u0131 Muhasebe<\/td>\n<td>2+0+2<\/td>\n<td>Zorunlu<\/td>\n<td width=\"209\">\u00d6\u011fr. G\u00f6r. Ahmet G\u00dcN<\/td>\n<\/tr>\n<tr>\n<td>\u0130\u015eL233<\/td>\n<td>D\u0131\u015f Ticaret \u0130\u015flemleri Y\u00f6netimi<\/td>\n<td>1+0+1<\/td>\n<td>Zorunlu<\/td>\n<td width=\"209\">\u00d6\u011fr. G\u00f6r. C\u00fcneyt MUMCU<\/td>\n<\/tr>\n<tr>\n<td>\u0130\u015eL225<\/td>\n<td>Halkla \u0130li\u015fkiler<\/td>\n<td>1+0+1<\/td>\n<td>Zorunlu<\/td>\n<td>\u00d6\u011fr. G\u00f6r. Sinan EM\u0130RZEO\u011eLU<\/td>\n<\/tr>\n<tr>\n<td>\u0130\u015eL227<\/td>\n<td>Toplam Kalite Y\u00f6netimi<\/td>\n<td>1+0+1<\/td>\n<td>Zorunlu<\/td>\n<td><\/td>\n<\/tr>\n<tr>\n<td>\u0130\u015eL125<\/td>\n<td>B\u00fcro Y\u00f6netimi ve \u0130leti\u015fim Teknikleri<\/td>\n<td>2+0+2<\/td>\n<td>Zorunlu<\/td>\n<td>\u00d6\u011fr. G\u00f6r. Ahmet G\u00dcN<\/td>\n<\/tr>\n<tr>\n<td>BIY100<\/td>\n<td>Kalite G\u00fcvencesi ve Toplam Kalite Y\u00f6netimi<\/td>\n<td>2+0+2<\/td>\n<td>Zorunlu<\/td>\n<td><\/td>\n<\/tr>\n<\/tbody>\n<\/table>\n<p>[\/vc_column_text][vc_column_text el_class=&#8221;menu-basligi&#8221; css=&#8221;.vc_custom_1442320046074{margin-top: 5px !important;}&#8221;]<\/p>\n<p><strong>II. SINIF BAHAR\u00a0YARIYILI DERSLER\u0130<\/strong><\/p>\n<p>[\/vc_column_text][vc_column_text el_class=&#8221;ders-tablosu&#8221;]<\/p>\n<table width=\"654\">\n<tbody>\n<tr>\n<td width=\"56\"><strong>Kodu<\/strong><\/td>\n<td width=\"289\"><strong>Ders Ad\u0131<\/strong><\/td>\n<td width=\"45\"><strong>D+U+L<\/strong><\/td>\n<td width=\"55\"><strong>Z\/S<\/strong><\/td>\n<td width=\"209\"><strong>\u00d6\u011fretim \u00dcyesi<\/strong><\/td>\n<\/tr>\n<tr>\n<td>\u0130\u015eL206<\/td>\n<td>Giri\u015fimcilik ve K\u00fc\u00e7\u00fck \u0130\u015fletme Y\u00f6n.<\/td>\n<td>2+0+2<\/td>\n<td>Zorunlu<\/td>\n<td width=\"209\">\u00d6\u011fr. G\u00f6r. Sinan EM\u0130RZEO\u011eLU<\/td>\n<\/tr>\n<tr>\n<td>\u0130\u015eL224<\/td>\n<td>\u00dcretim Y\u00f6netimi<\/td>\n<td>3+0+3<\/td>\n<td>Zorunlu<\/td>\n<td width=\"209\">\u00d6\u011fr. G\u00f6r. Sinan EM\u0130RZEO\u011eLU<\/td>\n<\/tr>\n<tr>\n<td>\u0130\u015eL212<\/td>\n<td>Elektronik Ticaret<\/td>\n<td>2+0+2<\/td>\n<td>Zorunlu<\/td>\n<td width=\"209\">\u00d6\u011fr. G\u00f6r. C\u00fcneyt MUMCU<\/td>\n<\/tr>\n<tr>\n<td>\u0130\u015eL226<\/td>\n<td>\u0130\u015f ve Sosyal G\u00fcvenlik Hukuku<\/td>\n<td>3+0+3<\/td>\n<td>Zorunlu<\/td>\n<td width=\"209\">\u00d6\u011fr. G\u00f6r. C\u00fcneyt MUMCU<\/td>\n<\/tr>\n<tr>\n<td>\u0130\u015eL211<\/td>\n<td>E\u011flence ve Tatil Y\u00f6netimi<\/td>\n<td>2+0+2<\/td>\n<td>Zorunlu<\/td>\n<td width=\"209\">\u00d6\u011fr. G\u00f6r.\u00a0Yusuf \u00c7ATALKAYA<\/td>\n<\/tr>\n<tr>\n<td>\u0130\u015eL222<\/td>\n<td>\u0130nsan Kaynaklar\u0131 Y\u00f6netimi<\/td>\n<td>1+0+1<\/td>\n<td>Zorunlu<\/td>\n<td width=\"209\">\u00d6\u011fr. G\u00f6r. Cemile A\u00c7IKALIN<\/td>\n<\/tr>\n<tr>\n<td>\u0130\u015eL220<\/td>\n<td>Y\u00f6nlendirilmi\u015f \u00c7al\u0131\u015fma II<\/td>\n<td>2+0+2<\/td>\n<td>Zorunlu<\/td>\n<td>\u00d6\u011fr. G\u00f6r. Halil YAMAK<\/td>\n<\/tr>\n<tr>\n<td>\u0130\u015eL232<\/td>\n<td>\u0130\u015fletmecilikte G\u00fcncel Konular<\/td>\n<td>2+0+2<\/td>\n<td>Zorunlu<\/td>\n<td>\u00d6\u011fr. G\u00f6r. Sinan EM\u0130RZEO\u011eLU<\/td>\n<\/tr>\n<tr>\n<td>\u0130\u015eL228<\/td>\n<td>T\u00fcketici Davran\u0131\u015flar\u0131<\/td>\n<td>2+0+2<\/td>\n<td>Zorunlu<\/td>\n<td>\u00d6\u011fr. G\u00f6r. C\u00fcneyt MUMCU<\/td>\n<\/tr>\n<\/tbody>\n<\/table>\n<p>[\/vc_column_text][\/vc_column][vc_column width=&#8221;1\/4&#8243; css=&#8221;.vc_custom_1433424546160{margin-top: 20px !important;padding-right: 0px !important;}&#8221;][vc_widget_sidebar sidebar_id=&#8221;generated_sidebar-isletme-yonetimi-yan-menu&#8221;][\/vc_column][\/vc_row]<\/p>\n","protected":false},"excerpt":{"rendered":"<p>[vc_row css=&#8221;.vc_custom_1427462343642{margin-top: -5px !important;margin-left: 0px !important;padding-left: 0px !important;}&#8221;][vc_column width=&#8221;3\/4&#8243; css=&#8221;.vc_custom_1450099092203{margin-top: 5px !important;margin-right: 0px !important;padding-right: 0px !important;padding-left: 0px !important;}&#8221;][vc_row_inner][vc_column_inner css=&#8221;.vc_custom_1450099107735{margin-bottom: 5px !important;padding-right: 0px !important;padding-left: 0px !important;}&#8221;][vc_widget_sidebar sidebar_id=&#8221;generated_sidebar-isletme-yonetimi-ust-menu&#8221;][\/vc_column_inner][\/vc_row_inner][vc_column_text el_class=&#8221;menu-basligi&#8221;] DERS \u0130\u00c7ER\u0130KLER\u0130 [\/vc_column_text][vc_column_text el_class=&#8221;menu-basligi&#8221; css=&#8221;.vc_custom_1469191824587{margin-top: 5px !important;margin-bottom: 5px !important;border-bottom-width: 5px !important;}&#8221;] I. SINIF G\u00dcZ YARIYILI DERSLER\u0130 [\/vc_column_text][vc_column_text el_class=&#8221;ders-tablosu&#8221;] Kodu Ders Ad\u0131 D+U+L Z\/S \u00d6\u011fretim \u00dcyesi AT\u0130101 Atat\u00fcrk \u0130lkeleri ve \u0130nk\u0131lap Tarihi -I 2+0+2 Zorunlu \u00d6\u011fr. G\u00f6r. Dr. Ercan YAL\u00c7IN TD\u0130101 T\u00fcrk Dili -I 2+0+2 Zorunlu \u00d6\u011fr. G\u00f6r. Efsun Kevser KAYA YD\u0130101 Yabanc\u0131 Dil -I 2+0+2 Zorunlu \u00d6\u011fr. G\u00f6r. Havva Nur YE\u015e\u0130LDA\u011e \u0130\u015eL121 Genel \u0130\u015fletme 2+0+2 Zorunlu \u00d6\u011fr. G\u00f6r. Sinan EM\u0130RZEO\u011eLU \u0130\u015eL119 Genel Muhasebe 2+0+2 Zorunlu \u00d6\u011fr. G\u00f6r. Ahmet G\u00dcN \u0130\u015eL123 \u0130ktisada Giri\u015f 1+0+1 Zorunlu \u00d6\u011fr. G\u00f6r. Sinan EM\u0130RZEO\u011eLU \u0130\u015eL125 B\u00fcro Y\u00f6netimi ve \u0130leti\u015fim Tek. 1+0+1 Zorunlu \u00d6\u011fr. G\u00f6r. Ahmet G\u00dcN \u0130\u015eL127 Genel Hukuk Bilgisi 2+0+2 Zorunlu \u00d6\u011fr. G\u00f6r. Sinan EM\u0130RZEO\u011eLU \u0130\u015eL111 Matematik 2+0+2 Zorunlu \u00d6\u011fr. G\u00f6r. Musa KARABACAK \u0130\u015eL129 Meslek Eti\u011fi 2+0+2 Zorunlu \u00d6\u011fr. G\u00f6r. Sinan EM\u0130RZEO\u011eLU [\/vc_column_text][vc_column_text el_class=&#8221;menu-basligi&#8221; css=&#8221;.vc_custom_1486558395517{margin-top: 5px !important;}&#8221;] I. SINIF BAHAR\u00a0YARIYILI DERSLER\u0130 [\/vc_column_text][vc_column_text el_class=&#8221;ders-tablosu&#8221;] Kodu Ders Ad\u0131 D+U+L Z\/S \u00d6\u011fretim \u00dcyesi AT\u0130102 Atat\u00fcrk \u0130lkeleri ve \u0130nk\u0131lap Tarihi -II 2+0+2 Zorunlu \u00d6\u011fr. G\u00f6r. Dr. Ercan YAL\u00c7IN TD\u0130102 T\u00fcrk Dili -II 2+0+2 Zorunlu \u00d6\u011fr. G\u00f6r. Efsun Kevser KAYA YD\u0130102 Yabanc\u0131 Dil -II 2+0+2 Zorunlu \u00d6\u011fr. G\u00f6r. Havva Nur YE\u015e\u0130LDA\u011e \u0130\u015eL120 D\u00f6nem Sonu Muhasebe \u0130\u015flemleri 2+0+2 Zorunlu \u00d6\u011fr. G\u00f6r. Ahmet G\u00dcN \u0130\u015eL104 Makro \u0130ktisat-Ekonomi II 2+0+2 Zorunlu \u00d6\u011fr. G\u00f6r. Sinan EM\u0130RZEO\u011eLU \u0130\u015eL106 Ticari Matematik 1+0+1 Zorunlu \u00d6\u011fr. G\u00f6r. Ahmet G\u00dcN \u0130\u015eL108 Ticaret Hukuk Bilgisi 1+0+1 Zorunlu \u00d6\u011fr. G\u00f6r. Sinan EM\u0130RZEO\u011eLU \u0130\u015eL110 \u0130statistik [&hellip;]<\/p>\n","protected":false},"author":11,"featured_media":0,"parent":0,"menu_order":0,"comment_status":"closed","ping_status":"closed","template":"","meta":[],"translation":{"provider":"WPGlobus","version":"2.12.2","language":"en","enabled_languages":["tr","en"],"languages":{"tr":{"title":true,"content":true,"excerpt":false},"en":{"title":false,"content":false,"excerpt":false}}},"yoast_head":"<!-- This site is optimized with the Yoast SEO plugin v17.4 - https:\/\/yoast.com\/wordpress\/plugins\/seo\/ -->\n<meta name=\"robots\" content=\"index, follow, max-snippet:-1, max-image-preview:large, max-video-preview:-1\" \/>\n<link rel=\"canonical\" href=\"https:\/\/uzem.omu.edu.tr\/isletme-yonetimi-ders-icerikleri\/\" \/>\n<meta property=\"og:locale\" content=\"en_US\" \/>\n<meta property=\"og:type\" content=\"article\" \/>\n<meta property=\"og:title\" content=\"\u0130\u015fletme Y\u00f6netimi | Ders \u0130\u00e7erikleri - OM\u00dc Uzaktan E\u011fitim Merkezi\" \/>\n<meta property=\"og:url\" content=\"https:\/\/uzem.omu.edu.tr\/isletme-yonetimi-ders-icerikleri\/\" \/>\n<meta property=\"og:site_name\" content=\"OM\u00dc Uzaktan E\u011fitim Merkezi\" \/>\n<meta property=\"article:publisher\" content=\"https:\/\/www.facebook.com\/omu.uzem\" \/>\n<meta property=\"article:modified_time\" content=\"2026-04-14T08:35:00+00:00\" \/>\n<meta name=\"twitter:card\" content=\"summary_large_image\" \/>\n<meta name=\"twitter:site\" content=\"@omuuzem\" \/>\n<meta name=\"twitter:label1\" content=\"Est. reading time\" \/>\n\t<meta name=\"twitter:data1\" content=\"3 minutes\" \/>\n<script type=\"application\/ld+json\" class=\"yoast-schema-graph\">{\"@context\":\"https:\/\/schema.org\",\"@graph\":[{\"@type\":\"Organization\",\"@id\":\"https:\/\/uzem.omu.edu.tr\/#organization\",\"name\":\"UZEM\",\"url\":\"https:\/\/uzem.omu.edu.tr\/\",\"sameAs\":[\"https:\/\/www.facebook.com\/omu.uzem\",\"https:\/\/www.instagram.com\/omu.uzem\/\",\"https:\/\/www.youtube.com\/channel\/UCQ6c_wjaGQcIvBKTbPrOe2A\",\"https:\/\/twitter.com\/omuuzem\"],\"logo\":{\"@type\":\"ImageObject\",\"@id\":\"https:\/\/uzem.omu.edu.tr\/#logo\",\"inLanguage\":\"en-US\",\"url\":\"https:\/\/uzem.omu.edu.tr\/wp-content\/uploads\/ulogo-1.png\",\"contentUrl\":\"https:\/\/uzem.omu.edu.tr\/wp-content\/uploads\/ulogo-1.png\",\"width\":364,\"height\":39,\"caption\":\"UZEM\"},\"image\":{\"@id\":\"https:\/\/uzem.omu.edu.tr\/#logo\"}},{\"@type\":\"WebSite\",\"@id\":\"https:\/\/uzem.omu.edu.tr\/#website\",\"url\":\"https:\/\/uzem.omu.edu.tr\/\",\"name\":\"OM\\u00dc Uzaktan E\\u011fitim Merkezi\",\"description\":\"&quot;F\\u0131rsatlar Sunar&quot;\",\"publisher\":{\"@id\":\"https:\/\/uzem.omu.edu.tr\/#organization\"},\"potentialAction\":[{\"@type\":\"SearchAction\",\"target\":{\"@type\":\"EntryPoint\",\"urlTemplate\":\"https:\/\/uzem.omu.edu.tr\/?s={search_term_string}\"},\"query-input\":\"required name=search_term_string\"}],\"inLanguage\":\"en-US\"},{\"@type\":\"WebPage\",\"@id\":\"https:\/\/uzem.omu.edu.tr\/isletme-yonetimi-ders-icerikleri\/#webpage\",\"url\":\"https:\/\/uzem.omu.edu.tr\/isletme-yonetimi-ders-icerikleri\/\",\"name\":\"\\u0130\\u015fletme Y\\u00f6netimi | Ders \\u0130\\u00e7erikleri - OM\\u00dc Uzaktan E\\u011fitim Merkezi\",\"isPartOf\":{\"@id\":\"https:\/\/uzem.omu.edu.tr\/#website\"},\"datePublished\":\"2016-07-19T11:49:31+00:00\",\"dateModified\":\"2026-04-14T08:35:00+00:00\",\"breadcrumb\":{\"@id\":\"https:\/\/uzem.omu.edu.tr\/isletme-yonetimi-ders-icerikleri\/#breadcrumb\"},\"inLanguage\":\"en-US\",\"potentialAction\":[{\"@type\":\"ReadAction\",\"target\":[\"https:\/\/uzem.omu.edu.tr\/isletme-yonetimi-ders-icerikleri\/\"]}]},{\"@type\":\"BreadcrumbList\",\"@id\":\"https:\/\/uzem.omu.edu.tr\/isletme-yonetimi-ders-icerikleri\/#breadcrumb\",\"itemListElement\":[{\"@type\":\"ListItem\",\"position\":1,\"name\":\"Home\",\"item\":\"https:\/\/uzem.omu.edu.tr\/\"},{\"@type\":\"ListItem\",\"position\":2,\"name\":\"\\u0130\\u015fletme Y\\u00f6netimi | Ders \\u0130\\u00e7erikleri\"}]}]}<\/script>\n<!-- \/ Yoast SEO plugin. -->","yoast_head_json":{"robots":{"index":"index","follow":"follow","max-snippet":"max-snippet:-1","max-image-preview":"max-image-preview:large","max-video-preview":"max-video-preview:-1"},"canonical":"https:\/\/uzem.omu.edu.tr\/isletme-yonetimi-ders-icerikleri\/","og_locale":"en_US","og_type":"article","og_title":"\u0130\u015fletme Y\u00f6netimi | Ders \u0130\u00e7erikleri - OM\u00dc Uzaktan E\u011fitim Merkezi","og_url":"https:\/\/uzem.omu.edu.tr\/isletme-yonetimi-ders-icerikleri\/","og_site_name":"OM\u00dc Uzaktan E\u011fitim Merkezi","article_publisher":"https:\/\/www.facebook.com\/omu.uzem","article_modified_time":"2026-04-14T08:35:00+00:00","twitter_card":"summary_large_image","twitter_site":"@omuuzem","twitter_misc":{"Est. reading time":"3 minutes"},"schema":{"@context":"https:\/\/schema.org","@graph":[{"@type":"Organization","@id":"https:\/\/uzem.omu.edu.tr\/#organization","name":"UZEM","url":"https:\/\/uzem.omu.edu.tr\/","sameAs":["https:\/\/www.facebook.com\/omu.uzem","https:\/\/www.instagram.com\/omu.uzem\/","https:\/\/www.youtube.com\/channel\/UCQ6c_wjaGQcIvBKTbPrOe2A","https:\/\/twitter.com\/omuuzem"],"logo":{"@type":"ImageObject","@id":"https:\/\/uzem.omu.edu.tr\/#logo","inLanguage":"en-US","url":"https:\/\/uzem.omu.edu.tr\/wp-content\/uploads\/ulogo-1.png","contentUrl":"https:\/\/uzem.omu.edu.tr\/wp-content\/uploads\/ulogo-1.png","width":364,"height":39,"caption":"UZEM"},"image":{"@id":"https:\/\/uzem.omu.edu.tr\/#logo"}},{"@type":"WebSite","@id":"https:\/\/uzem.omu.edu.tr\/#website","url":"https:\/\/uzem.omu.edu.tr\/","name":"OM\u00dc Uzaktan E\u011fitim Merkezi","description":"&quot;F\u0131rsatlar Sunar&quot;","publisher":{"@id":"https:\/\/uzem.omu.edu.tr\/#organization"},"potentialAction":[{"@type":"SearchAction","target":{"@type":"EntryPoint","urlTemplate":"https:\/\/uzem.omu.edu.tr\/?s={search_term_string}"},"query-input":"required name=search_term_string"}],"inLanguage":"en-US"},{"@type":"WebPage","@id":"https:\/\/uzem.omu.edu.tr\/isletme-yonetimi-ders-icerikleri\/#webpage","url":"https:\/\/uzem.omu.edu.tr\/isletme-yonetimi-ders-icerikleri\/","name":"\u0130\u015fletme Y\u00f6netimi | Ders \u0130\u00e7erikleri - OM\u00dc Uzaktan E\u011fitim Merkezi","isPartOf":{"@id":"https:\/\/uzem.omu.edu.tr\/#website"},"datePublished":"2016-07-19T11:49:31+00:00","dateModified":"2026-04-14T08:35:00+00:00","breadcrumb":{"@id":"https:\/\/uzem.omu.edu.tr\/isletme-yonetimi-ders-icerikleri\/#breadcrumb"},"inLanguage":"en-US","potentialAction":[{"@type":"ReadAction","target":["https:\/\/uzem.omu.edu.tr\/isletme-yonetimi-ders-icerikleri\/"]}]},{"@type":"BreadcrumbList","@id":"https:\/\/uzem.omu.edu.tr\/isletme-yonetimi-ders-icerikleri\/#breadcrumb","itemListElement":[{"@type":"ListItem","position":1,"name":"Home","item":"https:\/\/uzem.omu.edu.tr\/"},{"@type":"ListItem","position":2,"name":"\u0130\u015fletme Y\u00f6netimi | Ders \u0130\u00e7erikleri"}]}]}},"_links":{"self":[{"href":"https:\/\/uzem.omu.edu.tr\/en\/wp-json\/wp\/v2\/pages\/13442"}],"collection":[{"href":"https:\/\/uzem.omu.edu.tr\/en\/wp-json\/wp\/v2\/pages"}],"about":[{"href":"https:\/\/uzem.omu.edu.tr\/en\/wp-json\/wp\/v2\/types\/page"}],"author":[{"embeddable":true,"href":"https:\/\/uzem.omu.edu.tr\/en\/wp-json\/wp\/v2\/users\/11"}],"replies":[{"embeddable":true,"href":"https:\/\/uzem.omu.edu.tr\/en\/wp-json\/wp\/v2\/comments?post=13442"}],"version-history":[{"count":24,"href":"https:\/\/uzem.omu.edu.tr\/en\/wp-json\/wp\/v2\/pages\/13442\/revisions"}],"predecessor-version":[{"id":27533,"href":"https:\/\/uzem.omu.edu.tr\/en\/wp-json\/wp\/v2\/pages\/13442\/revisions\/27533"}],"wp:attachment":[{"href":"https:\/\/uzem.omu.edu.tr\/en\/wp-json\/wp\/v2\/media?parent=13442"}],"curies":[{"name":"wp","href":"https:\/\/api.w.org\/{rel}","templated":true}]}}