{"id":1344,"date":"2015-05-08T12:36:27","date_gmt":"2015-05-08T12:36:27","guid":{"rendered":"https:\/\/uzem.omu.edu.tr\/?page_id=1344"},"modified":"2024-12-04T15:39:13","modified_gmt":"2024-12-04T12:39:13","slug":"egitim-yonetimi-teftisi-ve-planlamasi-akademik-kadro","status":"publish","type":"page","link":"https:\/\/uzem.omu.edu.tr\/en\/egitim-yonetimi-teftisi-ve-planlamasi-akademik-kadro\/","title":{"rendered":"E\u011fitim Y\u00f6netimi Tefti\u015fi ve Planlamas\u0131 | Akademik Kadro"},"content":{"rendered":"<p>[vc_row css=&#8221;.vc_custom_1427462343642{margin-top: -5px !important;margin-left: 0px !important;padding-left: 0px !important;}&#8221;][vc_column width=&#8221;3\/4&#8243; css=&#8221;.vc_custom_1450095752003{margin-top: 5px !important;margin-right: 0px !important;padding-right: 0px !important;padding-left: 0px !important;}&#8221;][vc_row_inner][vc_column_inner css=&#8221;.vc_custom_1450095767341{margin-bottom: 5px !important;padding-right: 0px !important;padding-left: 0px !important;}&#8221;][vc_widget_sidebar sidebar_id=&#8221;generated_sidebar-eytp-ust-menu&#8221;][\/vc_column_inner][\/vc_row_inner][vc_column_text el_class=&#8221;menu-basligi&#8221;]AKADEM\u0130K KADRO[\/vc_column_text][vc_column_text el_class=&#8221;ders-tablosu&#8221;]<\/p>\n<table width=\"432\">\n<tbody>\n<tr>\n<td width=\"213\">Birim Koordinat\u00f6r\u00fc<\/td>\n<td>PROF. DR. AHMET KABAK<\/td>\n<\/tr>\n<tr>\n<td>Program Koordinat\u00f6r\u00fc<\/td>\n<td>PROF. DR. CEVAT ELMA<\/td>\n<\/tr>\n<tr>\n<td>\u00d6\u011fretim \u00dcyesi<\/td>\n<td>DO\u00c7. DR. Y\u00dcKSEL G\u00dcND\u00dcZ<\/td>\n<\/tr>\n<tr>\n<td>\u00d6\u011fretim \u00dcyesi<\/td>\n<td>PROF. DR. \u0130BRAH\u0130M G\u00dcL<\/td>\n<\/tr>\n<tr>\n<td>\u00d6\u011fretim \u00dcyesi<\/td>\n<td>DR. \u00d6\u011eR. \u00dcYES\u0130 H\u00dcSEY\u0130N ASLAN<\/td>\n<\/tr>\n<tr>\n<td>\u00d6\u011fretim \u00dcyesi<\/td>\n<td>DR. \u00d6\u011eR. \u00dcYES\u0130 AY\u015eE KAZANCI TINMAZ<\/td>\n<\/tr>\n<\/tbody>\n<\/table>\n<p>[\/vc_column_text][\/vc_column][vc_column width=&#8221;1\/4&#8243; css=&#8221;.vc_custom_1433424173622{margin-top: 20px !important;padding-right: 0px !important;}&#8221;][vc_widget_sidebar sidebar_id=&#8221;generated_sidebar-eytp&#8221;][\/vc_column][\/vc_row]<\/p>\n","protected":false},"excerpt":{"rendered":"<p>[vc_row css=&#8221;.vc_custom_1427462343642{margin-top: -5px !important;margin-left: 0px !important;padding-left: 0px !important;}&#8221;][vc_column width=&#8221;3\/4&#8243; css=&#8221;.vc_custom_1450095752003{margin-top: 5px !important;margin-right: 0px !important;padding-right: 0px !important;padding-left: 0px !important;}&#8221;][vc_row_inner][vc_column_inner css=&#8221;.vc_custom_1450095767341{margin-bottom: 5px !important;padding-right: 0px !important;padding-left: 0px !important;}&#8221;][vc_widget_sidebar sidebar_id=&#8221;generated_sidebar-eytp-ust-menu&#8221;][\/vc_column_inner][\/vc_row_inner][vc_column_text el_class=&#8221;menu-basligi&#8221;]AKADEM\u0130K KADRO[\/vc_column_text][vc_column_text el_class=&#8221;ders-tablosu&#8221;] Birim Koordinat\u00f6r\u00fc PROF. DR. AHMET KABAK Program Koordinat\u00f6r\u00fc PROF. DR. CEVAT ELMA \u00d6\u011fretim \u00dcyesi DO\u00c7. DR. Y\u00dcKSEL G\u00dcND\u00dcZ \u00d6\u011fretim \u00dcyesi PROF. DR. \u0130BRAH\u0130M G\u00dcL \u00d6\u011fretim \u00dcyesi DR. \u00d6\u011eR. \u00dcYES\u0130 H\u00dcSEY\u0130N ASLAN \u00d6\u011fretim \u00dcyesi DR. \u00d6\u011eR. \u00dcYES\u0130 AY\u015eE KAZANCI TINMAZ [\/vc_column_text][\/vc_column][vc_column width=&#8221;1\/4&#8243; css=&#8221;.vc_custom_1433424173622{margin-top: 20px !important;padding-right: 0px !important;}&#8221;][vc_widget_sidebar sidebar_id=&#8221;generated_sidebar-eytp&#8221;][\/vc_column][\/vc_row]<\/p>\n","protected":false},"author":5,"featured_media":0,"parent":0,"menu_order":0,"comment_status":"closed","ping_status":"closed","template":"","meta":[],"translation":{"provider":"WPGlobus","version":"2.12.2","language":"en","enabled_languages":["tr","en"],"languages":{"tr":{"title":true,"content":true,"excerpt":false},"en":{"title":false,"content":false,"excerpt":false}}},"yoast_head":"<!-- This site is optimized with the Yoast SEO plugin v17.4 - https:\/\/yoast.com\/wordpress\/plugins\/seo\/ -->\n<meta name=\"robots\" content=\"index, follow, max-snippet:-1, max-image-preview:large, max-video-preview:-1\" \/>\n<link rel=\"canonical\" href=\"https:\/\/uzem.omu.edu.tr\/egitim-yonetimi-teftisi-ve-planlamasi-akademik-kadro\/\" \/>\n<meta property=\"og:locale\" content=\"en_US\" \/>\n<meta property=\"og:type\" content=\"article\" \/>\n<meta property=\"og:title\" content=\"E\u011fitim Y\u00f6netimi Tefti\u015fi ve Planlamas\u0131 | Akademik Kadro - OM\u00dc Uzaktan E\u011fitim Merkezi\" \/>\n<meta property=\"og:url\" content=\"https:\/\/uzem.omu.edu.tr\/egitim-yonetimi-teftisi-ve-planlamasi-akademik-kadro\/\" \/>\n<meta property=\"og:site_name\" content=\"OM\u00dc Uzaktan E\u011fitim Merkezi\" \/>\n<meta property=\"article:publisher\" content=\"https:\/\/www.facebook.com\/omu.uzem\" \/>\n<meta property=\"article:modified_time\" content=\"2024-12-04T12:39:13+00:00\" \/>\n<meta name=\"twitter:card\" content=\"summary_large_image\" \/>\n<meta name=\"twitter:site\" content=\"@omuuzem\" \/>\n<meta name=\"twitter:label1\" content=\"Est. reading time\" \/>\n\t<meta name=\"twitter:data1\" content=\"1 minute\" \/>\n<script type=\"application\/ld+json\" class=\"yoast-schema-graph\">{\"@context\":\"https:\/\/schema.org\",\"@graph\":[{\"@type\":\"Organization\",\"@id\":\"https:\/\/uzem.omu.edu.tr\/#organization\",\"name\":\"UZEM\",\"url\":\"https:\/\/uzem.omu.edu.tr\/\",\"sameAs\":[\"https:\/\/www.facebook.com\/omu.uzem\",\"https:\/\/www.instagram.com\/omu.uzem\/\",\"https:\/\/www.youtube.com\/channel\/UCQ6c_wjaGQcIvBKTbPrOe2A\",\"https:\/\/twitter.com\/omuuzem\"],\"logo\":{\"@type\":\"ImageObject\",\"@id\":\"https:\/\/uzem.omu.edu.tr\/#logo\",\"inLanguage\":\"en-US\",\"url\":\"https:\/\/uzem.omu.edu.tr\/wp-content\/uploads\/ulogo-1.png\",\"contentUrl\":\"https:\/\/uzem.omu.edu.tr\/wp-content\/uploads\/ulogo-1.png\",\"width\":364,\"height\":39,\"caption\":\"UZEM\"},\"image\":{\"@id\":\"https:\/\/uzem.omu.edu.tr\/#logo\"}},{\"@type\":\"WebSite\",\"@id\":\"https:\/\/uzem.omu.edu.tr\/#website\",\"url\":\"https:\/\/uzem.omu.edu.tr\/\",\"name\":\"OM\\u00dc Uzaktan E\\u011fitim Merkezi\",\"description\":\"&quot;F\\u0131rsatlar Sunar&quot;\",\"publisher\":{\"@id\":\"https:\/\/uzem.omu.edu.tr\/#organization\"},\"potentialAction\":[{\"@type\":\"SearchAction\",\"target\":{\"@type\":\"EntryPoint\",\"urlTemplate\":\"https:\/\/uzem.omu.edu.tr\/?s={search_term_string}\"},\"query-input\":\"required name=search_term_string\"}],\"inLanguage\":\"en-US\"},{\"@type\":\"WebPage\",\"@id\":\"https:\/\/uzem.omu.edu.tr\/egitim-yonetimi-teftisi-ve-planlamasi-akademik-kadro\/#webpage\",\"url\":\"https:\/\/uzem.omu.edu.tr\/egitim-yonetimi-teftisi-ve-planlamasi-akademik-kadro\/\",\"name\":\"E\\u011fitim Y\\u00f6netimi Tefti\\u015fi ve Planlamas\\u0131 | Akademik Kadro - OM\\u00dc Uzaktan E\\u011fitim Merkezi\",\"isPartOf\":{\"@id\":\"https:\/\/uzem.omu.edu.tr\/#website\"},\"datePublished\":\"2015-05-08T12:36:27+00:00\",\"dateModified\":\"2024-12-04T12:39:13+00:00\",\"breadcrumb\":{\"@id\":\"https:\/\/uzem.omu.edu.tr\/egitim-yonetimi-teftisi-ve-planlamasi-akademik-kadro\/#breadcrumb\"},\"inLanguage\":\"en-US\",\"potentialAction\":[{\"@type\":\"ReadAction\",\"target\":[\"https:\/\/uzem.omu.edu.tr\/egitim-yonetimi-teftisi-ve-planlamasi-akademik-kadro\/\"]}]},{\"@type\":\"BreadcrumbList\",\"@id\":\"https:\/\/uzem.omu.edu.tr\/egitim-yonetimi-teftisi-ve-planlamasi-akademik-kadro\/#breadcrumb\",\"itemListElement\":[{\"@type\":\"ListItem\",\"position\":1,\"name\":\"Home\",\"item\":\"https:\/\/uzem.omu.edu.tr\/\"},{\"@type\":\"ListItem\",\"position\":2,\"name\":\"E\\u011fitim Y\\u00f6netimi Tefti\\u015fi ve Planlamas\\u0131 | Akademik Kadro\"}]}]}<\/script>\n<!-- \/ Yoast SEO plugin. -->","yoast_head_json":{"robots":{"index":"index","follow":"follow","max-snippet":"max-snippet:-1","max-image-preview":"max-image-preview:large","max-video-preview":"max-video-preview:-1"},"canonical":"https:\/\/uzem.omu.edu.tr\/egitim-yonetimi-teftisi-ve-planlamasi-akademik-kadro\/","og_locale":"en_US","og_type":"article","og_title":"E\u011fitim Y\u00f6netimi Tefti\u015fi ve Planlamas\u0131 | Akademik Kadro - OM\u00dc Uzaktan E\u011fitim Merkezi","og_url":"https:\/\/uzem.omu.edu.tr\/egitim-yonetimi-teftisi-ve-planlamasi-akademik-kadro\/","og_site_name":"OM\u00dc Uzaktan E\u011fitim Merkezi","article_publisher":"https:\/\/www.facebook.com\/omu.uzem","article_modified_time":"2024-12-04T12:39:13+00:00","twitter_card":"summary_large_image","twitter_site":"@omuuzem","twitter_misc":{"Est. reading time":"1 minute"},"schema":{"@context":"https:\/\/schema.org","@graph":[{"@type":"Organization","@id":"https:\/\/uzem.omu.edu.tr\/#organization","name":"UZEM","url":"https:\/\/uzem.omu.edu.tr\/","sameAs":["https:\/\/www.facebook.com\/omu.uzem","https:\/\/www.instagram.com\/omu.uzem\/","https:\/\/www.youtube.com\/channel\/UCQ6c_wjaGQcIvBKTbPrOe2A","https:\/\/twitter.com\/omuuzem"],"logo":{"@type":"ImageObject","@id":"https:\/\/uzem.omu.edu.tr\/#logo","inLanguage":"en-US","url":"https:\/\/uzem.omu.edu.tr\/wp-content\/uploads\/ulogo-1.png","contentUrl":"https:\/\/uzem.omu.edu.tr\/wp-content\/uploads\/ulogo-1.png","width":364,"height":39,"caption":"UZEM"},"image":{"@id":"https:\/\/uzem.omu.edu.tr\/#logo"}},{"@type":"WebSite","@id":"https:\/\/uzem.omu.edu.tr\/#website","url":"https:\/\/uzem.omu.edu.tr\/","name":"OM\u00dc Uzaktan E\u011fitim Merkezi","description":"&quot;F\u0131rsatlar Sunar&quot;","publisher":{"@id":"https:\/\/uzem.omu.edu.tr\/#organization"},"potentialAction":[{"@type":"SearchAction","target":{"@type":"EntryPoint","urlTemplate":"https:\/\/uzem.omu.edu.tr\/?s={search_term_string}"},"query-input":"required name=search_term_string"}],"inLanguage":"en-US"},{"@type":"WebPage","@id":"https:\/\/uzem.omu.edu.tr\/egitim-yonetimi-teftisi-ve-planlamasi-akademik-kadro\/#webpage","url":"https:\/\/uzem.omu.edu.tr\/egitim-yonetimi-teftisi-ve-planlamasi-akademik-kadro\/","name":"E\u011fitim Y\u00f6netimi Tefti\u015fi ve Planlamas\u0131 | Akademik Kadro - OM\u00dc Uzaktan E\u011fitim Merkezi","isPartOf":{"@id":"https:\/\/uzem.omu.edu.tr\/#website"},"datePublished":"2015-05-08T12:36:27+00:00","dateModified":"2024-12-04T12:39:13+00:00","breadcrumb":{"@id":"https:\/\/uzem.omu.edu.tr\/egitim-yonetimi-teftisi-ve-planlamasi-akademik-kadro\/#breadcrumb"},"inLanguage":"en-US","potentialAction":[{"@type":"ReadAction","target":["https:\/\/uzem.omu.edu.tr\/egitim-yonetimi-teftisi-ve-planlamasi-akademik-kadro\/"]}]},{"@type":"BreadcrumbList","@id":"https:\/\/uzem.omu.edu.tr\/egitim-yonetimi-teftisi-ve-planlamasi-akademik-kadro\/#breadcrumb","itemListElement":[{"@type":"ListItem","position":1,"name":"Home","item":"https:\/\/uzem.omu.edu.tr\/"},{"@type":"ListItem","position":2,"name":"E\u011fitim Y\u00f6netimi Tefti\u015fi ve Planlamas\u0131 | Akademik Kadro"}]}]}},"_links":{"self":[{"href":"https:\/\/uzem.omu.edu.tr\/en\/wp-json\/wp\/v2\/pages\/1344"}],"collection":[{"href":"https:\/\/uzem.omu.edu.tr\/en\/wp-json\/wp\/v2\/pages"}],"about":[{"href":"https:\/\/uzem.omu.edu.tr\/en\/wp-json\/wp\/v2\/types\/page"}],"author":[{"embeddable":true,"href":"https:\/\/uzem.omu.edu.tr\/en\/wp-json\/wp\/v2\/users\/5"}],"replies":[{"embeddable":true,"href":"https:\/\/uzem.omu.edu.tr\/en\/wp-json\/wp\/v2\/comments?post=1344"}],"version-history":[{"count":6,"href":"https:\/\/uzem.omu.edu.tr\/en\/wp-json\/wp\/v2\/pages\/1344\/revisions"}],"predecessor-version":[{"id":26602,"href":"https:\/\/uzem.omu.edu.tr\/en\/wp-json\/wp\/v2\/pages\/1344\/revisions\/26602"}],"wp:attachment":[{"href":"https:\/\/uzem.omu.edu.tr\/en\/wp-json\/wp\/v2\/media?parent=1344"}],"curies":[{"name":"wp","href":"https:\/\/api.w.org\/{rel}","templated":true}]}}