{"id":13418,"date":"2016-07-19T09:07:55","date_gmt":"2016-07-19T06:07:55","guid":{"rendered":"https:\/\/uzem.omu.edu.tr\/?page_id=13418"},"modified":"2026-04-09T11:03:08","modified_gmt":"2026-04-09T08:03:08","slug":"internet-ve-ag-teknolojileri-ders-icerikleri","status":"publish","type":"page","link":"https:\/\/uzem.omu.edu.tr\/en\/internet-ve-ag-teknolojileri-ders-icerikleri\/","title":{"rendered":"\u0130nternet ve A\u011f Teknolojileri| Ders \u0130\u00e7erikleri"},"content":{"rendered":"<p>[vc_row css=&#8221;.vc_custom_1427462343642{margin-top: -5px !important;margin-left: 0px !important;padding-left: 0px !important;}&#8221;][vc_column width=&#8221;3\/4&#8243; css=&#8221;.vc_custom_1450099092203{margin-top: 5px !important;margin-right: 0px !important;padding-right: 0px !important;padding-left: 0px !important;}&#8221;][vc_row_inner][vc_column_inner css=&#8221;.vc_custom_1450099107735{margin-bottom: 5px !important;padding-right: 0px !important;padding-left: 0px !important;}&#8221;][vc_widget_sidebar sidebar_id=&#8221;generated_sidebar-internet-ve-ag-ust-menu&#8221;][\/vc_column_inner][\/vc_row_inner][vc_column_text el_class=&#8221;menu-basligi&#8221;]<\/p>\n<p><strong>DERS \u0130\u00c7ER\u0130KLER\u0130<\/strong><\/p>\n<p>[\/vc_column_text][vc_column_text el_class=&#8221;menu-basligi&#8221; css=&#8221;.vc_custom_1442315983985{margin-top: 5px !important;}&#8221;]<\/p>\n<p><strong>I. SINIF G\u00dcZ YARIYILI DERSLER\u0130<\/strong><\/p>\n<p>[\/vc_column_text][vc_column_text el_class=&#8221;ders-tablosu&#8221;]<\/p>\n<table width=\"654\">\n<tbody>\n<tr>\n<td width=\"56\"><strong>Kodu<\/strong><\/td>\n<td width=\"289\"><strong>Ders Ad\u0131<\/strong><\/td>\n<td width=\"45\"><strong>D+U+L<\/strong><\/td>\n<td width=\"55\"><strong>Z\/S<\/strong><\/td>\n<td width=\"209\"><strong>\u00d6\u011fretim \u00dcyesi<\/strong><\/td>\n<\/tr>\n<tr>\n<td>AT\u0130101<\/td>\n<td>Atat\u00fcrk \u0130lkeleri ve \u0130nk\u0131lap Tarihi -I<\/td>\n<td>2+0+2<\/td>\n<td>Zorunlu<\/td>\n<td width=\"209\">\u00d6\u011fr. G\u00f6r. Dr. Ercan YAL\u00c7IN<\/td>\n<\/tr>\n<tr>\n<td>TD\u0130101<\/td>\n<td>T\u00fcrk Dili -I<\/td>\n<td>2+0+2<\/td>\n<td>Zorunlu<\/td>\n<td width=\"209\">\u00d6\u011fr. G\u00f6r. Efsun Kevser KAYA<\/td>\n<\/tr>\n<tr>\n<td>YD\u0130101<\/td>\n<td>Yabanc\u0131 Dil -I<\/td>\n<td>2+0+2<\/td>\n<td>Zorunlu<\/td>\n<td width=\"209\">\u00d6\u011fr. G\u00f6r. Havva Nur YE\u015e\u0130LDA\u011e<\/td>\n<\/tr>\n<tr>\n<td>UIAT103<\/td>\n<td>Matematik<\/td>\n<td>4+0+4<\/td>\n<td>Zorunlu<\/td>\n<td width=\"209\">\u00d6\u011fr. G\u00f6r. Musa KARABACAK<\/td>\n<\/tr>\n<tr>\n<td>UIAT101<\/td>\n<td>Programlama Temelleri<\/td>\n<td>3+0+3<\/td>\n<td>Zorunlu<\/td>\n<td>\u00d6\u011fr. G\u00f6r. Dr. \u00d6mer SEV\u0130N\u00c7<\/td>\n<\/tr>\n<tr>\n<td>UIAT105<\/td>\n<td>\u0130\u015fletim Sistemleri<\/td>\n<td>2+0+2<\/td>\n<td>Zorunlu<\/td>\n<td>\u00d6\u011fr. G\u00f6r. Dr. A.Do\u011fukan SARIYAL\u00c7INKAYA<\/td>\n<\/tr>\n<tr>\n<td>UIAT107<\/td>\n<td>Bilgisayar Donan\u0131m\u0131<\/td>\n<td>1+0+1<\/td>\n<td>Zorunlu<\/td>\n<td>\u00d6\u011fr. G\u00f6r. Erhan CEBECI<\/td>\n<\/tr>\n<tr>\n<td>UIAT109<\/td>\n<td>JavaScript<\/td>\n<td>2+0+2<\/td>\n<td>Se\u00e7meli<\/td>\n<td>\u00d6\u011fr. G\u00f6r. Dr. \u00d6mer SEV\u0130N\u00c7<\/td>\n<\/tr>\n<tr>\n<td>UIAT111<\/td>\n<td>Ofis Yaz\u0131l\u0131mlar\u0131<\/td>\n<td>2+0+2<\/td>\n<td>Se\u00e7meli<\/td>\n<td>\u00d6\u011fr. G\u00f6r. Erhan CEBECI<\/td>\n<\/tr>\n<tr>\n<td>\u0130\u015eG101<\/td>\n<td>\u0130\u015f Sa\u011fl\u0131\u011f\u0131 ve G\u00fcvenli\u011fi -I<\/td>\n<td>2+0+2<\/td>\n<td>Se\u00e7meli<\/td>\n<td>\u00d6\u011fr. G\u00f6r. Dr. Cihan YAYLACI<\/td>\n<\/tr>\n<\/tbody>\n<\/table>\n<p>[\/vc_column_text][vc_column_text el_class=&#8221;menu-basligi&#8221; css=&#8221;.vc_custom_1442317440961{margin-top: 5px !important;}&#8221;]<\/p>\n<p><strong>I. SINIF BAHAR\u00a0YARIYILI DERSLER\u0130<\/strong><\/p>\n<p>[\/vc_column_text][vc_column_text el_class=&#8221;ders-tablosu&#8221;]<\/p>\n<table width=\"654\">\n<tbody>\n<tr>\n<td width=\"56\"><strong>Kodu<\/strong><\/td>\n<td width=\"289\"><strong>Ders Ad\u0131<\/strong><\/td>\n<td width=\"45\"><strong>D+U+L<\/strong><\/td>\n<td width=\"55\"><strong>Z\/S<\/strong><\/td>\n<td width=\"209\"><strong>\u00d6\u011fretim \u00dcyesi<\/strong><\/td>\n<\/tr>\n<tr>\n<td>AT\u0130102<\/td>\n<td>Atat\u00fcrk \u0130lkeleri ve \u0130nk\u0131lap Tarihi II<\/td>\n<td>2+0+2<\/td>\n<td>Zorunlu<\/td>\n<td width=\"209\">\u00d6\u011fr. G\u00f6r. Dr. Ercan YAL\u00c7IN<\/td>\n<\/tr>\n<tr>\n<td>TD\u0130102<\/td>\n<td>T\u00fcrk Dili II<\/td>\n<td>2+0+2<\/td>\n<td>Zorunlu<\/td>\n<td width=\"209\">\u00d6\u011fr. G\u00f6r. Efsun Kevser KAYA<\/td>\n<\/tr>\n<tr>\n<td>YD\u0130102<\/td>\n<td>Yabanc\u0131 Dil I<\/td>\n<td>2+0+2<\/td>\n<td>Zorunlu<\/td>\n<td width=\"209\">\u00d6\u011fr. G\u00f6r. Havva Nur YE\u015e\u0130LDA\u011e<\/td>\n<\/tr>\n<tr>\n<td>UIAT102<\/td>\n<td>Matematik II<\/td>\n<td>2+0+2<\/td>\n<td>Zorunlu<\/td>\n<td width=\"209\">\u00d6\u011fr. G\u00f6r. Halil YAMAK<\/td>\n<\/tr>\n<tr>\n<td>UIAT104<\/td>\n<td>A\u011f Teknolojilerine Giri\u015f<\/td>\n<td>3+0+3<\/td>\n<td>Zorunlu<\/td>\n<td>\u00d6\u011fr. G\u00f6r. Erhan CEBECI<\/td>\n<\/tr>\n<tr>\n<td>UIAT110<\/td>\n<td>Grafik ve Animasyon<\/td>\n<td>2+0+2<\/td>\n<td>Zorunlu<\/td>\n<td>\u00d6\u011fr. G\u00f6r. Erhan CEBECI<\/td>\n<\/tr>\n<tr>\n<td>UIAT108<\/td>\n<td>Nesne Tabanl\u0131 Programlama<\/td>\n<td>3+0+3<\/td>\n<td>Zorunlu<\/td>\n<td>\u00d6\u011fr. G\u00f6r. Dr. \u00d6mer SEV\u0130N\u00c7<\/td>\n<\/tr>\n<tr>\n<td>UIAT106<\/td>\n<td>Web Tasar\u0131m\u0131n Temelleri<\/td>\n<td>3+0+3<\/td>\n<td>Se\u00e7meli<\/td>\n<td>\u00d6\u011fr. G\u00f6r. Dr. A.Do\u011fukan SARIYAL\u00c7INKAYA<\/td>\n<\/tr>\n<tr>\n<td>UIAT112<\/td>\n<td>C Programlama<\/td>\n<td>2+0+2<\/td>\n<td>Se\u00e7meli<\/td>\n<td>\u00d6\u011fr. G\u00f6r. Dr. A.Do\u011fukan SARIYAL\u00c7INKAYA<\/td>\n<\/tr>\n<tr>\n<td>STJ102<\/td>\n<td>STAJ<\/td>\n<td>2+0+2<\/td>\n<td>Zorunlu<\/td>\n<td>\u00d6\u011fr. G\u00f6r. Dr. A.Do\u011fukan SARIYAL\u00c7INKAYA<\/td>\n<\/tr>\n<\/tbody>\n<\/table>\n<p>[\/vc_column_text][vc_column_text el_class=&#8221;menu-basligi&#8221; css=&#8221;.vc_custom_1442319280308{margin-top: 5px !important;}&#8221;]<\/p>\n<p><strong>II. SINIF G\u00dcZ\u00a0YARIYILI DERSLER\u0130<\/strong><\/p>\n<p>[\/vc_column_text][vc_column_text el_class=&#8221;ders-tablosu&#8221;]<\/p>\n<table width=\"654\">\n<tbody>\n<tr>\n<td width=\"56\"><strong>Kodu<\/strong><\/td>\n<td width=\"289\"><strong>Ders Ad\u0131<\/strong><\/td>\n<td width=\"45\"><strong>D+U+L<\/strong><\/td>\n<td width=\"55\"><strong>Z\/S<\/strong><\/td>\n<td width=\"209\"><strong>\u00d6\u011fretim \u00dcyesi<\/strong><\/td>\n<\/tr>\n<tr>\n<td>UIAT201<\/td>\n<td>Veri Taban\u0131 Y\u00f6netim Sistemleri<\/td>\n<td>2+0+2<\/td>\n<td>Zorunlu<\/td>\n<td width=\"209\">\u00d6\u011fr. G\u00f6r. Dr. A.Do\u011fukan SARIYAL\u00c7INKAYA<\/td>\n<\/tr>\n<tr>\n<td>UIAT203<\/td>\n<td>Sunucu Y\u00f6netimi<\/td>\n<td>2+0+2<\/td>\n<td>Zorunlu<\/td>\n<td width=\"209\">\u00d6\u011fr. G\u00f6r. Erhan CEBECI<\/td>\n<\/tr>\n<tr>\n<td>UIAT205<\/td>\n<td>\u0130nternet Programc\u0131l\u0131\u011f\u0131<\/td>\n<td>2+0+2<\/td>\n<td>Zorunlu<\/td>\n<td width=\"209\">\u00d6\u011fr. G\u00f6r. Dr. A.Do\u011fukan SARIYAL\u00c7INKAYA<\/td>\n<\/tr>\n<tr>\n<td>UIAT207<\/td>\n<td>Java Programlama<\/td>\n<td>2+0+2<\/td>\n<td>Zorunlu<\/td>\n<td width=\"209\">\u00d6\u011fr. G\u00f6r. Dr. \u00d6mer SEV\u0130N\u00c7<\/td>\n<\/tr>\n<tr>\n<td>UIAT209<\/td>\n<td>\u0130leri A\u011f Teknolojileri<\/td>\n<td>3+0+3<\/td>\n<td>Zorunlu<\/td>\n<td>\u00d6\u011fr. G\u00f6r. Erhan CEBECI<\/td>\n<\/tr>\n<tr>\n<td>UIAT211<\/td>\n<td>Web G\u00fcvenli\u011fi<\/td>\n<td>2+0+2<\/td>\n<td>Zorunlu<\/td>\n<td>\u00d6\u011fr. G\u00f6r. Dr. Hakan Can ALTUNAY<\/td>\n<\/tr>\n<tr>\n<td>UIAT217<\/td>\n<td>Mesleki \u0130ngilizce I<\/td>\n<td>3+0+3<\/td>\n<td>Zorunlu<\/td>\n<td>\u00d6\u011fr. G\u00f6r. Dr. A.Do\u011fukan SARIYAL\u00c7INKAYA<\/td>\n<\/tr>\n<\/tbody>\n<\/table>\n<p>[\/vc_column_text][vc_column_text el_class=&#8221;menu-basligi&#8221; css=&#8221;.vc_custom_1442320046074{margin-top: 5px !important;}&#8221;]<\/p>\n<p><strong>II. SINIF BAHAR\u00a0YARIYILI DERSLER\u0130<\/strong><\/p>\n<p>[\/vc_column_text][vc_column_text el_class=&#8221;ders-tablosu&#8221;]<\/p>\n<table width=\"654\">\n<tbody>\n<tr>\n<td width=\"56\"><strong>Kodu<\/strong><\/td>\n<td width=\"289\"><strong>Ders Ad\u0131<\/strong><\/td>\n<td width=\"45\"><strong>D+U+L<\/strong><\/td>\n<td width=\"55\"><strong>Z\/S<\/strong><\/td>\n<td width=\"209\"><strong>\u00d6\u011fretim \u00dcyesi<\/strong><\/td>\n<\/tr>\n<tr>\n<td>UIAT202<\/td>\n<td>\u0130nternet G\u00fcvenli\u011fi<\/td>\n<td>2+0+2<\/td>\n<td>Zorunlu<\/td>\n<td width=\"209\">\u00d6\u011fr. G\u00f6r. Dr. Hakan Can ALTUNAY<\/td>\n<\/tr>\n<tr>\n<td>UIAT204<\/td>\n<td>A\u011f Cihazlar\u0131\u00a0Y\u00f6netimi<\/td>\n<td>2+0+2<\/td>\n<td>Zorunlu<\/td>\n<td width=\"209\">\u00d6\u011fr. G\u00f6r.\u00a0Muhammed KARA<\/td>\n<\/tr>\n<tr>\n<td>UIAT206<\/td>\n<td>\u0130nternet Programc\u0131l\u0131\u011f\u0131 -II<\/td>\n<td>2+0+2<\/td>\n<td>Zorunlu<\/td>\n<td width=\"209\">\u00d6\u011fr. G\u00f6r. Dr. A.Do\u011fukan SARIYAL\u00c7INKAYA<\/td>\n<\/tr>\n<tr>\n<td>UIAT208<\/td>\n<td>A\u00e7\u0131k Kaynak \u0130\u015fletim Sistemleri<\/td>\n<td>2+0+2<\/td>\n<td>Zorunlu<\/td>\n<td width=\"209\">\u00d6\u011fr. G\u00f6r. Dr. A.Do\u011fukan SARIYAL\u00c7INKAYA<\/td>\n<\/tr>\n<tr>\n<td>UIAT210<\/td>\n<td>Kablosuz\u00a0A\u011f Teknolojileri<\/td>\n<td>3+0+3<\/td>\n<td>Zorunlu<\/td>\n<td>\u00d6\u011fr. G\u00f6r. Erhan CEBEC\u0130<\/td>\n<\/tr>\n<tr>\n<td>UIAT212<\/td>\n<td>Mesleki \u0130ngilizce II<\/td>\n<td>2+0+2<\/td>\n<td>Zorunlu<\/td>\n<td>\u00d6\u011fr. G\u00f6r. Dr. A.Do\u011fukan SARIYAL\u00c7INKAYA<\/td>\n<\/tr>\n<tr>\n<td>UIAT214<\/td>\n<td>Ara\u015ft\u0131rma Tekni\u011fi ve Seminer<\/td>\n<td>3+0+3<\/td>\n<td>Zorunlu<\/td>\n<td>\u00d6\u011fr. G\u00f6r. Dr. A.Do\u011fukan SARIYAL\u00c7INKAYA<\/td>\n<\/tr>\n<\/tbody>\n<\/table>\n<p>[\/vc_column_text][\/vc_column][vc_column width=&#8221;1\/4&#8243; css=&#8221;.vc_custom_1433424546160{margin-top: 20px !important;padding-right: 0px !important;}&#8221;][vc_widget_sidebar sidebar_id=&#8221;generated_sidebar-internet-ve-ag-yan-menu&#8221;][\/vc_column][\/vc_row]<\/p>\n","protected":false},"excerpt":{"rendered":"<p>[vc_row css=&#8221;.vc_custom_1427462343642{margin-top: -5px !important;margin-left: 0px !important;padding-left: 0px !important;}&#8221;][vc_column width=&#8221;3\/4&#8243; css=&#8221;.vc_custom_1450099092203{margin-top: 5px !important;margin-right: 0px !important;padding-right: 0px !important;padding-left: 0px !important;}&#8221;][vc_row_inner][vc_column_inner css=&#8221;.vc_custom_1450099107735{margin-bottom: 5px !important;padding-right: 0px !important;padding-left: 0px !important;}&#8221;][vc_widget_sidebar sidebar_id=&#8221;generated_sidebar-internet-ve-ag-ust-menu&#8221;][\/vc_column_inner][\/vc_row_inner][vc_column_text el_class=&#8221;menu-basligi&#8221;] DERS \u0130\u00c7ER\u0130KLER\u0130 [\/vc_column_text][vc_column_text el_class=&#8221;menu-basligi&#8221; css=&#8221;.vc_custom_1442315983985{margin-top: 5px !important;}&#8221;] I. SINIF G\u00dcZ YARIYILI DERSLER\u0130 [\/vc_column_text][vc_column_text el_class=&#8221;ders-tablosu&#8221;] Kodu Ders Ad\u0131 D+U+L Z\/S \u00d6\u011fretim \u00dcyesi AT\u0130101 Atat\u00fcrk \u0130lkeleri ve \u0130nk\u0131lap Tarihi -I 2+0+2 Zorunlu \u00d6\u011fr. G\u00f6r. Dr. Ercan YAL\u00c7IN TD\u0130101 T\u00fcrk Dili -I 2+0+2 Zorunlu \u00d6\u011fr. G\u00f6r. Efsun Kevser KAYA YD\u0130101 Yabanc\u0131 Dil -I 2+0+2 Zorunlu \u00d6\u011fr. G\u00f6r. Havva Nur YE\u015e\u0130LDA\u011e UIAT103 Matematik 4+0+4 Zorunlu \u00d6\u011fr. G\u00f6r. Musa KARABACAK UIAT101 Programlama Temelleri 3+0+3 Zorunlu \u00d6\u011fr. G\u00f6r. Dr. \u00d6mer SEV\u0130N\u00c7 UIAT105 \u0130\u015fletim Sistemleri 2+0+2 Zorunlu \u00d6\u011fr. G\u00f6r. Dr. A.Do\u011fukan SARIYAL\u00c7INKAYA UIAT107 Bilgisayar Donan\u0131m\u0131 1+0+1 Zorunlu \u00d6\u011fr. G\u00f6r. Erhan CEBECI UIAT109 JavaScript 2+0+2 Se\u00e7meli \u00d6\u011fr. G\u00f6r. Dr. \u00d6mer SEV\u0130N\u00c7 UIAT111 Ofis Yaz\u0131l\u0131mlar\u0131 2+0+2 Se\u00e7meli \u00d6\u011fr. G\u00f6r. Erhan CEBECI \u0130\u015eG101 \u0130\u015f Sa\u011fl\u0131\u011f\u0131 ve G\u00fcvenli\u011fi -I 2+0+2 Se\u00e7meli \u00d6\u011fr. G\u00f6r. Dr. Cihan YAYLACI [\/vc_column_text][vc_column_text el_class=&#8221;menu-basligi&#8221; css=&#8221;.vc_custom_1442317440961{margin-top: 5px !important;}&#8221;] I. SINIF BAHAR\u00a0YARIYILI DERSLER\u0130 [\/vc_column_text][vc_column_text el_class=&#8221;ders-tablosu&#8221;] Kodu Ders Ad\u0131 D+U+L Z\/S \u00d6\u011fretim \u00dcyesi AT\u0130102 Atat\u00fcrk \u0130lkeleri ve \u0130nk\u0131lap Tarihi II 2+0+2 Zorunlu \u00d6\u011fr. G\u00f6r. Dr. Ercan YAL\u00c7IN TD\u0130102 T\u00fcrk Dili II 2+0+2 Zorunlu \u00d6\u011fr. G\u00f6r. Efsun Kevser KAYA YD\u0130102 Yabanc\u0131 Dil I 2+0+2 Zorunlu \u00d6\u011fr. G\u00f6r. Havva Nur YE\u015e\u0130LDA\u011e UIAT102 Matematik II 2+0+2 Zorunlu \u00d6\u011fr. G\u00f6r. Halil YAMAK UIAT104 A\u011f Teknolojilerine Giri\u015f 3+0+3 Zorunlu \u00d6\u011fr. G\u00f6r. Erhan CEBECI UIAT110 Grafik ve Animasyon 2+0+2 Zorunlu \u00d6\u011fr. G\u00f6r. Erhan CEBECI UIAT108 Nesne Tabanl\u0131 Programlama 3+0+3 Zorunlu \u00d6\u011fr. G\u00f6r. Dr. \u00d6mer SEV\u0130N\u00c7 UIAT106 Web Tasar\u0131m\u0131n Temelleri [&hellip;]<\/p>\n","protected":false},"author":11,"featured_media":0,"parent":0,"menu_order":0,"comment_status":"closed","ping_status":"closed","template":"","meta":[],"translation":{"provider":"WPGlobus","version":"2.12.2","language":"en","enabled_languages":["tr","en"],"languages":{"tr":{"title":true,"content":true,"excerpt":false},"en":{"title":false,"content":false,"excerpt":false}}},"yoast_head":"<!-- This site is optimized with the Yoast SEO plugin v17.4 - https:\/\/yoast.com\/wordpress\/plugins\/seo\/ -->\n<meta name=\"robots\" content=\"index, follow, max-snippet:-1, max-image-preview:large, max-video-preview:-1\" \/>\n<link rel=\"canonical\" href=\"https:\/\/uzem.omu.edu.tr\/internet-ve-ag-teknolojileri-ders-icerikleri\/\" \/>\n<meta property=\"og:locale\" content=\"en_US\" \/>\n<meta property=\"og:type\" content=\"article\" \/>\n<meta property=\"og:title\" content=\"\u0130nternet ve A\u011f Teknolojileri| Ders \u0130\u00e7erikleri - OM\u00dc Uzaktan E\u011fitim Merkezi\" \/>\n<meta property=\"og:url\" content=\"https:\/\/uzem.omu.edu.tr\/internet-ve-ag-teknolojileri-ders-icerikleri\/\" \/>\n<meta property=\"og:site_name\" content=\"OM\u00dc Uzaktan E\u011fitim Merkezi\" \/>\n<meta property=\"article:publisher\" content=\"https:\/\/www.facebook.com\/omu.uzem\" \/>\n<meta property=\"article:modified_time\" content=\"2026-04-09T08:03:08+00:00\" \/>\n<meta name=\"twitter:card\" content=\"summary_large_image\" \/>\n<meta name=\"twitter:site\" content=\"@omuuzem\" \/>\n<meta name=\"twitter:label1\" content=\"Est. reading time\" \/>\n\t<meta name=\"twitter:data1\" content=\"3 minutes\" \/>\n<script type=\"application\/ld+json\" class=\"yoast-schema-graph\">{\"@context\":\"https:\/\/schema.org\",\"@graph\":[{\"@type\":\"Organization\",\"@id\":\"https:\/\/uzem.omu.edu.tr\/#organization\",\"name\":\"UZEM\",\"url\":\"https:\/\/uzem.omu.edu.tr\/\",\"sameAs\":[\"https:\/\/www.facebook.com\/omu.uzem\",\"https:\/\/www.instagram.com\/omu.uzem\/\",\"https:\/\/www.youtube.com\/channel\/UCQ6c_wjaGQcIvBKTbPrOe2A\",\"https:\/\/twitter.com\/omuuzem\"],\"logo\":{\"@type\":\"ImageObject\",\"@id\":\"https:\/\/uzem.omu.edu.tr\/#logo\",\"inLanguage\":\"en-US\",\"url\":\"https:\/\/uzem.omu.edu.tr\/wp-content\/uploads\/ulogo-1.png\",\"contentUrl\":\"https:\/\/uzem.omu.edu.tr\/wp-content\/uploads\/ulogo-1.png\",\"width\":364,\"height\":39,\"caption\":\"UZEM\"},\"image\":{\"@id\":\"https:\/\/uzem.omu.edu.tr\/#logo\"}},{\"@type\":\"WebSite\",\"@id\":\"https:\/\/uzem.omu.edu.tr\/#website\",\"url\":\"https:\/\/uzem.omu.edu.tr\/\",\"name\":\"OM\\u00dc Uzaktan E\\u011fitim Merkezi\",\"description\":\"&quot;F\\u0131rsatlar Sunar&quot;\",\"publisher\":{\"@id\":\"https:\/\/uzem.omu.edu.tr\/#organization\"},\"potentialAction\":[{\"@type\":\"SearchAction\",\"target\":{\"@type\":\"EntryPoint\",\"urlTemplate\":\"https:\/\/uzem.omu.edu.tr\/?s={search_term_string}\"},\"query-input\":\"required name=search_term_string\"}],\"inLanguage\":\"en-US\"},{\"@type\":\"WebPage\",\"@id\":\"https:\/\/uzem.omu.edu.tr\/internet-ve-ag-teknolojileri-ders-icerikleri\/#webpage\",\"url\":\"https:\/\/uzem.omu.edu.tr\/internet-ve-ag-teknolojileri-ders-icerikleri\/\",\"name\":\"\\u0130nternet ve A\\u011f Teknolojileri| Ders \\u0130\\u00e7erikleri - OM\\u00dc Uzaktan E\\u011fitim Merkezi\",\"isPartOf\":{\"@id\":\"https:\/\/uzem.omu.edu.tr\/#website\"},\"datePublished\":\"2016-07-19T06:07:55+00:00\",\"dateModified\":\"2026-04-09T08:03:08+00:00\",\"breadcrumb\":{\"@id\":\"https:\/\/uzem.omu.edu.tr\/internet-ve-ag-teknolojileri-ders-icerikleri\/#breadcrumb\"},\"inLanguage\":\"en-US\",\"potentialAction\":[{\"@type\":\"ReadAction\",\"target\":[\"https:\/\/uzem.omu.edu.tr\/internet-ve-ag-teknolojileri-ders-icerikleri\/\"]}]},{\"@type\":\"BreadcrumbList\",\"@id\":\"https:\/\/uzem.omu.edu.tr\/internet-ve-ag-teknolojileri-ders-icerikleri\/#breadcrumb\",\"itemListElement\":[{\"@type\":\"ListItem\",\"position\":1,\"name\":\"Home\",\"item\":\"https:\/\/uzem.omu.edu.tr\/\"},{\"@type\":\"ListItem\",\"position\":2,\"name\":\"\\u0130nternet ve A\\u011f Teknolojileri| Ders \\u0130\\u00e7erikleri\"}]}]}<\/script>\n<!-- \/ Yoast SEO plugin. -->","yoast_head_json":{"robots":{"index":"index","follow":"follow","max-snippet":"max-snippet:-1","max-image-preview":"max-image-preview:large","max-video-preview":"max-video-preview:-1"},"canonical":"https:\/\/uzem.omu.edu.tr\/internet-ve-ag-teknolojileri-ders-icerikleri\/","og_locale":"en_US","og_type":"article","og_title":"\u0130nternet ve A\u011f Teknolojileri| Ders \u0130\u00e7erikleri - OM\u00dc Uzaktan E\u011fitim Merkezi","og_url":"https:\/\/uzem.omu.edu.tr\/internet-ve-ag-teknolojileri-ders-icerikleri\/","og_site_name":"OM\u00dc Uzaktan E\u011fitim Merkezi","article_publisher":"https:\/\/www.facebook.com\/omu.uzem","article_modified_time":"2026-04-09T08:03:08+00:00","twitter_card":"summary_large_image","twitter_site":"@omuuzem","twitter_misc":{"Est. reading time":"3 minutes"},"schema":{"@context":"https:\/\/schema.org","@graph":[{"@type":"Organization","@id":"https:\/\/uzem.omu.edu.tr\/#organization","name":"UZEM","url":"https:\/\/uzem.omu.edu.tr\/","sameAs":["https:\/\/www.facebook.com\/omu.uzem","https:\/\/www.instagram.com\/omu.uzem\/","https:\/\/www.youtube.com\/channel\/UCQ6c_wjaGQcIvBKTbPrOe2A","https:\/\/twitter.com\/omuuzem"],"logo":{"@type":"ImageObject","@id":"https:\/\/uzem.omu.edu.tr\/#logo","inLanguage":"en-US","url":"https:\/\/uzem.omu.edu.tr\/wp-content\/uploads\/ulogo-1.png","contentUrl":"https:\/\/uzem.omu.edu.tr\/wp-content\/uploads\/ulogo-1.png","width":364,"height":39,"caption":"UZEM"},"image":{"@id":"https:\/\/uzem.omu.edu.tr\/#logo"}},{"@type":"WebSite","@id":"https:\/\/uzem.omu.edu.tr\/#website","url":"https:\/\/uzem.omu.edu.tr\/","name":"OM\u00dc Uzaktan E\u011fitim Merkezi","description":"&quot;F\u0131rsatlar Sunar&quot;","publisher":{"@id":"https:\/\/uzem.omu.edu.tr\/#organization"},"potentialAction":[{"@type":"SearchAction","target":{"@type":"EntryPoint","urlTemplate":"https:\/\/uzem.omu.edu.tr\/?s={search_term_string}"},"query-input":"required name=search_term_string"}],"inLanguage":"en-US"},{"@type":"WebPage","@id":"https:\/\/uzem.omu.edu.tr\/internet-ve-ag-teknolojileri-ders-icerikleri\/#webpage","url":"https:\/\/uzem.omu.edu.tr\/internet-ve-ag-teknolojileri-ders-icerikleri\/","name":"\u0130nternet ve A\u011f Teknolojileri| Ders \u0130\u00e7erikleri - OM\u00dc Uzaktan E\u011fitim Merkezi","isPartOf":{"@id":"https:\/\/uzem.omu.edu.tr\/#website"},"datePublished":"2016-07-19T06:07:55+00:00","dateModified":"2026-04-09T08:03:08+00:00","breadcrumb":{"@id":"https:\/\/uzem.omu.edu.tr\/internet-ve-ag-teknolojileri-ders-icerikleri\/#breadcrumb"},"inLanguage":"en-US","potentialAction":[{"@type":"ReadAction","target":["https:\/\/uzem.omu.edu.tr\/internet-ve-ag-teknolojileri-ders-icerikleri\/"]}]},{"@type":"BreadcrumbList","@id":"https:\/\/uzem.omu.edu.tr\/internet-ve-ag-teknolojileri-ders-icerikleri\/#breadcrumb","itemListElement":[{"@type":"ListItem","position":1,"name":"Home","item":"https:\/\/uzem.omu.edu.tr\/"},{"@type":"ListItem","position":2,"name":"\u0130nternet ve A\u011f Teknolojileri| Ders \u0130\u00e7erikleri"}]}]}},"_links":{"self":[{"href":"https:\/\/uzem.omu.edu.tr\/en\/wp-json\/wp\/v2\/pages\/13418"}],"collection":[{"href":"https:\/\/uzem.omu.edu.tr\/en\/wp-json\/wp\/v2\/pages"}],"about":[{"href":"https:\/\/uzem.omu.edu.tr\/en\/wp-json\/wp\/v2\/types\/page"}],"author":[{"embeddable":true,"href":"https:\/\/uzem.omu.edu.tr\/en\/wp-json\/wp\/v2\/users\/11"}],"replies":[{"embeddable":true,"href":"https:\/\/uzem.omu.edu.tr\/en\/wp-json\/wp\/v2\/comments?post=13418"}],"version-history":[{"count":21,"href":"https:\/\/uzem.omu.edu.tr\/en\/wp-json\/wp\/v2\/pages\/13418\/revisions"}],"predecessor-version":[{"id":27488,"href":"https:\/\/uzem.omu.edu.tr\/en\/wp-json\/wp\/v2\/pages\/13418\/revisions\/27488"}],"wp:attachment":[{"href":"https:\/\/uzem.omu.edu.tr\/en\/wp-json\/wp\/v2\/media?parent=13418"}],"curies":[{"name":"wp","href":"https:\/\/api.w.org\/{rel}","templated":true}]}}