{"id":13382,"date":"2016-07-15T13:57:34","date_gmt":"2016-07-15T10:57:34","guid":{"rendered":"https:\/\/uzem.omu.edu.tr\/?page_id=13382"},"modified":"2026-04-14T11:24:01","modified_gmt":"2026-04-14T08:24:01","slug":"buro-yonetimi-ve-yonetici-asistanligi-ders-icerikleri","status":"publish","type":"page","link":"https:\/\/uzem.omu.edu.tr\/en\/buro-yonetimi-ve-yonetici-asistanligi-ders-icerikleri\/","title":{"rendered":"B\u00fcro Y\u00f6netimi ve Y\u00f6netici Asistanl\u0131\u011f\u0131| Ders \u0130\u00e7erikleri"},"content":{"rendered":"<p>[vc_row css=&#8221;.vc_custom_1427462343642{margin-top: -5px !important;margin-left: 0px !important;padding-left: 0px !important;}&#8221;][vc_column width=&#8221;3\/4&#8243; css=&#8221;.vc_custom_1450099092203{margin-top: 5px !important;margin-right: 0px !important;padding-right: 0px !important;padding-left: 0px !important;}&#8221;][vc_widget_sidebar sidebar_id=&#8221;generated_sidebar-buro-yonetimi-ust-menu&#8221;][vc_column_text el_class=&#8221;menu-basligi&#8221; css=&#8221;.vc_custom_1469191934162{margin-top: -10px !important;padding-top: 5px !important;}&#8221;]<\/p>\n<p><strong>DERS \u0130\u00c7ER\u0130KLER\u0130<\/strong><\/p>\n<p>[\/vc_column_text][vc_column_text el_class=&#8221;menu-basligi&#8221; css=&#8221;.vc_custom_1469173895571{margin-top: 10px !important;padding-top: 10px !important;}&#8221;]<\/p>\n<p><strong>I. SINIF G\u00dcZ YARIYILI DERSLER\u0130<\/strong><\/p>\n<p>[\/vc_column_text][vc_column_text el_class=&#8221;ders-tablosu&#8221;]<\/p>\n<table width=\"654\">\n<tbody>\n<tr>\n<td width=\"56\"><strong>Kodu<\/strong><\/td>\n<td width=\"289\"><strong>Ders Ad\u0131<\/strong><\/td>\n<td width=\"45\"><strong>D+U+L<\/strong><\/td>\n<td width=\"55\"><strong>Z\/S<\/strong><\/td>\n<td width=\"209\"><strong>\u00d6\u011fretim \u00dcyesi<\/strong><\/td>\n<\/tr>\n<tr>\n<td>AT\u0130101<\/td>\n<td>Atat\u00fcrk \u0130lkeleri ve \u0130nk\u0131lap Tarihi -I<\/td>\n<td>2+0+2<\/td>\n<td>Zorunlu<\/td>\n<td width=\"209\">\u00d6\u011fr. G\u00f6r. Dr. Ercan YAL\u00c7IN<\/td>\n<\/tr>\n<tr>\n<td>TD\u0130101<\/td>\n<td>T\u00fcrk Dili -I<\/td>\n<td>2+0+2<\/td>\n<td>Zorunlu<\/td>\n<td width=\"209\">\u00d6\u011fr. G\u00f6r. Efsun Kevser KAYA<\/td>\n<\/tr>\n<tr>\n<td>YD\u0130101<\/td>\n<td>Yabanc\u0131 Dil -I<\/td>\n<td>2+0+2<\/td>\n<td>Zorunlu<\/td>\n<td width=\"209\">\u00d6\u011fr. G\u00f6r. Havva Nur YE\u015e\u0130LDA\u011e<\/td>\n<\/tr>\n<tr>\n<td>\u00a0BYA109<\/td>\n<td>Klavye Teknikleri<\/td>\n<td>2+0+2<\/td>\n<td>Zorunlu<\/td>\n<td width=\"209\">\u00d6\u011fr. G\u00f6r. Kevser G\u0130RG\u0130N \u00c7ATALKAYA<\/td>\n<\/tr>\n<tr>\n<td>\u00a0BYA111<\/td>\n<td>Bilgisayar B\u00fcro Programlar\u0131<\/td>\n<td>2+0+2<\/td>\n<td>Zorunlu<\/td>\n<td width=\"209\"><\/td>\n<\/tr>\n<tr>\n<td>\u00a0BYA101<\/td>\n<td>Genel Hukuk Bilgisi<\/td>\n<td>2+0+2<\/td>\n<td>Zorunlu<\/td>\n<td width=\"209\">\u00d6\u011fr. G\u00f6r. Kevser G\u0130RG\u0130N \u00c7ATALKAYA<\/td>\n<\/tr>\n<tr>\n<td>\u00a0BYA119<\/td>\n<td>Etkili Konu\u015fma ve \u0130leti\u015fim<\/td>\n<td>1+0+1<\/td>\n<td>Zorunlu<\/td>\n<td width=\"209\">\u00d6\u011fr. G\u00f6r. Derya KABASAKAL \u015eAH\u0130N<\/td>\n<\/tr>\n<tr>\n<td>\u00a0BYA121<\/td>\n<td>Genel \u0130\u015fletme<\/td>\n<td>2+0+2<\/td>\n<td>Zorunlu<\/td>\n<td>\u00d6\u011fr. G\u00f6r. Derya KABASAKAL \u015eAH\u0130N<\/td>\n<\/tr>\n<tr>\n<td>\u00a0BYA113<\/td>\n<td>Konaklama \u0130\u015fletmeleri Y\u00f6netimi<\/td>\n<td>2+0+2<\/td>\n<td>Zorunlu<\/td>\n<td>\u00d6\u011fr. G\u00f6r. Yusuf \u00c7ATALKAYA<\/td>\n<\/tr>\n<tr>\n<td>\u00a0BYA123<\/td>\n<td>\u0130\u015f Sa\u011fl\u0131\u011f\u0131 ve G\u00fcvenli\u011fi<\/td>\n<td>2+0+2<\/td>\n<td>Zorunlu<\/td>\n<td>\u00d6\u011fr. G\u00f6r. Musa \u015eAH\u0130N<\/td>\n<\/tr>\n<tr>\n<td>\u00a0BYA122<\/td>\n<td>Genel Ekonomi<\/td>\n<td>2+0+2<\/td>\n<td>Zorunlu<\/td>\n<td>\u00d6\u011fr. G\u00f6r. Sinan EM\u0130RZEO\u011eLU<\/td>\n<\/tr>\n<\/tbody>\n<\/table>\n<p>[\/vc_column_text][vc_column_text el_class=&#8221;menu-basligi&#8221; css=&#8221;.vc_custom_1442317440961{margin-top: 5px !important;}&#8221;]<\/p>\n<p><strong>I. SINIF BAHAR\u00a0YARIYILI DERSLER\u0130<\/strong><\/p>\n<p>[\/vc_column_text][vc_column_text el_class=&#8221;ders-tablosu&#8221;]<\/p>\n<table width=\"654\">\n<tbody>\n<tr>\n<td width=\"56\"><strong>Kodu<\/strong><\/td>\n<td width=\"289\"><strong>Ders Ad\u0131<\/strong><\/td>\n<td width=\"45\"><strong>D+U+L<\/strong><\/td>\n<td width=\"55\"><strong>Z\/S<\/strong><\/td>\n<td width=\"209\"><strong>\u00d6\u011fretim \u00dcyesi<\/strong><\/td>\n<\/tr>\n<tr>\n<td>AT\u0130102<\/td>\n<td>Atat\u00fcrk \u0130lkeleri ve \u0130nk\u0131lap Tarihi -II<\/td>\n<td>2+0+2<\/td>\n<td>Zorunlu<\/td>\n<td width=\"209\">\u00d6\u011fr. G\u00f6r. Dr. Ercan YAL\u00c7IN<\/td>\n<\/tr>\n<tr>\n<td>TD\u0130102<\/td>\n<td>T\u00fcrk Dili -II<\/td>\n<td>2+0+2<\/td>\n<td>Zorunlu<\/td>\n<td width=\"209\">\u00d6\u011fr. G\u00f6r. Efsun Kevser KAYA<\/td>\n<\/tr>\n<tr>\n<td>YD\u0130102<\/td>\n<td>Yabanc\u0131 Dil -II<\/td>\n<td>2+0+2<\/td>\n<td>Zorunlu<\/td>\n<td width=\"209\">\u00d6\u011fr. G\u00f6r. Havva Nur YE\u015e\u0130LDA\u011e<\/td>\n<\/tr>\n<tr>\n<td>BYA120<\/td>\n<td>Ticari Matematik<\/td>\n<td>2+0+2<\/td>\n<td>Zorunlu<\/td>\n<td width=\"209\"><\/td>\n<\/tr>\n<tr>\n<td>BYA104<\/td>\n<td>\u0130\u015fletme II<\/td>\n<td>2+0+2<\/td>\n<td>Zorunlu<\/td>\n<td width=\"209\">\u00d6\u011fr. G\u00f6r. Derya KABASAKAL \u015eAH\u0130N<\/td>\n<\/tr>\n<tr>\n<td>BYA106<\/td>\n<td>Makro \u0130ktisat-Ekonomi II<\/td>\n<td>2+0+2<\/td>\n<td>Zorunlu<\/td>\n<td width=\"209\">\u00d6\u011fr. G\u00f6r. Sinan EM\u0130RZEO\u011eLU<\/td>\n<\/tr>\n<tr>\n<td>BYA108<\/td>\n<td>Dosyalama ve Ar\u015fivleme Teknikleri<\/td>\n<td>1+0+1<\/td>\n<td>Zorunlu<\/td>\n<td width=\"209\"><\/td>\n<\/tr>\n<tr>\n<td>BYA110<\/td>\n<td>Mesleki Yaz\u0131\u015fmalar<\/td>\n<td>2+0+2<\/td>\n<td>Zorunlu<\/td>\n<td>\u00d6\u011fr. G\u00f6r. Derya KABASAKAL \u015eAH\u0130N<\/td>\n<\/tr>\n<tr>\n<td>BYA112<\/td>\n<td>Teknoloji Kullan\u0131m\u0131<\/td>\n<td>2+0+2<\/td>\n<td>Zorunlu<\/td>\n<td>\u00d6\u011fr. G\u00f6r. Kevser G\u0130RG\u0130N \u00c7ATALKAYA<\/td>\n<\/tr>\n<tr>\n<td>BYA114<\/td>\n<td>\u0130\u015f ve Sosyal G\u00fcvenlik Hukuku<\/td>\n<td>1+0+1<\/td>\n<td>Zorunlu<\/td>\n<td>\u00d6\u011fr. G\u00f6r. Kevser G\u0130RG\u0130N \u00c7ATALKAYA<\/td>\n<\/tr>\n<tr>\n<td>BYA124<\/td>\n<td>H\u0131zl\u0131 Okuma Teknikleri<\/td>\n<td>1+0+1<\/td>\n<td>Zorunlu<\/td>\n<td>\u00d6\u011fr. G\u00f6r. Kevser G\u0130RG\u0130N \u00c7ATALKAYA<\/td>\n<\/tr>\n<tr>\n<td>BYA126<\/td>\n<td>\u0130nsan Kaynaklar\u0131 Y\u00f6netimi<\/td>\n<td>1+0+1<\/td>\n<td>Zorunlu<\/td>\n<td>\u00d6\u011fr. G\u00f6r. Derya Kabasakal \u015eAH\u0130N<\/td>\n<\/tr>\n<\/tbody>\n<\/table>\n<p>[\/vc_column_text][vc_column_text el_class=&#8221;menu-basligi&#8221; css=&#8221;.vc_custom_1442319280308{margin-top: 5px !important;}&#8221;]<\/p>\n<p><strong>II. SINIF G\u00dcZ\u00a0YARIYILI DERSLER\u0130<\/strong><\/p>\n<p>[\/vc_column_text][vc_column_text el_class=&#8221;ders-tablosu&#8221;]<\/p>\n<table width=\"654\">\n<tbody>\n<tr>\n<td width=\"56\"><strong>Kodu<\/strong><\/td>\n<td width=\"289\"><strong>Ders Ad\u0131<\/strong><\/td>\n<td width=\"45\"><strong>D+U+L<\/strong><\/td>\n<td width=\"55\"><strong>Z\/S<\/strong><\/td>\n<td width=\"209\"><strong>\u00d6\u011fretim \u00dcyesi<\/strong><\/td>\n<\/tr>\n<tr>\n<td>BYA223<\/td>\n<td>Muhasebe<\/td>\n<td>2+2+3<\/td>\n<td>Zorunlu<\/td>\n<td width=\"209\">\u00d6\u011fr. G\u00f6r. Ahmet G\u00dcN<\/td>\n<\/tr>\n<tr>\n<td>BYA225<\/td>\n<td>Kamu ve \u00d6zel Kesim Yap\u0131s\u0131<\/td>\n<td>2+0+2<\/td>\n<td>Zorunlu<\/td>\n<td width=\"209\">\u00d6\u011fr. G\u00f6r. Kevser G\u0130RG\u0130N \u00c7ATALKAYA<\/td>\n<\/tr>\n<tr>\n<td>BYA227<\/td>\n<td>B\u00fcro Y\u00f6netimi<\/td>\n<td>2+0+2<\/td>\n<td>Zorunlu<\/td>\n<td width=\"209\"><\/td>\n<\/tr>\n<tr>\n<td>BYA207<\/td>\n<td>Mesleki Yabanc\u0131 Dil<\/td>\n<td>2+0+2<\/td>\n<td>Zorunlu<\/td>\n<td width=\"209\">Dr. \u00d6\u011fr. \u00dcyesi Mahmut YARAN<\/td>\n<\/tr>\n<tr>\n<td>BYA209<\/td>\n<td>Halkla \u0130li\u015fkiler<\/td>\n<td>2+0+2<\/td>\n<td>Zorunlu<\/td>\n<td width=\"209\">\u00d6\u011fr. G\u00f6r. Derya KABASAKAL \u015eAH\u0130N<\/td>\n<\/tr>\n<tr>\n<td>BYA211<\/td>\n<td>Bilgi Y\u00f6netimi<\/td>\n<td>2+0+2<\/td>\n<td>Zorunlu<\/td>\n<td width=\"209\"><\/td>\n<\/tr>\n<tr>\n<td>BYA217<\/td>\n<td>\u00c7evre Koruma<\/td>\n<td>1+0+1<\/td>\n<td>Zorunlu<\/td>\n<td width=\"209\">\u00d6\u011fr. G\u00f6r. Kevser G\u0130RG\u0130N \u00c7ATALKAYA<\/td>\n<\/tr>\n<tr>\n<td>BYA219<\/td>\n<td>Meslek Eti\u011fi<\/td>\n<td>2+0+2<\/td>\n<td>Zorunlu<\/td>\n<td>\u00d6\u011fr. G\u00f6r. Derya KABASAKAL \u015eAH\u0130N<\/td>\n<\/tr>\n<tr>\n<td>BIY300<\/td>\n<td>Ekonomi I ve \u0130ktisada Giri\u015f<\/td>\n<td>2+0+2<\/td>\n<td>Zorunlu<\/td>\n<td>\u00d6\u011fr. G\u00f6r. Sinan EM\u0130RZEO\u011eLU<\/td>\n<\/tr>\n<tr>\n<td>BYA229<\/td>\n<td>Kalite G\u00fcvencesi ve Standartlar\u0131<\/td>\n<td>2+0+2<\/td>\n<td>Zorunlu<\/td>\n<td><\/td>\n<\/tr>\n<\/tbody>\n<\/table>\n<p>[\/vc_column_text][vc_column_text el_class=&#8221;menu-basligi&#8221; css=&#8221;.vc_custom_1442320046074{margin-top: 5px !important;}&#8221;]<\/p>\n<p><strong>II. SINIF BAHAR\u00a0YARIYILI DERSLER\u0130<\/strong><\/p>\n<p>[\/vc_column_text][vc_column_text el_class=&#8221;ders-tablosu&#8221;]<\/p>\n<table width=\"654\">\n<tbody>\n<tr>\n<td width=\"56\"><strong>Kodu<\/strong><\/td>\n<td width=\"289\"><strong>Ders Ad\u0131<\/strong><\/td>\n<td width=\"45\"><strong>D+U+L<\/strong><\/td>\n<td width=\"55\"><strong>Z\/S<\/strong><\/td>\n<td width=\"209\"><strong>\u00d6\u011fretim \u00dcyesi<\/strong><\/td>\n<\/tr>\n<tr>\n<td>BYA206<\/td>\n<td>Bilgisayar Muhasebe Yaz\u0131l\u0131mlar\u0131<\/td>\n<td>2+2+3<\/td>\n<td>Zorunlu<\/td>\n<td width=\"209\">\u00d6\u011fr. G\u00f6r. Ahmet G\u00dcN<\/td>\n<\/tr>\n<tr>\n<td>BYA208<\/td>\n<td>Ara\u015ft\u0131rma Y\u00f6ntem ve Teknikleri<\/td>\n<td>2+2+3<\/td>\n<td>Zorunlu<\/td>\n<td width=\"209\">\u00d6\u011fr. G\u00f6r. Halil YAMAK<\/td>\n<\/tr>\n<tr>\n<td>BYA204<\/td>\n<td>Y\u00f6netici Asistanl\u0131\u011f\u0131<\/td>\n<td>2+0+2<\/td>\n<td>Zorunlu<\/td>\n<td width=\"209\">\u00d6\u011fr. G\u00f6r. Kevser G\u0130RG\u0130N \u00c7ATALKAYA<\/td>\n<\/tr>\n<tr>\n<td>BYA222<\/td>\n<td>Toplant\u0131 Y\u00f6netimi ve Sunu Yetenekleri<\/td>\n<td>2+0+2<\/td>\n<td>Zorunlu<\/td>\n<td width=\"209\">\u00d6\u011fr. G\u00f6r. Kevser G\u0130RG\u0130N \u00c7ATALKAYA<\/td>\n<\/tr>\n<tr>\n<td>BYA226<\/td>\n<td>\u00d6rg\u00fctsel Davran\u0131\u015f<\/td>\n<td>2+0+2<\/td>\n<td>Zorunlu<\/td>\n<td width=\"209\">\u00d6\u011fr. G\u00f6r. Derya KABASAKAL \u015eAH\u0130N<\/td>\n<\/tr>\n<tr>\n<td>BYA214<\/td>\n<td>M\u00fc\u015fteri \u0130li\u015fkileri Y\u00f6netimi<\/td>\n<td>2+0+2<\/td>\n<td>Zorunlu<\/td>\n<td width=\"209\">\u00d6\u011fr. G\u00f6r. Derya KABASAKAL \u015eAH\u0130N<\/td>\n<\/tr>\n<tr>\n<td>BYA202<\/td>\n<td>Protokol ve Sosyal Davran\u0131\u015f Kurallar\u0131<\/td>\n<td>2+0+2<\/td>\n<td>Zorunlu<\/td>\n<td width=\"209\">\u00d6\u011fr. G\u00f6r. Yusuf \u00c7ATALKAYA<\/td>\n<\/tr>\n<tr>\n<td>BYA216<\/td>\n<td>Genel Turizm Bilgisi<\/td>\n<td>1+0+1<\/td>\n<td>Zorunlu<\/td>\n<td width=\"209\">\u00d6\u011fr. G\u00f6r. Yusuf \u00c7ATALKAYA<\/td>\n<\/tr>\n<tr>\n<td>BYA224<\/td>\n<td>Sekt\u00f6rel Uygulamalar<\/td>\n<td>2+0+2<\/td>\n<td>Zorunlu<\/td>\n<td><\/td>\n<\/tr>\n<\/tbody>\n<\/table>\n<p>[\/vc_column_text][\/vc_column][vc_column width=&#8221;1\/4&#8243; css=&#8221;.vc_custom_1433424546160{margin-top: 20px !important;padding-right: 0px !important;}&#8221;][vc_widget_sidebar sidebar_id=&#8221;generated_sidebar-buro-yonetimi-yan-menu&#8221;][\/vc_column][\/vc_row]<\/p>\n","protected":false},"excerpt":{"rendered":"<p>[vc_row css=&#8221;.vc_custom_1427462343642{margin-top: -5px !important;margin-left: 0px !important;padding-left: 0px !important;}&#8221;][vc_column width=&#8221;3\/4&#8243; css=&#8221;.vc_custom_1450099092203{margin-top: 5px !important;margin-right: 0px !important;padding-right: 0px !important;padding-left: 0px !important;}&#8221;][vc_widget_sidebar sidebar_id=&#8221;generated_sidebar-buro-yonetimi-ust-menu&#8221;][vc_column_text el_class=&#8221;menu-basligi&#8221; css=&#8221;.vc_custom_1469191934162{margin-top: -10px !important;padding-top: 5px !important;}&#8221;] DERS \u0130\u00c7ER\u0130KLER\u0130 [\/vc_column_text][vc_column_text el_class=&#8221;menu-basligi&#8221; css=&#8221;.vc_custom_1469173895571{margin-top: 10px !important;padding-top: 10px !important;}&#8221;] I. SINIF G\u00dcZ YARIYILI DERSLER\u0130 [\/vc_column_text][vc_column_text el_class=&#8221;ders-tablosu&#8221;] Kodu Ders Ad\u0131 D+U+L Z\/S \u00d6\u011fretim \u00dcyesi AT\u0130101 Atat\u00fcrk \u0130lkeleri ve \u0130nk\u0131lap Tarihi -I 2+0+2 Zorunlu \u00d6\u011fr. G\u00f6r. Dr. Ercan YAL\u00c7IN TD\u0130101 T\u00fcrk Dili -I 2+0+2 Zorunlu \u00d6\u011fr. G\u00f6r. Efsun Kevser KAYA YD\u0130101 Yabanc\u0131 Dil -I 2+0+2 Zorunlu \u00d6\u011fr. G\u00f6r. Havva Nur YE\u015e\u0130LDA\u011e \u00a0BYA109 Klavye Teknikleri 2+0+2 Zorunlu \u00d6\u011fr. G\u00f6r. Kevser G\u0130RG\u0130N \u00c7ATALKAYA \u00a0BYA111 Bilgisayar B\u00fcro Programlar\u0131 2+0+2 Zorunlu \u00a0BYA101 Genel Hukuk Bilgisi 2+0+2 Zorunlu \u00d6\u011fr. G\u00f6r. Kevser G\u0130RG\u0130N \u00c7ATALKAYA \u00a0BYA119 Etkili Konu\u015fma ve \u0130leti\u015fim 1+0+1 Zorunlu \u00d6\u011fr. G\u00f6r. Derya KABASAKAL \u015eAH\u0130N \u00a0BYA121 Genel \u0130\u015fletme 2+0+2 Zorunlu \u00d6\u011fr. G\u00f6r. Derya KABASAKAL \u015eAH\u0130N \u00a0BYA113 Konaklama \u0130\u015fletmeleri Y\u00f6netimi 2+0+2 Zorunlu \u00d6\u011fr. G\u00f6r. Yusuf \u00c7ATALKAYA \u00a0BYA123 \u0130\u015f Sa\u011fl\u0131\u011f\u0131 ve G\u00fcvenli\u011fi 2+0+2 Zorunlu \u00d6\u011fr. G\u00f6r. Musa \u015eAH\u0130N \u00a0BYA122 Genel Ekonomi 2+0+2 Zorunlu \u00d6\u011fr. G\u00f6r. Sinan EM\u0130RZEO\u011eLU [\/vc_column_text][vc_column_text el_class=&#8221;menu-basligi&#8221; css=&#8221;.vc_custom_1442317440961{margin-top: 5px !important;}&#8221;] I. SINIF BAHAR\u00a0YARIYILI DERSLER\u0130 [\/vc_column_text][vc_column_text el_class=&#8221;ders-tablosu&#8221;] Kodu Ders Ad\u0131 D+U+L Z\/S \u00d6\u011fretim \u00dcyesi AT\u0130102 Atat\u00fcrk \u0130lkeleri ve \u0130nk\u0131lap Tarihi -II 2+0+2 Zorunlu \u00d6\u011fr. G\u00f6r. Dr. Ercan YAL\u00c7IN TD\u0130102 T\u00fcrk Dili -II 2+0+2 Zorunlu \u00d6\u011fr. G\u00f6r. Efsun Kevser KAYA YD\u0130102 Yabanc\u0131 Dil -II 2+0+2 Zorunlu \u00d6\u011fr. G\u00f6r. Havva Nur YE\u015e\u0130LDA\u011e BYA120 Ticari Matematik 2+0+2 Zorunlu BYA104 \u0130\u015fletme II 2+0+2 Zorunlu \u00d6\u011fr. G\u00f6r. Derya KABASAKAL \u015eAH\u0130N BYA106 Makro \u0130ktisat-Ekonomi II 2+0+2 Zorunlu \u00d6\u011fr. G\u00f6r. Sinan EM\u0130RZEO\u011eLU BYA108 Dosyalama ve Ar\u015fivleme Teknikleri 1+0+1 Zorunlu BYA110 [&hellip;]<\/p>\n","protected":false},"author":11,"featured_media":0,"parent":0,"menu_order":0,"comment_status":"closed","ping_status":"closed","template":"","meta":[],"translation":{"provider":"WPGlobus","version":"2.12.2","language":"en","enabled_languages":["tr","en"],"languages":{"tr":{"title":true,"content":true,"excerpt":false},"en":{"title":false,"content":false,"excerpt":false}}},"yoast_head":"<!-- This site is optimized with the Yoast SEO plugin v17.4 - https:\/\/yoast.com\/wordpress\/plugins\/seo\/ -->\n<meta name=\"robots\" content=\"index, follow, max-snippet:-1, max-image-preview:large, max-video-preview:-1\" \/>\n<link rel=\"canonical\" href=\"https:\/\/uzem.omu.edu.tr\/buro-yonetimi-ve-yonetici-asistanligi-ders-icerikleri\/\" \/>\n<meta property=\"og:locale\" content=\"en_US\" \/>\n<meta property=\"og:type\" content=\"article\" \/>\n<meta property=\"og:title\" content=\"B\u00fcro Y\u00f6netimi ve Y\u00f6netici Asistanl\u0131\u011f\u0131| Ders \u0130\u00e7erikleri - OM\u00dc Uzaktan E\u011fitim Merkezi\" \/>\n<meta property=\"og:url\" content=\"https:\/\/uzem.omu.edu.tr\/buro-yonetimi-ve-yonetici-asistanligi-ders-icerikleri\/\" \/>\n<meta property=\"og:site_name\" content=\"OM\u00dc Uzaktan E\u011fitim Merkezi\" \/>\n<meta property=\"article:publisher\" content=\"https:\/\/www.facebook.com\/omu.uzem\" \/>\n<meta property=\"article:modified_time\" content=\"2026-04-14T08:24:01+00:00\" \/>\n<meta name=\"twitter:card\" content=\"summary_large_image\" \/>\n<meta name=\"twitter:site\" content=\"@omuuzem\" \/>\n<meta name=\"twitter:label1\" content=\"Est. reading time\" \/>\n\t<meta name=\"twitter:data1\" content=\"3 minutes\" \/>\n<script type=\"application\/ld+json\" class=\"yoast-schema-graph\">{\"@context\":\"https:\/\/schema.org\",\"@graph\":[{\"@type\":\"Organization\",\"@id\":\"https:\/\/uzem.omu.edu.tr\/#organization\",\"name\":\"UZEM\",\"url\":\"https:\/\/uzem.omu.edu.tr\/\",\"sameAs\":[\"https:\/\/www.facebook.com\/omu.uzem\",\"https:\/\/www.instagram.com\/omu.uzem\/\",\"https:\/\/www.youtube.com\/channel\/UCQ6c_wjaGQcIvBKTbPrOe2A\",\"https:\/\/twitter.com\/omuuzem\"],\"logo\":{\"@type\":\"ImageObject\",\"@id\":\"https:\/\/uzem.omu.edu.tr\/#logo\",\"inLanguage\":\"en-US\",\"url\":\"https:\/\/uzem.omu.edu.tr\/wp-content\/uploads\/ulogo-1.png\",\"contentUrl\":\"https:\/\/uzem.omu.edu.tr\/wp-content\/uploads\/ulogo-1.png\",\"width\":364,\"height\":39,\"caption\":\"UZEM\"},\"image\":{\"@id\":\"https:\/\/uzem.omu.edu.tr\/#logo\"}},{\"@type\":\"WebSite\",\"@id\":\"https:\/\/uzem.omu.edu.tr\/#website\",\"url\":\"https:\/\/uzem.omu.edu.tr\/\",\"name\":\"OM\\u00dc Uzaktan E\\u011fitim Merkezi\",\"description\":\"&quot;F\\u0131rsatlar Sunar&quot;\",\"publisher\":{\"@id\":\"https:\/\/uzem.omu.edu.tr\/#organization\"},\"potentialAction\":[{\"@type\":\"SearchAction\",\"target\":{\"@type\":\"EntryPoint\",\"urlTemplate\":\"https:\/\/uzem.omu.edu.tr\/?s={search_term_string}\"},\"query-input\":\"required name=search_term_string\"}],\"inLanguage\":\"en-US\"},{\"@type\":\"WebPage\",\"@id\":\"https:\/\/uzem.omu.edu.tr\/buro-yonetimi-ve-yonetici-asistanligi-ders-icerikleri\/#webpage\",\"url\":\"https:\/\/uzem.omu.edu.tr\/buro-yonetimi-ve-yonetici-asistanligi-ders-icerikleri\/\",\"name\":\"B\\u00fcro Y\\u00f6netimi ve Y\\u00f6netici Asistanl\\u0131\\u011f\\u0131| Ders \\u0130\\u00e7erikleri - OM\\u00dc Uzaktan E\\u011fitim Merkezi\",\"isPartOf\":{\"@id\":\"https:\/\/uzem.omu.edu.tr\/#website\"},\"datePublished\":\"2016-07-15T10:57:34+00:00\",\"dateModified\":\"2026-04-14T08:24:01+00:00\",\"breadcrumb\":{\"@id\":\"https:\/\/uzem.omu.edu.tr\/buro-yonetimi-ve-yonetici-asistanligi-ders-icerikleri\/#breadcrumb\"},\"inLanguage\":\"en-US\",\"potentialAction\":[{\"@type\":\"ReadAction\",\"target\":[\"https:\/\/uzem.omu.edu.tr\/buro-yonetimi-ve-yonetici-asistanligi-ders-icerikleri\/\"]}]},{\"@type\":\"BreadcrumbList\",\"@id\":\"https:\/\/uzem.omu.edu.tr\/buro-yonetimi-ve-yonetici-asistanligi-ders-icerikleri\/#breadcrumb\",\"itemListElement\":[{\"@type\":\"ListItem\",\"position\":1,\"name\":\"Home\",\"item\":\"https:\/\/uzem.omu.edu.tr\/\"},{\"@type\":\"ListItem\",\"position\":2,\"name\":\"B\\u00fcro Y\\u00f6netimi ve Y\\u00f6netici Asistanl\\u0131\\u011f\\u0131| Ders \\u0130\\u00e7erikleri\"}]}]}<\/script>\n<!-- \/ Yoast SEO plugin. -->","yoast_head_json":{"robots":{"index":"index","follow":"follow","max-snippet":"max-snippet:-1","max-image-preview":"max-image-preview:large","max-video-preview":"max-video-preview:-1"},"canonical":"https:\/\/uzem.omu.edu.tr\/buro-yonetimi-ve-yonetici-asistanligi-ders-icerikleri\/","og_locale":"en_US","og_type":"article","og_title":"B\u00fcro Y\u00f6netimi ve Y\u00f6netici Asistanl\u0131\u011f\u0131| Ders \u0130\u00e7erikleri - OM\u00dc Uzaktan E\u011fitim Merkezi","og_url":"https:\/\/uzem.omu.edu.tr\/buro-yonetimi-ve-yonetici-asistanligi-ders-icerikleri\/","og_site_name":"OM\u00dc Uzaktan E\u011fitim Merkezi","article_publisher":"https:\/\/www.facebook.com\/omu.uzem","article_modified_time":"2026-04-14T08:24:01+00:00","twitter_card":"summary_large_image","twitter_site":"@omuuzem","twitter_misc":{"Est. reading time":"3 minutes"},"schema":{"@context":"https:\/\/schema.org","@graph":[{"@type":"Organization","@id":"https:\/\/uzem.omu.edu.tr\/#organization","name":"UZEM","url":"https:\/\/uzem.omu.edu.tr\/","sameAs":["https:\/\/www.facebook.com\/omu.uzem","https:\/\/www.instagram.com\/omu.uzem\/","https:\/\/www.youtube.com\/channel\/UCQ6c_wjaGQcIvBKTbPrOe2A","https:\/\/twitter.com\/omuuzem"],"logo":{"@type":"ImageObject","@id":"https:\/\/uzem.omu.edu.tr\/#logo","inLanguage":"en-US","url":"https:\/\/uzem.omu.edu.tr\/wp-content\/uploads\/ulogo-1.png","contentUrl":"https:\/\/uzem.omu.edu.tr\/wp-content\/uploads\/ulogo-1.png","width":364,"height":39,"caption":"UZEM"},"image":{"@id":"https:\/\/uzem.omu.edu.tr\/#logo"}},{"@type":"WebSite","@id":"https:\/\/uzem.omu.edu.tr\/#website","url":"https:\/\/uzem.omu.edu.tr\/","name":"OM\u00dc Uzaktan E\u011fitim Merkezi","description":"&quot;F\u0131rsatlar Sunar&quot;","publisher":{"@id":"https:\/\/uzem.omu.edu.tr\/#organization"},"potentialAction":[{"@type":"SearchAction","target":{"@type":"EntryPoint","urlTemplate":"https:\/\/uzem.omu.edu.tr\/?s={search_term_string}"},"query-input":"required name=search_term_string"}],"inLanguage":"en-US"},{"@type":"WebPage","@id":"https:\/\/uzem.omu.edu.tr\/buro-yonetimi-ve-yonetici-asistanligi-ders-icerikleri\/#webpage","url":"https:\/\/uzem.omu.edu.tr\/buro-yonetimi-ve-yonetici-asistanligi-ders-icerikleri\/","name":"B\u00fcro Y\u00f6netimi ve Y\u00f6netici Asistanl\u0131\u011f\u0131| Ders \u0130\u00e7erikleri - OM\u00dc Uzaktan E\u011fitim Merkezi","isPartOf":{"@id":"https:\/\/uzem.omu.edu.tr\/#website"},"datePublished":"2016-07-15T10:57:34+00:00","dateModified":"2026-04-14T08:24:01+00:00","breadcrumb":{"@id":"https:\/\/uzem.omu.edu.tr\/buro-yonetimi-ve-yonetici-asistanligi-ders-icerikleri\/#breadcrumb"},"inLanguage":"en-US","potentialAction":[{"@type":"ReadAction","target":["https:\/\/uzem.omu.edu.tr\/buro-yonetimi-ve-yonetici-asistanligi-ders-icerikleri\/"]}]},{"@type":"BreadcrumbList","@id":"https:\/\/uzem.omu.edu.tr\/buro-yonetimi-ve-yonetici-asistanligi-ders-icerikleri\/#breadcrumb","itemListElement":[{"@type":"ListItem","position":1,"name":"Home","item":"https:\/\/uzem.omu.edu.tr\/"},{"@type":"ListItem","position":2,"name":"B\u00fcro Y\u00f6netimi ve Y\u00f6netici Asistanl\u0131\u011f\u0131| Ders \u0130\u00e7erikleri"}]}]}},"_links":{"self":[{"href":"https:\/\/uzem.omu.edu.tr\/en\/wp-json\/wp\/v2\/pages\/13382"}],"collection":[{"href":"https:\/\/uzem.omu.edu.tr\/en\/wp-json\/wp\/v2\/pages"}],"about":[{"href":"https:\/\/uzem.omu.edu.tr\/en\/wp-json\/wp\/v2\/types\/page"}],"author":[{"embeddable":true,"href":"https:\/\/uzem.omu.edu.tr\/en\/wp-json\/wp\/v2\/users\/11"}],"replies":[{"embeddable":true,"href":"https:\/\/uzem.omu.edu.tr\/en\/wp-json\/wp\/v2\/comments?post=13382"}],"version-history":[{"count":36,"href":"https:\/\/uzem.omu.edu.tr\/en\/wp-json\/wp\/v2\/pages\/13382\/revisions"}],"predecessor-version":[{"id":27527,"href":"https:\/\/uzem.omu.edu.tr\/en\/wp-json\/wp\/v2\/pages\/13382\/revisions\/27527"}],"wp:attachment":[{"href":"https:\/\/uzem.omu.edu.tr\/en\/wp-json\/wp\/v2\/media?parent=13382"}],"curies":[{"name":"wp","href":"https:\/\/api.w.org\/{rel}","templated":true}]}}