{"id":1338,"date":"2015-05-08T12:32:41","date_gmt":"2015-05-08T12:32:41","guid":{"rendered":"https:\/\/uzem.omu.edu.tr\/?page_id=1338"},"modified":"2023-09-06T10:35:05","modified_gmt":"2023-09-06T07:35:05","slug":"tasinmaz-degerleme-ve-gelistirme-fotograf-albumu","status":"publish","type":"page","link":"https:\/\/uzem.omu.edu.tr\/en\/tasinmaz-degerleme-ve-gelistirme-fotograf-albumu\/","title":{"rendered":"Ta\u015f\u0131nmaz De\u011ferleme ve Geli\u015ftirme | Foto\u011fraf Alb\u00fcm\u00fc"},"content":{"rendered":"<p>[vc_row css=&#8221;.vc_custom_1427462343642{margin-top: -5px !important;margin-left: 0px !important;padding-left: 0px !important;}&#8221;][vc_column width=&#8221;3\/4&#8243; css=&#8221;.vc_custom_1450093685374{margin-top: 5px !important;margin-right: 0px !important;padding-right: 0px !important;padding-left: 0px !important;}&#8221;][vc_row_inner][vc_column_inner css=&#8221;.vc_custom_1450093698148{margin-bottom: 5px !important;padding-right: 0px !important;padding-left: 0px !important;}&#8221;][vc_widget_sidebar sidebar_id=&#8221;generated_sidebar-tasinmaz-degerleme-gelistirme-ust-menu&#8221;][\/vc_column_inner][\/vc_row_inner][vc_column_text el_class=&#8221;menu-basligi&#8221; css=&#8221;.vc_custom_1578292600093{margin-top: -10px !important;padding-top: -10px !important;}&#8221;]<strong>FOTO\u011eRAF ALB\u00dcM\u00dc<\/strong>[\/vc_column_text][vc_empty_space height=&#8221;20px&#8221;]<div class=\"cqcarousel-container \" data-slidestoshow=\"3\" data-thumbstoshow=\"7\" data-dots=\"\" data-arrows=\"yes\" data-isgallery=\"\" data-largeimagearrows=\"yes\" data-autoplay=\"yes\" data-autoplayspeed=\"4000\" data-containerwidth=\"\" data-containermaxwidth=\"\" data-imgnum=\"10\" data-bottomversion=\"\" data-dotbottom=\"\" data-lightboxmode=\"prettyphoto\"><div class=\"carousel-thumb \"><div title=\"\"><a href=\"https:\/\/uzem.omu.edu.tr\/wp-content\/uploads\/WhatsApp-Image-2020-01-06-at-09.24.51-1.jpeg\" class=\"cqcarousel-item\" data-rel=\"prettyPhoto[rel-1338-1847696319]\" rel=\"prettyPhoto[rel-1338-1847696319]\"><img src=\"https:\/\/uzem.omu.edu.tr\/wp-content\/uploads\/WhatsApp-Image-2020-01-06-at-09.24.51-1.jpeg\" alt=\"\" title=\"WhatsApp Image 2020-01-06 at 09.24.51 (1)\" \/><\/a><\/div><div title=\"\"><a href=\"https:\/\/uzem.omu.edu.tr\/wp-content\/uploads\/WhatsApp-Image-2020-01-06-at-09.24.51-2.jpeg\" class=\"cqcarousel-item\" data-rel=\"prettyPhoto[rel-1338-1847696319]\" rel=\"prettyPhoto[rel-1338-1847696319]\"><img src=\"https:\/\/uzem.omu.edu.tr\/wp-content\/uploads\/WhatsApp-Image-2020-01-06-at-09.24.51-2.jpeg\" alt=\"\" title=\"WhatsApp Image 2020-01-06 at 09.24.51 (2)\" \/><\/a><\/div><div title=\"\"><a href=\"https:\/\/uzem.omu.edu.tr\/wp-content\/uploads\/WhatsApp-Image-2020-01-06-at-09.24.52.jpeg\" class=\"cqcarousel-item\" data-rel=\"prettyPhoto[rel-1338-1847696319]\" rel=\"prettyPhoto[rel-1338-1847696319]\"><img src=\"https:\/\/uzem.omu.edu.tr\/wp-content\/uploads\/WhatsApp-Image-2020-01-06-at-09.24.52.jpeg\" alt=\"\" title=\"WhatsApp Image 2020-01-06 at 09.24.52\" \/><\/a><\/div><div title=\"\"><a href=\"https:\/\/uzem.omu.edu.tr\/wp-content\/uploads\/WhatsApp-Image-2020-01-06-at-09.24.52-1.jpeg\" class=\"cqcarousel-item\" data-rel=\"prettyPhoto[rel-1338-1847696319]\" rel=\"prettyPhoto[rel-1338-1847696319]\"><img src=\"https:\/\/uzem.omu.edu.tr\/wp-content\/uploads\/WhatsApp-Image-2020-01-06-at-09.24.52-1.jpeg\" alt=\"\" title=\"WhatsApp Image 2020-01-06 at 09.24.52 (1)\" \/><\/a><\/div><div title=\"\"><a href=\"https:\/\/uzem.omu.edu.tr\/wp-content\/uploads\/WhatsApp-Image-2020-01-06-at-09.24.52-2.jpeg\" class=\"cqcarousel-item\" data-rel=\"prettyPhoto[rel-1338-1847696319]\" rel=\"prettyPhoto[rel-1338-1847696319]\"><img src=\"https:\/\/uzem.omu.edu.tr\/wp-content\/uploads\/WhatsApp-Image-2020-01-06-at-09.24.52-2.jpeg\" alt=\"\" title=\"WhatsApp Image 2020-01-06 at 09.24.52 (2)\" \/><\/a><\/div><div title=\"\"><a href=\"https:\/\/uzem.omu.edu.tr\/wp-content\/uploads\/WhatsApp-Image-2020-01-06-at-09.24.53.jpeg\" class=\"cqcarousel-item\" data-rel=\"prettyPhoto[rel-1338-1847696319]\" rel=\"prettyPhoto[rel-1338-1847696319]\"><img src=\"https:\/\/uzem.omu.edu.tr\/wp-content\/uploads\/WhatsApp-Image-2020-01-06-at-09.24.53.jpeg\" alt=\"\" title=\"WhatsApp Image 2020-01-06 at 09.24.53\" \/><\/a><\/div><div title=\"\"><a href=\"https:\/\/uzem.omu.edu.tr\/wp-content\/uploads\/WhatsApp-Image-2020-01-06-at-09.24.53-1.jpeg\" class=\"cqcarousel-item\" data-rel=\"prettyPhoto[rel-1338-1847696319]\" rel=\"prettyPhoto[rel-1338-1847696319]\"><img src=\"https:\/\/uzem.omu.edu.tr\/wp-content\/uploads\/WhatsApp-Image-2020-01-06-at-09.24.53-1.jpeg\" alt=\"\" title=\"WhatsApp Image 2020-01-06 at 09.24.53 (1)\" \/><\/a><\/div><div title=\"\"><a href=\"https:\/\/uzem.omu.edu.tr\/wp-content\/uploads\/WhatsApp-Image-2020-01-06-at-09.24.50.jpeg\" class=\"cqcarousel-item\" data-rel=\"prettyPhoto[rel-1338-1847696319]\" rel=\"prettyPhoto[rel-1338-1847696319]\"><img src=\"https:\/\/uzem.omu.edu.tr\/wp-content\/uploads\/WhatsApp-Image-2020-01-06-at-09.24.50.jpeg\" alt=\"\" title=\"WhatsApp Image 2020-01-06 at 09.24.50\" \/><\/a><\/div><div title=\"\"><a href=\"https:\/\/uzem.omu.edu.tr\/wp-content\/uploads\/WhatsApp-Image-2020-01-06-at-09.24.50-1.jpeg\" class=\"cqcarousel-item\" data-rel=\"prettyPhoto[rel-1338-1847696319]\" rel=\"prettyPhoto[rel-1338-1847696319]\"><img src=\"https:\/\/uzem.omu.edu.tr\/wp-content\/uploads\/WhatsApp-Image-2020-01-06-at-09.24.50-1.jpeg\" alt=\"\" title=\"WhatsApp Image 2020-01-06 at 09.24.50 (1)\" \/><\/a><\/div><div title=\"\"><a href=\"https:\/\/uzem.omu.edu.tr\/wp-content\/uploads\/WhatsApp-Image-2020-01-06-at-09.24.51.jpeg\" class=\"cqcarousel-item\" data-rel=\"prettyPhoto[rel-1338-1847696319]\" rel=\"prettyPhoto[rel-1338-1847696319]\"><img src=\"https:\/\/uzem.omu.edu.tr\/wp-content\/uploads\/WhatsApp-Image-2020-01-06-at-09.24.51.jpeg\" alt=\"\" title=\"WhatsApp Image 2020-01-06 at 09.24.51\" \/><\/a><\/div><\/div><\/div><div class=\"cqcarousel-container \" data-slidestoshow=\"3\" data-thumbstoshow=\"7\" data-dots=\"\" data-arrows=\"yes\" data-isgallery=\"\" data-largeimagearrows=\"yes\" data-autoplay=\"yes\" data-autoplayspeed=\"4000\" data-containerwidth=\"\" data-containermaxwidth=\"\" data-imgnum=\"7\" data-bottomversion=\"\" data-dotbottom=\"\" data-lightboxmode=\"prettyphoto\"><div class=\"carousel-thumb \"><div title=\"\"><a href=\"https:\/\/uzem.omu.edu.tr\/wp-content\/uploads\/tag-mezuniyet-7.jpg\" class=\"cqcarousel-item\" data-rel=\"prettyPhoto[rel-1338-1642604994]\" rel=\"prettyPhoto[rel-1338-1642604994]\"><img src=\"https:\/\/uzem.omu.edu.tr\/wp-content\/uploads\/tag-mezuniyet-7.jpg\" alt=\"\" title=\"tag-mezuniyet-7\" \/><\/a><\/div><div title=\"\"><a href=\"https:\/\/uzem.omu.edu.tr\/wp-content\/uploads\/tag-mezuniyet-6.jpg\" class=\"cqcarousel-item\" data-rel=\"prettyPhoto[rel-1338-1642604994]\" rel=\"prettyPhoto[rel-1338-1642604994]\"><img src=\"https:\/\/uzem.omu.edu.tr\/wp-content\/uploads\/tag-mezuniyet-6.jpg\" alt=\"\" title=\"tag-mezuniyet-6\" \/><\/a><\/div><div title=\"\"><a href=\"https:\/\/uzem.omu.edu.tr\/wp-content\/uploads\/tag-mezuniyet-5.jpg\" class=\"cqcarousel-item\" data-rel=\"prettyPhoto[rel-1338-1642604994]\" rel=\"prettyPhoto[rel-1338-1642604994]\"><img src=\"https:\/\/uzem.omu.edu.tr\/wp-content\/uploads\/tag-mezuniyet-5.jpg\" alt=\"\" title=\"tag-mezuniyet-5\" \/><\/a><\/div><div title=\"\"><a href=\"https:\/\/uzem.omu.edu.tr\/wp-content\/uploads\/tag-mezuniyet-4.jpg\" class=\"cqcarousel-item\" data-rel=\"prettyPhoto[rel-1338-1642604994]\" rel=\"prettyPhoto[rel-1338-1642604994]\"><img src=\"https:\/\/uzem.omu.edu.tr\/wp-content\/uploads\/tag-mezuniyet-4.jpg\" alt=\"\" title=\"tag-mezuniyet-4\" \/><\/a><\/div><div title=\"\"><a href=\"https:\/\/uzem.omu.edu.tr\/wp-content\/uploads\/tag-mezuniyet-3.jpg\" class=\"cqcarousel-item\" data-rel=\"prettyPhoto[rel-1338-1642604994]\" rel=\"prettyPhoto[rel-1338-1642604994]\"><img src=\"https:\/\/uzem.omu.edu.tr\/wp-content\/uploads\/tag-mezuniyet-3.jpg\" alt=\"\" title=\"tag-mezuniyet-3\" \/><\/a><\/div><div title=\"\"><a href=\"https:\/\/uzem.omu.edu.tr\/wp-content\/uploads\/tag-mezuniyet-2.jpg\" class=\"cqcarousel-item\" data-rel=\"prettyPhoto[rel-1338-1642604994]\" rel=\"prettyPhoto[rel-1338-1642604994]\"><img src=\"https:\/\/uzem.omu.edu.tr\/wp-content\/uploads\/tag-mezuniyet-2.jpg\" alt=\"\" title=\"tag-mezuniyet-2\" \/><\/a><\/div><div title=\"\"><a href=\"https:\/\/uzem.omu.edu.tr\/wp-content\/uploads\/tag-mezuniyet-1.jpg\" class=\"cqcarousel-item\" data-rel=\"prettyPhoto[rel-1338-1642604994]\" rel=\"prettyPhoto[rel-1338-1642604994]\"><img src=\"https:\/\/uzem.omu.edu.tr\/wp-content\/uploads\/tag-mezuniyet-1.jpg\" alt=\"\" title=\"tag-mezuniyet-1\" \/><\/a><\/div><\/div><\/div>[vc_empty_space height=&#8221;20px&#8221;][\/vc_column][vc_column width=&#8221;1\/4&#8243; css=&#8221;.vc_custom_1433424546160{margin-top: 20px !important;padding-right: 0px !important;}&#8221;][vc_widget_sidebar sidebar_id=&#8221;generated_sidebar-tasinmaz-degerleme-gelistirme&#8221;][\/vc_column][\/vc_row]<\/p>\n","protected":false},"excerpt":{"rendered":"<p>[vc_row css=&#8221;.vc_custom_1427462343642{margin-top: -5px !important;margin-left: 0px !important;padding-left: 0px !important;}&#8221;][vc_column width=&#8221;3\/4&#8243; css=&#8221;.vc_custom_1450093685374{margin-top: 5px !important;margin-right: 0px !important;padding-right: 0px !important;padding-left: 0px !important;}&#8221;][vc_row_inner][vc_column_inner css=&#8221;.vc_custom_1450093698148{margin-bottom: 5px !important;padding-right: 0px !important;padding-left: 0px !important;}&#8221;][vc_widget_sidebar sidebar_id=&#8221;generated_sidebar-tasinmaz-degerleme-gelistirme-ust-menu&#8221;][\/vc_column_inner][\/vc_row_inner][vc_column_text el_class=&#8221;menu-basligi&#8221; css=&#8221;.vc_custom_1578292600093{margin-top: -10px !important;padding-top: -10px !important;}&#8221;]FOTO\u011eRAF ALB\u00dcM\u00dc[\/vc_column_text][vc_empty_space height=&#8221;20px&#8221;][vc_empty_space height=&#8221;20px&#8221;][\/vc_column][vc_column width=&#8221;1\/4&#8243; css=&#8221;.vc_custom_1433424546160{margin-top: 20px !important;padding-right: 0px !important;}&#8221;][vc_widget_sidebar sidebar_id=&#8221;generated_sidebar-tasinmaz-degerleme-gelistirme&#8221;][\/vc_column][\/vc_row]<\/p>\n","protected":false},"author":5,"featured_media":0,"parent":0,"menu_order":0,"comment_status":"closed","ping_status":"closed","template":"","meta":[],"translation":{"provider":"WPGlobus","version":"2.12.2","language":"en","enabled_languages":["tr","en"],"languages":{"tr":{"title":true,"content":true,"excerpt":false},"en":{"title":false,"content":false,"excerpt":false}}},"yoast_head":"<!-- This site is optimized with the Yoast SEO plugin v17.4 - https:\/\/yoast.com\/wordpress\/plugins\/seo\/ -->\n<meta name=\"robots\" content=\"index, follow, max-snippet:-1, max-image-preview:large, max-video-preview:-1\" \/>\n<link rel=\"canonical\" href=\"https:\/\/uzem.omu.edu.tr\/tasinmaz-degerleme-ve-gelistirme-fotograf-albumu\/\" \/>\n<meta property=\"og:locale\" content=\"en_US\" \/>\n<meta property=\"og:type\" content=\"article\" \/>\n<meta property=\"og:title\" content=\"Ta\u015f\u0131nmaz De\u011ferleme ve Geli\u015ftirme | Foto\u011fraf Alb\u00fcm\u00fc - OM\u00dc Uzaktan E\u011fitim Merkezi\" \/>\n<meta property=\"og:url\" content=\"https:\/\/uzem.omu.edu.tr\/tasinmaz-degerleme-ve-gelistirme-fotograf-albumu\/\" \/>\n<meta property=\"og:site_name\" content=\"OM\u00dc Uzaktan E\u011fitim Merkezi\" \/>\n<meta property=\"article:publisher\" content=\"https:\/\/www.facebook.com\/omu.uzem\" \/>\n<meta property=\"article:modified_time\" content=\"2023-09-06T07:35:05+00:00\" \/>\n<meta name=\"twitter:card\" content=\"summary_large_image\" \/>\n<meta name=\"twitter:site\" content=\"@omuuzem\" \/>\n<meta name=\"twitter:label1\" content=\"Est. reading time\" \/>\n\t<meta name=\"twitter:data1\" content=\"1 minute\" \/>\n<script type=\"application\/ld+json\" class=\"yoast-schema-graph\">{\"@context\":\"https:\/\/schema.org\",\"@graph\":[{\"@type\":\"Organization\",\"@id\":\"https:\/\/uzem.omu.edu.tr\/#organization\",\"name\":\"UZEM\",\"url\":\"https:\/\/uzem.omu.edu.tr\/\",\"sameAs\":[\"https:\/\/www.facebook.com\/omu.uzem\",\"https:\/\/www.instagram.com\/omu.uzem\/\",\"https:\/\/www.youtube.com\/channel\/UCQ6c_wjaGQcIvBKTbPrOe2A\",\"https:\/\/twitter.com\/omuuzem\"],\"logo\":{\"@type\":\"ImageObject\",\"@id\":\"https:\/\/uzem.omu.edu.tr\/#logo\",\"inLanguage\":\"en-US\",\"url\":\"https:\/\/uzem.omu.edu.tr\/wp-content\/uploads\/ulogo-1.png\",\"contentUrl\":\"https:\/\/uzem.omu.edu.tr\/wp-content\/uploads\/ulogo-1.png\",\"width\":364,\"height\":39,\"caption\":\"UZEM\"},\"image\":{\"@id\":\"https:\/\/uzem.omu.edu.tr\/#logo\"}},{\"@type\":\"WebSite\",\"@id\":\"https:\/\/uzem.omu.edu.tr\/#website\",\"url\":\"https:\/\/uzem.omu.edu.tr\/\",\"name\":\"OM\\u00dc Uzaktan E\\u011fitim Merkezi\",\"description\":\"&quot;F\\u0131rsatlar Sunar&quot;\",\"publisher\":{\"@id\":\"https:\/\/uzem.omu.edu.tr\/#organization\"},\"potentialAction\":[{\"@type\":\"SearchAction\",\"target\":{\"@type\":\"EntryPoint\",\"urlTemplate\":\"https:\/\/uzem.omu.edu.tr\/?s={search_term_string}\"},\"query-input\":\"required name=search_term_string\"}],\"inLanguage\":\"en-US\"},{\"@type\":\"WebPage\",\"@id\":\"https:\/\/uzem.omu.edu.tr\/tasinmaz-degerleme-ve-gelistirme-fotograf-albumu\/#webpage\",\"url\":\"https:\/\/uzem.omu.edu.tr\/tasinmaz-degerleme-ve-gelistirme-fotograf-albumu\/\",\"name\":\"Ta\\u015f\\u0131nmaz De\\u011ferleme ve Geli\\u015ftirme | Foto\\u011fraf Alb\\u00fcm\\u00fc - OM\\u00dc Uzaktan E\\u011fitim Merkezi\",\"isPartOf\":{\"@id\":\"https:\/\/uzem.omu.edu.tr\/#website\"},\"datePublished\":\"2015-05-08T12:32:41+00:00\",\"dateModified\":\"2023-09-06T07:35:05+00:00\",\"breadcrumb\":{\"@id\":\"https:\/\/uzem.omu.edu.tr\/tasinmaz-degerleme-ve-gelistirme-fotograf-albumu\/#breadcrumb\"},\"inLanguage\":\"en-US\",\"potentialAction\":[{\"@type\":\"ReadAction\",\"target\":[\"https:\/\/uzem.omu.edu.tr\/tasinmaz-degerleme-ve-gelistirme-fotograf-albumu\/\"]}]},{\"@type\":\"BreadcrumbList\",\"@id\":\"https:\/\/uzem.omu.edu.tr\/tasinmaz-degerleme-ve-gelistirme-fotograf-albumu\/#breadcrumb\",\"itemListElement\":[{\"@type\":\"ListItem\",\"position\":1,\"name\":\"Home\",\"item\":\"https:\/\/uzem.omu.edu.tr\/\"},{\"@type\":\"ListItem\",\"position\":2,\"name\":\"Ta\\u015f\\u0131nmaz De\\u011ferleme ve Geli\\u015ftirme | Foto\\u011fraf Alb\\u00fcm\\u00fc\"}]}]}<\/script>\n<!-- \/ Yoast SEO plugin. -->","yoast_head_json":{"robots":{"index":"index","follow":"follow","max-snippet":"max-snippet:-1","max-image-preview":"max-image-preview:large","max-video-preview":"max-video-preview:-1"},"canonical":"https:\/\/uzem.omu.edu.tr\/tasinmaz-degerleme-ve-gelistirme-fotograf-albumu\/","og_locale":"en_US","og_type":"article","og_title":"Ta\u015f\u0131nmaz De\u011ferleme ve Geli\u015ftirme | Foto\u011fraf Alb\u00fcm\u00fc - OM\u00dc Uzaktan E\u011fitim Merkezi","og_url":"https:\/\/uzem.omu.edu.tr\/tasinmaz-degerleme-ve-gelistirme-fotograf-albumu\/","og_site_name":"OM\u00dc Uzaktan E\u011fitim Merkezi","article_publisher":"https:\/\/www.facebook.com\/omu.uzem","article_modified_time":"2023-09-06T07:35:05+00:00","twitter_card":"summary_large_image","twitter_site":"@omuuzem","twitter_misc":{"Est. reading time":"1 minute"},"schema":{"@context":"https:\/\/schema.org","@graph":[{"@type":"Organization","@id":"https:\/\/uzem.omu.edu.tr\/#organization","name":"UZEM","url":"https:\/\/uzem.omu.edu.tr\/","sameAs":["https:\/\/www.facebook.com\/omu.uzem","https:\/\/www.instagram.com\/omu.uzem\/","https:\/\/www.youtube.com\/channel\/UCQ6c_wjaGQcIvBKTbPrOe2A","https:\/\/twitter.com\/omuuzem"],"logo":{"@type":"ImageObject","@id":"https:\/\/uzem.omu.edu.tr\/#logo","inLanguage":"en-US","url":"https:\/\/uzem.omu.edu.tr\/wp-content\/uploads\/ulogo-1.png","contentUrl":"https:\/\/uzem.omu.edu.tr\/wp-content\/uploads\/ulogo-1.png","width":364,"height":39,"caption":"UZEM"},"image":{"@id":"https:\/\/uzem.omu.edu.tr\/#logo"}},{"@type":"WebSite","@id":"https:\/\/uzem.omu.edu.tr\/#website","url":"https:\/\/uzem.omu.edu.tr\/","name":"OM\u00dc Uzaktan E\u011fitim Merkezi","description":"&quot;F\u0131rsatlar Sunar&quot;","publisher":{"@id":"https:\/\/uzem.omu.edu.tr\/#organization"},"potentialAction":[{"@type":"SearchAction","target":{"@type":"EntryPoint","urlTemplate":"https:\/\/uzem.omu.edu.tr\/?s={search_term_string}"},"query-input":"required name=search_term_string"}],"inLanguage":"en-US"},{"@type":"WebPage","@id":"https:\/\/uzem.omu.edu.tr\/tasinmaz-degerleme-ve-gelistirme-fotograf-albumu\/#webpage","url":"https:\/\/uzem.omu.edu.tr\/tasinmaz-degerleme-ve-gelistirme-fotograf-albumu\/","name":"Ta\u015f\u0131nmaz De\u011ferleme ve Geli\u015ftirme | Foto\u011fraf Alb\u00fcm\u00fc - OM\u00dc Uzaktan E\u011fitim Merkezi","isPartOf":{"@id":"https:\/\/uzem.omu.edu.tr\/#website"},"datePublished":"2015-05-08T12:32:41+00:00","dateModified":"2023-09-06T07:35:05+00:00","breadcrumb":{"@id":"https:\/\/uzem.omu.edu.tr\/tasinmaz-degerleme-ve-gelistirme-fotograf-albumu\/#breadcrumb"},"inLanguage":"en-US","potentialAction":[{"@type":"ReadAction","target":["https:\/\/uzem.omu.edu.tr\/tasinmaz-degerleme-ve-gelistirme-fotograf-albumu\/"]}]},{"@type":"BreadcrumbList","@id":"https:\/\/uzem.omu.edu.tr\/tasinmaz-degerleme-ve-gelistirme-fotograf-albumu\/#breadcrumb","itemListElement":[{"@type":"ListItem","position":1,"name":"Home","item":"https:\/\/uzem.omu.edu.tr\/"},{"@type":"ListItem","position":2,"name":"Ta\u015f\u0131nmaz De\u011ferleme ve Geli\u015ftirme | Foto\u011fraf Alb\u00fcm\u00fc"}]}]}},"_links":{"self":[{"href":"https:\/\/uzem.omu.edu.tr\/en\/wp-json\/wp\/v2\/pages\/1338"}],"collection":[{"href":"https:\/\/uzem.omu.edu.tr\/en\/wp-json\/wp\/v2\/pages"}],"about":[{"href":"https:\/\/uzem.omu.edu.tr\/en\/wp-json\/wp\/v2\/types\/page"}],"author":[{"embeddable":true,"href":"https:\/\/uzem.omu.edu.tr\/en\/wp-json\/wp\/v2\/users\/5"}],"replies":[{"embeddable":true,"href":"https:\/\/uzem.omu.edu.tr\/en\/wp-json\/wp\/v2\/comments?post=1338"}],"version-history":[{"count":10,"href":"https:\/\/uzem.omu.edu.tr\/en\/wp-json\/wp\/v2\/pages\/1338\/revisions"}],"predecessor-version":[{"id":20016,"href":"https:\/\/uzem.omu.edu.tr\/en\/wp-json\/wp\/v2\/pages\/1338\/revisions\/20016"}],"wp:attachment":[{"href":"https:\/\/uzem.omu.edu.tr\/en\/wp-json\/wp\/v2\/media?parent=1338"}],"curies":[{"name":"wp","href":"https:\/\/api.w.org\/{rel}","templated":true}]}}