{"id":13370,"date":"2016-07-15T13:26:34","date_gmt":"2016-07-15T10:26:34","guid":{"rendered":"https:\/\/uzem.omu.edu.tr\/?page_id=13370"},"modified":"2025-09-02T15:58:57","modified_gmt":"2025-09-02T12:58:57","slug":"buro-yonetimi-ve-yonetici-asistanligi-odeme-bilgileri","status":"publish","type":"page","link":"https:\/\/uzem.omu.edu.tr\/en\/buro-yonetimi-ve-yonetici-asistanligi-odeme-bilgileri\/","title":{"rendered":"B\u00fcro Y\u00f6netimi ve Y\u00f6netici Asistanl\u0131\u011f\u0131 | \u00d6deme Bilgileri"},"content":{"rendered":"<p>[vc_row css=&#8221;.vc_custom_1427462343642{margin-top: -5px !important;margin-left: 0px !important;padding-left: 0px !important;}&#8221;][vc_column width=&#8221;3\/4&#8243; css=&#8221;.vc_custom_1450334885009{margin-top: 5px !important;margin-right: 0px !important;padding-right: 0px !important;padding-left: 0px !important;}&#8221;][vc_row_inner][vc_column_inner css=&#8221;.vc_custom_1450334938593{margin-bottom: -30px !important;padding-right: 0px !important;padding-left: 0px !important;}&#8221;][vc_widget_sidebar sidebar_id=&#8221;generated_sidebar-cagri-hizmetleri-ust-menu&#8221;][\/vc_column_inner][\/vc_row_inner][vc_empty_space height=&#8221;20px&#8221;][vc_column_text el_class=&#8221;menu-basligi&#8221;]<strong>\u00d6DEME B\u0130LG\u0130LER\u0130<\/strong>[\/vc_column_text][vc_column_text]De\u011ferli \u00f6\u011frencilerimiz, \u00d6\u011frenim \u00dccreti ve Uzaktan \u00d6\u011fretim Materyal \u00dccreti <strong>Ziraat Bank<\/strong><strong>\u00a0<\/strong>\u015fubeleri taraf\u0131ndan\u00a0<strong>\u00f6\u011frenci numaran\u0131z<\/strong>\u00a0ile tahsil edilecektir.<\/p>\n<p>Tahsil edilecek tutar\u0131n <strong>Ziraat Bank<\/strong><strong>\u00a0<\/strong><strong>haricinde di\u011fer bankalara yat\u0131r\u0131lmamas\u0131 gerekmektedir<\/strong>. Di\u011fer bankalara yap\u0131lan \u00f6demelerden UZEM sorumlu de\u011fildir. Ola\u011fan\u00fcst\u00fc durumlar haricinde \u00f6demelerde EFT ve Havale yoluyla tahsilat yap\u0131lmayacakt\u0131r.[\/vc_column_text][vc_column_text el_class=&#8221;ders-tablosu&#8221;]<\/p>\n<table width=\"696\">\n<tbody>\n<tr>\n<td width=\"289\">Taksit<\/td>\n<td width=\"192\">\u00d6deme Tarihi<\/td>\n<td width=\"215\">Tutar<\/td>\n<\/tr>\n<tr>\n<td>\u00d6\u011frenim \u00dccreti ve\u00a0U\u00d6 Materyal \u00dccreti\u00a01. Taksit<\/td>\n<td>02 Eyl\u00fcl &#8211; 19 Eyl\u00fcl 2025<\/td>\n<td width=\"215\">2.380,00 TL + 375,00 TL<\/td>\n<\/tr>\n<tr>\n<td>\u00d6\u011frenim \u00dccreti ve\u00a0U\u00d6 Materyal \u00dccreti 2. Taksit<\/td>\n<td>02 &#8211; 16 \u015eubat 2026<\/td>\n<td width=\"215\">2.380,00 TL + 375,00 TL<\/td>\n<\/tr>\n<\/tbody>\n<\/table>\n<p>[\/vc_column_text][vc_column_text]<\/p>\n<p>*<strong>\u00d6\u011frenim \u00dccreti, takip eden e\u011fitim \u00f6\u011fretim y\u0131l\u0131 ba\u015flamadan \u00f6nce Bakanlar Kurulu taraf\u0131ndan belirlenir.\u00a0Belirlenen \u00fccret, ilgili \u00f6deme takviminde g\u00fcncellenir.<\/strong><\/p>\n<p>[\/vc_column_text][\/vc_column][vc_column width=&#8221;1\/4&#8243; css=&#8221;.vc_custom_1433425842104{margin-top: 20px !important;padding-right: 0px !important;}&#8221;][vc_widget_sidebar sidebar_id=&#8221;generated_sidebar-cagri-hizmetleri&#8221;][\/vc_column][\/vc_row]<\/p>\n","protected":false},"excerpt":{"rendered":"<p>[vc_row css=&#8221;.vc_custom_1427462343642{margin-top: -5px !important;margin-left: 0px !important;padding-left: 0px !important;}&#8221;][vc_column width=&#8221;3\/4&#8243; css=&#8221;.vc_custom_1450334885009{margin-top: 5px !important;margin-right: 0px !important;padding-right: 0px !important;padding-left: 0px !important;}&#8221;][vc_row_inner][vc_column_inner css=&#8221;.vc_custom_1450334938593{margin-bottom: -30px !important;padding-right: 0px !important;padding-left: 0px !important;}&#8221;][vc_widget_sidebar sidebar_id=&#8221;generated_sidebar-cagri-hizmetleri-ust-menu&#8221;][\/vc_column_inner][\/vc_row_inner][vc_empty_space height=&#8221;20px&#8221;][vc_column_text el_class=&#8221;menu-basligi&#8221;]\u00d6DEME B\u0130LG\u0130LER\u0130[\/vc_column_text][vc_column_text]De\u011ferli \u00f6\u011frencilerimiz, \u00d6\u011frenim \u00dccreti ve Uzaktan \u00d6\u011fretim Materyal \u00dccreti Ziraat Bank\u00a0\u015fubeleri taraf\u0131ndan\u00a0\u00f6\u011frenci numaran\u0131z\u00a0ile tahsil edilecektir. Tahsil edilecek tutar\u0131n Ziraat Bank\u00a0haricinde di\u011fer bankalara yat\u0131r\u0131lmamas\u0131 gerekmektedir. Di\u011fer bankalara yap\u0131lan \u00f6demelerden UZEM sorumlu de\u011fildir. Ola\u011fan\u00fcst\u00fc durumlar haricinde \u00f6demelerde EFT ve Havale yoluyla tahsilat yap\u0131lmayacakt\u0131r.[\/vc_column_text][vc_column_text el_class=&#8221;ders-tablosu&#8221;] Taksit \u00d6deme Tarihi Tutar \u00d6\u011frenim \u00dccreti ve\u00a0U\u00d6 Materyal \u00dccreti\u00a01. Taksit 02 Eyl\u00fcl &#8211; 19 Eyl\u00fcl 2025 2.380,00 TL + 375,00 TL \u00d6\u011frenim \u00dccreti ve\u00a0U\u00d6 Materyal \u00dccreti 2. Taksit 02 &#8211; 16 \u015eubat 2026 2.380,00 TL + 375,00 TL [\/vc_column_text][vc_column_text] *\u00d6\u011frenim \u00dccreti, takip eden e\u011fitim \u00f6\u011fretim y\u0131l\u0131 ba\u015flamadan \u00f6nce Bakanlar Kurulu taraf\u0131ndan belirlenir.\u00a0Belirlenen \u00fccret, ilgili \u00f6deme takviminde g\u00fcncellenir. [\/vc_column_text][\/vc_column][vc_column width=&#8221;1\/4&#8243; css=&#8221;.vc_custom_1433425842104{margin-top: 20px !important;padding-right: 0px !important;}&#8221;][vc_widget_sidebar sidebar_id=&#8221;generated_sidebar-cagri-hizmetleri&#8221;][\/vc_column][\/vc_row]<\/p>\n","protected":false},"author":11,"featured_media":0,"parent":0,"menu_order":0,"comment_status":"closed","ping_status":"closed","template":"","meta":[],"translation":{"provider":"WPGlobus","version":"2.12.2","language":"en","enabled_languages":["tr","en"],"languages":{"tr":{"title":true,"content":true,"excerpt":false},"en":{"title":false,"content":false,"excerpt":false}}},"yoast_head":"<!-- This site is optimized with the Yoast SEO plugin v17.4 - https:\/\/yoast.com\/wordpress\/plugins\/seo\/ -->\n<meta name=\"robots\" content=\"index, follow, max-snippet:-1, max-image-preview:large, max-video-preview:-1\" \/>\n<link rel=\"canonical\" href=\"https:\/\/uzem.omu.edu.tr\/buro-yonetimi-ve-yonetici-asistanligi-odeme-bilgileri\/\" \/>\n<meta property=\"og:locale\" content=\"en_US\" \/>\n<meta property=\"og:type\" content=\"article\" \/>\n<meta property=\"og:title\" content=\"B\u00fcro Y\u00f6netimi ve Y\u00f6netici Asistanl\u0131\u011f\u0131 | \u00d6deme Bilgileri - OM\u00dc Uzaktan E\u011fitim Merkezi\" \/>\n<meta property=\"og:url\" content=\"https:\/\/uzem.omu.edu.tr\/buro-yonetimi-ve-yonetici-asistanligi-odeme-bilgileri\/\" \/>\n<meta property=\"og:site_name\" content=\"OM\u00dc Uzaktan E\u011fitim Merkezi\" \/>\n<meta property=\"article:publisher\" content=\"https:\/\/www.facebook.com\/omu.uzem\" \/>\n<meta property=\"article:modified_time\" content=\"2025-09-02T12:58:57+00:00\" \/>\n<meta name=\"twitter:card\" content=\"summary_large_image\" \/>\n<meta name=\"twitter:site\" content=\"@omuuzem\" \/>\n<meta name=\"twitter:label1\" content=\"Est. reading time\" \/>\n\t<meta name=\"twitter:data1\" content=\"1 minute\" \/>\n<script type=\"application\/ld+json\" class=\"yoast-schema-graph\">{\"@context\":\"https:\/\/schema.org\",\"@graph\":[{\"@type\":\"Organization\",\"@id\":\"https:\/\/uzem.omu.edu.tr\/#organization\",\"name\":\"UZEM\",\"url\":\"https:\/\/uzem.omu.edu.tr\/\",\"sameAs\":[\"https:\/\/www.facebook.com\/omu.uzem\",\"https:\/\/www.instagram.com\/omu.uzem\/\",\"https:\/\/www.youtube.com\/channel\/UCQ6c_wjaGQcIvBKTbPrOe2A\",\"https:\/\/twitter.com\/omuuzem\"],\"logo\":{\"@type\":\"ImageObject\",\"@id\":\"https:\/\/uzem.omu.edu.tr\/#logo\",\"inLanguage\":\"en-US\",\"url\":\"https:\/\/uzem.omu.edu.tr\/wp-content\/uploads\/ulogo-1.png\",\"contentUrl\":\"https:\/\/uzem.omu.edu.tr\/wp-content\/uploads\/ulogo-1.png\",\"width\":364,\"height\":39,\"caption\":\"UZEM\"},\"image\":{\"@id\":\"https:\/\/uzem.omu.edu.tr\/#logo\"}},{\"@type\":\"WebSite\",\"@id\":\"https:\/\/uzem.omu.edu.tr\/#website\",\"url\":\"https:\/\/uzem.omu.edu.tr\/\",\"name\":\"OM\\u00dc Uzaktan E\\u011fitim Merkezi\",\"description\":\"&quot;F\\u0131rsatlar Sunar&quot;\",\"publisher\":{\"@id\":\"https:\/\/uzem.omu.edu.tr\/#organization\"},\"potentialAction\":[{\"@type\":\"SearchAction\",\"target\":{\"@type\":\"EntryPoint\",\"urlTemplate\":\"https:\/\/uzem.omu.edu.tr\/?s={search_term_string}\"},\"query-input\":\"required name=search_term_string\"}],\"inLanguage\":\"en-US\"},{\"@type\":\"WebPage\",\"@id\":\"https:\/\/uzem.omu.edu.tr\/buro-yonetimi-ve-yonetici-asistanligi-odeme-bilgileri\/#webpage\",\"url\":\"https:\/\/uzem.omu.edu.tr\/buro-yonetimi-ve-yonetici-asistanligi-odeme-bilgileri\/\",\"name\":\"B\\u00fcro Y\\u00f6netimi ve Y\\u00f6netici Asistanl\\u0131\\u011f\\u0131 | \\u00d6deme Bilgileri - OM\\u00dc Uzaktan E\\u011fitim Merkezi\",\"isPartOf\":{\"@id\":\"https:\/\/uzem.omu.edu.tr\/#website\"},\"datePublished\":\"2016-07-15T10:26:34+00:00\",\"dateModified\":\"2025-09-02T12:58:57+00:00\",\"breadcrumb\":{\"@id\":\"https:\/\/uzem.omu.edu.tr\/buro-yonetimi-ve-yonetici-asistanligi-odeme-bilgileri\/#breadcrumb\"},\"inLanguage\":\"en-US\",\"potentialAction\":[{\"@type\":\"ReadAction\",\"target\":[\"https:\/\/uzem.omu.edu.tr\/buro-yonetimi-ve-yonetici-asistanligi-odeme-bilgileri\/\"]}]},{\"@type\":\"BreadcrumbList\",\"@id\":\"https:\/\/uzem.omu.edu.tr\/buro-yonetimi-ve-yonetici-asistanligi-odeme-bilgileri\/#breadcrumb\",\"itemListElement\":[{\"@type\":\"ListItem\",\"position\":1,\"name\":\"Home\",\"item\":\"https:\/\/uzem.omu.edu.tr\/\"},{\"@type\":\"ListItem\",\"position\":2,\"name\":\"B\\u00fcro Y\\u00f6netimi ve Y\\u00f6netici Asistanl\\u0131\\u011f\\u0131 | \\u00d6deme Bilgileri\"}]}]}<\/script>\n<!-- \/ Yoast SEO plugin. -->","yoast_head_json":{"robots":{"index":"index","follow":"follow","max-snippet":"max-snippet:-1","max-image-preview":"max-image-preview:large","max-video-preview":"max-video-preview:-1"},"canonical":"https:\/\/uzem.omu.edu.tr\/buro-yonetimi-ve-yonetici-asistanligi-odeme-bilgileri\/","og_locale":"en_US","og_type":"article","og_title":"B\u00fcro Y\u00f6netimi ve Y\u00f6netici Asistanl\u0131\u011f\u0131 | \u00d6deme Bilgileri - OM\u00dc Uzaktan E\u011fitim Merkezi","og_url":"https:\/\/uzem.omu.edu.tr\/buro-yonetimi-ve-yonetici-asistanligi-odeme-bilgileri\/","og_site_name":"OM\u00dc Uzaktan E\u011fitim Merkezi","article_publisher":"https:\/\/www.facebook.com\/omu.uzem","article_modified_time":"2025-09-02T12:58:57+00:00","twitter_card":"summary_large_image","twitter_site":"@omuuzem","twitter_misc":{"Est. reading time":"1 minute"},"schema":{"@context":"https:\/\/schema.org","@graph":[{"@type":"Organization","@id":"https:\/\/uzem.omu.edu.tr\/#organization","name":"UZEM","url":"https:\/\/uzem.omu.edu.tr\/","sameAs":["https:\/\/www.facebook.com\/omu.uzem","https:\/\/www.instagram.com\/omu.uzem\/","https:\/\/www.youtube.com\/channel\/UCQ6c_wjaGQcIvBKTbPrOe2A","https:\/\/twitter.com\/omuuzem"],"logo":{"@type":"ImageObject","@id":"https:\/\/uzem.omu.edu.tr\/#logo","inLanguage":"en-US","url":"https:\/\/uzem.omu.edu.tr\/wp-content\/uploads\/ulogo-1.png","contentUrl":"https:\/\/uzem.omu.edu.tr\/wp-content\/uploads\/ulogo-1.png","width":364,"height":39,"caption":"UZEM"},"image":{"@id":"https:\/\/uzem.omu.edu.tr\/#logo"}},{"@type":"WebSite","@id":"https:\/\/uzem.omu.edu.tr\/#website","url":"https:\/\/uzem.omu.edu.tr\/","name":"OM\u00dc Uzaktan E\u011fitim Merkezi","description":"&quot;F\u0131rsatlar Sunar&quot;","publisher":{"@id":"https:\/\/uzem.omu.edu.tr\/#organization"},"potentialAction":[{"@type":"SearchAction","target":{"@type":"EntryPoint","urlTemplate":"https:\/\/uzem.omu.edu.tr\/?s={search_term_string}"},"query-input":"required name=search_term_string"}],"inLanguage":"en-US"},{"@type":"WebPage","@id":"https:\/\/uzem.omu.edu.tr\/buro-yonetimi-ve-yonetici-asistanligi-odeme-bilgileri\/#webpage","url":"https:\/\/uzem.omu.edu.tr\/buro-yonetimi-ve-yonetici-asistanligi-odeme-bilgileri\/","name":"B\u00fcro Y\u00f6netimi ve Y\u00f6netici Asistanl\u0131\u011f\u0131 | \u00d6deme Bilgileri - OM\u00dc Uzaktan E\u011fitim Merkezi","isPartOf":{"@id":"https:\/\/uzem.omu.edu.tr\/#website"},"datePublished":"2016-07-15T10:26:34+00:00","dateModified":"2025-09-02T12:58:57+00:00","breadcrumb":{"@id":"https:\/\/uzem.omu.edu.tr\/buro-yonetimi-ve-yonetici-asistanligi-odeme-bilgileri\/#breadcrumb"},"inLanguage":"en-US","potentialAction":[{"@type":"ReadAction","target":["https:\/\/uzem.omu.edu.tr\/buro-yonetimi-ve-yonetici-asistanligi-odeme-bilgileri\/"]}]},{"@type":"BreadcrumbList","@id":"https:\/\/uzem.omu.edu.tr\/buro-yonetimi-ve-yonetici-asistanligi-odeme-bilgileri\/#breadcrumb","itemListElement":[{"@type":"ListItem","position":1,"name":"Home","item":"https:\/\/uzem.omu.edu.tr\/"},{"@type":"ListItem","position":2,"name":"B\u00fcro Y\u00f6netimi ve Y\u00f6netici Asistanl\u0131\u011f\u0131 | \u00d6deme Bilgileri"}]}]}},"_links":{"self":[{"href":"https:\/\/uzem.omu.edu.tr\/en\/wp-json\/wp\/v2\/pages\/13370"}],"collection":[{"href":"https:\/\/uzem.omu.edu.tr\/en\/wp-json\/wp\/v2\/pages"}],"about":[{"href":"https:\/\/uzem.omu.edu.tr\/en\/wp-json\/wp\/v2\/types\/page"}],"author":[{"embeddable":true,"href":"https:\/\/uzem.omu.edu.tr\/en\/wp-json\/wp\/v2\/users\/11"}],"replies":[{"embeddable":true,"href":"https:\/\/uzem.omu.edu.tr\/en\/wp-json\/wp\/v2\/comments?post=13370"}],"version-history":[{"count":20,"href":"https:\/\/uzem.omu.edu.tr\/en\/wp-json\/wp\/v2\/pages\/13370\/revisions"}],"predecessor-version":[{"id":26985,"href":"https:\/\/uzem.omu.edu.tr\/en\/wp-json\/wp\/v2\/pages\/13370\/revisions\/26985"}],"wp:attachment":[{"href":"https:\/\/uzem.omu.edu.tr\/en\/wp-json\/wp\/v2\/media?parent=13370"}],"curies":[{"name":"wp","href":"https:\/\/api.w.org\/{rel}","templated":true}]}}