{"id":1334,"date":"2015-05-08T12:31:27","date_gmt":"2015-05-08T12:31:27","guid":{"rendered":"https:\/\/uzem.omu.edu.tr\/?page_id=1334"},"modified":"2026-04-09T14:29:43","modified_gmt":"2026-04-09T11:29:43","slug":"tasinmaz-degerleme-ve-gelistirme-ders-icerikleri","status":"publish","type":"page","link":"https:\/\/uzem.omu.edu.tr\/en\/tasinmaz-degerleme-ve-gelistirme-ders-icerikleri\/","title":{"rendered":"Ta\u015f\u0131nmaz De\u011ferleme ve Geli\u015ftirme | Ders \u0130\u00e7erikleri"},"content":{"rendered":"<p>[vc_row bg_type=&#8221;no_bg&#8221; css=&#8221;.vc_custom_1441885376996{margin-top: -5px !important;margin-left: 0px !important;padding-left: 0px !important;}&#8221;][vc_column width=&#8221;3\/4&#8243; css=&#8221;.vc_custom_1450093336361{margin-top: 5px !important;margin-right: 0px !important;padding-right: 0px !important;padding-left: 0px !important;}&#8221;][vc_row_inner][vc_column_inner css=&#8221;.vc_custom_1450093349025{margin-bottom: 5px !important;padding-right: 0px !important;padding-left: 0px !important;}&#8221;][vc_widget_sidebar sidebar_id=&#8221;generated_sidebar-tasinmaz-degerleme-gelistirme-ust-menu&#8221;][\/vc_column_inner][\/vc_row_inner][vc_column_text el_class=&#8221;menu-basligi&#8221;]<\/p>\n<p><strong>DERS \u0130\u00c7ER\u0130KLER\u0130<\/strong><\/p>\n<p>[\/vc_column_text][vc_column_text el_class=&#8221;menu-basligi&#8221; css=&#8221;.vc_custom_1442305136154{margin-top: 5px !important;}&#8221;]<\/p>\n<p><strong>I. YARIYIL DERSLER\u0130<\/strong><\/p>\n<p>[\/vc_column_text][vc_column_text el_class=&#8221;ders-tablosu&#8221;]<\/p>\n<table width=\"650\">\n<tbody>\n<tr>\n<td width=\"51\">Kodu<\/td>\n<td width=\"286\">Ders Ad\u0131<\/td>\n<td width=\"44\">D+U+L<\/td>\n<td width=\"49\">Z\/S<\/td>\n<td width=\"220\">\u00d6\u011fretim \u00dcyesi<\/td>\n<\/tr>\n<tr>\n<td>TAG601<\/td>\n<td>Gayrimenkul De\u011ferleme Esaslar\u0131<\/td>\n<td>3+0+3<\/td>\n<td>Zorunlu<\/td>\n<td>Prof. Dr. Osman KILI\u00c7<\/td>\n<\/tr>\n<tr>\n<td>TAG602<\/td>\n<td>Ta\u015f\u0131nmaz Hukuku<\/td>\n<td>3+0+3<\/td>\n<td>Zorunlu<\/td>\n<td>Do\u00e7. Dr. Zeynep \u00d6zcan<\/td>\n<\/tr>\n<tr>\n<td>TAG614<\/td>\n<td>Arazi Toplula\u015ft\u0131rmas\u0131<\/td>\n<td>3+0+3<\/td>\n<td>Zorunlu<\/td>\n<td>Prof. Dr. Aziz \u015e\u0130\u015eMAN<br \/>\nProf. Dr. Orhan DENG\u0130Z<br \/>\nProf. Dr. Kadir Ersin TEM\u0130ZEL<\/td>\n<\/tr>\n<tr>\n<td>TAG612<\/td>\n<td>Ta\u015f\u0131nmaz Ekonomisi<\/td>\n<td>3+0+3<\/td>\n<td>Zorunlu<\/td>\n<td>Prof. Dr. Mehmet BOZO\u011eLU<\/td>\n<\/tr>\n<tr>\n<td>TAG603<\/td>\n<td>Ta\u015f\u0131nmaz Yat\u0131r\u0131mlar\u0131n Finansman\u0131<\/td>\n<td>3+0+3<\/td>\n<td>Zorunlu<\/td>\n<td width=\"220\">Prof. Dr. Vedat CEYHAN<\/td>\n<\/tr>\n<\/tbody>\n<\/table>\n<p>[\/vc_column_text][vc_column_text el_class=&#8221;menu-basligi&#8221; css=&#8221;.vc_custom_1442305776042{margin-top: 3px !important;}&#8221;]<\/p>\n<p><strong>II. YARIYIL DERSLER\u0130<\/strong><\/p>\n<p>[\/vc_column_text][vc_column_text el_class=&#8221;ders-tablosu&#8221;]<\/p>\n<table width=\"650\">\n<tbody>\n<tr>\n<td width=\"51\">Kodu<\/td>\n<td width=\"286\">Ders Ad\u0131<\/td>\n<td width=\"44\">D+U+L<\/td>\n<td width=\"49\">Z\/S<\/td>\n<td width=\"220\">\u00d6\u011fretim \u00dcyesi<\/td>\n<\/tr>\n<tr>\n<td>TAG604<\/td>\n<td>Konut De\u011ferleme ve Yap\u0131m Teknikleri<\/td>\n<td>3+0+3<\/td>\n<td>Zorunlu<\/td>\n<td>Do\u00e7. Dr. Varol KO\u00c7<\/td>\n<\/tr>\n<tr>\n<td>TAG605<\/td>\n<td>Ta\u015f\u0131nmaz De\u011ferlemede Bilirki\u015filik<\/td>\n<td>3+0+3<\/td>\n<td>Zorunlu<\/td>\n<td>Prof. Dr. Osman KILI\u00c7<\/td>\n<\/tr>\n<tr>\n<td>TAG609<\/td>\n<td>Co\u011frafi Bilgi Sistemleri ve Uzaktan Alg\u0131lama<\/td>\n<td>3+0+3<\/td>\n<td>Zorunlu<\/td>\n<td>Prof. Dr. Aziz \u015e\u0130\u015eMAN<br \/>\nProf. Dr. Orhan DENG\u0130Z<\/td>\n<\/tr>\n<tr>\n<td>TAG611<\/td>\n<td>Ta\u015f\u0131nmaz De\u011ferlemede \u0130statiksel Analiz<\/td>\n<td>3+0+3<\/td>\n<td>Zorunlu<\/td>\n<td width=\"220\">Prof. Dr. Y\u00fcksel TERZ\u0130<\/td>\n<\/tr>\n<tr>\n<td>TAG621<\/td>\n<td>Gayrimenkul Sat\u0131\u015f ve Pazarlama<\/td>\n<td>3+0+3<\/td>\n<td>Zorunlu<\/td>\n<td width=\"220\">Do\u00e7. Dr. U\u011fur BA\u015eER<\/td>\n<\/tr>\n<\/tbody>\n<\/table>\n<p>[\/vc_column_text][vc_column_text el_class=&#8221;menu-basligi&#8221; css=&#8221;.vc_custom_1442306620591{margin-top: 3px !important;}&#8221;]<\/p>\n<p><strong>III. YARIYIL DERSLER\u0130<\/strong><\/p>\n<p>[\/vc_column_text][vc_column_text el_class=&#8221;ders-tablosu&#8221;]<\/p>\n<table width=\"461\">\n<tbody>\n<tr>\n<td width=\"64\"><strong>Kodu<\/strong><\/td>\n<td width=\"108\"><strong>Ders Ad\u0131<\/strong><\/td>\n<td width=\"64\"><strong>Z \/ S<\/strong><\/td>\n<td width=\"225\"><strong>\u00d6\u011fretim \u00dcyesi<\/strong><\/td>\n<\/tr>\n<tr>\n<td rowspan=\"5\" width=\"64\">TAG600<\/td>\n<td rowspan=\"5\">D\u00d6NEM PROJES\u0130<\/td>\n<td rowspan=\"5\" width=\"64\">Zorunlu<\/td>\n<td rowspan=\"5\" width=\"225\">Prof. Dr. Aziz \u015ei\u015fman<br \/>\nProf. Dr. Mehmet Bozo\u011flu<br \/>\nProf. Dr. Vedat Ceyhan<br \/>\nProf. Dr. Orhan Dengiz<br \/>\nProf. Dr. Osman K\u0131l\u0131\u00e7<br \/>\nProf. Dr. Y\u00fcksel Terzi<br \/>\nProf. Dr. Kadir E. Temizel<br \/>\nDo\u00e7. Dr. Varol Ko\u00e7<br \/>\nDo\u00e7. Dr. Zeynep \u00d6zcan<br \/>\nDo\u00e7. Dr. U\u011fur BA\u015eER<\/td>\n<\/tr>\n<\/tbody>\n<\/table>\n<p>[\/vc_column_text][\/vc_column][vc_column width=&#8221;1\/4&#8243; css=&#8221;.vc_custom_1433423971040{margin-top: 20px !important;padding-right: 0px !important;}&#8221;][vc_widget_sidebar sidebar_id=&#8221;generated_sidebar-tasinmaz-degerleme-gelistirme&#8221;][\/vc_column][\/vc_row]<\/p>\n","protected":false},"excerpt":{"rendered":"<p>[vc_row bg_type=&#8221;no_bg&#8221; css=&#8221;.vc_custom_1441885376996{margin-top: -5px !important;margin-left: 0px !important;padding-left: 0px !important;}&#8221;][vc_column width=&#8221;3\/4&#8243; css=&#8221;.vc_custom_1450093336361{margin-top: 5px !important;margin-right: 0px !important;padding-right: 0px !important;padding-left: 0px !important;}&#8221;][vc_row_inner][vc_column_inner css=&#8221;.vc_custom_1450093349025{margin-bottom: 5px !important;padding-right: 0px !important;padding-left: 0px !important;}&#8221;][vc_widget_sidebar sidebar_id=&#8221;generated_sidebar-tasinmaz-degerleme-gelistirme-ust-menu&#8221;][\/vc_column_inner][\/vc_row_inner][vc_column_text el_class=&#8221;menu-basligi&#8221;] DERS \u0130\u00c7ER\u0130KLER\u0130 [\/vc_column_text][vc_column_text el_class=&#8221;menu-basligi&#8221; css=&#8221;.vc_custom_1442305136154{margin-top: 5px !important;}&#8221;] I. YARIYIL DERSLER\u0130 [\/vc_column_text][vc_column_text el_class=&#8221;ders-tablosu&#8221;] Kodu Ders Ad\u0131 D+U+L Z\/S \u00d6\u011fretim \u00dcyesi TAG601 Gayrimenkul De\u011ferleme Esaslar\u0131 3+0+3 Zorunlu Prof. Dr. Osman KILI\u00c7 TAG602 Ta\u015f\u0131nmaz Hukuku 3+0+3 Zorunlu Do\u00e7. Dr. Zeynep \u00d6zcan TAG614 Arazi Toplula\u015ft\u0131rmas\u0131 3+0+3 Zorunlu Prof. Dr. Aziz \u015e\u0130\u015eMAN Prof. Dr. Orhan DENG\u0130Z Prof. Dr. Kadir Ersin TEM\u0130ZEL TAG612 Ta\u015f\u0131nmaz Ekonomisi 3+0+3 Zorunlu Prof. Dr. Mehmet BOZO\u011eLU TAG603 Ta\u015f\u0131nmaz Yat\u0131r\u0131mlar\u0131n Finansman\u0131 3+0+3 Zorunlu Prof. Dr. Vedat CEYHAN [\/vc_column_text][vc_column_text el_class=&#8221;menu-basligi&#8221; css=&#8221;.vc_custom_1442305776042{margin-top: 3px !important;}&#8221;] II. YARIYIL DERSLER\u0130 [\/vc_column_text][vc_column_text el_class=&#8221;ders-tablosu&#8221;] Kodu Ders Ad\u0131 D+U+L Z\/S \u00d6\u011fretim \u00dcyesi TAG604 Konut De\u011ferleme ve Yap\u0131m Teknikleri 3+0+3 Zorunlu Do\u00e7. Dr. Varol KO\u00c7 TAG605 Ta\u015f\u0131nmaz De\u011ferlemede Bilirki\u015filik 3+0+3 Zorunlu Prof. Dr. Osman KILI\u00c7 TAG609 Co\u011frafi Bilgi Sistemleri ve Uzaktan Alg\u0131lama 3+0+3 Zorunlu Prof. Dr. Aziz \u015e\u0130\u015eMAN Prof. Dr. Orhan DENG\u0130Z TAG611 Ta\u015f\u0131nmaz De\u011ferlemede \u0130statiksel Analiz 3+0+3 Zorunlu Prof. Dr. Y\u00fcksel TERZ\u0130 TAG621 Gayrimenkul Sat\u0131\u015f ve Pazarlama 3+0+3 Zorunlu Do\u00e7. Dr. U\u011fur BA\u015eER [\/vc_column_text][vc_column_text el_class=&#8221;menu-basligi&#8221; css=&#8221;.vc_custom_1442306620591{margin-top: 3px !important;}&#8221;] III. YARIYIL DERSLER\u0130 [\/vc_column_text][vc_column_text el_class=&#8221;ders-tablosu&#8221;] Kodu Ders Ad\u0131 Z \/ S \u00d6\u011fretim \u00dcyesi TAG600 D\u00d6NEM PROJES\u0130 Zorunlu Prof. Dr. Aziz \u015ei\u015fman Prof. Dr. Mehmet Bozo\u011flu Prof. Dr. Vedat Ceyhan Prof. Dr. Orhan Dengiz Prof. Dr. Osman K\u0131l\u0131\u00e7 Prof. Dr. Y\u00fcksel Terzi Prof. Dr. Kadir E. Temizel Do\u00e7. Dr. Varol Ko\u00e7 Do\u00e7. Dr. Zeynep \u00d6zcan Do\u00e7. Dr. U\u011fur BA\u015eER [\/vc_column_text][\/vc_column][vc_column width=&#8221;1\/4&#8243; css=&#8221;.vc_custom_1433423971040{margin-top: 20px !important;padding-right: 0px [&hellip;]<\/p>\n","protected":false},"author":5,"featured_media":0,"parent":0,"menu_order":0,"comment_status":"closed","ping_status":"closed","template":"","meta":[],"translation":{"provider":"WPGlobus","version":"2.12.2","language":"en","enabled_languages":["tr","en"],"languages":{"tr":{"title":true,"content":true,"excerpt":false},"en":{"title":false,"content":false,"excerpt":false}}},"yoast_head":"<!-- This site is optimized with the Yoast SEO plugin v17.4 - https:\/\/yoast.com\/wordpress\/plugins\/seo\/ -->\n<meta name=\"robots\" content=\"index, follow, max-snippet:-1, max-image-preview:large, max-video-preview:-1\" \/>\n<link rel=\"canonical\" href=\"https:\/\/uzem.omu.edu.tr\/tasinmaz-degerleme-ve-gelistirme-ders-icerikleri\/\" \/>\n<meta property=\"og:locale\" content=\"en_US\" \/>\n<meta property=\"og:type\" content=\"article\" \/>\n<meta property=\"og:title\" content=\"Ta\u015f\u0131nmaz De\u011ferleme ve Geli\u015ftirme | Ders \u0130\u00e7erikleri - OM\u00dc Uzaktan E\u011fitim Merkezi\" \/>\n<meta property=\"og:url\" content=\"https:\/\/uzem.omu.edu.tr\/tasinmaz-degerleme-ve-gelistirme-ders-icerikleri\/\" \/>\n<meta property=\"og:site_name\" content=\"OM\u00dc Uzaktan E\u011fitim Merkezi\" \/>\n<meta property=\"article:publisher\" content=\"https:\/\/www.facebook.com\/omu.uzem\" \/>\n<meta property=\"article:modified_time\" content=\"2026-04-09T11:29:43+00:00\" \/>\n<meta name=\"twitter:card\" content=\"summary_large_image\" \/>\n<meta name=\"twitter:site\" content=\"@omuuzem\" \/>\n<meta name=\"twitter:label1\" content=\"Est. reading time\" \/>\n\t<meta name=\"twitter:data1\" content=\"2 minutes\" \/>\n<script type=\"application\/ld+json\" class=\"yoast-schema-graph\">{\"@context\":\"https:\/\/schema.org\",\"@graph\":[{\"@type\":\"Organization\",\"@id\":\"https:\/\/uzem.omu.edu.tr\/#organization\",\"name\":\"UZEM\",\"url\":\"https:\/\/uzem.omu.edu.tr\/\",\"sameAs\":[\"https:\/\/www.facebook.com\/omu.uzem\",\"https:\/\/www.instagram.com\/omu.uzem\/\",\"https:\/\/www.youtube.com\/channel\/UCQ6c_wjaGQcIvBKTbPrOe2A\",\"https:\/\/twitter.com\/omuuzem\"],\"logo\":{\"@type\":\"ImageObject\",\"@id\":\"https:\/\/uzem.omu.edu.tr\/#logo\",\"inLanguage\":\"en-US\",\"url\":\"https:\/\/uzem.omu.edu.tr\/wp-content\/uploads\/ulogo-1.png\",\"contentUrl\":\"https:\/\/uzem.omu.edu.tr\/wp-content\/uploads\/ulogo-1.png\",\"width\":364,\"height\":39,\"caption\":\"UZEM\"},\"image\":{\"@id\":\"https:\/\/uzem.omu.edu.tr\/#logo\"}},{\"@type\":\"WebSite\",\"@id\":\"https:\/\/uzem.omu.edu.tr\/#website\",\"url\":\"https:\/\/uzem.omu.edu.tr\/\",\"name\":\"OM\\u00dc Uzaktan E\\u011fitim Merkezi\",\"description\":\"&quot;F\\u0131rsatlar Sunar&quot;\",\"publisher\":{\"@id\":\"https:\/\/uzem.omu.edu.tr\/#organization\"},\"potentialAction\":[{\"@type\":\"SearchAction\",\"target\":{\"@type\":\"EntryPoint\",\"urlTemplate\":\"https:\/\/uzem.omu.edu.tr\/?s={search_term_string}\"},\"query-input\":\"required name=search_term_string\"}],\"inLanguage\":\"en-US\"},{\"@type\":\"WebPage\",\"@id\":\"https:\/\/uzem.omu.edu.tr\/tasinmaz-degerleme-ve-gelistirme-ders-icerikleri\/#webpage\",\"url\":\"https:\/\/uzem.omu.edu.tr\/tasinmaz-degerleme-ve-gelistirme-ders-icerikleri\/\",\"name\":\"Ta\\u015f\\u0131nmaz De\\u011ferleme ve Geli\\u015ftirme | Ders \\u0130\\u00e7erikleri - OM\\u00dc Uzaktan E\\u011fitim Merkezi\",\"isPartOf\":{\"@id\":\"https:\/\/uzem.omu.edu.tr\/#website\"},\"datePublished\":\"2015-05-08T12:31:27+00:00\",\"dateModified\":\"2026-04-09T11:29:43+00:00\",\"breadcrumb\":{\"@id\":\"https:\/\/uzem.omu.edu.tr\/tasinmaz-degerleme-ve-gelistirme-ders-icerikleri\/#breadcrumb\"},\"inLanguage\":\"en-US\",\"potentialAction\":[{\"@type\":\"ReadAction\",\"target\":[\"https:\/\/uzem.omu.edu.tr\/tasinmaz-degerleme-ve-gelistirme-ders-icerikleri\/\"]}]},{\"@type\":\"BreadcrumbList\",\"@id\":\"https:\/\/uzem.omu.edu.tr\/tasinmaz-degerleme-ve-gelistirme-ders-icerikleri\/#breadcrumb\",\"itemListElement\":[{\"@type\":\"ListItem\",\"position\":1,\"name\":\"Home\",\"item\":\"https:\/\/uzem.omu.edu.tr\/\"},{\"@type\":\"ListItem\",\"position\":2,\"name\":\"Ta\\u015f\\u0131nmaz De\\u011ferleme ve Geli\\u015ftirme | Ders \\u0130\\u00e7erikleri\"}]}]}<\/script>\n<!-- \/ Yoast SEO plugin. -->","yoast_head_json":{"robots":{"index":"index","follow":"follow","max-snippet":"max-snippet:-1","max-image-preview":"max-image-preview:large","max-video-preview":"max-video-preview:-1"},"canonical":"https:\/\/uzem.omu.edu.tr\/tasinmaz-degerleme-ve-gelistirme-ders-icerikleri\/","og_locale":"en_US","og_type":"article","og_title":"Ta\u015f\u0131nmaz De\u011ferleme ve Geli\u015ftirme | Ders \u0130\u00e7erikleri - OM\u00dc Uzaktan E\u011fitim Merkezi","og_url":"https:\/\/uzem.omu.edu.tr\/tasinmaz-degerleme-ve-gelistirme-ders-icerikleri\/","og_site_name":"OM\u00dc Uzaktan E\u011fitim Merkezi","article_publisher":"https:\/\/www.facebook.com\/omu.uzem","article_modified_time":"2026-04-09T11:29:43+00:00","twitter_card":"summary_large_image","twitter_site":"@omuuzem","twitter_misc":{"Est. reading time":"2 minutes"},"schema":{"@context":"https:\/\/schema.org","@graph":[{"@type":"Organization","@id":"https:\/\/uzem.omu.edu.tr\/#organization","name":"UZEM","url":"https:\/\/uzem.omu.edu.tr\/","sameAs":["https:\/\/www.facebook.com\/omu.uzem","https:\/\/www.instagram.com\/omu.uzem\/","https:\/\/www.youtube.com\/channel\/UCQ6c_wjaGQcIvBKTbPrOe2A","https:\/\/twitter.com\/omuuzem"],"logo":{"@type":"ImageObject","@id":"https:\/\/uzem.omu.edu.tr\/#logo","inLanguage":"en-US","url":"https:\/\/uzem.omu.edu.tr\/wp-content\/uploads\/ulogo-1.png","contentUrl":"https:\/\/uzem.omu.edu.tr\/wp-content\/uploads\/ulogo-1.png","width":364,"height":39,"caption":"UZEM"},"image":{"@id":"https:\/\/uzem.omu.edu.tr\/#logo"}},{"@type":"WebSite","@id":"https:\/\/uzem.omu.edu.tr\/#website","url":"https:\/\/uzem.omu.edu.tr\/","name":"OM\u00dc Uzaktan E\u011fitim Merkezi","description":"&quot;F\u0131rsatlar Sunar&quot;","publisher":{"@id":"https:\/\/uzem.omu.edu.tr\/#organization"},"potentialAction":[{"@type":"SearchAction","target":{"@type":"EntryPoint","urlTemplate":"https:\/\/uzem.omu.edu.tr\/?s={search_term_string}"},"query-input":"required name=search_term_string"}],"inLanguage":"en-US"},{"@type":"WebPage","@id":"https:\/\/uzem.omu.edu.tr\/tasinmaz-degerleme-ve-gelistirme-ders-icerikleri\/#webpage","url":"https:\/\/uzem.omu.edu.tr\/tasinmaz-degerleme-ve-gelistirme-ders-icerikleri\/","name":"Ta\u015f\u0131nmaz De\u011ferleme ve Geli\u015ftirme | Ders \u0130\u00e7erikleri - OM\u00dc Uzaktan E\u011fitim Merkezi","isPartOf":{"@id":"https:\/\/uzem.omu.edu.tr\/#website"},"datePublished":"2015-05-08T12:31:27+00:00","dateModified":"2026-04-09T11:29:43+00:00","breadcrumb":{"@id":"https:\/\/uzem.omu.edu.tr\/tasinmaz-degerleme-ve-gelistirme-ders-icerikleri\/#breadcrumb"},"inLanguage":"en-US","potentialAction":[{"@type":"ReadAction","target":["https:\/\/uzem.omu.edu.tr\/tasinmaz-degerleme-ve-gelistirme-ders-icerikleri\/"]}]},{"@type":"BreadcrumbList","@id":"https:\/\/uzem.omu.edu.tr\/tasinmaz-degerleme-ve-gelistirme-ders-icerikleri\/#breadcrumb","itemListElement":[{"@type":"ListItem","position":1,"name":"Home","item":"https:\/\/uzem.omu.edu.tr\/"},{"@type":"ListItem","position":2,"name":"Ta\u015f\u0131nmaz De\u011ferleme ve Geli\u015ftirme | Ders \u0130\u00e7erikleri"}]}]}},"_links":{"self":[{"href":"https:\/\/uzem.omu.edu.tr\/en\/wp-json\/wp\/v2\/pages\/1334"}],"collection":[{"href":"https:\/\/uzem.omu.edu.tr\/en\/wp-json\/wp\/v2\/pages"}],"about":[{"href":"https:\/\/uzem.omu.edu.tr\/en\/wp-json\/wp\/v2\/types\/page"}],"author":[{"embeddable":true,"href":"https:\/\/uzem.omu.edu.tr\/en\/wp-json\/wp\/v2\/users\/5"}],"replies":[{"embeddable":true,"href":"https:\/\/uzem.omu.edu.tr\/en\/wp-json\/wp\/v2\/comments?post=1334"}],"version-history":[{"count":27,"href":"https:\/\/uzem.omu.edu.tr\/en\/wp-json\/wp\/v2\/pages\/1334\/revisions"}],"predecessor-version":[{"id":27505,"href":"https:\/\/uzem.omu.edu.tr\/en\/wp-json\/wp\/v2\/pages\/1334\/revisions\/27505"}],"wp:attachment":[{"href":"https:\/\/uzem.omu.edu.tr\/en\/wp-json\/wp\/v2\/media?parent=1334"}],"curies":[{"name":"wp","href":"https:\/\/api.w.org\/{rel}","templated":true}]}}