{"id":1316,"date":"2015-05-08T12:22:35","date_gmt":"2015-05-08T12:22:35","guid":{"rendered":"https:\/\/uzem.omu.edu.tr\/?page_id=1316"},"modified":"2025-07-07T16:04:46","modified_gmt":"2025-07-07T13:04:46","slug":"siyaset-bilimi-ve-kamu-yonetimi-odeme-bilgileri","status":"publish","type":"page","link":"https:\/\/uzem.omu.edu.tr\/en\/siyaset-bilimi-ve-kamu-yonetimi-odeme-bilgileri\/","title":{"rendered":"Siyaset Bilimi ve Kamu Y\u00f6netimi | \u00d6deme Bilgileri"},"content":{"rendered":"<p>[vc_row css=&#8221;.vc_custom_1427462343642{margin-top: -5px !important;margin-left: 0px !important;padding-left: 0px !important;}&#8221;][vc_column width=&#8221;3\/4&#8243; css=&#8221;.vc_custom_1449844955754{margin-top: 5px !important;margin-right: 0px !important;padding-right: 0px !important;padding-left: 0px !important;}&#8221;][vc_row_inner][vc_column_inner css=&#8221;.vc_custom_1449845021161{margin-bottom: -30px !important;padding-right: 0px !important;padding-left: 0px !important;}&#8221;][vc_widget_sidebar sidebar_id=&#8221;generated_sidebar-biyoloji-ustmenu&#8221;][\/vc_column_inner][\/vc_row_inner][vc_column_text el_class=&#8221;menu-basligi&#8221; css=&#8221;.vc_custom_1564122502243{margin-top: 9px !important;}&#8221;]\u00d6DEME B\u0130LG\u0130LER\u0130[\/vc_column_text][vc_column_text el_class=&#8221;ders-tablosu&#8221;]<\/p>\n<table style=\"height: 63px;\" width=\"1408\">\n<tbody>\n<tr>\n<td width=\"105\">Materyal \u00dccreti<\/td>\n<td width=\"244\">1.Yar\u0131y\u0131l<\/td>\n<td width=\"218\">2.Yar\u0131y\u0131l<\/td>\n<td width=\"207\">3.Yar\u0131y\u0131l<\/td>\n<td width=\"86\">Toplam<\/td>\n<\/tr>\n<tr>\n<td>1.000.00 TL<\/td>\n<td width=\"244\">1.000.00 TL x15= 15.000 TL + 1.000.00 TL (Materyal \u00dccreti)<\/td>\n<td>1.000.00 TL x15= 15.000TL + 1.000.00 (Materyal \u00dccreti)<\/td>\n<td>1.000.00 TL Materyal \u00dccreti<\/td>\n<td>33.000.00 TL<\/td>\n<\/tr>\n<\/tbody>\n<\/table>\n<p>[\/vc_column_text][vc_message color=&#8221;success&#8221; message_box_color=&#8221;success&#8221; icon_fontawesome=&#8221;fas fa-check&#8221;]<strong>Tahsil edilecek tutar\u0131n Ziraat Bankas\u0131 haricinde di\u011fer bankalara yat\u0131r\u0131lmamas\u0131 gerekmektedir. Di\u011fer bankalara yap\u0131lan \u00f6demelerden UZEM sorumlu de\u011fildir. EFT ve Havale yoluyla tahsilat yap\u0131lmayacakt\u0131r. T\u00fcm \u00f6demeler \u00f6\u011frenci numaras\u0131 \u00fczerinden yap\u0131lmaktad\u0131r.<\/strong><\/p>\n<p>\u00d6\u011frenim \u00dccreti, takip eden e\u011fitim \u00f6\u011fretim y\u0131l\u0131 ba\u015flamadan \u00f6nce Bakanlar Kurulu taraf\u0131ndan belirlenir.\u00a0Belirlenen \u00fccret, ilgili \u00f6deme takviminde g\u00fcncellenir.<\/p>\n<p><strong>Tezsiz y\u00fcksek lisans programlar\u0131nda;<\/strong><\/p>\n<ul>\n<li>En az 10 adet ders ve 30 ulusal kredi ders ve D\u00f6nem Projesi ders al\u0131n\u0131r.<\/li>\n<li>En erken 2 yar\u0131y\u0131l en fazla 3 yar\u0131y\u0131lda tamamlan\u0131r.<\/li>\n<li>D\u00f6nem projesi kredisi olup derslerle birlikte en erken 2. yar\u0131y\u0131lda al\u0131nabilir.<\/li>\n<li>Ba\u015far\u0131s\u0131z olunan her bir dersin tekrar\u0131 durumunda \u00f6\u011frenim \u00fccreti al\u0131n\u0131r.<\/li>\n<li>\u00d6\u011frenim \u00fccretinin tamam\u0131 2 (iki) e\u015fit taksit \u015feklinde tahsil edilir.<\/li>\n<li>Materyal \u00dccreti uzaktan e\u011fitim yoluyla y\u00fcr\u00fct\u00fclen programlarda kay\u0131t yapt\u0131r\u0131lan her bir d\u00f6nem i\u00e7in al\u0131n\u0131r<\/li>\n<\/ul>\n<p>[\/vc_message][\/vc_column][vc_column width=&#8221;1\/4&#8243; css=&#8221;.vc_custom_1433423760847{margin-top: 20px !important;padding-right: 0px !important;}&#8221;][vc_widget_sidebar sidebar_id=&#8221;generated_sidebar-biyoloji-yan-menu&#8221;][\/vc_column][\/vc_row]<\/p>\n","protected":false},"excerpt":{"rendered":"<p>[vc_row css=&#8221;.vc_custom_1427462343642{margin-top: -5px !important;margin-left: 0px !important;padding-left: 0px !important;}&#8221;][vc_column width=&#8221;3\/4&#8243; css=&#8221;.vc_custom_1449844955754{margin-top: 5px !important;margin-right: 0px !important;padding-right: 0px !important;padding-left: 0px !important;}&#8221;][vc_row_inner][vc_column_inner css=&#8221;.vc_custom_1449845021161{margin-bottom: -30px !important;padding-right: 0px !important;padding-left: 0px !important;}&#8221;][vc_widget_sidebar sidebar_id=&#8221;generated_sidebar-biyoloji-ustmenu&#8221;][\/vc_column_inner][\/vc_row_inner][vc_column_text el_class=&#8221;menu-basligi&#8221; css=&#8221;.vc_custom_1564122502243{margin-top: 9px !important;}&#8221;]\u00d6DEME B\u0130LG\u0130LER\u0130[\/vc_column_text][vc_column_text el_class=&#8221;ders-tablosu&#8221;] Materyal \u00dccreti 1.Yar\u0131y\u0131l 2.Yar\u0131y\u0131l 3.Yar\u0131y\u0131l Toplam 1.000.00 TL 1.000.00 TL x15= 15.000 TL + 1.000.00 TL (Materyal \u00dccreti) 1.000.00 TL x15= 15.000TL + 1.000.00 (Materyal \u00dccreti) 1.000.00 TL Materyal \u00dccreti 33.000.00 TL [\/vc_column_text][vc_message color=&#8221;success&#8221; message_box_color=&#8221;success&#8221; icon_fontawesome=&#8221;fas fa-check&#8221;]Tahsil edilecek tutar\u0131n Ziraat Bankas\u0131 haricinde di\u011fer bankalara yat\u0131r\u0131lmamas\u0131 gerekmektedir. Di\u011fer bankalara yap\u0131lan \u00f6demelerden UZEM sorumlu de\u011fildir. EFT ve Havale yoluyla tahsilat yap\u0131lmayacakt\u0131r. T\u00fcm \u00f6demeler \u00f6\u011frenci numaras\u0131 \u00fczerinden yap\u0131lmaktad\u0131r. \u00d6\u011frenim \u00dccreti, takip eden e\u011fitim \u00f6\u011fretim y\u0131l\u0131 ba\u015flamadan \u00f6nce Bakanlar Kurulu taraf\u0131ndan belirlenir.\u00a0Belirlenen \u00fccret, ilgili \u00f6deme takviminde g\u00fcncellenir. Tezsiz y\u00fcksek lisans programlar\u0131nda; En az 10 adet ders ve 30 ulusal kredi ders ve D\u00f6nem Projesi ders al\u0131n\u0131r. En erken 2 yar\u0131y\u0131l en fazla 3 yar\u0131y\u0131lda tamamlan\u0131r. D\u00f6nem projesi kredisi olup derslerle birlikte en erken 2. yar\u0131y\u0131lda al\u0131nabilir. Ba\u015far\u0131s\u0131z olunan her bir dersin tekrar\u0131 durumunda \u00f6\u011frenim \u00fccreti al\u0131n\u0131r. \u00d6\u011frenim \u00fccretinin tamam\u0131 2 (iki) e\u015fit taksit \u015feklinde tahsil edilir. Materyal \u00dccreti uzaktan e\u011fitim yoluyla y\u00fcr\u00fct\u00fclen programlarda kay\u0131t yapt\u0131r\u0131lan her bir d\u00f6nem i\u00e7in al\u0131n\u0131r [\/vc_message][\/vc_column][vc_column width=&#8221;1\/4&#8243; css=&#8221;.vc_custom_1433423760847{margin-top: 20px !important;padding-right: 0px !important;}&#8221;][vc_widget_sidebar sidebar_id=&#8221;generated_sidebar-biyoloji-yan-menu&#8221;][\/vc_column][\/vc_row]<\/p>\n","protected":false},"author":5,"featured_media":0,"parent":0,"menu_order":0,"comment_status":"closed","ping_status":"closed","template":"","meta":[],"translation":{"provider":"WPGlobus","version":"2.12.2","language":"en","enabled_languages":["tr","en"],"languages":{"tr":{"title":true,"content":true,"excerpt":false},"en":{"title":false,"content":false,"excerpt":false}}},"yoast_head":"<!-- This site is optimized with the Yoast SEO plugin v17.4 - https:\/\/yoast.com\/wordpress\/plugins\/seo\/ -->\n<meta name=\"robots\" content=\"index, follow, max-snippet:-1, max-image-preview:large, max-video-preview:-1\" \/>\n<link rel=\"canonical\" href=\"https:\/\/uzem.omu.edu.tr\/siyaset-bilimi-ve-kamu-yonetimi-odeme-bilgileri\/\" \/>\n<meta property=\"og:locale\" content=\"en_US\" \/>\n<meta property=\"og:type\" content=\"article\" \/>\n<meta property=\"og:title\" content=\"Siyaset Bilimi ve Kamu Y\u00f6netimi | \u00d6deme Bilgileri - OM\u00dc Uzaktan E\u011fitim Merkezi\" \/>\n<meta property=\"og:url\" content=\"https:\/\/uzem.omu.edu.tr\/siyaset-bilimi-ve-kamu-yonetimi-odeme-bilgileri\/\" \/>\n<meta property=\"og:site_name\" content=\"OM\u00dc Uzaktan E\u011fitim Merkezi\" \/>\n<meta property=\"article:publisher\" content=\"https:\/\/www.facebook.com\/omu.uzem\" \/>\n<meta property=\"article:modified_time\" content=\"2025-07-07T13:04:46+00:00\" \/>\n<meta name=\"twitter:card\" content=\"summary_large_image\" \/>\n<meta name=\"twitter:site\" content=\"@omuuzem\" \/>\n<meta name=\"twitter:label1\" content=\"Est. reading time\" \/>\n\t<meta name=\"twitter:data1\" content=\"1 minute\" \/>\n<script type=\"application\/ld+json\" class=\"yoast-schema-graph\">{\"@context\":\"https:\/\/schema.org\",\"@graph\":[{\"@type\":\"Organization\",\"@id\":\"https:\/\/uzem.omu.edu.tr\/#organization\",\"name\":\"UZEM\",\"url\":\"https:\/\/uzem.omu.edu.tr\/\",\"sameAs\":[\"https:\/\/www.facebook.com\/omu.uzem\",\"https:\/\/www.instagram.com\/omu.uzem\/\",\"https:\/\/www.youtube.com\/channel\/UCQ6c_wjaGQcIvBKTbPrOe2A\",\"https:\/\/twitter.com\/omuuzem\"],\"logo\":{\"@type\":\"ImageObject\",\"@id\":\"https:\/\/uzem.omu.edu.tr\/#logo\",\"inLanguage\":\"en-US\",\"url\":\"https:\/\/uzem.omu.edu.tr\/wp-content\/uploads\/ulogo-1.png\",\"contentUrl\":\"https:\/\/uzem.omu.edu.tr\/wp-content\/uploads\/ulogo-1.png\",\"width\":364,\"height\":39,\"caption\":\"UZEM\"},\"image\":{\"@id\":\"https:\/\/uzem.omu.edu.tr\/#logo\"}},{\"@type\":\"WebSite\",\"@id\":\"https:\/\/uzem.omu.edu.tr\/#website\",\"url\":\"https:\/\/uzem.omu.edu.tr\/\",\"name\":\"OM\\u00dc Uzaktan E\\u011fitim Merkezi\",\"description\":\"&quot;F\\u0131rsatlar Sunar&quot;\",\"publisher\":{\"@id\":\"https:\/\/uzem.omu.edu.tr\/#organization\"},\"potentialAction\":[{\"@type\":\"SearchAction\",\"target\":{\"@type\":\"EntryPoint\",\"urlTemplate\":\"https:\/\/uzem.omu.edu.tr\/?s={search_term_string}\"},\"query-input\":\"required name=search_term_string\"}],\"inLanguage\":\"en-US\"},{\"@type\":\"WebPage\",\"@id\":\"https:\/\/uzem.omu.edu.tr\/siyaset-bilimi-ve-kamu-yonetimi-odeme-bilgileri\/#webpage\",\"url\":\"https:\/\/uzem.omu.edu.tr\/siyaset-bilimi-ve-kamu-yonetimi-odeme-bilgileri\/\",\"name\":\"Siyaset Bilimi ve Kamu Y\\u00f6netimi | \\u00d6deme Bilgileri - OM\\u00dc Uzaktan E\\u011fitim Merkezi\",\"isPartOf\":{\"@id\":\"https:\/\/uzem.omu.edu.tr\/#website\"},\"datePublished\":\"2015-05-08T12:22:35+00:00\",\"dateModified\":\"2025-07-07T13:04:46+00:00\",\"breadcrumb\":{\"@id\":\"https:\/\/uzem.omu.edu.tr\/siyaset-bilimi-ve-kamu-yonetimi-odeme-bilgileri\/#breadcrumb\"},\"inLanguage\":\"en-US\",\"potentialAction\":[{\"@type\":\"ReadAction\",\"target\":[\"https:\/\/uzem.omu.edu.tr\/siyaset-bilimi-ve-kamu-yonetimi-odeme-bilgileri\/\"]}]},{\"@type\":\"BreadcrumbList\",\"@id\":\"https:\/\/uzem.omu.edu.tr\/siyaset-bilimi-ve-kamu-yonetimi-odeme-bilgileri\/#breadcrumb\",\"itemListElement\":[{\"@type\":\"ListItem\",\"position\":1,\"name\":\"Home\",\"item\":\"https:\/\/uzem.omu.edu.tr\/\"},{\"@type\":\"ListItem\",\"position\":2,\"name\":\"Siyaset Bilimi ve Kamu Y\\u00f6netimi | \\u00d6deme Bilgileri\"}]}]}<\/script>\n<!-- \/ Yoast SEO plugin. -->","yoast_head_json":{"robots":{"index":"index","follow":"follow","max-snippet":"max-snippet:-1","max-image-preview":"max-image-preview:large","max-video-preview":"max-video-preview:-1"},"canonical":"https:\/\/uzem.omu.edu.tr\/siyaset-bilimi-ve-kamu-yonetimi-odeme-bilgileri\/","og_locale":"en_US","og_type":"article","og_title":"Siyaset Bilimi ve Kamu Y\u00f6netimi | \u00d6deme Bilgileri - OM\u00dc Uzaktan E\u011fitim Merkezi","og_url":"https:\/\/uzem.omu.edu.tr\/siyaset-bilimi-ve-kamu-yonetimi-odeme-bilgileri\/","og_site_name":"OM\u00dc Uzaktan E\u011fitim Merkezi","article_publisher":"https:\/\/www.facebook.com\/omu.uzem","article_modified_time":"2025-07-07T13:04:46+00:00","twitter_card":"summary_large_image","twitter_site":"@omuuzem","twitter_misc":{"Est. reading time":"1 minute"},"schema":{"@context":"https:\/\/schema.org","@graph":[{"@type":"Organization","@id":"https:\/\/uzem.omu.edu.tr\/#organization","name":"UZEM","url":"https:\/\/uzem.omu.edu.tr\/","sameAs":["https:\/\/www.facebook.com\/omu.uzem","https:\/\/www.instagram.com\/omu.uzem\/","https:\/\/www.youtube.com\/channel\/UCQ6c_wjaGQcIvBKTbPrOe2A","https:\/\/twitter.com\/omuuzem"],"logo":{"@type":"ImageObject","@id":"https:\/\/uzem.omu.edu.tr\/#logo","inLanguage":"en-US","url":"https:\/\/uzem.omu.edu.tr\/wp-content\/uploads\/ulogo-1.png","contentUrl":"https:\/\/uzem.omu.edu.tr\/wp-content\/uploads\/ulogo-1.png","width":364,"height":39,"caption":"UZEM"},"image":{"@id":"https:\/\/uzem.omu.edu.tr\/#logo"}},{"@type":"WebSite","@id":"https:\/\/uzem.omu.edu.tr\/#website","url":"https:\/\/uzem.omu.edu.tr\/","name":"OM\u00dc Uzaktan E\u011fitim Merkezi","description":"&quot;F\u0131rsatlar Sunar&quot;","publisher":{"@id":"https:\/\/uzem.omu.edu.tr\/#organization"},"potentialAction":[{"@type":"SearchAction","target":{"@type":"EntryPoint","urlTemplate":"https:\/\/uzem.omu.edu.tr\/?s={search_term_string}"},"query-input":"required name=search_term_string"}],"inLanguage":"en-US"},{"@type":"WebPage","@id":"https:\/\/uzem.omu.edu.tr\/siyaset-bilimi-ve-kamu-yonetimi-odeme-bilgileri\/#webpage","url":"https:\/\/uzem.omu.edu.tr\/siyaset-bilimi-ve-kamu-yonetimi-odeme-bilgileri\/","name":"Siyaset Bilimi ve Kamu Y\u00f6netimi | \u00d6deme Bilgileri - OM\u00dc Uzaktan E\u011fitim Merkezi","isPartOf":{"@id":"https:\/\/uzem.omu.edu.tr\/#website"},"datePublished":"2015-05-08T12:22:35+00:00","dateModified":"2025-07-07T13:04:46+00:00","breadcrumb":{"@id":"https:\/\/uzem.omu.edu.tr\/siyaset-bilimi-ve-kamu-yonetimi-odeme-bilgileri\/#breadcrumb"},"inLanguage":"en-US","potentialAction":[{"@type":"ReadAction","target":["https:\/\/uzem.omu.edu.tr\/siyaset-bilimi-ve-kamu-yonetimi-odeme-bilgileri\/"]}]},{"@type":"BreadcrumbList","@id":"https:\/\/uzem.omu.edu.tr\/siyaset-bilimi-ve-kamu-yonetimi-odeme-bilgileri\/#breadcrumb","itemListElement":[{"@type":"ListItem","position":1,"name":"Home","item":"https:\/\/uzem.omu.edu.tr\/"},{"@type":"ListItem","position":2,"name":"Siyaset Bilimi ve Kamu Y\u00f6netimi | \u00d6deme Bilgileri"}]}]}},"_links":{"self":[{"href":"https:\/\/uzem.omu.edu.tr\/en\/wp-json\/wp\/v2\/pages\/1316"}],"collection":[{"href":"https:\/\/uzem.omu.edu.tr\/en\/wp-json\/wp\/v2\/pages"}],"about":[{"href":"https:\/\/uzem.omu.edu.tr\/en\/wp-json\/wp\/v2\/types\/page"}],"author":[{"embeddable":true,"href":"https:\/\/uzem.omu.edu.tr\/en\/wp-json\/wp\/v2\/users\/5"}],"replies":[{"embeddable":true,"href":"https:\/\/uzem.omu.edu.tr\/en\/wp-json\/wp\/v2\/comments?post=1316"}],"version-history":[{"count":17,"href":"https:\/\/uzem.omu.edu.tr\/en\/wp-json\/wp\/v2\/pages\/1316\/revisions"}],"predecessor-version":[{"id":26961,"href":"https:\/\/uzem.omu.edu.tr\/en\/wp-json\/wp\/v2\/pages\/1316\/revisions\/26961"}],"wp:attachment":[{"href":"https:\/\/uzem.omu.edu.tr\/en\/wp-json\/wp\/v2\/media?parent=1316"}],"curies":[{"name":"wp","href":"https:\/\/api.w.org\/{rel}","templated":true}]}}