{"id":1314,"date":"2015-05-08T12:21:51","date_gmt":"2015-05-08T12:21:51","guid":{"rendered":"https:\/\/uzem.omu.edu.tr\/?page_id=1314"},"modified":"2026-04-09T14:25:42","modified_gmt":"2026-04-09T11:25:42","slug":"siyaset-bilimi-ve-kamu-yonetimi-ders-icerikleri","status":"publish","type":"page","link":"https:\/\/uzem.omu.edu.tr\/en\/siyaset-bilimi-ve-kamu-yonetimi-ders-icerikleri\/","title":{"rendered":"Siyaset Bilimi ve Kamu Y\u00f6netimi | Ders \u0130\u00e7erikleri"},"content":{"rendered":"<p>[vc_row css=&#8221;.vc_custom_1427462343642{margin-top: -5px !important;margin-left: 0px !important;padding-left: 0px !important;}&#8221;][vc_column width=&#8221;3\/4&#8243; css=&#8221;.vc_custom_1449841807492{margin-top: 5px !important;margin-right: 0px !important;padding-right: 0px !important;padding-left: 0px !important;}&#8221;][vc_row_inner][vc_column_inner css=&#8221;.vc_custom_1449841821267{margin-bottom: 5px !important;padding-right: 0px !important;padding-left: 0px !important;}&#8221;][vc_widget_sidebar sidebar_id=&#8221;generated_sidebar-siyaset-bilimi-ve-kamu-yonetimi-ust-menu&#8221;][\/vc_column_inner][\/vc_row_inner][vc_column_text el_class=&#8221;menu-basligi&#8221;]<\/p>\n<p><strong>Ders \u0130\u00e7erikleri<\/strong><\/p>\n<p>[\/vc_column_text][vc_column_text el_class=&#8221;menu-basligi&#8221; css=&#8221;.vc_custom_1536741230637{margin-bottom: 5px !important;}&#8221;]<strong>G\u00dcZ YARIYIL DERSLER\u0130<\/strong>[\/vc_column_text][vc_column_text el_class=&#8221;ders-tablosu&#8221;]<\/p>\n<table width=\"797\">\n<tbody>\n<tr>\n<td width=\"61\">Kodu<\/td>\n<td width=\"336\">Ders Ad\u0131<\/td>\n<td width=\"72\">D + U + L<\/td>\n<td width=\"90\">Z \/ S<\/td>\n<td width=\"238\">\u00d6\u011fretim \u00dcyesi<\/td>\n<\/tr>\n<tr>\n<td>SBK502<\/td>\n<td>T\u00fcrk Yerel Y\u00f6netim Sistemleri<\/td>\n<td>3 + 0 + 3<\/td>\n<td>Zorunlu<\/td>\n<td>Do\u00e7. Dr. Asl\u0131 Y\u00d6NTEN BALABAN<\/td>\n<\/tr>\n<tr>\n<td>SBK529<\/td>\n<td>Kamu Personel Y\u00f6netimi<\/td>\n<td>3 + 0 + 3<\/td>\n<td>Zorunlu<\/td>\n<td>Dr. \u00d6\u011fr. \u00dcyesi Cuma YILDIRIM<\/td>\n<\/tr>\n<tr>\n<td>SBK505<\/td>\n<td>Kar\u015f\u0131la\u015ft\u0131rmal\u0131 Siyasal Sistemler<\/td>\n<td>3 + 0 + 3<\/td>\n<td>Zorunlu<\/td>\n<td>Prof. Dr. Cenk AYG\u00dcL<\/td>\n<\/tr>\n<tr>\n<td>SBK511<\/td>\n<td>Toplumsal Ekoloji<\/td>\n<td>3 + 0 + 3<\/td>\n<td>Zorunlu<\/td>\n<td>Prof. Dr. Ahmet MUTLU<\/td>\n<\/tr>\n<tr>\n<td>SBK515<\/td>\n<td>Modern T\u00fcrkiye&#8217;de Devlet ve Toplum \u0130li\u015fkileri<\/td>\n<td>3 + 0 + 3<\/td>\n<td>Zorunlu<\/td>\n<td>Do\u00e7. Dr. Fatih \u00c7a\u011fatay CENG\u0130Z<\/td>\n<\/tr>\n<\/tbody>\n<\/table>\n<p>[\/vc_column_text][\/vc_column][vc_column width=&#8221;1\/4&#8243; css=&#8221;.vc_custom_1739520670731{margin-top: 5px !important;padding-right: 0px !important;}&#8221;][vc_widget_sidebar sidebar_id=&#8221;generated_sidebar-siyaset-bilimi-ve-kamu-yonetimi&#8221;][\/vc_column][\/vc_row]<\/p>\n","protected":false},"excerpt":{"rendered":"<p>[vc_row css=&#8221;.vc_custom_1427462343642{margin-top: -5px !important;margin-left: 0px !important;padding-left: 0px !important;}&#8221;][vc_column width=&#8221;3\/4&#8243; css=&#8221;.vc_custom_1449841807492{margin-top: 5px !important;margin-right: 0px !important;padding-right: 0px !important;padding-left: 0px !important;}&#8221;][vc_row_inner][vc_column_inner css=&#8221;.vc_custom_1449841821267{margin-bottom: 5px !important;padding-right: 0px !important;padding-left: 0px !important;}&#8221;][vc_widget_sidebar sidebar_id=&#8221;generated_sidebar-siyaset-bilimi-ve-kamu-yonetimi-ust-menu&#8221;][\/vc_column_inner][\/vc_row_inner][vc_column_text el_class=&#8221;menu-basligi&#8221;] Ders \u0130\u00e7erikleri [\/vc_column_text][vc_column_text el_class=&#8221;menu-basligi&#8221; css=&#8221;.vc_custom_1536741230637{margin-bottom: 5px !important;}&#8221;]G\u00dcZ YARIYIL DERSLER\u0130[\/vc_column_text][vc_column_text el_class=&#8221;ders-tablosu&#8221;] Kodu Ders Ad\u0131 D + U + L Z \/ S \u00d6\u011fretim \u00dcyesi SBK502 T\u00fcrk Yerel Y\u00f6netim Sistemleri 3 + 0 + 3 Zorunlu Do\u00e7. Dr. Asl\u0131 Y\u00d6NTEN BALABAN SBK529 Kamu Personel Y\u00f6netimi 3 + 0 + 3 Zorunlu Dr. \u00d6\u011fr. \u00dcyesi Cuma YILDIRIM SBK505 Kar\u015f\u0131la\u015ft\u0131rmal\u0131 Siyasal Sistemler 3 + 0 + 3 Zorunlu Prof. Dr. Cenk AYG\u00dcL SBK511 Toplumsal Ekoloji 3 + 0 + 3 Zorunlu Prof. Dr. Ahmet MUTLU SBK515 Modern T\u00fcrkiye&#8217;de Devlet ve Toplum \u0130li\u015fkileri 3 + 0 + 3 Zorunlu Do\u00e7. Dr. Fatih \u00c7a\u011fatay CENG\u0130Z [\/vc_column_text][\/vc_column][vc_column width=&#8221;1\/4&#8243; css=&#8221;.vc_custom_1739520670731{margin-top: 5px !important;padding-right: 0px !important;}&#8221;][vc_widget_sidebar sidebar_id=&#8221;generated_sidebar-siyaset-bilimi-ve-kamu-yonetimi&#8221;][\/vc_column][\/vc_row]<\/p>\n","protected":false},"author":5,"featured_media":0,"parent":0,"menu_order":0,"comment_status":"closed","ping_status":"closed","template":"","meta":[],"translation":{"provider":"WPGlobus","version":"2.12.2","language":"en","enabled_languages":["tr","en"],"languages":{"tr":{"title":true,"content":true,"excerpt":false},"en":{"title":false,"content":false,"excerpt":false}}},"yoast_head":"<!-- This site is optimized with the Yoast SEO plugin v17.4 - https:\/\/yoast.com\/wordpress\/plugins\/seo\/ -->\n<meta name=\"robots\" content=\"index, follow, max-snippet:-1, max-image-preview:large, max-video-preview:-1\" \/>\n<link rel=\"canonical\" href=\"https:\/\/uzem.omu.edu.tr\/siyaset-bilimi-ve-kamu-yonetimi-ders-icerikleri\/\" \/>\n<meta property=\"og:locale\" content=\"en_US\" \/>\n<meta property=\"og:type\" content=\"article\" \/>\n<meta property=\"og:title\" content=\"Siyaset Bilimi ve Kamu Y\u00f6netimi | Ders \u0130\u00e7erikleri - OM\u00dc Uzaktan E\u011fitim Merkezi\" \/>\n<meta property=\"og:url\" content=\"https:\/\/uzem.omu.edu.tr\/siyaset-bilimi-ve-kamu-yonetimi-ders-icerikleri\/\" \/>\n<meta property=\"og:site_name\" content=\"OM\u00dc Uzaktan E\u011fitim Merkezi\" \/>\n<meta property=\"article:publisher\" content=\"https:\/\/www.facebook.com\/omu.uzem\" \/>\n<meta property=\"article:modified_time\" content=\"2026-04-09T11:25:42+00:00\" \/>\n<meta name=\"twitter:card\" content=\"summary_large_image\" \/>\n<meta name=\"twitter:site\" content=\"@omuuzem\" \/>\n<meta name=\"twitter:label1\" content=\"Est. reading time\" \/>\n\t<meta name=\"twitter:data1\" content=\"1 minute\" \/>\n<script type=\"application\/ld+json\" class=\"yoast-schema-graph\">{\"@context\":\"https:\/\/schema.org\",\"@graph\":[{\"@type\":\"Organization\",\"@id\":\"https:\/\/uzem.omu.edu.tr\/#organization\",\"name\":\"UZEM\",\"url\":\"https:\/\/uzem.omu.edu.tr\/\",\"sameAs\":[\"https:\/\/www.facebook.com\/omu.uzem\",\"https:\/\/www.instagram.com\/omu.uzem\/\",\"https:\/\/www.youtube.com\/channel\/UCQ6c_wjaGQcIvBKTbPrOe2A\",\"https:\/\/twitter.com\/omuuzem\"],\"logo\":{\"@type\":\"ImageObject\",\"@id\":\"https:\/\/uzem.omu.edu.tr\/#logo\",\"inLanguage\":\"en-US\",\"url\":\"https:\/\/uzem.omu.edu.tr\/wp-content\/uploads\/ulogo-1.png\",\"contentUrl\":\"https:\/\/uzem.omu.edu.tr\/wp-content\/uploads\/ulogo-1.png\",\"width\":364,\"height\":39,\"caption\":\"UZEM\"},\"image\":{\"@id\":\"https:\/\/uzem.omu.edu.tr\/#logo\"}},{\"@type\":\"WebSite\",\"@id\":\"https:\/\/uzem.omu.edu.tr\/#website\",\"url\":\"https:\/\/uzem.omu.edu.tr\/\",\"name\":\"OM\\u00dc Uzaktan E\\u011fitim Merkezi\",\"description\":\"&quot;F\\u0131rsatlar Sunar&quot;\",\"publisher\":{\"@id\":\"https:\/\/uzem.omu.edu.tr\/#organization\"},\"potentialAction\":[{\"@type\":\"SearchAction\",\"target\":{\"@type\":\"EntryPoint\",\"urlTemplate\":\"https:\/\/uzem.omu.edu.tr\/?s={search_term_string}\"},\"query-input\":\"required name=search_term_string\"}],\"inLanguage\":\"en-US\"},{\"@type\":\"WebPage\",\"@id\":\"https:\/\/uzem.omu.edu.tr\/siyaset-bilimi-ve-kamu-yonetimi-ders-icerikleri\/#webpage\",\"url\":\"https:\/\/uzem.omu.edu.tr\/siyaset-bilimi-ve-kamu-yonetimi-ders-icerikleri\/\",\"name\":\"Siyaset Bilimi ve Kamu Y\\u00f6netimi | Ders \\u0130\\u00e7erikleri - OM\\u00dc Uzaktan E\\u011fitim Merkezi\",\"isPartOf\":{\"@id\":\"https:\/\/uzem.omu.edu.tr\/#website\"},\"datePublished\":\"2015-05-08T12:21:51+00:00\",\"dateModified\":\"2026-04-09T11:25:42+00:00\",\"breadcrumb\":{\"@id\":\"https:\/\/uzem.omu.edu.tr\/siyaset-bilimi-ve-kamu-yonetimi-ders-icerikleri\/#breadcrumb\"},\"inLanguage\":\"en-US\",\"potentialAction\":[{\"@type\":\"ReadAction\",\"target\":[\"https:\/\/uzem.omu.edu.tr\/siyaset-bilimi-ve-kamu-yonetimi-ders-icerikleri\/\"]}]},{\"@type\":\"BreadcrumbList\",\"@id\":\"https:\/\/uzem.omu.edu.tr\/siyaset-bilimi-ve-kamu-yonetimi-ders-icerikleri\/#breadcrumb\",\"itemListElement\":[{\"@type\":\"ListItem\",\"position\":1,\"name\":\"Home\",\"item\":\"https:\/\/uzem.omu.edu.tr\/\"},{\"@type\":\"ListItem\",\"position\":2,\"name\":\"Siyaset Bilimi ve Kamu Y\\u00f6netimi | Ders \\u0130\\u00e7erikleri\"}]}]}<\/script>\n<!-- \/ Yoast SEO plugin. -->","yoast_head_json":{"robots":{"index":"index","follow":"follow","max-snippet":"max-snippet:-1","max-image-preview":"max-image-preview:large","max-video-preview":"max-video-preview:-1"},"canonical":"https:\/\/uzem.omu.edu.tr\/siyaset-bilimi-ve-kamu-yonetimi-ders-icerikleri\/","og_locale":"en_US","og_type":"article","og_title":"Siyaset Bilimi ve Kamu Y\u00f6netimi | Ders \u0130\u00e7erikleri - OM\u00dc Uzaktan E\u011fitim Merkezi","og_url":"https:\/\/uzem.omu.edu.tr\/siyaset-bilimi-ve-kamu-yonetimi-ders-icerikleri\/","og_site_name":"OM\u00dc Uzaktan E\u011fitim Merkezi","article_publisher":"https:\/\/www.facebook.com\/omu.uzem","article_modified_time":"2026-04-09T11:25:42+00:00","twitter_card":"summary_large_image","twitter_site":"@omuuzem","twitter_misc":{"Est. reading time":"1 minute"},"schema":{"@context":"https:\/\/schema.org","@graph":[{"@type":"Organization","@id":"https:\/\/uzem.omu.edu.tr\/#organization","name":"UZEM","url":"https:\/\/uzem.omu.edu.tr\/","sameAs":["https:\/\/www.facebook.com\/omu.uzem","https:\/\/www.instagram.com\/omu.uzem\/","https:\/\/www.youtube.com\/channel\/UCQ6c_wjaGQcIvBKTbPrOe2A","https:\/\/twitter.com\/omuuzem"],"logo":{"@type":"ImageObject","@id":"https:\/\/uzem.omu.edu.tr\/#logo","inLanguage":"en-US","url":"https:\/\/uzem.omu.edu.tr\/wp-content\/uploads\/ulogo-1.png","contentUrl":"https:\/\/uzem.omu.edu.tr\/wp-content\/uploads\/ulogo-1.png","width":364,"height":39,"caption":"UZEM"},"image":{"@id":"https:\/\/uzem.omu.edu.tr\/#logo"}},{"@type":"WebSite","@id":"https:\/\/uzem.omu.edu.tr\/#website","url":"https:\/\/uzem.omu.edu.tr\/","name":"OM\u00dc Uzaktan E\u011fitim Merkezi","description":"&quot;F\u0131rsatlar Sunar&quot;","publisher":{"@id":"https:\/\/uzem.omu.edu.tr\/#organization"},"potentialAction":[{"@type":"SearchAction","target":{"@type":"EntryPoint","urlTemplate":"https:\/\/uzem.omu.edu.tr\/?s={search_term_string}"},"query-input":"required name=search_term_string"}],"inLanguage":"en-US"},{"@type":"WebPage","@id":"https:\/\/uzem.omu.edu.tr\/siyaset-bilimi-ve-kamu-yonetimi-ders-icerikleri\/#webpage","url":"https:\/\/uzem.omu.edu.tr\/siyaset-bilimi-ve-kamu-yonetimi-ders-icerikleri\/","name":"Siyaset Bilimi ve Kamu Y\u00f6netimi | Ders \u0130\u00e7erikleri - OM\u00dc Uzaktan E\u011fitim Merkezi","isPartOf":{"@id":"https:\/\/uzem.omu.edu.tr\/#website"},"datePublished":"2015-05-08T12:21:51+00:00","dateModified":"2026-04-09T11:25:42+00:00","breadcrumb":{"@id":"https:\/\/uzem.omu.edu.tr\/siyaset-bilimi-ve-kamu-yonetimi-ders-icerikleri\/#breadcrumb"},"inLanguage":"en-US","potentialAction":[{"@type":"ReadAction","target":["https:\/\/uzem.omu.edu.tr\/siyaset-bilimi-ve-kamu-yonetimi-ders-icerikleri\/"]}]},{"@type":"BreadcrumbList","@id":"https:\/\/uzem.omu.edu.tr\/siyaset-bilimi-ve-kamu-yonetimi-ders-icerikleri\/#breadcrumb","itemListElement":[{"@type":"ListItem","position":1,"name":"Home","item":"https:\/\/uzem.omu.edu.tr\/"},{"@type":"ListItem","position":2,"name":"Siyaset Bilimi ve Kamu Y\u00f6netimi | Ders \u0130\u00e7erikleri"}]}]}},"_links":{"self":[{"href":"https:\/\/uzem.omu.edu.tr\/en\/wp-json\/wp\/v2\/pages\/1314"}],"collection":[{"href":"https:\/\/uzem.omu.edu.tr\/en\/wp-json\/wp\/v2\/pages"}],"about":[{"href":"https:\/\/uzem.omu.edu.tr\/en\/wp-json\/wp\/v2\/types\/page"}],"author":[{"embeddable":true,"href":"https:\/\/uzem.omu.edu.tr\/en\/wp-json\/wp\/v2\/users\/5"}],"replies":[{"embeddable":true,"href":"https:\/\/uzem.omu.edu.tr\/en\/wp-json\/wp\/v2\/comments?post=1314"}],"version-history":[{"count":38,"href":"https:\/\/uzem.omu.edu.tr\/en\/wp-json\/wp\/v2\/pages\/1314\/revisions"}],"predecessor-version":[{"id":27503,"href":"https:\/\/uzem.omu.edu.tr\/en\/wp-json\/wp\/v2\/pages\/1314\/revisions\/27503"}],"wp:attachment":[{"href":"https:\/\/uzem.omu.edu.tr\/en\/wp-json\/wp\/v2\/media?parent=1314"}],"curies":[{"name":"wp","href":"https:\/\/api.w.org\/{rel}","templated":true}]}}