{"id":12995,"date":"2016-06-06T08:44:23","date_gmt":"2016-06-06T05:44:23","guid":{"rendered":"https:\/\/uzem.omu.edu.tr\/?page_id=12995"},"modified":"2016-06-07T11:40:49","modified_gmt":"2016-06-07T08:40:49","slug":"uzem-akademi","status":"publish","type":"page","link":"https:\/\/uzem.omu.edu.tr\/en\/uzem-akademi\/","title":{"rendered":"UZEM Akademi 2016"},"content":{"rendered":"<p>[vc_row css=&#8221;.vc_custom_1465288180702{margin-top: -5px !important;}&#8221; bg_parallax=&#8221;&#8221; inertia=&#8221;0.1&#8243; bg_type=&#8221;no_bg&#8221; bg_grad=&#8221;background: -webkit-gradient(linear, left top, left bottom, color-stop(0%, #E3E3E3));background: -moz-linear-gradient(top,#E3E3E3 0%);background: -webkit-linear-gradient(top,#E3E3E3 0%);background: -o-linear-gradient(top,#E3E3E3 0%);background: -ms-linear-gradient(top,#E3E3E3 0%);background: linear-gradient(top,#E3E3E3 0%);&#8221; parallax_style=&#8221;vcpb-default&#8221; bg_image_repeat=&#8221;repeat&#8221; bg_image_size=&#8221;cover&#8221; bg_img_attach=&#8221;scroll&#8221; parallax_sense=&#8221;30&#8243; animation_direction=&#8221;left-animation&#8221; animation_repeat=&#8221;repeat&#8221; video_opts=&#8221;&#8221; viewport_vdo=&#8221;off&#8221; enable_controls=&#8221;off&#8221; bg_override=&#8221;0&#8243; parallax_content_sense=&#8221;30&#8243; fadeout_start_effect=&#8221;30&#8243; overlay_pattern_opacity=&#8221;80&#8243; overlay_pattern_attachment=&#8221;fixed&#8221; multi_color_overlay=&#8221;&#8221; multi_color_overlay_opacity=&#8221;60&#8243; seperator_type=&#8221;none_seperator&#8221; seperator_position=&#8221;top_seperator&#8221; seperator_shape_size=&#8221;40&#8243; seperator_svg_height=&#8221;60&#8243; seperator_shape_background=&#8221;#ffffff&#8221; seperator_shape_border=&#8221;none&#8221; seperator_shape_border_width=&#8221;1&#8243; icon_type=&#8221;no_icon&#8221; icon_size=&#8221;32&#8243; icon_style=&#8221;none&#8221; icon_color_border=&#8221;#333333&#8243; icon_border_size=&#8221;1&#8243; icon_border_radius=&#8221;500&#8243; icon_border_spacing=&#8221;50&#8243; img_width=&#8221;48&#8243; ult_hide_row_large_screen=&#8221;off&#8221; ult_hide_row_desktop=&#8221;off&#8221; ult_hide_row_tablet=&#8221;off&#8221; ult_hide_row_tablet_small=&#8221;off&#8221; ult_hide_row_mobile=&#8221;off&#8221; ult_hide_row_mobile_large=&#8221;off&#8221;][vc_column width=&#8221;1\/1&#8243;][vc_raw_html]<\/p>\n<p>JTA5JTNDZGl2JTIwY2xhc3MlM0QlMjJ2Y19jb2wtc20tMiUyMHdwYl9jb2x1bW4lMjB2Y19jb2x1bW5fY29udGFpbmVyJTIwJTIwY29vbG1lbnUlMjIlM0UlMEElMDklMDklM0NkaXYlMjBjbGFzcyUzRCUyMndwYl93cmFwcGVyJTIyJTNFJTBBJTA5JTA5JTA5JTBBJTA5JTNDZGl2JTIwY2xhc3MlM0QlMjJ3cGJfcmF3X2NvZGUlMjB3cGJfY29udGVudF9lbGVtZW50JTIwd3BiX3Jhd19odG1sJTIyJTNFJTBBJTA5JTA5JTNDZGl2JTIwY2xhc3MlM0QlMjJ3cGJfd3JhcHBlciUyMiUzRSUwQSUwOSUwOSUwOSUzQ2RpdiUyMGNsYXNzJTNEJTIydmNfYnV0dG9uLTItd3JhcHBlciUyMHZjX2J1dHRvbi0yLWFsaWduLWNlbnRlciUyMiUzRSUzQ2ElMjBjbGFzcyUzRCUyMnZjX2J0biUyMHZjX2J0bl9ibHVlJTIwdmNfYnRuLWJsdWUlMjB2Y19idG5fbGclMjB2Y19idG4tbGclMjB2Y19idG5fc3F1YXJlJTIwYjElMjIlMjBocmVmJTNEJTIyLi4lMkZ1emVtLWFrYWRlbWktMjAxNi1oYWtraW5kYSUyMiUyMHRpdGxlJTNEJTIyJTIyJTIwdGFyZ2V0JTNEJTIyJTIyJTNFSGFrayVDNCVCMW5kYSUzQyUyRmElM0UlM0MlMkZkaXYlM0UlMEElMDklMDklM0MlMkZkaXYlM0UlMjAlMEElMDklM0MlMkZkaXYlM0UlMjAlMEElMDklMDklM0MlMkZkaXYlM0UlMjAlMEElMDklM0MlMkZkaXYlM0UlMjAlMEElMEElMDklM0NkaXYlMjBjbGFzcyUzRCUyMnZjX2NvbC1zbS0yJTIwd3BiX2NvbHVtbiUyMHZjX2NvbHVtbl9jb250YWluZXIlMjAlMjBjb29sbWVudSUyMiUzRSUwQSUwOSUwOSUzQ2RpdiUyMGNsYXNzJTNEJTIyd3BiX3dyYXBwZXIlMjIlM0UlMEElMDklMDklMDklM0NkaXYlMjBjbGFzcyUzRCUyMnZjX2J1dHRvbi0yLXdyYXBwZXIlMjB2Y19idXR0b24tMi1hbGlnbi1jZW50ZXIlMjIlM0UlM0NhJTIwY2xhc3MlM0QlMjJ2Y19idG4lMjB2Y19idG5fc2t5JTIwdmNfYnRuLXNreSUyMHZjX2J0bl9sZyUyMHZjX2J0bi1sZyUyMHZjX2J0bl9zcXVhcmUlMjBiMiUyMiUyMGhyZWYlM0QlMjIuLiUyRnV6ZW0tYWthZGVtaS0yMDE2LXByb2dyYW0lMjIlMjB0aXRsZSUzRCUyMiUyMiUyMHRhcmdldCUzRCUyMiUyMiUzRVByb2dyYW0lM0MlMkZhJTNFJTNDJTJGZGl2JTNFJTBBJTBBJTA5JTA5JTNDJTJGZGl2JTNFJTIwJTBBJTA5JTNDJTJGZGl2JTNFJTIwJTBBJTBBJTA5JTNDZGl2JTIwY2xhc3MlM0QlMjJ2Y19jb2wtc20tMiUyMHdwYl9jb2x1bW4lMjB2Y19jb2x1bW5fY29udGFpbmVyJTIwJTIwY29vbG1lbnUlMjIlM0UlMEElMDklMDklM0NkaXYlMjBjbGFzcyUzRCUyMndwYl93cmFwcGVyJTIyJTNFJTBBJTA5JTA5JTA5JTNDZGl2JTIwY2xhc3MlM0QlMjJ2Y19idXR0b24tMi13cmFwcGVyJTIwdmNfYnV0dG9uLTItYWxpZ24tY2VudGVyJTIyJTNFJTNDYSUyMGNsYXNzJTNEJTIydmNfYnRuJTIwdmNfYnRuX3R1cnF1b2lzZSUyMHZjX2J0bi10dXJxdW9pc2UlMjB2Y19idG5fbGclMjB2Y19idG4tbGclMjB2Y19idG5fc3F1YXJlJTIwYjMlMjIlMjBocmVmJTNEJTIyLi4lMkZ1emVtLWFrYWRlbWktMjAxNi1lZ2l0bWVubGVyJTIyJTIwdGl0bGUlM0QlMjIlMjIlMjB0YXJnZXQlM0QlMjIlMjIlM0VFJUM0JTlGaXRtZW5sZXIlM0MlMkZhJTNFJTNDJTJGZGl2JTNFJTBBJTBBJTA5JTA5JTNDJTJGZGl2JTNFJTIwJTBBJTA5JTNDJTJGZGl2JTNFJTIwJTBBJTBBJTA5JTNDZGl2JTIwY2xhc3MlM0QlMjJ2Y19jb2wtc20tMiUyMHdwYl9jb2x1bW4lMjB2Y19jb2x1bW5fY29udGFpbmVyJTIwJTIwY29vbG1lbnUlMjIlM0UlMEElMDklMDklM0NkaXYlMjBjbGFzcyUzRCUyMndwYl93cmFwcGVyJTIyJTNFJTBBJTA5JTA5JTA5JTNDZGl2JTIwY2xhc3MlM0QlMjJ2Y19idXR0b24tMi13cmFwcGVyJTIwdmNfYnV0dG9uLTItYWxpZ24tY2VudGVyJTIyJTNFJTNDYSUyMGNsYXNzJTNEJTIydmNfYnRuJTIwdmNfYnRuX3Zpc3RhX2JsdWUlMjB2Y19idG4tdmlzdGFfYmx1ZSUyMHZjX2J0bl9sZyUyMHZjX2J0bi1sZyUyMHZjX2J0bl9zcXVhcmUlMjBiNCUyMiUyMGhyZWYlM0QlMjIuLiUyRnV6ZW0tYWthZGVtaS0yMDE2LXVjcmV0aSUyMiUyMHRpdGxlJTNEJTIyJTIyJTIwdGFyZ2V0JTNEJTIyJTIyJTNFJUMzJTlDY3JldGklM0MlMkZhJTNFJTNDJTJGZGl2JTNFJTBBJTBBJTA5JTA5JTNDJTJGZGl2JTNFJTIwJTBBJTA5JTNDJTJGZGl2JTNFJTIwJTBBJTBBJTA5JTNDZGl2JTIwY2xhc3MlM0QlMjJ2Y19jb2wtc20tMiUyMHdwYl9jb2x1bW4lMjB2Y19jb2x1bW5fY29udGFpbmVyJTIwJTIwY29vbG1lbnUlMjIlM0UlMEElMDklMDklM0NkaXYlMjBjbGFzcyUzRCUyMndwYl93cmFwcGVyJTIyJTNFJTBBJTA5JTA5JTA5JTNDZGl2JTIwY2xhc3MlM0QlMjJ2Y19idXR0b24tMi13cmFwcGVyJTIwdmNfYnV0dG9uLTItYWxpZ24tY2VudGVyJTIyJTNFJTNDYSUyMGNsYXNzJTNEJTIydmNfYnRuJTIwdmNfYnRuX3NhbmR5X2Jyb3duJTIwdmNfYnRuLXNhbmR5X2Jyb3duJTIwdmNfYnRuX2xnJTIwdmNfYnRuLWxnJTIwdmNfYnRuX3NxdWFyZSUyMGI1JTIyJTIwaHJlZiUzRCUyMi4uJTJGdXplbS1ha2FkZW1pLTIwMTYtc3BvbnNvcmxhciUyMiUyMHRpdGxlJTNEJTIyJTIyJTIwdGFyZ2V0JTNEJTIyJTIyJTNFU3BvbnNvcmxhciUzQyUyRmElM0UlM0MlMkZkaXYlM0UlMEElMEElMDklMDklM0MlMkZkaXYlM0UlMjAlMEElMDklM0MlMkZkaXYlM0UlMjAlMEElMEElMDklM0NkaXYlMjBjbGFzcyUzRCUyMnZjX2NvbC1zbS0yJTIwd3BiX2NvbHVtbiUyMHZjX2NvbHVtbl9jb250YWluZXIlMjAlMjBjb29sbWVudSUyMiUzRSUwQSUwOSUwOSUzQ2RpdiUyMGNsYXNzJTNEJTIyd3BiX3dyYXBwZXIlMjIlM0UlMEElMDklMDklMDklM0NkaXYlMjBjbGFzcyUzRCUyMnZjX2J1dHRvbi0yLXdyYXBwZXIlMjB2Y19idXR0b24tMi1hbGlnbi1jZW50ZXIlMjIlM0UlM0NhJTIwY2xhc3MlM0QlMjJ2Y19idG4lMjB2Y19idG5fb3JhbmdlJTIwdmNfYnRuLW9yYW5nZSUyMHZjX2J0bl9sZyUyMHZjX2J0bi1sZyUyMHZjX2J0bl9zcXVhcmUlMjBiNiUyMiUyMGhyZWYlM0QlMjJ1emVtLWFrYWRlbWktMjAxNi1pbGV0aXNpbSUyMiUyMHRpdGxlJTNEJTIyJTIyJTIwdGFyZ2V0JTNEJTIyJTIyJTNFJUM0JUIwbGV0aSVDNSU5RmltJTNDJTJGYSUzRSUzQyUyRmRpdiUzRSUwQSUwQSUwOSUwOSUzQyUyRmRpdiUzRSUyMCUwQSUwOSUzQyUyRmRpdiUzRSUyMA==<\/p>\n<p>[\/vc_raw_html][\/vc_column][\/vc_row][vc_row][vc_column width=&#8221;3\/4&#8243;][vc_raw_html]<\/p>\n<p>JTNDaW1nJTIwc3JjJTNEJTIyaHR0cCUzQSUyRiUyRnV6ZW0ub211LmVkdS50ciUyRndwLWNvbnRlbnQlMkZ1cGxvYWRzJTJGYWthZGVtaS0yMDE2LTAyLnBuZyUyMiUyMCUyRiUzRQ==<\/p>\n<p>[\/vc_raw_html][\/vc_column][vc_column width=&#8221;1\/4&#8243;][vc_widget_sidebar sidebar_id=&#8221;generated_sidebar-akademi-2016&#8243;][\/vc_column][\/vc_row]<\/p>\n","protected":false},"excerpt":{"rendered":"<p>[vc_row css=&#8221;.vc_custom_1465288180702{margin-top: -5px !important;}&#8221; bg_parallax=&#8221;&#8221; inertia=&#8221;0.1&#8243; bg_type=&#8221;no_bg&#8221; bg_grad=&#8221;background: -webkit-gradient(linear, left top, left bottom, color-stop(0%, #E3E3E3));background: -moz-linear-gradient(top,#E3E3E3 0%);background: -webkit-linear-gradient(top,#E3E3E3 0%);background: -o-linear-gradient(top,#E3E3E3 0%);background: -ms-linear-gradient(top,#E3E3E3 0%);background: linear-gradient(top,#E3E3E3 0%);&#8221; parallax_style=&#8221;vcpb-default&#8221; bg_image_repeat=&#8221;repeat&#8221; bg_image_size=&#8221;cover&#8221; bg_img_attach=&#8221;scroll&#8221; parallax_sense=&#8221;30&#8243; animation_direction=&#8221;left-animation&#8221; animation_repeat=&#8221;repeat&#8221; video_opts=&#8221;&#8221; viewport_vdo=&#8221;off&#8221; enable_controls=&#8221;off&#8221; bg_override=&#8221;0&#8243; parallax_content_sense=&#8221;30&#8243; fadeout_start_effect=&#8221;30&#8243; overlay_pattern_opacity=&#8221;80&#8243; overlay_pattern_attachment=&#8221;fixed&#8221; multi_color_overlay=&#8221;&#8221; multi_color_overlay_opacity=&#8221;60&#8243; seperator_type=&#8221;none_seperator&#8221; seperator_position=&#8221;top_seperator&#8221; seperator_shape_size=&#8221;40&#8243; seperator_svg_height=&#8221;60&#8243; seperator_shape_background=&#8221;#ffffff&#8221; seperator_shape_border=&#8221;none&#8221; seperator_shape_border_width=&#8221;1&#8243; icon_type=&#8221;no_icon&#8221; icon_size=&#8221;32&#8243; icon_style=&#8221;none&#8221; icon_color_border=&#8221;#333333&#8243; icon_border_size=&#8221;1&#8243; icon_border_radius=&#8221;500&#8243; icon_border_spacing=&#8221;50&#8243; img_width=&#8221;48&#8243; ult_hide_row_large_screen=&#8221;off&#8221; ult_hide_row_desktop=&#8221;off&#8221; ult_hide_row_tablet=&#8221;off&#8221; ult_hide_row_tablet_small=&#8221;off&#8221; ult_hide_row_mobile=&#8221;off&#8221; ult_hide_row_mobile_large=&#8221;off&#8221;][vc_column width=&#8221;1\/1&#8243;][vc_raw_html] JTA5JTNDZGl2JTIwY2xhc3MlM0QlMjJ2Y19jb2wtc20tMiUyMHdwYl9jb2x1bW4lMjB2Y19jb2x1bW5fY29udGFpbmVyJTIwJTIwY29vbG1lbnUlMjIlM0UlMEElMDklMDklM0NkaXYlMjBjbGFzcyUzRCUyMndwYl93cmFwcGVyJTIyJTNFJTBBJTA5JTA5JTA5JTBBJTA5JTNDZGl2JTIwY2xhc3MlM0QlMjJ3cGJfcmF3X2NvZGUlMjB3cGJfY29udGVudF9lbGVtZW50JTIwd3BiX3Jhd19odG1sJTIyJTNFJTBBJTA5JTA5JTNDZGl2JTIwY2xhc3MlM0QlMjJ3cGJfd3JhcHBlciUyMiUzRSUwQSUwOSUwOSUwOSUzQ2RpdiUyMGNsYXNzJTNEJTIydmNfYnV0dG9uLTItd3JhcHBlciUyMHZjX2J1dHRvbi0yLWFsaWduLWNlbnRlciUyMiUzRSUzQ2ElMjBjbGFzcyUzRCUyMnZjX2J0biUyMHZjX2J0bl9ibHVlJTIwdmNfYnRuLWJsdWUlMjB2Y19idG5fbGclMjB2Y19idG4tbGclMjB2Y19idG5fc3F1YXJlJTIwYjElMjIlMjBocmVmJTNEJTIyLi4lMkZ1emVtLWFrYWRlbWktMjAxNi1oYWtraW5kYSUyMiUyMHRpdGxlJTNEJTIyJTIyJTIwdGFyZ2V0JTNEJTIyJTIyJTNFSGFrayVDNCVCMW5kYSUzQyUyRmElM0UlM0MlMkZkaXYlM0UlMEElMDklMDklM0MlMkZkaXYlM0UlMjAlMEElMDklM0MlMkZkaXYlM0UlMjAlMEElMDklMDklM0MlMkZkaXYlM0UlMjAlMEElMDklM0MlMkZkaXYlM0UlMjAlMEElMEElMDklM0NkaXYlMjBjbGFzcyUzRCUyMnZjX2NvbC1zbS0yJTIwd3BiX2NvbHVtbiUyMHZjX2NvbHVtbl9jb250YWluZXIlMjAlMjBjb29sbWVudSUyMiUzRSUwQSUwOSUwOSUzQ2RpdiUyMGNsYXNzJTNEJTIyd3BiX3dyYXBwZXIlMjIlM0UlMEElMDklMDklMDklM0NkaXYlMjBjbGFzcyUzRCUyMnZjX2J1dHRvbi0yLXdyYXBwZXIlMjB2Y19idXR0b24tMi1hbGlnbi1jZW50ZXIlMjIlM0UlM0NhJTIwY2xhc3MlM0QlMjJ2Y19idG4lMjB2Y19idG5fc2t5JTIwdmNfYnRuLXNreSUyMHZjX2J0bl9sZyUyMHZjX2J0bi1sZyUyMHZjX2J0bl9zcXVhcmUlMjBiMiUyMiUyMGhyZWYlM0QlMjIuLiUyRnV6ZW0tYWthZGVtaS0yMDE2LXByb2dyYW0lMjIlMjB0aXRsZSUzRCUyMiUyMiUyMHRhcmdldCUzRCUyMiUyMiUzRVByb2dyYW0lM0MlMkZhJTNFJTNDJTJGZGl2JTNFJTBBJTBBJTA5JTA5JTNDJTJGZGl2JTNFJTIwJTBBJTA5JTNDJTJGZGl2JTNFJTIwJTBBJTBBJTA5JTNDZGl2JTIwY2xhc3MlM0QlMjJ2Y19jb2wtc20tMiUyMHdwYl9jb2x1bW4lMjB2Y19jb2x1bW5fY29udGFpbmVyJTIwJTIwY29vbG1lbnUlMjIlM0UlMEElMDklMDklM0NkaXYlMjBjbGFzcyUzRCUyMndwYl93cmFwcGVyJTIyJTNFJTBBJTA5JTA5JTA5JTNDZGl2JTIwY2xhc3MlM0QlMjJ2Y19idXR0b24tMi13cmFwcGVyJTIwdmNfYnV0dG9uLTItYWxpZ24tY2VudGVyJTIyJTNFJTNDYSUyMGNsYXNzJTNEJTIydmNfYnRuJTIwdmNfYnRuX3R1cnF1b2lzZSUyMHZjX2J0bi10dXJxdW9pc2UlMjB2Y19idG5fbGclMjB2Y19idG4tbGclMjB2Y19idG5fc3F1YXJlJTIwYjMlMjIlMjBocmVmJTNEJTIyLi4lMkZ1emVtLWFrYWRlbWktMjAxNi1lZ2l0bWVubGVyJTIyJTIwdGl0bGUlM0QlMjIlMjIlMjB0YXJnZXQlM0QlMjIlMjIlM0VFJUM0JTlGaXRtZW5sZXIlM0MlMkZhJTNFJTNDJTJGZGl2JTNFJTBBJTBBJTA5JTA5JTNDJTJGZGl2JTNFJTIwJTBBJTA5JTNDJTJGZGl2JTNFJTIwJTBBJTBBJTA5JTNDZGl2JTIwY2xhc3MlM0QlMjJ2Y19jb2wtc20tMiUyMHdwYl9jb2x1bW4lMjB2Y19jb2x1bW5fY29udGFpbmVyJTIwJTIwY29vbG1lbnUlMjIlM0UlMEElMDklMDklM0NkaXYlMjBjbGFzcyUzRCUyMndwYl93cmFwcGVyJTIyJTNFJTBBJTA5JTA5JTA5JTNDZGl2JTIwY2xhc3MlM0QlMjJ2Y19idXR0b24tMi13cmFwcGVyJTIwdmNfYnV0dG9uLTItYWxpZ24tY2VudGVyJTIyJTNFJTNDYSUyMGNsYXNzJTNEJTIydmNfYnRuJTIwdmNfYnRuX3Zpc3RhX2JsdWUlMjB2Y19idG4tdmlzdGFfYmx1ZSUyMHZjX2J0bl9sZyUyMHZjX2J0bi1sZyUyMHZjX2J0bl9zcXVhcmUlMjBiNCUyMiUyMGhyZWYlM0QlMjIuLiUyRnV6ZW0tYWthZGVtaS0yMDE2LXVjcmV0aSUyMiUyMHRpdGxlJTNEJTIyJTIyJTIwdGFyZ2V0JTNEJTIyJTIyJTNFJUMzJTlDY3JldGklM0MlMkZhJTNFJTNDJTJGZGl2JTNFJTBBJTBBJTA5JTA5JTNDJTJGZGl2JTNFJTIwJTBBJTA5JTNDJTJGZGl2JTNFJTIwJTBBJTBBJTA5JTNDZGl2JTIwY2xhc3MlM0QlMjJ2Y19jb2wtc20tMiUyMHdwYl9jb2x1bW4lMjB2Y19jb2x1bW5fY29udGFpbmVyJTIwJTIwY29vbG1lbnUlMjIlM0UlMEElMDklMDklM0NkaXYlMjBjbGFzcyUzRCUyMndwYl93cmFwcGVyJTIyJTNFJTBBJTA5JTA5JTA5JTNDZGl2JTIwY2xhc3MlM0QlMjJ2Y19idXR0b24tMi13cmFwcGVyJTIwdmNfYnV0dG9uLTItYWxpZ24tY2VudGVyJTIyJTNFJTNDYSUyMGNsYXNzJTNEJTIydmNfYnRuJTIwdmNfYnRuX3NhbmR5X2Jyb3duJTIwdmNfYnRuLXNhbmR5X2Jyb3duJTIwdmNfYnRuX2xnJTIwdmNfYnRuLWxnJTIwdmNfYnRuX3NxdWFyZSUyMGI1JTIyJTIwaHJlZiUzRCUyMi4uJTJGdXplbS1ha2FkZW1pLTIwMTYtc3BvbnNvcmxhciUyMiUyMHRpdGxlJTNEJTIyJTIyJTIwdGFyZ2V0JTNEJTIyJTIyJTNFU3BvbnNvcmxhciUzQyUyRmElM0UlM0MlMkZkaXYlM0UlMEElMEElMDklMDklM0MlMkZkaXYlM0UlMjAlMEElMDklM0MlMkZkaXYlM0UlMjAlMEElMEElMDklM0NkaXYlMjBjbGFzcyUzRCUyMnZjX2NvbC1zbS0yJTIwd3BiX2NvbHVtbiUyMHZjX2NvbHVtbl9jb250YWluZXIlMjAlMjBjb29sbWVudSUyMiUzRSUwQSUwOSUwOSUzQ2RpdiUyMGNsYXNzJTNEJTIyd3BiX3dyYXBwZXIlMjIlM0UlMEElMDklMDklMDklM0NkaXYlMjBjbGFzcyUzRCUyMnZjX2J1dHRvbi0yLXdyYXBwZXIlMjB2Y19idXR0b24tMi1hbGlnbi1jZW50ZXIlMjIlM0UlM0NhJTIwY2xhc3MlM0QlMjJ2Y19idG4lMjB2Y19idG5fb3JhbmdlJTIwdmNfYnRuLW9yYW5nZSUyMHZjX2J0bl9sZyUyMHZjX2J0bi1sZyUyMHZjX2J0bl9zcXVhcmUlMjBiNiUyMiUyMGhyZWYlM0QlMjJ1emVtLWFrYWRlbWktMjAxNi1pbGV0aXNpbSUyMiUyMHRpdGxlJTNEJTIyJTIyJTIwdGFyZ2V0JTNEJTIyJTIyJTNFJUM0JUIwbGV0aSVDNSU5RmltJTNDJTJGYSUzRSUzQyUyRmRpdiUzRSUwQSUwQSUwOSUwOSUzQyUyRmRpdiUzRSUyMCUwQSUwOSUzQyUyRmRpdiUzRSUyMA== [\/vc_raw_html][\/vc_column][\/vc_row][vc_row][vc_column width=&#8221;3\/4&#8243;][vc_raw_html] JTNDaW1nJTIwc3JjJTNEJTIyaHR0cCUzQSUyRiUyRnV6ZW0ub211LmVkdS50ciUyRndwLWNvbnRlbnQlMkZ1cGxvYWRzJTJGYWthZGVtaS0yMDE2LTAyLnBuZyUyMiUyMCUyRiUzRQ== [\/vc_raw_html][\/vc_column][vc_column width=&#8221;1\/4&#8243;][vc_widget_sidebar sidebar_id=&#8221;generated_sidebar-akademi-2016&#8243;][\/vc_column][\/vc_row]<\/p>\n","protected":false},"author":11,"featured_media":0,"parent":0,"menu_order":0,"comment_status":"closed","ping_status":"closed","template":"","meta":[],"translation":{"provider":"WPGlobus","version":"2.12.2","language":"en","enabled_languages":["tr","en"],"languages":{"tr":{"title":true,"content":true,"excerpt":false},"en":{"title":false,"content":false,"excerpt":false}}},"yoast_head":"<!-- This site is optimized with the Yoast SEO plugin v17.4 - https:\/\/yoast.com\/wordpress\/plugins\/seo\/ -->\n<meta name=\"robots\" content=\"index, follow, max-snippet:-1, max-image-preview:large, max-video-preview:-1\" \/>\n<link rel=\"canonical\" href=\"https:\/\/uzem.omu.edu.tr\/uzem-akademi\/\" \/>\n<meta property=\"og:locale\" content=\"en_US\" \/>\n<meta property=\"og:type\" content=\"article\" \/>\n<meta property=\"og:title\" content=\"UZEM Akademi 2016 - OM\u00dc Uzaktan E\u011fitim Merkezi\" \/>\n<meta property=\"og:url\" content=\"https:\/\/uzem.omu.edu.tr\/uzem-akademi\/\" \/>\n<meta property=\"og:site_name\" content=\"OM\u00dc Uzaktan E\u011fitim Merkezi\" \/>\n<meta property=\"article:publisher\" content=\"https:\/\/www.facebook.com\/omu.uzem\" \/>\n<meta property=\"article:modified_time\" content=\"2016-06-07T08:40:49+00:00\" \/>\n<meta name=\"twitter:card\" content=\"summary_large_image\" \/>\n<meta name=\"twitter:site\" content=\"@omuuzem\" \/>\n<meta name=\"twitter:label1\" content=\"Est. reading time\" \/>\n\t<meta name=\"twitter:data1\" content=\"3 minutes\" \/>\n<script type=\"application\/ld+json\" class=\"yoast-schema-graph\">{\"@context\":\"https:\/\/schema.org\",\"@graph\":[{\"@type\":\"Organization\",\"@id\":\"https:\/\/uzem.omu.edu.tr\/#organization\",\"name\":\"UZEM\",\"url\":\"https:\/\/uzem.omu.edu.tr\/\",\"sameAs\":[\"https:\/\/www.facebook.com\/omu.uzem\",\"https:\/\/www.instagram.com\/omu.uzem\/\",\"https:\/\/www.youtube.com\/channel\/UCQ6c_wjaGQcIvBKTbPrOe2A\",\"https:\/\/twitter.com\/omuuzem\"],\"logo\":{\"@type\":\"ImageObject\",\"@id\":\"https:\/\/uzem.omu.edu.tr\/#logo\",\"inLanguage\":\"en-US\",\"url\":\"https:\/\/uzem.omu.edu.tr\/wp-content\/uploads\/ulogo-1.png\",\"contentUrl\":\"https:\/\/uzem.omu.edu.tr\/wp-content\/uploads\/ulogo-1.png\",\"width\":364,\"height\":39,\"caption\":\"UZEM\"},\"image\":{\"@id\":\"https:\/\/uzem.omu.edu.tr\/#logo\"}},{\"@type\":\"WebSite\",\"@id\":\"https:\/\/uzem.omu.edu.tr\/#website\",\"url\":\"https:\/\/uzem.omu.edu.tr\/\",\"name\":\"OM\\u00dc Uzaktan E\\u011fitim Merkezi\",\"description\":\"&quot;F\\u0131rsatlar Sunar&quot;\",\"publisher\":{\"@id\":\"https:\/\/uzem.omu.edu.tr\/#organization\"},\"potentialAction\":[{\"@type\":\"SearchAction\",\"target\":{\"@type\":\"EntryPoint\",\"urlTemplate\":\"https:\/\/uzem.omu.edu.tr\/?s={search_term_string}\"},\"query-input\":\"required name=search_term_string\"}],\"inLanguage\":\"en-US\"},{\"@type\":\"WebPage\",\"@id\":\"https:\/\/uzem.omu.edu.tr\/uzem-akademi\/#webpage\",\"url\":\"https:\/\/uzem.omu.edu.tr\/uzem-akademi\/\",\"name\":\"UZEM Akademi 2016 - OM\\u00dc Uzaktan E\\u011fitim Merkezi\",\"isPartOf\":{\"@id\":\"https:\/\/uzem.omu.edu.tr\/#website\"},\"datePublished\":\"2016-06-06T05:44:23+00:00\",\"dateModified\":\"2016-06-07T08:40:49+00:00\",\"breadcrumb\":{\"@id\":\"https:\/\/uzem.omu.edu.tr\/uzem-akademi\/#breadcrumb\"},\"inLanguage\":\"en-US\",\"potentialAction\":[{\"@type\":\"ReadAction\",\"target\":[\"https:\/\/uzem.omu.edu.tr\/uzem-akademi\/\"]}]},{\"@type\":\"BreadcrumbList\",\"@id\":\"https:\/\/uzem.omu.edu.tr\/uzem-akademi\/#breadcrumb\",\"itemListElement\":[{\"@type\":\"ListItem\",\"position\":1,\"name\":\"Home\",\"item\":\"https:\/\/uzem.omu.edu.tr\/\"},{\"@type\":\"ListItem\",\"position\":2,\"name\":\"UZEM Akademi 2016\"}]}]}<\/script>\n<!-- \/ Yoast SEO plugin. -->","yoast_head_json":{"robots":{"index":"index","follow":"follow","max-snippet":"max-snippet:-1","max-image-preview":"max-image-preview:large","max-video-preview":"max-video-preview:-1"},"canonical":"https:\/\/uzem.omu.edu.tr\/uzem-akademi\/","og_locale":"en_US","og_type":"article","og_title":"UZEM Akademi 2016 - OM\u00dc Uzaktan E\u011fitim Merkezi","og_url":"https:\/\/uzem.omu.edu.tr\/uzem-akademi\/","og_site_name":"OM\u00dc Uzaktan E\u011fitim Merkezi","article_publisher":"https:\/\/www.facebook.com\/omu.uzem","article_modified_time":"2016-06-07T08:40:49+00:00","twitter_card":"summary_large_image","twitter_site":"@omuuzem","twitter_misc":{"Est. reading time":"3 minutes"},"schema":{"@context":"https:\/\/schema.org","@graph":[{"@type":"Organization","@id":"https:\/\/uzem.omu.edu.tr\/#organization","name":"UZEM","url":"https:\/\/uzem.omu.edu.tr\/","sameAs":["https:\/\/www.facebook.com\/omu.uzem","https:\/\/www.instagram.com\/omu.uzem\/","https:\/\/www.youtube.com\/channel\/UCQ6c_wjaGQcIvBKTbPrOe2A","https:\/\/twitter.com\/omuuzem"],"logo":{"@type":"ImageObject","@id":"https:\/\/uzem.omu.edu.tr\/#logo","inLanguage":"en-US","url":"https:\/\/uzem.omu.edu.tr\/wp-content\/uploads\/ulogo-1.png","contentUrl":"https:\/\/uzem.omu.edu.tr\/wp-content\/uploads\/ulogo-1.png","width":364,"height":39,"caption":"UZEM"},"image":{"@id":"https:\/\/uzem.omu.edu.tr\/#logo"}},{"@type":"WebSite","@id":"https:\/\/uzem.omu.edu.tr\/#website","url":"https:\/\/uzem.omu.edu.tr\/","name":"OM\u00dc Uzaktan E\u011fitim Merkezi","description":"&quot;F\u0131rsatlar Sunar&quot;","publisher":{"@id":"https:\/\/uzem.omu.edu.tr\/#organization"},"potentialAction":[{"@type":"SearchAction","target":{"@type":"EntryPoint","urlTemplate":"https:\/\/uzem.omu.edu.tr\/?s={search_term_string}"},"query-input":"required name=search_term_string"}],"inLanguage":"en-US"},{"@type":"WebPage","@id":"https:\/\/uzem.omu.edu.tr\/uzem-akademi\/#webpage","url":"https:\/\/uzem.omu.edu.tr\/uzem-akademi\/","name":"UZEM Akademi 2016 - OM\u00dc Uzaktan E\u011fitim Merkezi","isPartOf":{"@id":"https:\/\/uzem.omu.edu.tr\/#website"},"datePublished":"2016-06-06T05:44:23+00:00","dateModified":"2016-06-07T08:40:49+00:00","breadcrumb":{"@id":"https:\/\/uzem.omu.edu.tr\/uzem-akademi\/#breadcrumb"},"inLanguage":"en-US","potentialAction":[{"@type":"ReadAction","target":["https:\/\/uzem.omu.edu.tr\/uzem-akademi\/"]}]},{"@type":"BreadcrumbList","@id":"https:\/\/uzem.omu.edu.tr\/uzem-akademi\/#breadcrumb","itemListElement":[{"@type":"ListItem","position":1,"name":"Home","item":"https:\/\/uzem.omu.edu.tr\/"},{"@type":"ListItem","position":2,"name":"UZEM Akademi 2016"}]}]}},"_links":{"self":[{"href":"https:\/\/uzem.omu.edu.tr\/en\/wp-json\/wp\/v2\/pages\/12995"}],"collection":[{"href":"https:\/\/uzem.omu.edu.tr\/en\/wp-json\/wp\/v2\/pages"}],"about":[{"href":"https:\/\/uzem.omu.edu.tr\/en\/wp-json\/wp\/v2\/types\/page"}],"author":[{"embeddable":true,"href":"https:\/\/uzem.omu.edu.tr\/en\/wp-json\/wp\/v2\/users\/11"}],"replies":[{"embeddable":true,"href":"https:\/\/uzem.omu.edu.tr\/en\/wp-json\/wp\/v2\/comments?post=12995"}],"version-history":[{"count":0,"href":"https:\/\/uzem.omu.edu.tr\/en\/wp-json\/wp\/v2\/pages\/12995\/revisions"}],"wp:attachment":[{"href":"https:\/\/uzem.omu.edu.tr\/en\/wp-json\/wp\/v2\/media?parent=12995"}],"curies":[{"name":"wp","href":"https:\/\/api.w.org\/{rel}","templated":true}]}}