{"id":12712,"date":"2016-04-27T08:06:38","date_gmt":"2016-04-27T05:06:38","guid":{"rendered":"https:\/\/uzem.omu.edu.tr\/?page_id=12712"},"modified":"2023-12-12T09:11:16","modified_gmt":"2023-12-12T06:11:16","slug":"uzem-bildirimleri-yardim-rehberi","status":"publish","type":"page","link":"https:\/\/uzem.omu.edu.tr\/en\/uzem-bildirimleri-yardim-rehberi\/","title":{"rendered":"UZEM Bildirimleri Yard\u0131m Rehberi"},"content":{"rendered":"<p>[vc_row bg_type=&#8221;no_bg&#8221; css=&#8221;.vc_custom_1461846112583{margin-right: 0px !important;margin-left: 0px !important;padding-right: 0px !important;padding-left: 0px !important;}&#8221;][vc_column width=&#8221;1\/3&#8243; css=&#8221;.vc_custom_1461747395289{margin-right: 0px !important;margin-left: 0px !important;padding-right: 0px !important;padding-left: 0px !important;}&#8221;][vc_column_text el_class=&#8221;menu-basligi&#8221;]<strong>UZEM Bildirimleri Ne \u0130\u015fe Yarar ?<\/strong>[\/vc_column_text][vc_column_text]UZEM\u00a0Bildirimleri, size yeni bir bildirim\u00a0geldi\u011finde ekran\u0131n\u0131z\u0131n sa\u011f alt k\u0131sm\u0131nda veya cep telefonunuzun bildirim panelinde bir pop-up penceresi a\u00e7arak UZEM\u00a0ile ilgili \u00f6nemli geli\u015fmeleri\u00a0size bildirir, b\u00f6ylece siz de UZEM den gelen \u00f6nemli bildirimleri\u00a0g\u00f6zden ka\u00e7\u0131rmam\u0131\u015f ve zaman\u0131nda okumu\u015f olursunuz.[\/vc_column_text][\/vc_column][vc_column width=&#8221;1\/3&#8243;][vc_cta_button2 h2=&#8221;UZEM Bildirimlerine Abone Olun&#8221; style=&#8221;square&#8221; title=&#8221;Abone Ol&#8221; btn_style=&#8221;square&#8221; color=&#8221;pink&#8221; size=&#8221;lg&#8221; position=&#8221;bottom&#8221; link=&#8221;url:https%3A%2F%2Fuzem.connect.digital%2Forigin%2F57299b002a033%3F%26optintype%3Dpopup|title:Abone%20Ol|target:%20_blank&#8221; accent_color=&#8221;#ededed&#8221;]Bildirimlere abone olmak i\u00e7in a\u015fa\u011f\u0131daki butona t\u0131klayarak a\u00e7\u0131lan sayfada &#8220;Devam Et&#8221; butonuna t\u0131klay\u0131n.\u00a0(Zaten abone iseniz t\u0131klaman\u0131za gerek yoktur)[\/vc_cta_button2][\/vc_column][vc_column width=&#8221;1\/3&#8243;][vc_widget_sidebar sidebar_id=&#8221;generated_sidebar-kadromuz&#8221;][\/vc_column][\/vc_row][vc_row bg_type=&#8221;no_bg&#8221; css=&#8221;.vc_custom_1461747751298{margin-top: -35px !important;margin-right: 0px !important;margin-bottom: 0px !important;margin-left: 0px !important;padding-top: 0px !important;padding-right: 0px !important;padding-left: 0px !important;}&#8221;][vc_column css=&#8221;.vc_custom_1461846302238{margin-top: -5px !important;margin-right: 0px !important;margin-bottom: 30px !important;margin-left: 0px !important;padding-top: 0px !important;padding-right: 0px !important;padding-left: 0px !important;}&#8221;][vc_column_text el_class=&#8221;menu-basligi&#8221; css=&#8221;.vc_custom_1461746324124{margin-top: 0px !important;}&#8221;]<strong>UZEM bildirimleri hakk\u0131nda s\u0131k\u00e7a sorulan sorular<\/strong>[\/vc_column_text][vc_message style=&#8221;square&#8221; message_box_color=&#8221;warning&#8221; icon_fontawesome=&#8221;fa fa-info-circle&#8221;]UZEM Bildirimlerini iPhone ve iPad cihazlar\u0131 ile Safari\u00a0ve Opera\u00a0taray\u0131c\u0131lar\u0131 desteklememektedir. UZEM olarak <a href=\"https:\/\/www.google.com\/chrome\/\" target=\"_blank\" rel=\"noopener\">Google Chrome\u00a0<i class=\"fa fa-external-link\"><\/i><\/a> taray\u0131c\u0131s\u0131n\u0131 kullanman\u0131z\u0131 tavsiye etmekteyiz.[\/vc_message][vc_column_text]<\/p>\n<ul class=\"yardim-basliklari\">\n<li><a href=\"#1\">Bildirimlere nas\u0131l abone olurum?<\/a><\/li>\n<li><a href=\"#2\">Bildirimlere cep telefonumdan &amp; tabletimden abone olabilir miyim?<\/a><\/li>\n<li><a href=\"#3\">Bildirim geldi\u011fini nas\u0131l anlar\u0131m?<\/a><\/li>\n<li><a href=\"#4\">Bildirimlere abonelikten nas\u0131l \u00e7\u0131kar\u0131m?<\/a><\/li>\n<li><a href=\"#5\">Bildirimlere herhangi bir cihazdan abone olmak yeterli mi?<\/a><\/li>\n<\/ul>\n<p>[\/vc_column_text][vc_text_separator title=&#8221;Cevaplar&#8221;][vc_column_text]<\/p>\n<ul id=\"1\" class=\"yardim-aciklamalari\">Bildirimlere nas\u0131l abone olurum?<\/ul>\n<p><a title=\"https:\/\/uzem.omu.edu.tr\" href=\"https:\/\/uzem.omu.edu.tr\" target=\"_blank\" rel=\"noopener\">https:\/\/uzem.omu.edu.tr<\/a>\u00a0veya <a title=\"http:\/\/portal.uzem.omu.edu.tr\" href=\"http:\/\/portal.uzem.omu.edu.tr\" target=\"_blank\" rel=\"noopener\">http:\/\/portal.uzem.omu.edu.tr<\/a>\u00a0sitesine giri\u015f yapt\u0131ktan sonra\u00a0sayfan\u0131n \u00fcst\u00fcnde &#8220;OM\u00dc UZEM Size Bildirim G\u00f6ndermek \u0130stiyor.&#8221; \u00a0kutucu\u011fu \u00e7\u0131kacakt\u0131r. (Dilerseniz bu sayfan\u0131n \u00fcst k\u0131sm\u0131ndaki &#8220;Abone Ol&#8221; butonuna t\u0131klayarak abone olabilirsiniz.)<\/p>\n<p><a href=\"https:\/\/uzem.omu.edu.tr\/wp-content\/uploads\/Ekran-Al\u0131nt\u0131s\u01314.png\"><img loading=\"lazy\" class=\"alignnone wp-image-12795 \" src=\"https:\/\/uzem.omu.edu.tr\/wp-content\/uploads\/Ekran-Al\u0131nt\u0131s\u01314-1024x531.png\" alt=\"\" width=\"529\" height=\"274\" srcset=\"https:\/\/uzem.omu.edu.tr\/wp-content\/uploads\/Ekran-Al\u0131nt\u0131s\u01314-1024x531.png 1024w, https:\/\/uzem.omu.edu.tr\/wp-content\/uploads\/Ekran-Al\u0131nt\u0131s\u01314-300x155.png 300w, https:\/\/uzem.omu.edu.tr\/wp-content\/uploads\/Ekran-Al\u0131nt\u0131s\u01314-783x406.png 783w, https:\/\/uzem.omu.edu.tr\/wp-content\/uploads\/Ekran-Al\u0131nt\u0131s\u01314-575x298.png 575w, https:\/\/uzem.omu.edu.tr\/wp-content\/uploads\/Ekran-Al\u0131nt\u0131s\u01314-1200x622.png 1200w, https:\/\/uzem.omu.edu.tr\/wp-content\/uploads\/Ekran-Al\u0131nt\u0131s\u01314.png 1229w\" sizes=\"(max-width: 529px) 100vw, 529px\" \/><\/a><\/p>\n<p>&#8220;\u0130zin ver&#8221; butonuna t\u0131klad\u0131ktan sonra gelecek olan kutucukta tekrar &#8220;\u0130zin ver&#8221; butonuna t\u0131klayarak bildirimlere abone olabilirsiniz.<\/p>\n<p><a href=\"https:\/\/uzem.omu.edu.tr\/wp-content\/uploads\/Ekran-Al\u0131nt\u0131s\u013122.png\"><img loading=\"lazy\" class=\"alignnone wp-image-12796\" src=\"https:\/\/uzem.omu.edu.tr\/wp-content\/uploads\/Ekran-Al\u0131nt\u0131s\u013122.png\" alt=\"Ekran Al\u0131nt\u0131s\u01312\" width=\"529\" height=\"406\" srcset=\"https:\/\/uzem.omu.edu.tr\/wp-content\/uploads\/Ekran-Al\u0131nt\u0131s\u013122.png 914w, https:\/\/uzem.omu.edu.tr\/wp-content\/uploads\/Ekran-Al\u0131nt\u0131s\u013122-300x230.png 300w, https:\/\/uzem.omu.edu.tr\/wp-content\/uploads\/Ekran-Al\u0131nt\u0131s\u013122-783x601.png 783w, https:\/\/uzem.omu.edu.tr\/wp-content\/uploads\/Ekran-Al\u0131nt\u0131s\u013122-575x442.png 575w\" sizes=\"(max-width: 529px) 100vw, 529px\" \/><\/a>[\/vc_column_text][vc_separator][vc_column_text]<\/p>\n<ul id=\"2\" class=\"yardim-aciklamalari\">Bildirimlere cep telefonumdan abone olabilir miyim?<\/ul>\n<p>Android cep telefonu veya tabletinizden bildirimlere abone olabilirsiniz. Fakat iOS i\u015fletim sistemi web bildirimlerini desteklemedi\u011finden dolay\u0131 iPhone ve iPad cihazlar\u0131n\u0131zdan bildirimlere abone olamazs\u0131n\u0131z.<\/p>\n<p>Android cep telefonu veya tabletinizden abone olmak i\u00e7in yukar\u0131daki i\u015flemlerin ayn\u0131s\u0131n\u0131 yani <a title=\"https:\/\/uzem.omu.edu.tr\" href=\"https:\/\/uzem.omu.edu.tr\" target=\"_blank\" rel=\"noopener\">https:\/\/uzem.omu.edu.tr<\/a> veya <a title=\"http:\/\/portal.uzem.omu.edu.tr\" href=\"http:\/\/portal.uzem.omu.edu.tr\" target=\"_blank\" rel=\"noopener\">http:\/\/portal.uzem.omu.edu.tr<\/a> adresine giri\u015f yapt\u0131ktan sonra \u00fcst k\u0131s\u0131mda &#8220;OM\u00dc UZEM Size Bildirim G\u00f6ndermek \u0130stiyor.&#8221; kutucu\u011fu \u00e7\u0131kacakt\u0131r. &#8220;\u0130zin ver&#8221; butonuna t\u0131klad\u0131ktan sonra a\u00e7\u0131lan sayfada tekrar &#8220;\u0130zin ver&#8221; butonuna t\u0131klayarak bildirimlere abone olabilirsiniz.<\/p>\n<p><a href=\"https:\/\/uzem.omu.edu.tr\/wp-content\/uploads\/n4_large2.png\"><img loading=\"lazy\" class=\"alignnone wp-image-12798\" src=\"https:\/\/uzem.omu.edu.tr\/wp-content\/uploads\/n4_large2-568x1024.png\" alt=\"n4_large2\" width=\"249\" height=\"449\" srcset=\"https:\/\/uzem.omu.edu.tr\/wp-content\/uploads\/n4_large2-568x1024.png 568w, https:\/\/uzem.omu.edu.tr\/wp-content\/uploads\/n4_large2-166x300.png 166w, https:\/\/uzem.omu.edu.tr\/wp-content\/uploads\/n4_large2-783x1412.png 783w, https:\/\/uzem.omu.edu.tr\/wp-content\/uploads\/n4_large2-575x1037.png 575w, https:\/\/uzem.omu.edu.tr\/wp-content\/uploads\/n4_large2.png 995w\" sizes=\"(max-width: 249px) 100vw, 249px\" \/><\/a><a href=\"https:\/\/uzem.omu.edu.tr\/wp-content\/uploads\/n4_large45.png\"><img loading=\"lazy\" class=\"alignnone wp-image-12819\" src=\"https:\/\/uzem.omu.edu.tr\/wp-content\/uploads\/n4_large45-568x1024.png\" alt=\"n4_large45\" width=\"249\" height=\"449\" srcset=\"https:\/\/uzem.omu.edu.tr\/wp-content\/uploads\/n4_large45-568x1024.png 568w, https:\/\/uzem.omu.edu.tr\/wp-content\/uploads\/n4_large45-166x300.png 166w, https:\/\/uzem.omu.edu.tr\/wp-content\/uploads\/n4_large45-783x1412.png 783w, https:\/\/uzem.omu.edu.tr\/wp-content\/uploads\/n4_large45-575x1037.png 575w, https:\/\/uzem.omu.edu.tr\/wp-content\/uploads\/n4_large45.png 995w\" sizes=\"(max-width: 249px) 100vw, 249px\" \/><\/a>[\/vc_column_text][vc_separator][vc_column_text]<\/p>\n<ul id=\"3\" class=\"yardim-aciklamalari\">Bildirim geldi\u011fini nas\u0131l anlar\u0131m?<\/ul>\n<p>Bilgisayar\u0131n\u0131za bildirim geldi\u011finde resimde g\u00f6r\u00fcld\u00fc\u011f\u00fc gibi ekran\u0131n\u0131z\u0131n sa\u011f alt k\u00f6\u015fesine bildirim gelmektedir. Android cep telefonu veya tabletinize ise \u00fcst k\u0131s\u0131mdaki bildirim \u00e7ubu\u011funa gelmektedir.<\/p>\n<p><a href=\"https:\/\/uzem.omu.edu.tr\/wp-content\/uploads\/Windowsornek.png\"><img loading=\"lazy\" class=\"alignnone wp-image-12814\" src=\"https:\/\/uzem.omu.edu.tr\/wp-content\/uploads\/Windowsornek.png\" alt=\"Windowsornek\" width=\"475\" height=\"499\" srcset=\"https:\/\/uzem.omu.edu.tr\/wp-content\/uploads\/Windowsornek.png 492w, https:\/\/uzem.omu.edu.tr\/wp-content\/uploads\/Windowsornek-285x300.png 285w\" sizes=\"(max-width: 475px) 100vw, 475px\" \/><\/a><a href=\"https:\/\/uzem.omu.edu.tr\/wp-content\/uploads\/n4_large4.png\"><img loading=\"lazy\" class=\"alignnone wp-image-12812\" src=\"https:\/\/uzem.omu.edu.tr\/wp-content\/uploads\/n4_large4-568x1024.png\" alt=\"n4_large4\" width=\"293\" height=\"528\" srcset=\"https:\/\/uzem.omu.edu.tr\/wp-content\/uploads\/n4_large4-568x1024.png 568w, https:\/\/uzem.omu.edu.tr\/wp-content\/uploads\/n4_large4-166x300.png 166w, https:\/\/uzem.omu.edu.tr\/wp-content\/uploads\/n4_large4-783x1412.png 783w, https:\/\/uzem.omu.edu.tr\/wp-content\/uploads\/n4_large4-575x1037.png 575w, https:\/\/uzem.omu.edu.tr\/wp-content\/uploads\/n4_large4.png 995w\" sizes=\"(max-width: 293px) 100vw, 293px\" \/><\/a><\/p>\n<p>[\/vc_column_text][vc_separator][vc_column_text]<\/p>\n<ul id=\"4\" class=\"yardim-aciklamalari\">Bildirimlere abonelikten nas\u0131l \u00e7\u0131kar\u0131m?<\/ul>\n<p>Art\u0131k\u00a0UZEM Bildirimlerini almak istemiyorsan\u0131z a\u015fa\u011f\u0131dan kulland\u0131\u011f\u0131n\u0131z taray\u0131c\u0131 ile ilgili ad\u0131mlar\u0131 takip ederek bildirimlere aboneli\u011finizi sonland\u0131rabilirsiniz.<\/p>\n<p><i class=\"fa fa-chrome\"><\/i> <strong>Google Chrome :<\/strong><\/p>\n<ol>\n<li>Sa\u011f \u00fcst k\u00f6\u015fedeki &#8221;\u00a0<i class=\"fa fa-bars\"><\/i> &#8221; butonunu t\u0131klayarak &#8220;Ayarlar&#8221; butonuna t\u0131klay\u0131n.<\/li>\n<li>\u00a0A\u00e7\u0131lan sayfada en alt k\u0131s\u0131mda &#8220;Geli\u015fmi\u015f ayarlar\u0131 g\u00f6ster&#8230;&#8221; yaz\u0131s\u0131na t\u0131klayarak &#8220;Gizlilik&#8221; ba\u015fl\u0131\u011f\u0131 alt\u0131nda &#8220;\u0130\u00e7erik ayarlar\u0131&#8230;&#8221; butonuna t\u0131klay\u0131n.<\/li>\n<li>A\u00e7\u0131lan sayfada ise &#8220;Bildirimler&#8221; ba\u015fl\u0131\u011f\u0131 alt\u0131nda &#8220;\u0130stisnalar\u0131 y\u00f6net&#8230;&#8221; butonuna t\u0131klay\u0131n.<\/li>\n<li>\u00a0Son olarak a\u00e7\u0131lan sayfada https:\/\/uzem.connect.digital adresinin \u00fczerine fare ile gelerek sa\u011f k\u00f6\u015fede \u00e7\u0131kan &#8220;x&#8221; butonuna t\u0131klay\u0131n ve &#8220;Bitti&#8221; butonuna t\u0131klay\u0131n.<\/li>\n<\/ol>\n<p><i class=\"fa fa-chrome\"><\/i> <strong>Google Chrome Mobil :<\/strong><\/p>\n<ol>\n<li>Sa\u011f \u00fcst k\u00f6\u015fedeki &#8221;\u00a0<i class=\"fa fa-ellipsis-v\">\u00a0<\/i>&#8221; butonuna dokunarak &#8220;Ayarlar&#8221; se\u00e7ene\u011fine dokunun.<\/li>\n<li>&#8220;Geli\u015fmi\u015f&#8221; ba\u015fl\u0131\u011f\u0131 alt\u0131ndaki &#8220;Site ayarlar\u0131&#8221; butonuna dokunarak a\u00e7\u0131lan sayfada &#8220;<i class=\"fa fa-bell\"><\/i> Bildirimler&#8221; butonuna dokunun.<\/li>\n<li>Son olarak &#8220;https:\/\/uzem.connect.digital&#8221; sitesine dokunarak a\u00e7\u0131lan sayfada &#8220;TEM\u0130ZLE VE SIFIRLA&#8221; butonuna dokunun.<\/li>\n<\/ol>\n<p><i class=\"fa fa-firefox\"><\/i> <strong>Mozilla Firefox : <\/strong><\/p>\n<ol>\n<li>Sa\u011f \u00fcst k\u00f6\u015fedeki &#8221;\u00a0<i class=\"fa fa-bars\"><\/i> &#8221; butonunu t\u0131klayarak &#8220;Se\u00e7enekler&#8221; butonuna t\u0131klay\u0131n.<\/li>\n<li>Sol men\u00fcden &#8220;\u0130\u00e7erik&#8221; ba\u015fl\u0131\u011f\u0131na t\u0131klayarak a\u00e7\u0131lan sayfada &#8220;Bildirimler&#8221; ba\u015fl\u0131\u011f\u0131 kar\u015f\u0131s\u0131ndaki &#8220;Se\u00e7&#8221; butonuna t\u0131klay\u0131n.<\/li>\n<li>Son olarak a\u00e7\u0131lan sayfada https:\/\/uzem.connect.digital ba\u015fl\u0131\u011f\u0131na t\u0131klayarak &#8220;Siteyi sil&#8221; butonuna t\u0131klay\u0131n ve &#8220;De\u011fi\u015fiklikleri kaydet&#8221; butonuna t\u0131klay\u0131n.<\/li>\n<\/ol>\n<p>[\/vc_column_text][vc_separator][vc_column_text]<\/p>\n<ul id=\"5\" class=\"yardim-aciklamalari\">Bildirimlere herhangi bir cihazdan abone olmak yeterli mi?<\/ul>\n<p>Bildirimleri hangi cihazlar\u0131n\u0131zdan almak istiyorsan\u0131z o cihazlar\u0131n\u0131z\u0131 kullanarak abone olman\u0131z gerekmektedir. \u00d6rne\u011fin hem bilgisayar hem de cep telefonunuza bildirim gelmesini istiyorsan\u0131z iki cihaz\u0131n\u0131zdan da bildirimlere abone olman\u0131z gerekmektedir.[\/vc_column_text][\/vc_column][\/vc_row]<\/p>\n","protected":false},"excerpt":{"rendered":"<p>[vc_row bg_type=&#8221;no_bg&#8221; css=&#8221;.vc_custom_1461846112583{margin-right: 0px !important;margin-left: 0px !important;padding-right: 0px !important;padding-left: 0px !important;}&#8221;][vc_column width=&#8221;1\/3&#8243; css=&#8221;.vc_custom_1461747395289{margin-right: 0px !important;margin-left: 0px !important;padding-right: 0px !important;padding-left: 0px !important;}&#8221;][vc_column_text el_class=&#8221;menu-basligi&#8221;]UZEM Bildirimleri Ne \u0130\u015fe Yarar ?[\/vc_column_text][vc_column_text]UZEM\u00a0Bildirimleri, size yeni bir bildirim\u00a0geldi\u011finde ekran\u0131n\u0131z\u0131n sa\u011f alt k\u0131sm\u0131nda veya cep telefonunuzun bildirim panelinde bir pop-up penceresi a\u00e7arak UZEM\u00a0ile ilgili \u00f6nemli geli\u015fmeleri\u00a0size bildirir, b\u00f6ylece siz de UZEM den gelen \u00f6nemli bildirimleri\u00a0g\u00f6zden ka\u00e7\u0131rmam\u0131\u015f ve zaman\u0131nda okumu\u015f olursunuz.[\/vc_column_text][\/vc_column][vc_column width=&#8221;1\/3&#8243;][vc_cta_button2 h2=&#8221;UZEM Bildirimlerine Abone Olun&#8221; style=&#8221;square&#8221; title=&#8221;Abone Ol&#8221; btn_style=&#8221;square&#8221; color=&#8221;pink&#8221; size=&#8221;lg&#8221; position=&#8221;bottom&#8221; link=&#8221;url:https%3A%2F%2Fuzem.connect.digital%2Forigin%2F57299b002a033%3F%26optintype%3Dpopup|title:Abone%20Ol|target:%20_blank&#8221; accent_color=&#8221;#ededed&#8221;]Bildirimlere abone olmak i\u00e7in a\u015fa\u011f\u0131daki butona t\u0131klayarak a\u00e7\u0131lan sayfada &#8220;Devam Et&#8221; butonuna t\u0131klay\u0131n.\u00a0(Zaten abone iseniz t\u0131klaman\u0131za gerek yoktur)[\/vc_cta_button2][\/vc_column][vc_column width=&#8221;1\/3&#8243;][vc_widget_sidebar sidebar_id=&#8221;generated_sidebar-kadromuz&#8221;][\/vc_column][\/vc_row][vc_row bg_type=&#8221;no_bg&#8221; css=&#8221;.vc_custom_1461747751298{margin-top: -35px !important;margin-right: 0px !important;margin-bottom: 0px !important;margin-left: 0px !important;padding-top: 0px !important;padding-right: 0px !important;padding-left: 0px !important;}&#8221;][vc_column css=&#8221;.vc_custom_1461846302238{margin-top: -5px !important;margin-right: 0px !important;margin-bottom: 30px !important;margin-left: 0px !important;padding-top: 0px !important;padding-right: 0px !important;padding-left: 0px !important;}&#8221;][vc_column_text el_class=&#8221;menu-basligi&#8221; css=&#8221;.vc_custom_1461746324124{margin-top: 0px !important;}&#8221;]UZEM bildirimleri hakk\u0131nda s\u0131k\u00e7a sorulan sorular[\/vc_column_text][vc_message style=&#8221;square&#8221; message_box_color=&#8221;warning&#8221; icon_fontawesome=&#8221;fa fa-info-circle&#8221;]UZEM Bildirimlerini iPhone ve iPad cihazlar\u0131 ile Safari\u00a0ve Opera\u00a0taray\u0131c\u0131lar\u0131 desteklememektedir. UZEM olarak Google Chrome\u00a0 taray\u0131c\u0131s\u0131n\u0131 kullanman\u0131z\u0131 tavsiye etmekteyiz.[\/vc_message][vc_column_text] Bildirimlere nas\u0131l abone olurum? Bildirimlere cep telefonumdan &amp; tabletimden abone olabilir miyim? Bildirim geldi\u011fini nas\u0131l anlar\u0131m? Bildirimlere abonelikten nas\u0131l \u00e7\u0131kar\u0131m? Bildirimlere herhangi bir cihazdan abone olmak yeterli mi? [\/vc_column_text][vc_text_separator title=&#8221;Cevaplar&#8221;][vc_column_text] Bildirimlere nas\u0131l abone olurum? https:\/\/uzem.omu.edu.tr\u00a0veya http:\/\/portal.uzem.omu.edu.tr\u00a0sitesine giri\u015f yapt\u0131ktan sonra\u00a0sayfan\u0131n \u00fcst\u00fcnde &#8220;OM\u00dc UZEM Size Bildirim G\u00f6ndermek \u0130stiyor.&#8221; \u00a0kutucu\u011fu \u00e7\u0131kacakt\u0131r. (Dilerseniz bu sayfan\u0131n \u00fcst k\u0131sm\u0131ndaki &#8220;Abone Ol&#8221; butonuna t\u0131klayarak abone olabilirsiniz.) &#8220;\u0130zin ver&#8221; butonuna t\u0131klad\u0131ktan sonra gelecek olan kutucukta tekrar &#8220;\u0130zin ver&#8221; butonuna t\u0131klayarak bildirimlere abone olabilirsiniz. [\/vc_column_text][vc_separator][vc_column_text] Bildirimlere cep telefonumdan abone olabilir miyim? Android cep telefonu veya tabletinizden bildirimlere abone olabilirsiniz. Fakat iOS i\u015fletim sistemi [&hellip;]<\/p>\n","protected":false},"author":11,"featured_media":0,"parent":0,"menu_order":0,"comment_status":"closed","ping_status":"closed","template":"","meta":[],"translation":{"provider":"WPGlobus","version":"2.12.2","language":"en","enabled_languages":["tr","en"],"languages":{"tr":{"title":true,"content":true,"excerpt":false},"en":{"title":false,"content":false,"excerpt":false}}},"yoast_head":"<!-- This site is optimized with the Yoast SEO plugin v17.4 - https:\/\/yoast.com\/wordpress\/plugins\/seo\/ -->\n<meta name=\"robots\" content=\"index, follow, max-snippet:-1, max-image-preview:large, max-video-preview:-1\" \/>\n<link rel=\"canonical\" href=\"https:\/\/uzem.omu.edu.tr\/uzem-bildirimleri-yardim-rehberi\/\" \/>\n<meta property=\"og:locale\" content=\"en_US\" \/>\n<meta property=\"og:type\" content=\"article\" \/>\n<meta property=\"og:title\" content=\"UZEM Bildirimleri Yard\u0131m Rehberi - OM\u00dc Uzaktan E\u011fitim Merkezi\" \/>\n<meta property=\"og:url\" content=\"https:\/\/uzem.omu.edu.tr\/uzem-bildirimleri-yardim-rehberi\/\" \/>\n<meta property=\"og:site_name\" content=\"OM\u00dc Uzaktan E\u011fitim Merkezi\" \/>\n<meta property=\"article:publisher\" content=\"https:\/\/www.facebook.com\/omu.uzem\" \/>\n<meta property=\"article:modified_time\" content=\"2023-12-12T06:11:16+00:00\" \/>\n<meta property=\"og:image\" content=\"https:\/\/uzem.omu.edu.tr\/wp-content\/uploads\/Ekran-Al\u0131nt\u0131s\u01314-1024x531.png\" \/>\n<meta name=\"twitter:card\" content=\"summary_large_image\" \/>\n<meta name=\"twitter:site\" content=\"@omuuzem\" \/>\n<meta name=\"twitter:label1\" content=\"Est. reading time\" \/>\n\t<meta name=\"twitter:data1\" content=\"4 minutes\" \/>\n<script type=\"application\/ld+json\" class=\"yoast-schema-graph\">{\"@context\":\"https:\/\/schema.org\",\"@graph\":[{\"@type\":\"Organization\",\"@id\":\"https:\/\/uzem.omu.edu.tr\/#organization\",\"name\":\"UZEM\",\"url\":\"https:\/\/uzem.omu.edu.tr\/\",\"sameAs\":[\"https:\/\/www.facebook.com\/omu.uzem\",\"https:\/\/www.instagram.com\/omu.uzem\/\",\"https:\/\/www.youtube.com\/channel\/UCQ6c_wjaGQcIvBKTbPrOe2A\",\"https:\/\/twitter.com\/omuuzem\"],\"logo\":{\"@type\":\"ImageObject\",\"@id\":\"https:\/\/uzem.omu.edu.tr\/#logo\",\"inLanguage\":\"en-US\",\"url\":\"https:\/\/uzem.omu.edu.tr\/wp-content\/uploads\/ulogo-1.png\",\"contentUrl\":\"https:\/\/uzem.omu.edu.tr\/wp-content\/uploads\/ulogo-1.png\",\"width\":364,\"height\":39,\"caption\":\"UZEM\"},\"image\":{\"@id\":\"https:\/\/uzem.omu.edu.tr\/#logo\"}},{\"@type\":\"WebSite\",\"@id\":\"https:\/\/uzem.omu.edu.tr\/#website\",\"url\":\"https:\/\/uzem.omu.edu.tr\/\",\"name\":\"OM\\u00dc Uzaktan E\\u011fitim Merkezi\",\"description\":\"&quot;F\\u0131rsatlar Sunar&quot;\",\"publisher\":{\"@id\":\"https:\/\/uzem.omu.edu.tr\/#organization\"},\"potentialAction\":[{\"@type\":\"SearchAction\",\"target\":{\"@type\":\"EntryPoint\",\"urlTemplate\":\"https:\/\/uzem.omu.edu.tr\/?s={search_term_string}\"},\"query-input\":\"required name=search_term_string\"}],\"inLanguage\":\"en-US\"},{\"@type\":\"ImageObject\",\"@id\":\"https:\/\/uzem.omu.edu.tr\/uzem-bildirimleri-yardim-rehberi\/#primaryimage\",\"inLanguage\":\"en-US\",\"url\":\"https:\/\/uzem.omu.edu.tr\/wp-content\/uploads\/Ekran-Al\\u0131nt\\u0131s\\u01314.png\",\"contentUrl\":\"https:\/\/uzem.omu.edu.tr\/wp-content\/uploads\/Ekran-Al\\u0131nt\\u0131s\\u01314.png\",\"width\":1229,\"height\":637},{\"@type\":\"WebPage\",\"@id\":\"https:\/\/uzem.omu.edu.tr\/uzem-bildirimleri-yardim-rehberi\/#webpage\",\"url\":\"https:\/\/uzem.omu.edu.tr\/uzem-bildirimleri-yardim-rehberi\/\",\"name\":\"UZEM Bildirimleri Yard\\u0131m Rehberi - OM\\u00dc Uzaktan E\\u011fitim Merkezi\",\"isPartOf\":{\"@id\":\"https:\/\/uzem.omu.edu.tr\/#website\"},\"primaryImageOfPage\":{\"@id\":\"https:\/\/uzem.omu.edu.tr\/uzem-bildirimleri-yardim-rehberi\/#primaryimage\"},\"datePublished\":\"2016-04-27T05:06:38+00:00\",\"dateModified\":\"2023-12-12T06:11:16+00:00\",\"breadcrumb\":{\"@id\":\"https:\/\/uzem.omu.edu.tr\/uzem-bildirimleri-yardim-rehberi\/#breadcrumb\"},\"inLanguage\":\"en-US\",\"potentialAction\":[{\"@type\":\"ReadAction\",\"target\":[\"https:\/\/uzem.omu.edu.tr\/uzem-bildirimleri-yardim-rehberi\/\"]}]},{\"@type\":\"BreadcrumbList\",\"@id\":\"https:\/\/uzem.omu.edu.tr\/uzem-bildirimleri-yardim-rehberi\/#breadcrumb\",\"itemListElement\":[{\"@type\":\"ListItem\",\"position\":1,\"name\":\"Home\",\"item\":\"https:\/\/uzem.omu.edu.tr\/\"},{\"@type\":\"ListItem\",\"position\":2,\"name\":\"UZEM Bildirimleri Yard\\u0131m Rehberi\"}]}]}<\/script>\n<!-- \/ Yoast SEO plugin. -->","yoast_head_json":{"robots":{"index":"index","follow":"follow","max-snippet":"max-snippet:-1","max-image-preview":"max-image-preview:large","max-video-preview":"max-video-preview:-1"},"canonical":"https:\/\/uzem.omu.edu.tr\/uzem-bildirimleri-yardim-rehberi\/","og_locale":"en_US","og_type":"article","og_title":"UZEM Bildirimleri Yard\u0131m Rehberi - OM\u00dc Uzaktan E\u011fitim Merkezi","og_url":"https:\/\/uzem.omu.edu.tr\/uzem-bildirimleri-yardim-rehberi\/","og_site_name":"OM\u00dc Uzaktan E\u011fitim Merkezi","article_publisher":"https:\/\/www.facebook.com\/omu.uzem","article_modified_time":"2023-12-12T06:11:16+00:00","og_image":[{"url":"https:\/\/uzem.omu.edu.tr\/wp-content\/uploads\/Ekran-Al\u0131nt\u0131s\u01314-1024x531.png"}],"twitter_card":"summary_large_image","twitter_site":"@omuuzem","twitter_misc":{"Est. reading time":"4 minutes"},"schema":{"@context":"https:\/\/schema.org","@graph":[{"@type":"Organization","@id":"https:\/\/uzem.omu.edu.tr\/#organization","name":"UZEM","url":"https:\/\/uzem.omu.edu.tr\/","sameAs":["https:\/\/www.facebook.com\/omu.uzem","https:\/\/www.instagram.com\/omu.uzem\/","https:\/\/www.youtube.com\/channel\/UCQ6c_wjaGQcIvBKTbPrOe2A","https:\/\/twitter.com\/omuuzem"],"logo":{"@type":"ImageObject","@id":"https:\/\/uzem.omu.edu.tr\/#logo","inLanguage":"en-US","url":"https:\/\/uzem.omu.edu.tr\/wp-content\/uploads\/ulogo-1.png","contentUrl":"https:\/\/uzem.omu.edu.tr\/wp-content\/uploads\/ulogo-1.png","width":364,"height":39,"caption":"UZEM"},"image":{"@id":"https:\/\/uzem.omu.edu.tr\/#logo"}},{"@type":"WebSite","@id":"https:\/\/uzem.omu.edu.tr\/#website","url":"https:\/\/uzem.omu.edu.tr\/","name":"OM\u00dc Uzaktan E\u011fitim Merkezi","description":"&quot;F\u0131rsatlar Sunar&quot;","publisher":{"@id":"https:\/\/uzem.omu.edu.tr\/#organization"},"potentialAction":[{"@type":"SearchAction","target":{"@type":"EntryPoint","urlTemplate":"https:\/\/uzem.omu.edu.tr\/?s={search_term_string}"},"query-input":"required name=search_term_string"}],"inLanguage":"en-US"},{"@type":"ImageObject","@id":"https:\/\/uzem.omu.edu.tr\/uzem-bildirimleri-yardim-rehberi\/#primaryimage","inLanguage":"en-US","url":"https:\/\/uzem.omu.edu.tr\/wp-content\/uploads\/Ekran-Al\u0131nt\u0131s\u01314.png","contentUrl":"https:\/\/uzem.omu.edu.tr\/wp-content\/uploads\/Ekran-Al\u0131nt\u0131s\u01314.png","width":1229,"height":637},{"@type":"WebPage","@id":"https:\/\/uzem.omu.edu.tr\/uzem-bildirimleri-yardim-rehberi\/#webpage","url":"https:\/\/uzem.omu.edu.tr\/uzem-bildirimleri-yardim-rehberi\/","name":"UZEM Bildirimleri Yard\u0131m Rehberi - OM\u00dc Uzaktan E\u011fitim Merkezi","isPartOf":{"@id":"https:\/\/uzem.omu.edu.tr\/#website"},"primaryImageOfPage":{"@id":"https:\/\/uzem.omu.edu.tr\/uzem-bildirimleri-yardim-rehberi\/#primaryimage"},"datePublished":"2016-04-27T05:06:38+00:00","dateModified":"2023-12-12T06:11:16+00:00","breadcrumb":{"@id":"https:\/\/uzem.omu.edu.tr\/uzem-bildirimleri-yardim-rehberi\/#breadcrumb"},"inLanguage":"en-US","potentialAction":[{"@type":"ReadAction","target":["https:\/\/uzem.omu.edu.tr\/uzem-bildirimleri-yardim-rehberi\/"]}]},{"@type":"BreadcrumbList","@id":"https:\/\/uzem.omu.edu.tr\/uzem-bildirimleri-yardim-rehberi\/#breadcrumb","itemListElement":[{"@type":"ListItem","position":1,"name":"Home","item":"https:\/\/uzem.omu.edu.tr\/"},{"@type":"ListItem","position":2,"name":"UZEM Bildirimleri Yard\u0131m Rehberi"}]}]}},"_links":{"self":[{"href":"https:\/\/uzem.omu.edu.tr\/en\/wp-json\/wp\/v2\/pages\/12712"}],"collection":[{"href":"https:\/\/uzem.omu.edu.tr\/en\/wp-json\/wp\/v2\/pages"}],"about":[{"href":"https:\/\/uzem.omu.edu.tr\/en\/wp-json\/wp\/v2\/types\/page"}],"author":[{"embeddable":true,"href":"https:\/\/uzem.omu.edu.tr\/en\/wp-json\/wp\/v2\/users\/11"}],"replies":[{"embeddable":true,"href":"https:\/\/uzem.omu.edu.tr\/en\/wp-json\/wp\/v2\/comments?post=12712"}],"version-history":[{"count":2,"href":"https:\/\/uzem.omu.edu.tr\/en\/wp-json\/wp\/v2\/pages\/12712\/revisions"}],"predecessor-version":[{"id":25551,"href":"https:\/\/uzem.omu.edu.tr\/en\/wp-json\/wp\/v2\/pages\/12712\/revisions\/25551"}],"wp:attachment":[{"href":"https:\/\/uzem.omu.edu.tr\/en\/wp-json\/wp\/v2\/media?parent=12712"}],"curies":[{"name":"wp","href":"https:\/\/api.w.org\/{rel}","templated":true}]}}