{"id":1252,"date":"2015-05-07T06:22:56","date_gmt":"2015-05-07T06:22:56","guid":{"rendered":"https:\/\/uzem.omu.edu.tr\/?page_id=1252"},"modified":"2023-01-23T13:27:34","modified_gmt":"2023-01-23T10:27:34","slug":"duyurular","status":"publish","type":"page","link":"https:\/\/uzem.omu.edu.tr\/en\/duyurular\/","title":{"rendered":"T\u00fcm Duyurular"},"content":{"rendered":"<p>[vc_row][vc_column width=&#8221;9\/12&#8243; css=&#8221;.vc_custom_1435565691900{padding-right: 0px !important;padding-left: 0px !important;}&#8221;]<div style=\"display:none\"><img src=\"https:\/\/uzem.omu.edu.tr\/wp-content\/plugins\/pw-vc-grid-list-post-layout\/assets\/images\/loader.gif\" \/><\/div><h2 class=\"pl-itemtitle\"><\/h2><div class=\"pl-gridlayout pl-gridskin-one pl-standard-grid pl_grid_id_6626\" id=\"Grid_6626\" ><div  class=\"pl-col-md-6 pl-col-sm-12 pl-col-xs-12 pl-col\">\r\n\t\t\t\t\t\t\t\t\t\t\t<div class=\"all-detail-cnt\"><div class=\"pl-detailcnt\">\r\n\t\t\t\t\t\t\t\t\t\t\t\t\t\t<h4 class=\"pl-title left-txt\"><span class=\"pl-date\">03 Apr<\/span><a href=\"https:\/\/uzem.omu.edu.tr\/en\/ortak-dersleri-uzem-yoluyla-alan-ogrencilerin-ders-odemeleri-hakkinda\/\" target=\"_self\">UZEM Ortak Dersler \u00d6demeleri Hakk\u0131nda<\/a><\/h4>\r\n\t\t\t\t\t\t\t\t\t\t\t\t\t<\/div><div class=\"pl-detailcnt\"><\/div>\r\n\t\t\t\t\t   \t\t\t<\/div><!---all-detail-cnt -->\r\n\t\t\t\t\t   \t\t<\/div><!--col --><div  class=\"pl-col-md-6 pl-col-sm-12 pl-col-xs-12 pl-col\">\r\n\t\t\t\t\t\t\t\t\t\t\t<div class=\"all-detail-cnt\"><div class=\"pl-detailcnt\">\r\n\t\t\t\t\t\t\t\t\t\t\t\t\t\t<h4 class=\"pl-title left-txt\"><span class=\"pl-date\">05 Mar<\/span><a href=\"https:\/\/uzem.omu.edu.tr\/en\/mezun-olma-durumundaki-ogrencilerimizin-dikkatine\/\" target=\"_self\">Attention to Our Students Who Are About to Graduate!<\/a><\/h4>\r\n\t\t\t\t\t\t\t\t\t\t\t\t\t<\/div><div class=\"pl-detailcnt\"><\/div>\r\n\t\t\t\t\t   \t\t\t<\/div><!---all-detail-cnt -->\r\n\t\t\t\t\t   \t\t<\/div><!--col --><div  class=\"pl-col-md-6 pl-col-sm-12 pl-col-xs-12 pl-col\">\r\n\t\t\t\t\t\t\t\t\t\t\t<div class=\"all-detail-cnt\"><div class=\"pl-detailcnt\">\r\n\t\t\t\t\t\t\t\t\t\t\t\t\t\t<h4 class=\"pl-title left-txt\"><span class=\"pl-date\">19 Feb<\/span><a href=\"https:\/\/uzem.omu.edu.tr\/en\/2025-2026-degisim-programlari-yabanci-dil-sinavi-erasmus-hakkinda\/\" target=\"_self\">14 \u015eubat 2026 &#8211; 21 \u015eubat 2026 Erasmus Yabanc\u0131 Dil S\u0131nav\u0131 Sonu\u00e7lar\u0131 Yay\u0131nda<\/a><\/h4>\r\n\t\t\t\t\t\t\t\t\t\t\t\t\t<\/div><div class=\"pl-detailcnt\"><\/div>\r\n\t\t\t\t\t   \t\t\t<\/div><!---all-detail-cnt -->\r\n\t\t\t\t\t   \t\t<\/div><!--col --><div  class=\"pl-col-md-6 pl-col-sm-12 pl-col-xs-12 pl-col\">\r\n\t\t\t\t\t\t\t\t\t\t\t<div class=\"all-detail-cnt\"><div class=\"pl-detailcnt\">\r\n\t\t\t\t\t\t\t\t\t\t\t\t\t\t<h4 class=\"pl-title left-txt\"><span class=\"pl-date\">13 Feb<\/span><a href=\"https:\/\/uzem.omu.edu.tr\/en\/tasinmaz-degerleme-ve-gelistirme-2025-2026-yili-bahar-yariyili-danisman-atamalari\/\" target=\"_self\">Ta\u015f\u0131nmaz De\u011ferleme ve Geli\u015ftirme 2025-2026 Y\u0131l\u0131 Bahar Yar\u0131y\u0131l\u0131 Dan\u0131\u015fman Atamalar\u0131<\/a><\/h4>\r\n\t\t\t\t\t\t\t\t\t\t\t\t\t<\/div><div class=\"pl-detailcnt\"><\/div>\r\n\t\t\t\t\t   \t\t\t<\/div><!---all-detail-cnt -->\r\n\t\t\t\t\t   \t\t<\/div><!--col --><div  class=\"pl-col-md-6 pl-col-sm-12 pl-col-xs-12 pl-col\">\r\n\t\t\t\t\t\t\t\t\t\t\t<div class=\"all-detail-cnt\"><div class=\"pl-detailcnt\">\r\n\t\t\t\t\t\t\t\t\t\t\t\t\t\t<h4 class=\"pl-title left-txt\"><span class=\"pl-date\">29 Dec<\/span><a href=\"https:\/\/uzem.omu.edu.tr\/en\/2025-2026-egitim-ogretim-yili-ortak-dersler-uzaktan-egitim-harc-odeme-duyurusu\/\" target=\"_self\">2025-2026 E\u011fitim \u00d6\u011fretim Y\u0131l\u0131 Ortak Dersler Uzaktan E\u011fitim Har\u00e7 \u00d6deme Duyurusu<\/a><\/h4>\r\n\t\t\t\t\t\t\t\t\t\t\t\t\t<\/div><div class=\"pl-detailcnt\"><\/div>\r\n\t\t\t\t\t   \t\t\t<\/div><!---all-detail-cnt -->\r\n\t\t\t\t\t   \t\t<\/div><!--col --><div  class=\"pl-col-md-6 pl-col-sm-12 pl-col-xs-12 pl-col\">\r\n\t\t\t\t\t\t\t\t\t\t\t<div class=\"all-detail-cnt\"><div class=\"pl-detailcnt\">\r\n\t\t\t\t\t\t\t\t\t\t\t\t\t\t<h4 class=\"pl-title left-txt\"><span class=\"pl-date\">19 Sep<\/span><a href=\"https:\/\/uzem.omu.edu.tr\/en\/yeni-donemde-basarilarinizin-yanindayiz\/\" target=\"_self\">Supporting Your Success in the New Semester!<\/a><\/h4>\r\n\t\t\t\t\t\t\t\t\t\t\t\t\t<\/div><div class=\"pl-detailcnt\"><\/div>\r\n\t\t\t\t\t   \t\t\t<\/div><!---all-detail-cnt -->\r\n\t\t\t\t\t   \t\t<\/div><!--col --><\/div>\r\n\t\t\t\t\t<form id=\"pw_pl_form_load_more_6626\">\r\n\t\t\t\t\t\r\n\t\t\t\t\t\t<input type=\"hidden\" name=\"pw_title\" value=\"\" id=\"pw_title_6626\"\/><input type=\"hidden\" name=\"pw_query\" value=\"size:10|order_by:date|order:DESC|categories:95,130,96,19,98,97,99,100,101,109,102,103,104,105,107,307\" id=\"pw_query_6626\"\/><input type=\"hidden\" name=\"pw_grid_display_type\" value=\"grid\" id=\"pw_grid_display_type_6626\"\/><input type=\"hidden\" name=\"pw_grid_type\" value=\"pl-standard-grid\" id=\"pw_grid_type_6626\"\/><input type=\"hidden\" name=\"pw_border_top_size\" value=\"0\" id=\"pw_border_top_size_6626\"\/><input type=\"hidden\" name=\"pw_border_top_type\" value=\"\" id=\"pw_border_top_type_6626\"\/><input type=\"hidden\" name=\"pw_border_top_color\" value=\"\" id=\"pw_border_top_color_6626\"\/><input type=\"hidden\" name=\"pw_border_right_size\" value=\"0\" id=\"pw_border_right_size_6626\"\/><input type=\"hidden\" name=\"pw_border_right_type\" value=\"\" id=\"pw_border_right_type_6626\"\/><input type=\"hidden\" name=\"pw_border_right_color\" value=\"\" id=\"pw_border_right_color_6626\"\/><input type=\"hidden\" name=\"pw_border_bottom_size\" value=\"0\" id=\"pw_border_bottom_size_6626\"\/><input type=\"hidden\" name=\"pw_border_bottom_type\" value=\"\" id=\"pw_border_bottom_type_6626\"\/><input type=\"hidden\" name=\"pw_border_bottom_color\" value=\"\" id=\"pw_border_bottom_color_6626\"\/><input type=\"hidden\" name=\"pw_border_left_size\" value=\"0\" id=\"pw_border_left_size_6626\"\/><input type=\"hidden\" name=\"pw_border_left_type\" value=\"\" id=\"pw_border_left_type_6626\"\/><input type=\"hidden\" name=\"pw_border_left_color\" value=\"\" id=\"pw_border_left_color_6626\"\/><input type=\"hidden\" name=\"pw_back_color\" value=\"#ffffff\" id=\"pw_back_color_6626\"\/><input type=\"hidden\" name=\"pw_back_hcolor\" value=\"#ffffff\" id=\"pw_back_hcolor_6626\"\/><input type=\"hidden\" name=\"pw_item_back_color\" value=\"\" id=\"pw_item_back_color_6626\"\/><input type=\"hidden\" name=\"pw_title_font_family\" value=\"inherit\" id=\"pw_title_font_family_6626\"\/><input type=\"hidden\" name=\"pw_title_font_size\" value=\"14\" id=\"pw_title_font_size_6626\"\/><input type=\"hidden\" name=\"pw_link_color\" value=\"\" id=\"pw_link_color_6626\"\/><input type=\"hidden\" name=\"pw_link_hover_color\" value=\"\" id=\"pw_link_hover_color_6626\"\/><input type=\"hidden\" name=\"pw_meta_font_family\" value=\"inherit\" id=\"pw_meta_font_family_6626\"\/><input type=\"hidden\" name=\"pw_meta_font_size\" value=\"12\" id=\"pw_meta_font_size_6626\"\/><input type=\"hidden\" name=\"pw_meta_color\" value=\"\" id=\"pw_meta_color_6626\"\/><input type=\"hidden\" name=\"pw_excerpt_font_family\" value=\"inherit\" id=\"pw_excerpt_font_family_6626\"\/><input type=\"hidden\" name=\"pw_excerpt_font_size\" value=\"11\" id=\"pw_excerpt_font_size_6626\"\/><input type=\"hidden\" name=\"pw_excerpt_color\" value=\"\" id=\"pw_excerpt_color_6626\"\/><input type=\"hidden\" name=\"pw_readmore_type\" value=\"pl-permalink\" id=\"pw_readmore_type_6626\"\/><input type=\"hidden\" name=\"pw_readmore_translate\" value=\"Read More\" id=\"pw_readmore_translate_6626\"\/><input type=\"hidden\" name=\"pw_link_target\" value=\"_self\" id=\"pw_link_target_6626\"\/><input type=\"hidden\" name=\"pw_post_layout\" value=\"\" id=\"pw_post_layout_6626\"\/><input type=\"hidden\" name=\"pw_grid_desktop_columns_count\" value=\"pl-col-md-6\" id=\"pw_grid_desktop_columns_count_6626\"\/><input type=\"hidden\" name=\"pw_grid_tablet_columns_count\" value=\"pl-col-sm-12\" id=\"pw_grid_tablet_columns_count_6626\"\/><input type=\"hidden\" name=\"pw_grid_mobile_columns_count\" value=\"pl-col-xs-12\" id=\"pw_grid_mobile_columns_count_6626\"\/><input type=\"hidden\" name=\"pw_skin_type\" value=\"pl-gridskin-one\" id=\"pw_skin_type_6626\"\/><input type=\"hidden\" name=\"pw_grid_skin_effect\" value=\"pl-gst-effect-1\" id=\"pw_grid_skin_effect_6626\"\/><input type=\"hidden\" name=\"pw_grid_page_navigation\" value=\"infinite_scroll\" id=\"pw_grid_page_navigation_6626\"\/><input type=\"hidden\" name=\"pw_grid_page_number_style\" value=\"pl-paging-style1\" id=\"pw_grid_page_number_style_6626\"\/><input type=\"hidden\" name=\"pw_grid_filter_by\" value=\"\" id=\"pw_grid_filter_by_6626\"\/><input type=\"hidden\" name=\"pw_grid_order_by\" value=\"\" id=\"pw_grid_order_by_6626\"\/><input type=\"hidden\" name=\"pw_grid_author\" value=\"yes\" id=\"pw_grid_author_6626\"\/><input type=\"hidden\" name=\"pw_grid_tags\" value=\"yes\" id=\"pw_grid_tags_6626\"\/><input type=\"hidden\" name=\"pw_grid_show_num_comment\" value=\"yes\" id=\"pw_grid_show_num_comment_6626\"\/><input type=\"hidden\" name=\"pw_grid_hide_recentpost\" value=\"no\" id=\"pw_grid_hide_recentpost_6626\"\/><input type=\"hidden\" name=\"pw_grid_num_hide_recentpost\" value=\"1\" id=\"pw_grid_num_hide_recentpost_6626\"\/><input type=\"hidden\" name=\"pw_grid_switch_icon\" value=\"no\" id=\"pw_grid_switch_icon_6626\"\/><input type=\"hidden\" name=\"pw_teasr_layout_img\" value=\"title|link_post\" id=\"pw_teasr_layout_img_6626\"\/><input type=\"hidden\" name=\"pw_image_thumb_size\" value=\"medium\" id=\"pw_image_thumb_size_6626\"\/><input type=\"hidden\" name=\"pw_excerpt_length\" value=\"0\" id=\"pw_excerpt_length_6626\"\/><input type=\"hidden\" name=\"pw_image_effect\" value=\"none\" id=\"pw_image_effect_6626\"\/><input type=\"hidden\" name=\"pw_show_zoom_icon\" value=\"no\" id=\"pw_show_zoom_icon_6626\"\/><input type=\"hidden\" name=\"pw_show_link_icon\" value=\"no\" id=\"pw_show_link_icon_6626\"\/><input type=\"hidden\" name=\"pw_show_overlay\" value=\"no\" id=\"pw_show_overlay_6626\"\/><input type=\"hidden\" name=\"pw_icon_type\" value=\"none\" id=\"pw_icon_type_6626\"\/><input type=\"hidden\" name=\"pw_icon_effect\" value=\"none\" id=\"pw_icon_effect_6626\"\/><input type=\"hidden\" name=\"pw_hide_date\" value=\"off\" id=\"pw_hide_date_6626\"\/><input type=\"hidden\" name=\"pw_date_format\" value=\"d M\" id=\"pw_date_format_6626\"\/><input type=\"hidden\" name=\"pw_taxonomy\" value=\"\" id=\"pw_taxonomy_6626\"\/>\r\n\t\t\t\t\t\t<input type=\"hidden\" name=\"_wpnonce \" value=\"29791\"\/>\r\n\t\t\t\t\t\t<input type=\"hidden\" name=\"query\" value=\"size:10|order_by:date|order:DESC|categories:95,130,96,19,98,97,99,100,101,109,102,103,104,105,107,307\"\/>\r\n\t\t\t\t\t\t<input type=\"hidden\" name=\"paged\" value=\"1\" id=\"pw_paged_6626\"\/>\r\n\t\t\t\t\t\t<input type=\"hidden\" name=\"view_type\" value=\"grid\" id=\"pw_view_type_6626\"\/>\r\n\t\t\t\t\t\t<input type=\"hidden\" name=\"total_paged\" value=\"1\" id=\"pw_total_paged_6626\"\/>\r\n\t\t\t\t\t\t<input type=\"hidden\" name=\"pw_action_type\" value=\"\" id=\"pw_pl_action_type_6626\"\/>\r\n\t\t\t\t\t\t<input type=\"hidden\" name=\"pw_mixitup_grid_id\" value=\"6626\" id=\"pw_grid_id_6626\"\/>\r\n\t\t\t\t\t\t<input type=\"hidden\" name=\"pw_grid_hide_recentpost\" value=\"no\" id=\"pw_grid_id_6626\"\/>\r\n\t\t\t\t\t\t<input type=\"hidden\" name=\"pw_grid_num_hide_recentpost\" value=\"1\" id=\"pw_grid_id_6626\"\/>\r\n\t\t\t\t\t\t\r\n\t\t\t\t\t<\/form>[\/vc_column][vc_column width=&#8221;3\/12&#8243; css=&#8221;.vc_custom_1435565715228{padding-right: 0px !important;padding-left: 0px !important;}&#8221;][vc_widget_sidebar sidebar_id=&#8221;generated_sidebar-tum-duyurular&#8221;][\/vc_column][\/vc_row]<\/p>\n","protected":false},"excerpt":{"rendered":"<p>[vc_row][vc_column width=&#8221;9\/12&#8243; css=&#8221;.vc_custom_1435565691900{padding-right: 0px !important;padding-left: 0px !important;}&#8221;][\/vc_column][vc_column width=&#8221;3\/12&#8243; css=&#8221;.vc_custom_1435565715228{padding-right: 0px !important;padding-left: 0px !important;}&#8221;][vc_widget_sidebar sidebar_id=&#8221;generated_sidebar-tum-duyurular&#8221;][\/vc_column][\/vc_row]<\/p>\n","protected":false},"author":5,"featured_media":0,"parent":0,"menu_order":0,"comment_status":"closed","ping_status":"closed","template":"","meta":[],"translation":{"provider":"WPGlobus","version":"2.12.2","language":"en","enabled_languages":["tr","en"],"languages":{"tr":{"title":true,"content":true,"excerpt":false},"en":{"title":false,"content":false,"excerpt":false}}},"yoast_head":"<!-- This site is optimized with the Yoast SEO plugin v17.4 - https:\/\/yoast.com\/wordpress\/plugins\/seo\/ -->\n<meta name=\"robots\" content=\"index, follow, max-snippet:-1, max-image-preview:large, max-video-preview:-1\" \/>\n<link rel=\"canonical\" href=\"https:\/\/uzem.omu.edu.tr\/duyurular\/\" \/>\n<meta property=\"og:locale\" content=\"en_US\" \/>\n<meta property=\"og:type\" content=\"article\" \/>\n<meta property=\"og:title\" content=\"T\u00fcm Duyurular - OM\u00dc Uzaktan E\u011fitim Merkezi\" \/>\n<meta property=\"og:url\" content=\"https:\/\/uzem.omu.edu.tr\/duyurular\/\" \/>\n<meta property=\"og:site_name\" content=\"OM\u00dc Uzaktan E\u011fitim Merkezi\" \/>\n<meta property=\"article:publisher\" content=\"https:\/\/www.facebook.com\/omu.uzem\" \/>\n<meta property=\"article:modified_time\" content=\"2023-01-23T10:27:34+00:00\" \/>\n<meta name=\"twitter:card\" content=\"summary_large_image\" \/>\n<meta name=\"twitter:site\" content=\"@omuuzem\" \/>\n<meta name=\"twitter:label1\" content=\"Est. reading time\" \/>\n\t<meta name=\"twitter:data1\" content=\"1 minute\" \/>\n<script type=\"application\/ld+json\" class=\"yoast-schema-graph\">{\"@context\":\"https:\/\/schema.org\",\"@graph\":[{\"@type\":\"Organization\",\"@id\":\"https:\/\/uzem.omu.edu.tr\/#organization\",\"name\":\"UZEM\",\"url\":\"https:\/\/uzem.omu.edu.tr\/\",\"sameAs\":[\"https:\/\/www.facebook.com\/omu.uzem\",\"https:\/\/www.instagram.com\/omu.uzem\/\",\"https:\/\/www.youtube.com\/channel\/UCQ6c_wjaGQcIvBKTbPrOe2A\",\"https:\/\/twitter.com\/omuuzem\"],\"logo\":{\"@type\":\"ImageObject\",\"@id\":\"https:\/\/uzem.omu.edu.tr\/#logo\",\"inLanguage\":\"en-US\",\"url\":\"https:\/\/uzem.omu.edu.tr\/wp-content\/uploads\/ulogo-1.png\",\"contentUrl\":\"https:\/\/uzem.omu.edu.tr\/wp-content\/uploads\/ulogo-1.png\",\"width\":364,\"height\":39,\"caption\":\"UZEM\"},\"image\":{\"@id\":\"https:\/\/uzem.omu.edu.tr\/#logo\"}},{\"@type\":\"WebSite\",\"@id\":\"https:\/\/uzem.omu.edu.tr\/#website\",\"url\":\"https:\/\/uzem.omu.edu.tr\/\",\"name\":\"OM\\u00dc Uzaktan E\\u011fitim Merkezi\",\"description\":\"&quot;F\\u0131rsatlar Sunar&quot;\",\"publisher\":{\"@id\":\"https:\/\/uzem.omu.edu.tr\/#organization\"},\"potentialAction\":[{\"@type\":\"SearchAction\",\"target\":{\"@type\":\"EntryPoint\",\"urlTemplate\":\"https:\/\/uzem.omu.edu.tr\/?s={search_term_string}\"},\"query-input\":\"required name=search_term_string\"}],\"inLanguage\":\"en-US\"},{\"@type\":\"WebPage\",\"@id\":\"https:\/\/uzem.omu.edu.tr\/duyurular\/#webpage\",\"url\":\"https:\/\/uzem.omu.edu.tr\/duyurular\/\",\"name\":\"T\\u00fcm Duyurular - OM\\u00dc Uzaktan E\\u011fitim Merkezi\",\"isPartOf\":{\"@id\":\"https:\/\/uzem.omu.edu.tr\/#website\"},\"datePublished\":\"2015-05-07T06:22:56+00:00\",\"dateModified\":\"2023-01-23T10:27:34+00:00\",\"breadcrumb\":{\"@id\":\"https:\/\/uzem.omu.edu.tr\/duyurular\/#breadcrumb\"},\"inLanguage\":\"en-US\",\"potentialAction\":[{\"@type\":\"ReadAction\",\"target\":[\"https:\/\/uzem.omu.edu.tr\/duyurular\/\"]}]},{\"@type\":\"BreadcrumbList\",\"@id\":\"https:\/\/uzem.omu.edu.tr\/duyurular\/#breadcrumb\",\"itemListElement\":[{\"@type\":\"ListItem\",\"position\":1,\"name\":\"Home\",\"item\":\"https:\/\/uzem.omu.edu.tr\/\"},{\"@type\":\"ListItem\",\"position\":2,\"name\":\"T\\u00fcm Duyurular\"}]}]}<\/script>\n<!-- \/ Yoast SEO plugin. -->","yoast_head_json":{"robots":{"index":"index","follow":"follow","max-snippet":"max-snippet:-1","max-image-preview":"max-image-preview:large","max-video-preview":"max-video-preview:-1"},"canonical":"https:\/\/uzem.omu.edu.tr\/duyurular\/","og_locale":"en_US","og_type":"article","og_title":"T\u00fcm Duyurular - OM\u00dc Uzaktan E\u011fitim Merkezi","og_url":"https:\/\/uzem.omu.edu.tr\/duyurular\/","og_site_name":"OM\u00dc Uzaktan E\u011fitim Merkezi","article_publisher":"https:\/\/www.facebook.com\/omu.uzem","article_modified_time":"2023-01-23T10:27:34+00:00","twitter_card":"summary_large_image","twitter_site":"@omuuzem","twitter_misc":{"Est. reading time":"1 minute"},"schema":{"@context":"https:\/\/schema.org","@graph":[{"@type":"Organization","@id":"https:\/\/uzem.omu.edu.tr\/#organization","name":"UZEM","url":"https:\/\/uzem.omu.edu.tr\/","sameAs":["https:\/\/www.facebook.com\/omu.uzem","https:\/\/www.instagram.com\/omu.uzem\/","https:\/\/www.youtube.com\/channel\/UCQ6c_wjaGQcIvBKTbPrOe2A","https:\/\/twitter.com\/omuuzem"],"logo":{"@type":"ImageObject","@id":"https:\/\/uzem.omu.edu.tr\/#logo","inLanguage":"en-US","url":"https:\/\/uzem.omu.edu.tr\/wp-content\/uploads\/ulogo-1.png","contentUrl":"https:\/\/uzem.omu.edu.tr\/wp-content\/uploads\/ulogo-1.png","width":364,"height":39,"caption":"UZEM"},"image":{"@id":"https:\/\/uzem.omu.edu.tr\/#logo"}},{"@type":"WebSite","@id":"https:\/\/uzem.omu.edu.tr\/#website","url":"https:\/\/uzem.omu.edu.tr\/","name":"OM\u00dc Uzaktan E\u011fitim Merkezi","description":"&quot;F\u0131rsatlar Sunar&quot;","publisher":{"@id":"https:\/\/uzem.omu.edu.tr\/#organization"},"potentialAction":[{"@type":"SearchAction","target":{"@type":"EntryPoint","urlTemplate":"https:\/\/uzem.omu.edu.tr\/?s={search_term_string}"},"query-input":"required name=search_term_string"}],"inLanguage":"en-US"},{"@type":"WebPage","@id":"https:\/\/uzem.omu.edu.tr\/duyurular\/#webpage","url":"https:\/\/uzem.omu.edu.tr\/duyurular\/","name":"T\u00fcm Duyurular - OM\u00dc Uzaktan E\u011fitim Merkezi","isPartOf":{"@id":"https:\/\/uzem.omu.edu.tr\/#website"},"datePublished":"2015-05-07T06:22:56+00:00","dateModified":"2023-01-23T10:27:34+00:00","breadcrumb":{"@id":"https:\/\/uzem.omu.edu.tr\/duyurular\/#breadcrumb"},"inLanguage":"en-US","potentialAction":[{"@type":"ReadAction","target":["https:\/\/uzem.omu.edu.tr\/duyurular\/"]}]},{"@type":"BreadcrumbList","@id":"https:\/\/uzem.omu.edu.tr\/duyurular\/#breadcrumb","itemListElement":[{"@type":"ListItem","position":1,"name":"Home","item":"https:\/\/uzem.omu.edu.tr\/"},{"@type":"ListItem","position":2,"name":"T\u00fcm Duyurular"}]}]}},"_links":{"self":[{"href":"https:\/\/uzem.omu.edu.tr\/en\/wp-json\/wp\/v2\/pages\/1252"}],"collection":[{"href":"https:\/\/uzem.omu.edu.tr\/en\/wp-json\/wp\/v2\/pages"}],"about":[{"href":"https:\/\/uzem.omu.edu.tr\/en\/wp-json\/wp\/v2\/types\/page"}],"author":[{"embeddable":true,"href":"https:\/\/uzem.omu.edu.tr\/en\/wp-json\/wp\/v2\/users\/5"}],"replies":[{"embeddable":true,"href":"https:\/\/uzem.omu.edu.tr\/en\/wp-json\/wp\/v2\/comments?post=1252"}],"version-history":[{"count":2,"href":"https:\/\/uzem.omu.edu.tr\/en\/wp-json\/wp\/v2\/pages\/1252\/revisions"}],"predecessor-version":[{"id":24452,"href":"https:\/\/uzem.omu.edu.tr\/en\/wp-json\/wp\/v2\/pages\/1252\/revisions\/24452"}],"wp:attachment":[{"href":"https:\/\/uzem.omu.edu.tr\/en\/wp-json\/wp\/v2\/media?parent=1252"}],"curies":[{"name":"wp","href":"https:\/\/api.w.org\/{rel}","templated":true}]}}