{"id":1240,"date":"2015-05-06T08:41:45","date_gmt":"2015-05-06T08:41:45","guid":{"rendered":"https:\/\/uzem.omu.edu.tr\/?page_id=1240"},"modified":"2023-09-21T10:39:46","modified_gmt":"2023-09-21T07:39:46","slug":"ebelik-lisans-tamamlama-ders-icerikleri","status":"publish","type":"page","link":"https:\/\/uzem.omu.edu.tr\/en\/ebelik-lisans-tamamlama-ders-icerikleri\/","title":{"rendered":"Ebelik Lisans Tamamlama | Ders \u0130\u00e7erikleri"},"content":{"rendered":"<p>[vc_row bg_type=&#8221;no_bg&#8221; css=&#8221;.vc_custom_1430895424028{margin-top: -5px !important;margin-left: 0px !important;padding-left: 0px !important;}&#8221;][vc_column width=&#8221;3\/4&#8243; css=&#8221;.vc_custom_1450339645488{margin-top: 5px !important;margin-right: 0px !important;padding-right: 0px !important;padding-left: 0px !important;}&#8221;][vc_row_inner][vc_column_inner css=&#8221;.vc_custom_1450339704785{margin-bottom: 5px !important;padding-right: 0px !important;padding-left: 0px !important;}&#8221;][vc_widget_sidebar sidebar_id=&#8221;generated_sidebar-elt-ust-menu&#8221;][\/vc_column_inner][\/vc_row_inner][vc_column_text el_class=&#8221;menu-basligi&#8221;]<\/p>\n<p><strong>DERS \u0130\u00c7ER\u0130KLER\u0130<\/strong><\/p>\n<p>[\/vc_column_text][vc_column_text el_class=&#8221;menu-basligi&#8221; css=&#8221;.vc_custom_1443528266247{margin-top: 5px !important;}&#8221;]<\/p>\n<p><strong>I. SINIF DERSLER\u0130<\/strong><\/p>\n<p>[\/vc_column_text][vc_column_text el_class=&#8221;ders-tablosu&#8221;]<\/p>\n<table width=\"662\">\n<tbody>\n<tr>\n<td width=\"54\"><strong>Kodu<\/strong><\/td>\n<td width=\"271\"><strong>Ders Ad\u0131<\/strong><\/td>\n<td width=\"63\"><strong>Kredi<\/strong><\/td>\n<td width=\"55\"><strong>Z\/S<\/strong><\/td>\n<td width=\"219\"><strong>\u00d6\u011fretim \u00dcyesi<\/strong><\/td>\n<\/tr>\n<tr>\n<td>SYU301<\/td>\n<td>Ebelikte E\u011fitim<\/td>\n<td>8+0+8<\/td>\n<td>Zorunlu<\/td>\n<td>Prof. Dr. Zeliha KO\u00c7<\/td>\n<\/tr>\n<tr>\n<td>SYU302<\/td>\n<td>Embriyoloji ve Gebelik<\/td>\n<td>3+0+3<\/td>\n<td>Zorunlu<\/td>\n<td>Prof. Dr. S\u00fcleyman KAPLAN<br \/>\nDr. \u00d6\u011fr. \u00dcyesi Mehmet Emin \u00d6NGER<br \/>\nDo\u00e7. Dr. Fatma DEVRAN BILDIRCIN<\/td>\n<\/tr>\n<tr>\n<td>SYU303<\/td>\n<td>Normal, Riskli Gebelik ve Do\u011fum Y\u00f6ntemi<\/td>\n<td>10+0+10<\/td>\n<td>Zorunlu<\/td>\n<td>Dr. \u00d6\u011fr. \u00dcyesi Serap TOPATAN<br \/>\nDr. \u00d6\u011fr. \u00dcyesi Nuran MUMCU<br \/>\n\u00d6\u011fr. G\u00f6r. S\u00fcmeyye BAL<br \/>\n\u00d6\u011fr. G\u00f6r. Selma ALAKU\u015e<\/td>\n<\/tr>\n<tr>\n<td>SYU304<\/td>\n<td>Temel Bilgi Teknolojileri<\/td>\n<td>2+0+2<\/td>\n<td>Zorunlu<\/td>\n<td>\u00d6\u011fr. G\u00f6r. \u0130smail CAN<br \/>\n\u00d6\u011fr. G\u00f6r. \u0130rfan SUBA\u015e<\/td>\n<\/tr>\n<tr>\n<td>SYU305<\/td>\n<td>Biyoistatistik ve Ara\u015ft\u0131rma<\/td>\n<td>5+0+5<\/td>\n<td>Zorunlu<\/td>\n<td>Prof. Dr. Mehmet Ali CENG\u0130Z<\/td>\n<\/tr>\n<\/tbody>\n<\/table>\n<p>[\/vc_column_text][vc_column_text el_class=&#8221;menu-basligi&#8221; css=&#8221;.vc_custom_1443528338667{margin-top: 5px !important;}&#8221;]<\/p>\n<p><strong>II. SINIF DERSLER\u0130<\/strong><\/p>\n<p>[\/vc_column_text][vc_column_text el_class=&#8221;ders-tablosu&#8221;]<\/p>\n<table width=\"662\">\n<tbody>\n<tr>\n<td width=\"54\"><strong>Kodu<\/strong><\/td>\n<td width=\"271\"><strong>Ders Ad\u0131<\/strong><\/td>\n<td width=\"63\"><strong>Kredi<\/strong><\/td>\n<td width=\"55\"><strong>Z\/S<\/strong><\/td>\n<td width=\"219\"><strong>\u00d6\u011fretim \u00dcyesi<\/strong><\/td>\n<\/tr>\n<tr>\n<td>SYU401<\/td>\n<td>Kad\u0131n Sa\u011fl\u0131\u011f\u0131 ve Hastal\u0131klar\u0131<\/td>\n<td>8+0+8<\/td>\n<td>Zorunlu<\/td>\n<td>Dr. \u00d6\u011fr. \u00dcyesi Serap TOPATAN<br \/>\nDr. \u00d6\u011fr. \u00dcyesi Nuran MUMCU<br \/>\n\u00d6\u011fr. G\u00f6r. Ne\u015fe KARAKAYA<br \/>\n\u00d6\u011fr. G\u00f6r. Selma ALAKU\u015e<\/td>\n<\/tr>\n<tr>\n<td>SYU402<\/td>\n<td>Staj (Ebelik Uygulamas\u0131)<\/td>\n<td>0+240+10<\/td>\n<td>Zorunlu<\/td>\n<td>\u00a0Sa\u011fl\u0131k Bakanl\u0131\u011f\u0131<\/td>\n<\/tr>\n<tr>\n<td>SYU403<\/td>\n<td>Yenido\u011fan Sa\u011fl\u0131\u011f\u0131 ve Hastal\u0131klar\u0131<\/td>\n<td>10+0+10<\/td>\n<td>Zorunlu<\/td>\n<td>Prof. Dr. Hasibe CANAN SEREN (<strong>Edit\u00f6r<\/strong>)<br \/>\nProf. Dr. \u00dcnal BI\u00c7AK\u00c7I<br \/>\nDo\u00e7. Dr. Esra TURAL B\u00dcY\u00dcK<br \/>\nDr. \u00d6\u011fr. \u00dcyesi \u015eebnem R\u00dcZGAR<\/td>\n<\/tr>\n<tr>\n<td>SYU405<\/td>\n<td>B\u00fcy\u00fcme ve Geli\u015fme<\/td>\n<td>6+0+6<\/td>\n<td>Zorunlu<\/td>\n<td>Do\u00e7. Dr. Esra TURAL B\u00dcY\u00dcK(<strong>Edit\u00f6r<\/strong>)<br \/>\nDr. \u00d6\u011fr. \u00dcyesi \u015eebnem R\u00dcZGAR<\/td>\n<\/tr>\n<tr>\n<td>SYU407<\/td>\n<td>Genetik<\/td>\n<td>3+0+3<\/td>\n<td>Zorunlu<\/td>\n<td>Dr. \u00d6\u011fr. \u00dcyesi Meltem K\u00d6KDENER(<strong>Edit\u00f6r<\/strong>)<strong><br \/>\n<\/strong>\u00d6\u011fr. G\u00f6r. Dr. Melek Y\u00dcCE<\/td>\n<\/tr>\n<tr>\n<td>SYU409<\/td>\n<td>Sosyal Antropoloji<\/td>\n<td>2+0+2<\/td>\n<td>Zorunlu<\/td>\n<td>Dr. \u00d6\u011fr. \u00dcyesi Aynur ARSLAN<\/td>\n<\/tr>\n<\/tbody>\n<\/table>\n<p>[\/vc_column_text][\/vc_column][vc_column width=&#8221;1\/4&#8243; css=&#8221;.vc_custom_1433425627518{margin-top: 20px !important;padding-right: 0px !important;}&#8221;][vc_widget_sidebar sidebar_id=&#8221;generated_sidebar-elt&#8221;][\/vc_column][\/vc_row]<\/p>\n","protected":false},"excerpt":{"rendered":"<p>[vc_row bg_type=&#8221;no_bg&#8221; css=&#8221;.vc_custom_1430895424028{margin-top: -5px !important;margin-left: 0px !important;padding-left: 0px !important;}&#8221;][vc_column width=&#8221;3\/4&#8243; css=&#8221;.vc_custom_1450339645488{margin-top: 5px !important;margin-right: 0px !important;padding-right: 0px !important;padding-left: 0px !important;}&#8221;][vc_row_inner][vc_column_inner css=&#8221;.vc_custom_1450339704785{margin-bottom: 5px !important;padding-right: 0px !important;padding-left: 0px !important;}&#8221;][vc_widget_sidebar sidebar_id=&#8221;generated_sidebar-elt-ust-menu&#8221;][\/vc_column_inner][\/vc_row_inner][vc_column_text el_class=&#8221;menu-basligi&#8221;] DERS \u0130\u00c7ER\u0130KLER\u0130 [\/vc_column_text][vc_column_text el_class=&#8221;menu-basligi&#8221; css=&#8221;.vc_custom_1443528266247{margin-top: 5px !important;}&#8221;] I. SINIF DERSLER\u0130 [\/vc_column_text][vc_column_text el_class=&#8221;ders-tablosu&#8221;] Kodu Ders Ad\u0131 Kredi Z\/S \u00d6\u011fretim \u00dcyesi SYU301 Ebelikte E\u011fitim 8+0+8 Zorunlu Prof. Dr. Zeliha KO\u00c7 SYU302 Embriyoloji ve Gebelik 3+0+3 Zorunlu Prof. Dr. S\u00fcleyman KAPLAN Dr. \u00d6\u011fr. \u00dcyesi Mehmet Emin \u00d6NGER Do\u00e7. Dr. Fatma DEVRAN BILDIRCIN SYU303 Normal, Riskli Gebelik ve Do\u011fum Y\u00f6ntemi 10+0+10 Zorunlu Dr. \u00d6\u011fr. \u00dcyesi Serap TOPATAN Dr. \u00d6\u011fr. \u00dcyesi Nuran MUMCU \u00d6\u011fr. G\u00f6r. S\u00fcmeyye BAL \u00d6\u011fr. G\u00f6r. Selma ALAKU\u015e SYU304 Temel Bilgi Teknolojileri 2+0+2 Zorunlu \u00d6\u011fr. G\u00f6r. \u0130smail CAN \u00d6\u011fr. G\u00f6r. \u0130rfan SUBA\u015e SYU305 Biyoistatistik ve Ara\u015ft\u0131rma 5+0+5 Zorunlu Prof. Dr. Mehmet Ali CENG\u0130Z [\/vc_column_text][vc_column_text el_class=&#8221;menu-basligi&#8221; css=&#8221;.vc_custom_1443528338667{margin-top: 5px !important;}&#8221;] II. SINIF DERSLER\u0130 [\/vc_column_text][vc_column_text el_class=&#8221;ders-tablosu&#8221;] Kodu Ders Ad\u0131 Kredi Z\/S \u00d6\u011fretim \u00dcyesi SYU401 Kad\u0131n Sa\u011fl\u0131\u011f\u0131 ve Hastal\u0131klar\u0131 8+0+8 Zorunlu Dr. \u00d6\u011fr. \u00dcyesi Serap TOPATAN Dr. \u00d6\u011fr. \u00dcyesi Nuran MUMCU \u00d6\u011fr. G\u00f6r. Ne\u015fe KARAKAYA \u00d6\u011fr. G\u00f6r. Selma ALAKU\u015e SYU402 Staj (Ebelik Uygulamas\u0131) 0+240+10 Zorunlu \u00a0Sa\u011fl\u0131k Bakanl\u0131\u011f\u0131 SYU403 Yenido\u011fan Sa\u011fl\u0131\u011f\u0131 ve Hastal\u0131klar\u0131 10+0+10 Zorunlu Prof. Dr. Hasibe CANAN SEREN (Edit\u00f6r) Prof. Dr. \u00dcnal BI\u00c7AK\u00c7I Do\u00e7. Dr. Esra TURAL B\u00dcY\u00dcK Dr. \u00d6\u011fr. \u00dcyesi \u015eebnem R\u00dcZGAR SYU405 B\u00fcy\u00fcme ve Geli\u015fme 6+0+6 Zorunlu Do\u00e7. Dr. Esra TURAL B\u00dcY\u00dcK(Edit\u00f6r) Dr. \u00d6\u011fr. \u00dcyesi \u015eebnem R\u00dcZGAR SYU407 Genetik 3+0+3 Zorunlu Dr. \u00d6\u011fr. \u00dcyesi Meltem K\u00d6KDENER(Edit\u00f6r) \u00d6\u011fr. G\u00f6r. Dr. Melek Y\u00dcCE SYU409 Sosyal Antropoloji 2+0+2 Zorunlu Dr. \u00d6\u011fr. \u00dcyesi Aynur ARSLAN [\/vc_column_text][\/vc_column][vc_column width=&#8221;1\/4&#8243; css=&#8221;.vc_custom_1433425627518{margin-top: 20px [&hellip;]<\/p>\n","protected":false},"author":1,"featured_media":0,"parent":0,"menu_order":0,"comment_status":"closed","ping_status":"closed","template":"","meta":[],"translation":{"provider":"WPGlobus","version":"2.12.2","language":"en","enabled_languages":["tr","en"],"languages":{"tr":{"title":true,"content":true,"excerpt":false},"en":{"title":false,"content":false,"excerpt":false}}},"yoast_head":"<!-- This site is optimized with the Yoast SEO plugin v17.4 - https:\/\/yoast.com\/wordpress\/plugins\/seo\/ -->\n<meta name=\"robots\" content=\"index, follow, max-snippet:-1, max-image-preview:large, max-video-preview:-1\" \/>\n<link rel=\"canonical\" href=\"https:\/\/uzem.omu.edu.tr\/ebelik-lisans-tamamlama-ders-icerikleri\/\" \/>\n<meta property=\"og:locale\" content=\"en_US\" \/>\n<meta property=\"og:type\" content=\"article\" \/>\n<meta property=\"og:title\" content=\"Ebelik Lisans Tamamlama | Ders \u0130\u00e7erikleri - OM\u00dc Uzaktan E\u011fitim Merkezi\" \/>\n<meta property=\"og:url\" content=\"https:\/\/uzem.omu.edu.tr\/ebelik-lisans-tamamlama-ders-icerikleri\/\" \/>\n<meta property=\"og:site_name\" content=\"OM\u00dc Uzaktan E\u011fitim Merkezi\" \/>\n<meta property=\"article:publisher\" content=\"https:\/\/www.facebook.com\/omu.uzem\" \/>\n<meta property=\"article:modified_time\" content=\"2023-09-21T07:39:46+00:00\" \/>\n<meta name=\"twitter:card\" content=\"summary_large_image\" \/>\n<meta name=\"twitter:site\" content=\"@omuuzem\" \/>\n<meta name=\"twitter:label1\" content=\"Est. reading time\" \/>\n\t<meta name=\"twitter:data1\" content=\"2 minutes\" \/>\n<script type=\"application\/ld+json\" class=\"yoast-schema-graph\">{\"@context\":\"https:\/\/schema.org\",\"@graph\":[{\"@type\":\"Organization\",\"@id\":\"https:\/\/uzem.omu.edu.tr\/#organization\",\"name\":\"UZEM\",\"url\":\"https:\/\/uzem.omu.edu.tr\/\",\"sameAs\":[\"https:\/\/www.facebook.com\/omu.uzem\",\"https:\/\/www.instagram.com\/omu.uzem\/\",\"https:\/\/www.youtube.com\/channel\/UCQ6c_wjaGQcIvBKTbPrOe2A\",\"https:\/\/twitter.com\/omuuzem\"],\"logo\":{\"@type\":\"ImageObject\",\"@id\":\"https:\/\/uzem.omu.edu.tr\/#logo\",\"inLanguage\":\"en-US\",\"url\":\"https:\/\/uzem.omu.edu.tr\/wp-content\/uploads\/ulogo-1.png\",\"contentUrl\":\"https:\/\/uzem.omu.edu.tr\/wp-content\/uploads\/ulogo-1.png\",\"width\":364,\"height\":39,\"caption\":\"UZEM\"},\"image\":{\"@id\":\"https:\/\/uzem.omu.edu.tr\/#logo\"}},{\"@type\":\"WebSite\",\"@id\":\"https:\/\/uzem.omu.edu.tr\/#website\",\"url\":\"https:\/\/uzem.omu.edu.tr\/\",\"name\":\"OM\\u00dc Uzaktan E\\u011fitim Merkezi\",\"description\":\"&quot;F\\u0131rsatlar Sunar&quot;\",\"publisher\":{\"@id\":\"https:\/\/uzem.omu.edu.tr\/#organization\"},\"potentialAction\":[{\"@type\":\"SearchAction\",\"target\":{\"@type\":\"EntryPoint\",\"urlTemplate\":\"https:\/\/uzem.omu.edu.tr\/?s={search_term_string}\"},\"query-input\":\"required name=search_term_string\"}],\"inLanguage\":\"en-US\"},{\"@type\":\"WebPage\",\"@id\":\"https:\/\/uzem.omu.edu.tr\/ebelik-lisans-tamamlama-ders-icerikleri\/#webpage\",\"url\":\"https:\/\/uzem.omu.edu.tr\/ebelik-lisans-tamamlama-ders-icerikleri\/\",\"name\":\"Ebelik Lisans Tamamlama | Ders \\u0130\\u00e7erikleri - OM\\u00dc Uzaktan E\\u011fitim Merkezi\",\"isPartOf\":{\"@id\":\"https:\/\/uzem.omu.edu.tr\/#website\"},\"datePublished\":\"2015-05-06T08:41:45+00:00\",\"dateModified\":\"2023-09-21T07:39:46+00:00\",\"breadcrumb\":{\"@id\":\"https:\/\/uzem.omu.edu.tr\/ebelik-lisans-tamamlama-ders-icerikleri\/#breadcrumb\"},\"inLanguage\":\"en-US\",\"potentialAction\":[{\"@type\":\"ReadAction\",\"target\":[\"https:\/\/uzem.omu.edu.tr\/ebelik-lisans-tamamlama-ders-icerikleri\/\"]}]},{\"@type\":\"BreadcrumbList\",\"@id\":\"https:\/\/uzem.omu.edu.tr\/ebelik-lisans-tamamlama-ders-icerikleri\/#breadcrumb\",\"itemListElement\":[{\"@type\":\"ListItem\",\"position\":1,\"name\":\"Home\",\"item\":\"https:\/\/uzem.omu.edu.tr\/\"},{\"@type\":\"ListItem\",\"position\":2,\"name\":\"Ebelik Lisans Tamamlama | Ders \\u0130\\u00e7erikleri\"}]}]}<\/script>\n<!-- \/ Yoast SEO plugin. -->","yoast_head_json":{"robots":{"index":"index","follow":"follow","max-snippet":"max-snippet:-1","max-image-preview":"max-image-preview:large","max-video-preview":"max-video-preview:-1"},"canonical":"https:\/\/uzem.omu.edu.tr\/ebelik-lisans-tamamlama-ders-icerikleri\/","og_locale":"en_US","og_type":"article","og_title":"Ebelik Lisans Tamamlama | Ders \u0130\u00e7erikleri - OM\u00dc Uzaktan E\u011fitim Merkezi","og_url":"https:\/\/uzem.omu.edu.tr\/ebelik-lisans-tamamlama-ders-icerikleri\/","og_site_name":"OM\u00dc Uzaktan E\u011fitim Merkezi","article_publisher":"https:\/\/www.facebook.com\/omu.uzem","article_modified_time":"2023-09-21T07:39:46+00:00","twitter_card":"summary_large_image","twitter_site":"@omuuzem","twitter_misc":{"Est. reading time":"2 minutes"},"schema":{"@context":"https:\/\/schema.org","@graph":[{"@type":"Organization","@id":"https:\/\/uzem.omu.edu.tr\/#organization","name":"UZEM","url":"https:\/\/uzem.omu.edu.tr\/","sameAs":["https:\/\/www.facebook.com\/omu.uzem","https:\/\/www.instagram.com\/omu.uzem\/","https:\/\/www.youtube.com\/channel\/UCQ6c_wjaGQcIvBKTbPrOe2A","https:\/\/twitter.com\/omuuzem"],"logo":{"@type":"ImageObject","@id":"https:\/\/uzem.omu.edu.tr\/#logo","inLanguage":"en-US","url":"https:\/\/uzem.omu.edu.tr\/wp-content\/uploads\/ulogo-1.png","contentUrl":"https:\/\/uzem.omu.edu.tr\/wp-content\/uploads\/ulogo-1.png","width":364,"height":39,"caption":"UZEM"},"image":{"@id":"https:\/\/uzem.omu.edu.tr\/#logo"}},{"@type":"WebSite","@id":"https:\/\/uzem.omu.edu.tr\/#website","url":"https:\/\/uzem.omu.edu.tr\/","name":"OM\u00dc Uzaktan E\u011fitim Merkezi","description":"&quot;F\u0131rsatlar Sunar&quot;","publisher":{"@id":"https:\/\/uzem.omu.edu.tr\/#organization"},"potentialAction":[{"@type":"SearchAction","target":{"@type":"EntryPoint","urlTemplate":"https:\/\/uzem.omu.edu.tr\/?s={search_term_string}"},"query-input":"required name=search_term_string"}],"inLanguage":"en-US"},{"@type":"WebPage","@id":"https:\/\/uzem.omu.edu.tr\/ebelik-lisans-tamamlama-ders-icerikleri\/#webpage","url":"https:\/\/uzem.omu.edu.tr\/ebelik-lisans-tamamlama-ders-icerikleri\/","name":"Ebelik Lisans Tamamlama | Ders \u0130\u00e7erikleri - OM\u00dc Uzaktan E\u011fitim Merkezi","isPartOf":{"@id":"https:\/\/uzem.omu.edu.tr\/#website"},"datePublished":"2015-05-06T08:41:45+00:00","dateModified":"2023-09-21T07:39:46+00:00","breadcrumb":{"@id":"https:\/\/uzem.omu.edu.tr\/ebelik-lisans-tamamlama-ders-icerikleri\/#breadcrumb"},"inLanguage":"en-US","potentialAction":[{"@type":"ReadAction","target":["https:\/\/uzem.omu.edu.tr\/ebelik-lisans-tamamlama-ders-icerikleri\/"]}]},{"@type":"BreadcrumbList","@id":"https:\/\/uzem.omu.edu.tr\/ebelik-lisans-tamamlama-ders-icerikleri\/#breadcrumb","itemListElement":[{"@type":"ListItem","position":1,"name":"Home","item":"https:\/\/uzem.omu.edu.tr\/"},{"@type":"ListItem","position":2,"name":"Ebelik Lisans Tamamlama | Ders \u0130\u00e7erikleri"}]}]}},"_links":{"self":[{"href":"https:\/\/uzem.omu.edu.tr\/en\/wp-json\/wp\/v2\/pages\/1240"}],"collection":[{"href":"https:\/\/uzem.omu.edu.tr\/en\/wp-json\/wp\/v2\/pages"}],"about":[{"href":"https:\/\/uzem.omu.edu.tr\/en\/wp-json\/wp\/v2\/types\/page"}],"author":[{"embeddable":true,"href":"https:\/\/uzem.omu.edu.tr\/en\/wp-json\/wp\/v2\/users\/1"}],"replies":[{"embeddable":true,"href":"https:\/\/uzem.omu.edu.tr\/en\/wp-json\/wp\/v2\/comments?post=1240"}],"version-history":[{"count":21,"href":"https:\/\/uzem.omu.edu.tr\/en\/wp-json\/wp\/v2\/pages\/1240\/revisions"}],"predecessor-version":[{"id":25290,"href":"https:\/\/uzem.omu.edu.tr\/en\/wp-json\/wp\/v2\/pages\/1240\/revisions\/25290"}],"wp:attachment":[{"href":"https:\/\/uzem.omu.edu.tr\/en\/wp-json\/wp\/v2\/media?parent=1240"}],"curies":[{"name":"wp","href":"https:\/\/api.w.org\/{rel}","templated":true}]}}